{"id":47890,"date":"2023-09-26T20:33:56","date_gmt":"2023-09-26T18:33:56","guid":{"rendered":"http:\/\/aureliusjewelry.com\/product\/stohovaci-prsten-se-tremi-kameny\/"},"modified":"2026-04-14T07:26:24","modified_gmt":"2026-04-14T05:26:24","slug":"stohovaci-prsten-se-tremi-kameny","status":"publish","type":"product","link":"https:\/\/aureliusjewelry.com\/cs\/stohovaci-prsten-se-tremi-kameny\/","title":{"rendered":"Stohovac\u00ed prsten se t\u0159emi kameny"},"content":{"rendered":"<p><strong>Kameny<\/strong><\/p>\n<ul>\n<li>kulat\u00e9 diamanty<\/li>\n<li>Cca. 2mm, 1.5mm (2)<\/li>\n<li>F\/G barva, VS jasnost, bezkonfliktn\u00ed<\/li>\n<\/ul>\n<p><strong>M\u011b\u0159en\u00ed a materi\u00e1l p\u00e1sma<\/strong><\/p>\n<ul>\n<li>1.5mm \u0161irok\u00fd, 1.6mm tlust\u00fd<\/li>\n<li>k dispozici ve 585\/1000 (14k) nebo 750\/1000 (18k) \u017elut\u00e9, b\u00edl\u00e9 nebo r\u016f\u017eov\u011b zlat\u00e9 a platinov\u00e9 950\/1000<\/li>\n<li>Velikost prstenu USA 3-9, men\u0161\u00ed nebo v\u011bt\u0161\u00ed velikosti dostupn\u00e9 na vy\u017e\u00e1d\u00e1n\u00ed<\/li>\n<\/ul>\n","protected":false},"excerpt":{"rendered":"<p>Poznejte z\u00e1snubn\u00ed prsten s na\u0161\u00edm prstenem inspirovan\u00fdm p\u0159\u00edrodou &#8211; Stohovac\u00ed prsten se t\u0159emi kameny. A\u0165 u\u017e ho budete nosit jako z\u00e1snubn\u00ed, snubn\u00ed nebo v\u00fdro\u010dn\u00ed prsten, stohovateln\u00fd design umo\u017e\u0148uje v\u0161estrannost. Vyberte si z b\u00edl\u00e9ho, \u017elut\u00e9ho, r\u016f\u017eov\u00e9ho zlata nebo platiny a vytvo\u0159te si prsten, kter\u00fd bude odr\u00e1\u017eet v\u00e1\u0161 osobn\u00ed styl.<\/p>\n","protected":false},"featured_media":38773,"comment_status":"open","ping_status":"closed","template":"","meta":[],"product_brand":[],"product_cat":[674,1390,673,1387,665,647,1425],"product_tag":[1171,1253,709,1246,708],"class_list":{"0":"post-47890","1":"product","2":"type-product","3":"status-publish","4":"has-post-thumbnail","6":"product_cat-damske-snubni-prsteny","7":"product_cat-korunni-snubni-prsten","8":"product_cat-prsteny","9":"product_cat-snubni-prsten-chevron","10":"product_cat-snubni-prsteny","11":"product_cat-stackable-kolekce","12":"product_cat-stohovani-snubni-prsten","13":"product_tag-diamant","14":"product_tag-kulaty","15":"product_tag-production_time_3_5-cs","16":"product_tag-prsten","17":"product_tag-rings-cs","19":"first","20":"onbackorder","21":"sold-individually","22":"taxable","23":"shipping-taxable","24":"purchasable","25":"product-type-variable"},"yoast_head":"<title>Stohovac\u00ed prsten se t\u0159emi kameny - Aurelius Jewelry<\/title>\n<meta name=\"robots\" content=\"index, follow, max-snippet:-1, max-image-preview:large, max-video-preview:-1\" \/>\n<link rel=\"canonical\" href=\"https:\/\/aureliusjewelry.com\/cs\/stohovaci-prsten-se-tremi-kameny\/\" \/>\n<meta property=\"og:locale\" content=\"cs_CZ\" \/>\n<meta property=\"og:type\" content=\"article\" \/>\n<meta property=\"og:title\" content=\"Stohovac\u00ed prsten se t\u0159emi kameny - Aurelius Jewelry\" \/>\n<meta property=\"og:description\" content=\"%\" \/>\n<meta property=\"og:url\" content=\"https:\/\/aureliusjewelry.com\/cs\/stohovaci-prsten-se-tremi-kameny\/\" \/>\n<meta property=\"og:site_name\" content=\"Aurelius Jewelry\" \/>\n<meta property=\"article:publisher\" content=\"https:\/\/www.facebook.com\/AureliusJewelry\/\" \/>\n<meta property=\"article:modified_time\" content=\"2026-04-14T05:26:24+00:00\" \/>\n<meta property=\"og:image\" content=\"https:\/\/aureliusjewelry.com\/wp-content\/uploads\/three-stone-stacking-wedding-band-14k-yellow-gold.jpg\" \/>\n\t<meta property=\"og:image:width\" content=\"1920\" \/>\n\t<meta property=\"og:image:height\" content=\"1440\" \/>\n\t<meta property=\"og:image:type\" content=\"image\/jpeg\" \/>\n<meta name=\"twitter:card\" content=\"summary_large_image\" \/>\n<meta name=\"twitter:site\" content=\"@AureliusJewelry\" \/>\n<script type=\"application\/ld+json\" class=\"yoast-schema-graph\">{\"@context\":\"https:\\\/\\\/schema.org\",\"@graph\":[{\"@type\":\"WebPage\",\"@id\":\"https:\\\/\\\/aureliusjewelry.com\\\/cs\\\/stohovaci-prsten-se-tremi-kameny\\\/\",\"url\":\"https:\\\/\\\/aureliusjewelry.com\\\/cs\\\/stohovaci-prsten-se-tremi-kameny\\\/\",\"name\":\"Stohovac\u00ed prsten se t\u0159emi kameny - Aurelius Jewelry\",\"isPartOf\":{\"@id\":\"https:\\\/\\\/aureliusjewelry.com\\\/cs\\\/#website\"},\"primaryImageOfPage\":{\"@id\":\"https:\\\/\\\/aureliusjewelry.com\\\/cs\\\/stohovaci-prsten-se-tremi-kameny\\\/#primaryimage\"},\"image\":{\"@id\":\"https:\\\/\\\/aureliusjewelry.com\\\/cs\\\/stohovaci-prsten-se-tremi-kameny\\\/#primaryimage\"},\"thumbnailUrl\":\"https:\\\/\\\/aureliusjewelry.com\\\/wp-content\\\/uploads\\\/three-stone-stacking-wedding-band-14k-yellow-gold.jpg\",\"datePublished\":\"2023-09-26T18:33:56+00:00\",\"dateModified\":\"2026-04-14T05:26:24+00:00\",\"breadcrumb\":{\"@id\":\"https:\\\/\\\/aureliusjewelry.com\\\/cs\\\/stohovaci-prsten-se-tremi-kameny\\\/#breadcrumb\"},\"inLanguage\":\"cs\",\"potentialAction\":[{\"@type\":\"ReadAction\",\"target\":[\"https:\\\/\\\/aureliusjewelry.com\\\/cs\\\/stohovaci-prsten-se-tremi-kameny\\\/\"]}]},{\"@type\":\"ImageObject\",\"inLanguage\":\"cs\",\"@id\":\"https:\\\/\\\/aureliusjewelry.com\\\/cs\\\/stohovaci-prsten-se-tremi-kameny\\\/#primaryimage\",\"url\":\"https:\\\/\\\/aureliusjewelry.com\\\/wp-content\\\/uploads\\\/three-stone-stacking-wedding-band-14k-yellow-gold.jpg\",\"contentUrl\":\"https:\\\/\\\/aureliusjewelry.com\\\/wp-content\\\/uploads\\\/three-stone-stacking-wedding-band-14k-yellow-gold.jpg\",\"width\":1920,\"height\":1440},{\"@type\":\"BreadcrumbList\",\"@id\":\"https:\\\/\\\/aureliusjewelry.com\\\/cs\\\/stohovaci-prsten-se-tremi-kameny\\\/#breadcrumb\",\"itemListElement\":[{\"@type\":\"ListItem\",\"position\":1,\"name\":\"Home\",\"item\":\"https:\\\/\\\/aureliusjewelry.com\\\/cs\\\/\"},{\"@type\":\"ListItem\",\"position\":2,\"name\":\"Prodejna\",\"item\":\"https:\\\/\\\/aureliusjewelry.com\\\/cs\\\/prodejna\\\/\"},{\"@type\":\"ListItem\",\"position\":3,\"name\":\"Stohovac\u00ed prsten se t\u0159emi kameny\"}]},{\"@type\":\"WebSite\",\"@id\":\"https:\\\/\\\/aureliusjewelry.com\\\/cs\\\/#website\",\"url\":\"https:\\\/\\\/aureliusjewelry.com\\\/cs\\\/\",\"name\":\"Aurelius Jewelry\",\"description\":\"Handmade Fine Gold Jewelry\",\"publisher\":{\"@id\":\"https:\\\/\\\/aureliusjewelry.com\\\/cs\\\/#organization\"},\"potentialAction\":[{\"@type\":\"SearchAction\",\"target\":{\"@type\":\"EntryPoint\",\"urlTemplate\":\"https:\\\/\\\/aureliusjewelry.com\\\/cs\\\/?s={search_term_string}\"},\"query-input\":{\"@type\":\"PropertyValueSpecification\",\"valueRequired\":true,\"valueName\":\"search_term_string\"}}],\"inLanguage\":\"cs\"},{\"@type\":\"Organization\",\"@id\":\"https:\\\/\\\/aureliusjewelry.com\\\/cs\\\/#organization\",\"name\":\"Aurelius Jewelry\",\"url\":\"https:\\\/\\\/aureliusjewelry.com\\\/cs\\\/\",\"logo\":{\"@type\":\"ImageObject\",\"inLanguage\":\"cs\",\"@id\":\"https:\\\/\\\/aureliusjewelry.com\\\/cs\\\/#\\\/schema\\\/logo\\\/image\\\/\",\"url\":\"https:\\\/\\\/aureliusjewelry.com\\\/wp-content\\\/uploads\\\/logo.png\",\"contentUrl\":\"https:\\\/\\\/aureliusjewelry.com\\\/wp-content\\\/uploads\\\/logo.png\",\"width\":400,\"height\":64,\"caption\":\"Aurelius Jewelry\"},\"image\":{\"@id\":\"https:\\\/\\\/aureliusjewelry.com\\\/cs\\\/#\\\/schema\\\/logo\\\/image\\\/\"},\"sameAs\":[\"https:\\\/\\\/www.facebook.com\\\/AureliusJewelry\\\/\",\"https:\\\/\\\/x.com\\\/AureliusJewelry\",\"https:\\\/\\\/instagram.com\\\/aureliusjewelry\",\"https:\\\/\\\/www.pinterest.com\\\/AureliusJewelry\\\/\"],\"email\":\"info@aureliusjewelry.com\",\"foundingDate\":\"2018-10-01\",\"vatID\":\"SI10391070\",\"hasMerchantReturnPolicy\":{\"@type\":\"MerchantReturnPolicy\",\"merchantReturnLink\":\"https:\\\/\\\/aureliusjewelry.com\\\/our-policies\\\/terms-conditions\\\/\"}}]}<\/script>\n<meta property=\"og:availability\" content=\"backorder\" \/>\n<meta property=\"product:availability\" content=\"available for order\" \/>\n<meta property=\"product:retailer_item_id\" content=\"38763\" \/>\n<meta property=\"product:condition\" content=\"new\" \/>","yoast_head_json":{"title":"Stohovac\u00ed prsten se t\u0159emi kameny - Aurelius Jewelry","robots":{"index":"index","follow":"follow","max-snippet":"max-snippet:-1","max-image-preview":"max-image-preview:large","max-video-preview":"max-video-preview:-1"},"canonical":"https:\/\/aureliusjewelry.com\/cs\/stohovaci-prsten-se-tremi-kameny\/","og_locale":"cs_CZ","og_type":"article","og_title":"Stohovac\u00ed prsten se t\u0159emi kameny - Aurelius Jewelry","og_description":"%","og_url":"https:\/\/aureliusjewelry.com\/cs\/stohovaci-prsten-se-tremi-kameny\/","og_site_name":"Aurelius Jewelry","article_publisher":"https:\/\/www.facebook.com\/AureliusJewelry\/","article_modified_time":"2026-04-14T05:26:24+00:00","og_image":[{"width":1920,"height":1440,"url":"https:\/\/aureliusjewelry.com\/wp-content\/uploads\/three-stone-stacking-wedding-band-14k-yellow-gold.jpg","type":"image\/jpeg"}],"twitter_card":"summary_large_image","twitter_site":"@AureliusJewelry","schema":{"@context":"https:\/\/schema.org","@graph":[{"@type":"WebPage","@id":"https:\/\/aureliusjewelry.com\/cs\/stohovaci-prsten-se-tremi-kameny\/","url":"https:\/\/aureliusjewelry.com\/cs\/stohovaci-prsten-se-tremi-kameny\/","name":"Stohovac\u00ed prsten se t\u0159emi kameny - Aurelius Jewelry","isPartOf":{"@id":"https:\/\/aureliusjewelry.com\/cs\/#website"},"primaryImageOfPage":{"@id":"https:\/\/aureliusjewelry.com\/cs\/stohovaci-prsten-se-tremi-kameny\/#primaryimage"},"image":{"@id":"https:\/\/aureliusjewelry.com\/cs\/stohovaci-prsten-se-tremi-kameny\/#primaryimage"},"thumbnailUrl":"https:\/\/aureliusjewelry.com\/wp-content\/uploads\/three-stone-stacking-wedding-band-14k-yellow-gold.jpg","datePublished":"2023-09-26T18:33:56+00:00","dateModified":"2026-04-14T05:26:24+00:00","breadcrumb":{"@id":"https:\/\/aureliusjewelry.com\/cs\/stohovaci-prsten-se-tremi-kameny\/#breadcrumb"},"inLanguage":"cs","potentialAction":[{"@type":"ReadAction","target":["https:\/\/aureliusjewelry.com\/cs\/stohovaci-prsten-se-tremi-kameny\/"]}]},{"@type":"ImageObject","inLanguage":"cs","@id":"https:\/\/aureliusjewelry.com\/cs\/stohovaci-prsten-se-tremi-kameny\/#primaryimage","url":"https:\/\/aureliusjewelry.com\/wp-content\/uploads\/three-stone-stacking-wedding-band-14k-yellow-gold.jpg","contentUrl":"https:\/\/aureliusjewelry.com\/wp-content\/uploads\/three-stone-stacking-wedding-band-14k-yellow-gold.jpg","width":1920,"height":1440},{"@type":"BreadcrumbList","@id":"https:\/\/aureliusjewelry.com\/cs\/stohovaci-prsten-se-tremi-kameny\/#breadcrumb","itemListElement":[{"@type":"ListItem","position":1,"name":"Home","item":"https:\/\/aureliusjewelry.com\/cs\/"},{"@type":"ListItem","position":2,"name":"Prodejna","item":"https:\/\/aureliusjewelry.com\/cs\/prodejna\/"},{"@type":"ListItem","position":3,"name":"Stohovac\u00ed prsten se t\u0159emi kameny"}]},{"@type":"WebSite","@id":"https:\/\/aureliusjewelry.com\/cs\/#website","url":"https:\/\/aureliusjewelry.com\/cs\/","name":"Aurelius Jewelry","description":"Handmade Fine Gold Jewelry","publisher":{"@id":"https:\/\/aureliusjewelry.com\/cs\/#organization"},"potentialAction":[{"@type":"SearchAction","target":{"@type":"EntryPoint","urlTemplate":"https:\/\/aureliusjewelry.com\/cs\/?s={search_term_string}"},"query-input":{"@type":"PropertyValueSpecification","valueRequired":true,"valueName":"search_term_string"}}],"inLanguage":"cs"},{"@type":"Organization","@id":"https:\/\/aureliusjewelry.com\/cs\/#organization","name":"Aurelius Jewelry","url":"https:\/\/aureliusjewelry.com\/cs\/","logo":{"@type":"ImageObject","inLanguage":"cs","@id":"https:\/\/aureliusjewelry.com\/cs\/#\/schema\/logo\/image\/","url":"https:\/\/aureliusjewelry.com\/wp-content\/uploads\/logo.png","contentUrl":"https:\/\/aureliusjewelry.com\/wp-content\/uploads\/logo.png","width":400,"height":64,"caption":"Aurelius Jewelry"},"image":{"@id":"https:\/\/aureliusjewelry.com\/cs\/#\/schema\/logo\/image\/"},"sameAs":["https:\/\/www.facebook.com\/AureliusJewelry\/","https:\/\/x.com\/AureliusJewelry","https:\/\/instagram.com\/aureliusjewelry","https:\/\/www.pinterest.com\/AureliusJewelry\/"],"email":"info@aureliusjewelry.com","foundingDate":"2018-10-01","vatID":"SI10391070","hasMerchantReturnPolicy":{"@type":"MerchantReturnPolicy","merchantReturnLink":"https:\/\/aureliusjewelry.com\/our-policies\/terms-conditions\/"}}]},"og_availability":"backorder","product_availability":"available for order","product_retailer_item_id":"38763","product_condition":"new"},"_links":{"self":[{"href":"https:\/\/aureliusjewelry.com\/cs\/wp-json\/wp\/v2\/product\/47890","targetHints":{"allow":["GET"]}}],"collection":[{"href":"https:\/\/aureliusjewelry.com\/cs\/wp-json\/wp\/v2\/product"}],"about":[{"href":"https:\/\/aureliusjewelry.com\/cs\/wp-json\/wp\/v2\/types\/product"}],"replies":[{"embeddable":true,"href":"https:\/\/aureliusjewelry.com\/cs\/wp-json\/wp\/v2\/comments?post=47890"}],"wp:featuredmedia":[{"embeddable":true,"href":"https:\/\/aureliusjewelry.com\/cs\/wp-json\/wp\/v2\/media\/38773"}],"wp:attachment":[{"href":"https:\/\/aureliusjewelry.com\/cs\/wp-json\/wp\/v2\/media?parent=47890"}],"wp:term":[{"taxonomy":"product_brand","embeddable":true,"href":"https:\/\/aureliusjewelry.com\/cs\/wp-json\/wp\/v2\/product_brand?post=47890"},{"taxonomy":"product_cat","embeddable":true,"href":"https:\/\/aureliusjewelry.com\/cs\/wp-json\/wp\/v2\/product_cat?post=47890"},{"taxonomy":"product_tag","embeddable":true,"href":"https:\/\/aureliusjewelry.com\/cs\/wp-json\/wp\/v2\/product_tag?post=47890"}],"curies":[{"name":"wp","href":"https:\/\/api.w.org\/{rel}","templated":true}]}}