{"id":47822,"date":"2023-09-18T15:08:18","date_gmt":"2023-09-18T13:08:18","guid":{"rendered":"http:\/\/aureliusjewelry.com\/?post_type=product&#038;p=47822"},"modified":"2026-03-22T14:50:43","modified_gmt":"2026-03-22T12:50:43","slug":"diamantovy-prsten-sul-a-pepr-s-ombre-pave-paskem","status":"publish","type":"product","link":"https:\/\/aureliusjewelry.com\/cs\/diamantovy-prsten-sul-a-pepr-s-ombre-pave-paskem\/","title":{"rendered":"Diamantov\u00fd prsten s\u016fl a pep\u0159 s ombr\u00e9 pav\u00e9 p\u00e1skem"},"content":{"rendered":"<p><strong>Z\u00e1snubn\u00ed prsten<\/strong><\/p>\n<ul>\n<li>dra\u010d\u00ed s\u016fl a pep\u0159 diamant<\/li>\n<li>Cca. 10x8mm<\/li>\n<li>mark\u00fdza a kulat\u00e9 diamanty<\/li>\n<li>Cca. 3\u00d71.5mm (2), 1.25mm (4), 1mm (8)<\/li>\n<li>F\/G barva, VS jasnost, bezkonfliktn\u00ed<\/li>\n<\/ul>\n<p><strong>Snubn\u00ed prsten<\/strong><\/p>\n<ul>\n<li>kulat\u00e9 \u010dern\u00e9 diamanty<\/li>\n<li>Cca. 1.25mm, 1mm (6)<\/li>\n<li>kulat\u00e9 diamanty ze soli a pep\u0159e<\/li>\n<li>Cca. 1mm (10)<\/li>\n<li>kulat\u00e9 b\u00edl\u00e9 diamanty<\/li>\n<li>Cca. 1mm (8)<\/li>\n<li>F\/G barva, VS jasnost, bezkonfliktn\u00ed<\/li>\n<\/ul>\n<p><strong>M\u011b\u0159en\u00ed a materi\u00e1l p\u00e1sma<\/strong><\/p>\n<ul>\n<li>1.5mm \u0161irok\u00fd, 1.6mm tlust\u00fd<\/li>\n<li>k dispozici ve 585\/1000 (14k) nebo 750\/1000 (18k) \u017elut\u00e9, b\u00edl\u00e9 nebo r\u016f\u017eov\u011b zlat\u00e9 a platinov\u00e9 950\/1000<\/li>\n<li>Velikost prstenu USA 3-9, men\u0161\u00ed nebo v\u011bt\u0161\u00ed velikosti dostupn\u00e9 na vy\u017e\u00e1d\u00e1n\u00ed<\/li>\n<\/ul>\n","protected":false},"excerpt":{"rendered":"<p>Pokud hled\u00e1te jedine\u010dn\u00fd svatebn\u00ed \u0161perk, dovolte n\u00e1m p\u0159edstavit v\u00e1m na\u0161i sadu prsten\u016f s\u016fl a pep\u0159 s ombr\u00e9 pav\u00e9 p\u00e1skem. Jedine\u010dn\u00fd vzor v podob\u011b diamantu s\u016fl a pep\u0159 je umocn\u011bn mark\u00fdzov\u00fdmi a kulat\u00fdmi postrann\u00edmi diamanty. Je sp\u00e1rov\u00e1n se snubn\u00edm prstenem ve tvaru p\u00edsmene V, kter\u00fd se vyzna\u010duje gradientem \u010dern\u00fdch, \u0161ed\u00fdch a b\u00edl\u00fdch diamant\u016f.<\/p>\n","protected":false},"featured_media":38459,"comment_status":"open","ping_status":"closed","template":"","meta":[],"product_brand":[],"product_cat":[642,1424,646,673,666,643,1072],"product_tag":[1262,1194,709,1246,708,1249],"class_list":{"0":"post-47822","1":"product","2":"type-product","3":"status-publish","4":"has-post-thumbnail","6":"product_cat-contemporary-kolekce","7":"product_cat-dvoudilny-snubni-prsten","8":"product_cat-paired-kolekce","9":"product_cat-prsteny","10":"product_cat-sady-snubnich-prstenu","11":"product_cat-singularity-kolekce","12":"product_cat-snubni-prsten-se-soli-a-peprem","13":"product_tag-diamant-se-soli-a-peprem","14":"product_tag-drak","15":"product_tag-production_time_3_5-cs","16":"product_tag-prsten","17":"product_tag-rings-cs","18":"product_tag-sada-prstenu","20":"first","21":"onbackorder","22":"sold-individually","23":"taxable","24":"shipping-taxable","25":"purchasable","26":"product-type-variable"},"yoast_head":"<title>Diamantov\u00fd prsten s\u016fl a pep\u0159 s ombr\u00e9 pav\u00e9 p\u00e1skem - Aurelius Jewelry<\/title>\n<meta name=\"robots\" content=\"index, follow, max-snippet:-1, max-image-preview:large, max-video-preview:-1\" \/>\n<link rel=\"canonical\" href=\"https:\/\/aureliusjewelry.com\/cs\/diamantovy-prsten-sul-a-pepr-s-ombre-pave-paskem\/\" \/>\n<meta property=\"og:locale\" content=\"cs_CZ\" \/>\n<meta property=\"og:type\" content=\"article\" \/>\n<meta property=\"og:title\" content=\"Diamantov\u00fd prsten s\u016fl a pep\u0159 s ombr\u00e9 pav\u00e9 p\u00e1skem - Aurelius Jewelry\" \/>\n<meta property=\"og:description\" content=\"%\" \/>\n<meta property=\"og:url\" content=\"https:\/\/aureliusjewelry.com\/cs\/diamantovy-prsten-sul-a-pepr-s-ombre-pave-paskem\/\" \/>\n<meta property=\"og:site_name\" content=\"Aurelius Jewelry\" \/>\n<meta property=\"article:publisher\" content=\"https:\/\/www.facebook.com\/AureliusJewelry\/\" \/>\n<meta property=\"article:modified_time\" content=\"2026-03-22T12:50:43+00:00\" \/>\n<meta property=\"og:image\" content=\"https:\/\/aureliusjewelry.com\/wp-content\/uploads\/kite-salt-and-pepper-diamond-ring-set-ombre.jpg\" \/>\n\t<meta property=\"og:image:width\" content=\"1920\" \/>\n\t<meta property=\"og:image:height\" content=\"1440\" \/>\n\t<meta property=\"og:image:type\" content=\"image\/jpeg\" \/>\n<meta name=\"twitter:card\" content=\"summary_large_image\" \/>\n<meta name=\"twitter:site\" content=\"@AureliusJewelry\" \/>\n<script type=\"application\/ld+json\" class=\"yoast-schema-graph\">{\"@context\":\"https:\\\/\\\/schema.org\",\"@graph\":[{\"@type\":\"WebPage\",\"@id\":\"https:\\\/\\\/aureliusjewelry.com\\\/cs\\\/diamantovy-prsten-sul-a-pepr-s-ombre-pave-paskem\\\/\",\"url\":\"https:\\\/\\\/aureliusjewelry.com\\\/cs\\\/diamantovy-prsten-sul-a-pepr-s-ombre-pave-paskem\\\/\",\"name\":\"Diamantov\u00fd prsten s\u016fl a pep\u0159 s ombr\u00e9 pav\u00e9 p\u00e1skem - Aurelius Jewelry\",\"isPartOf\":{\"@id\":\"https:\\\/\\\/aureliusjewelry.com\\\/cs\\\/#website\"},\"primaryImageOfPage\":{\"@id\":\"https:\\\/\\\/aureliusjewelry.com\\\/cs\\\/diamantovy-prsten-sul-a-pepr-s-ombre-pave-paskem\\\/#primaryimage\"},\"image\":{\"@id\":\"https:\\\/\\\/aureliusjewelry.com\\\/cs\\\/diamantovy-prsten-sul-a-pepr-s-ombre-pave-paskem\\\/#primaryimage\"},\"thumbnailUrl\":\"https:\\\/\\\/aureliusjewelry.com\\\/wp-content\\\/uploads\\\/kite-salt-and-pepper-diamond-ring-set-ombre.jpg\",\"datePublished\":\"2023-09-18T13:08:18+00:00\",\"dateModified\":\"2026-03-22T12:50:43+00:00\",\"breadcrumb\":{\"@id\":\"https:\\\/\\\/aureliusjewelry.com\\\/cs\\\/diamantovy-prsten-sul-a-pepr-s-ombre-pave-paskem\\\/#breadcrumb\"},\"inLanguage\":\"cs\",\"potentialAction\":[{\"@type\":\"ReadAction\",\"target\":[\"https:\\\/\\\/aureliusjewelry.com\\\/cs\\\/diamantovy-prsten-sul-a-pepr-s-ombre-pave-paskem\\\/\"]}]},{\"@type\":\"ImageObject\",\"inLanguage\":\"cs\",\"@id\":\"https:\\\/\\\/aureliusjewelry.com\\\/cs\\\/diamantovy-prsten-sul-a-pepr-s-ombre-pave-paskem\\\/#primaryimage\",\"url\":\"https:\\\/\\\/aureliusjewelry.com\\\/wp-content\\\/uploads\\\/kite-salt-and-pepper-diamond-ring-set-ombre.jpg\",\"contentUrl\":\"https:\\\/\\\/aureliusjewelry.com\\\/wp-content\\\/uploads\\\/kite-salt-and-pepper-diamond-ring-set-ombre.jpg\",\"width\":1920,\"height\":1440},{\"@type\":\"BreadcrumbList\",\"@id\":\"https:\\\/\\\/aureliusjewelry.com\\\/cs\\\/diamantovy-prsten-sul-a-pepr-s-ombre-pave-paskem\\\/#breadcrumb\",\"itemListElement\":[{\"@type\":\"ListItem\",\"position\":1,\"name\":\"Home\",\"item\":\"https:\\\/\\\/aureliusjewelry.com\\\/cs\\\/\"},{\"@type\":\"ListItem\",\"position\":2,\"name\":\"Prodejna\",\"item\":\"https:\\\/\\\/aureliusjewelry.com\\\/cs\\\/prodejna\\\/\"},{\"@type\":\"ListItem\",\"position\":3,\"name\":\"Diamantov\u00fd prsten s\u016fl a pep\u0159 s ombr\u00e9 pav\u00e9 p\u00e1skem\"}]},{\"@type\":\"WebSite\",\"@id\":\"https:\\\/\\\/aureliusjewelry.com\\\/cs\\\/#website\",\"url\":\"https:\\\/\\\/aureliusjewelry.com\\\/cs\\\/\",\"name\":\"Aurelius Jewelry\",\"description\":\"Handmade Fine Gold Jewelry\",\"publisher\":{\"@id\":\"https:\\\/\\\/aureliusjewelry.com\\\/cs\\\/#organization\"},\"potentialAction\":[{\"@type\":\"SearchAction\",\"target\":{\"@type\":\"EntryPoint\",\"urlTemplate\":\"https:\\\/\\\/aureliusjewelry.com\\\/cs\\\/?s={search_term_string}\"},\"query-input\":{\"@type\":\"PropertyValueSpecification\",\"valueRequired\":true,\"valueName\":\"search_term_string\"}}],\"inLanguage\":\"cs\"},{\"@type\":\"Organization\",\"@id\":\"https:\\\/\\\/aureliusjewelry.com\\\/cs\\\/#organization\",\"name\":\"Aurelius Jewelry\",\"url\":\"https:\\\/\\\/aureliusjewelry.com\\\/cs\\\/\",\"logo\":{\"@type\":\"ImageObject\",\"inLanguage\":\"cs\",\"@id\":\"https:\\\/\\\/aureliusjewelry.com\\\/cs\\\/#\\\/schema\\\/logo\\\/image\\\/\",\"url\":\"https:\\\/\\\/aureliusjewelry.com\\\/wp-content\\\/uploads\\\/logo.png\",\"contentUrl\":\"https:\\\/\\\/aureliusjewelry.com\\\/wp-content\\\/uploads\\\/logo.png\",\"width\":400,\"height\":64,\"caption\":\"Aurelius Jewelry\"},\"image\":{\"@id\":\"https:\\\/\\\/aureliusjewelry.com\\\/cs\\\/#\\\/schema\\\/logo\\\/image\\\/\"},\"sameAs\":[\"https:\\\/\\\/www.facebook.com\\\/AureliusJewelry\\\/\",\"https:\\\/\\\/x.com\\\/AureliusJewelry\",\"https:\\\/\\\/instagram.com\\\/aureliusjewelry\",\"https:\\\/\\\/www.pinterest.com\\\/AureliusJewelry\\\/\"],\"email\":\"info@aureliusjewelry.com\",\"foundingDate\":\"2018-10-01\",\"vatID\":\"SI10391070\",\"hasMerchantReturnPolicy\":{\"@type\":\"MerchantReturnPolicy\",\"merchantReturnLink\":\"https:\\\/\\\/aureliusjewelry.com\\\/our-policies\\\/terms-conditions\\\/\"}}]}<\/script>\n<meta property=\"og:availability\" content=\"backorder\" \/>\n<meta property=\"product:availability\" content=\"available for order\" \/>\n<meta property=\"product:retailer_item_id\" content=\"38449\" \/>\n<meta property=\"product:condition\" content=\"new\" \/>","yoast_head_json":{"title":"Diamantov\u00fd prsten s\u016fl a pep\u0159 s ombr\u00e9 pav\u00e9 p\u00e1skem - Aurelius Jewelry","robots":{"index":"index","follow":"follow","max-snippet":"max-snippet:-1","max-image-preview":"max-image-preview:large","max-video-preview":"max-video-preview:-1"},"canonical":"https:\/\/aureliusjewelry.com\/cs\/diamantovy-prsten-sul-a-pepr-s-ombre-pave-paskem\/","og_locale":"cs_CZ","og_type":"article","og_title":"Diamantov\u00fd prsten s\u016fl a pep\u0159 s ombr\u00e9 pav\u00e9 p\u00e1skem - Aurelius Jewelry","og_description":"%","og_url":"https:\/\/aureliusjewelry.com\/cs\/diamantovy-prsten-sul-a-pepr-s-ombre-pave-paskem\/","og_site_name":"Aurelius Jewelry","article_publisher":"https:\/\/www.facebook.com\/AureliusJewelry\/","article_modified_time":"2026-03-22T12:50:43+00:00","og_image":[{"width":1920,"height":1440,"url":"https:\/\/aureliusjewelry.com\/wp-content\/uploads\/kite-salt-and-pepper-diamond-ring-set-ombre.jpg","type":"image\/jpeg"}],"twitter_card":"summary_large_image","twitter_site":"@AureliusJewelry","schema":{"@context":"https:\/\/schema.org","@graph":[{"@type":"WebPage","@id":"https:\/\/aureliusjewelry.com\/cs\/diamantovy-prsten-sul-a-pepr-s-ombre-pave-paskem\/","url":"https:\/\/aureliusjewelry.com\/cs\/diamantovy-prsten-sul-a-pepr-s-ombre-pave-paskem\/","name":"Diamantov\u00fd prsten s\u016fl a pep\u0159 s ombr\u00e9 pav\u00e9 p\u00e1skem - Aurelius Jewelry","isPartOf":{"@id":"https:\/\/aureliusjewelry.com\/cs\/#website"},"primaryImageOfPage":{"@id":"https:\/\/aureliusjewelry.com\/cs\/diamantovy-prsten-sul-a-pepr-s-ombre-pave-paskem\/#primaryimage"},"image":{"@id":"https:\/\/aureliusjewelry.com\/cs\/diamantovy-prsten-sul-a-pepr-s-ombre-pave-paskem\/#primaryimage"},"thumbnailUrl":"https:\/\/aureliusjewelry.com\/wp-content\/uploads\/kite-salt-and-pepper-diamond-ring-set-ombre.jpg","datePublished":"2023-09-18T13:08:18+00:00","dateModified":"2026-03-22T12:50:43+00:00","breadcrumb":{"@id":"https:\/\/aureliusjewelry.com\/cs\/diamantovy-prsten-sul-a-pepr-s-ombre-pave-paskem\/#breadcrumb"},"inLanguage":"cs","potentialAction":[{"@type":"ReadAction","target":["https:\/\/aureliusjewelry.com\/cs\/diamantovy-prsten-sul-a-pepr-s-ombre-pave-paskem\/"]}]},{"@type":"ImageObject","inLanguage":"cs","@id":"https:\/\/aureliusjewelry.com\/cs\/diamantovy-prsten-sul-a-pepr-s-ombre-pave-paskem\/#primaryimage","url":"https:\/\/aureliusjewelry.com\/wp-content\/uploads\/kite-salt-and-pepper-diamond-ring-set-ombre.jpg","contentUrl":"https:\/\/aureliusjewelry.com\/wp-content\/uploads\/kite-salt-and-pepper-diamond-ring-set-ombre.jpg","width":1920,"height":1440},{"@type":"BreadcrumbList","@id":"https:\/\/aureliusjewelry.com\/cs\/diamantovy-prsten-sul-a-pepr-s-ombre-pave-paskem\/#breadcrumb","itemListElement":[{"@type":"ListItem","position":1,"name":"Home","item":"https:\/\/aureliusjewelry.com\/cs\/"},{"@type":"ListItem","position":2,"name":"Prodejna","item":"https:\/\/aureliusjewelry.com\/cs\/prodejna\/"},{"@type":"ListItem","position":3,"name":"Diamantov\u00fd prsten s\u016fl a pep\u0159 s ombr\u00e9 pav\u00e9 p\u00e1skem"}]},{"@type":"WebSite","@id":"https:\/\/aureliusjewelry.com\/cs\/#website","url":"https:\/\/aureliusjewelry.com\/cs\/","name":"Aurelius Jewelry","description":"Handmade Fine Gold Jewelry","publisher":{"@id":"https:\/\/aureliusjewelry.com\/cs\/#organization"},"potentialAction":[{"@type":"SearchAction","target":{"@type":"EntryPoint","urlTemplate":"https:\/\/aureliusjewelry.com\/cs\/?s={search_term_string}"},"query-input":{"@type":"PropertyValueSpecification","valueRequired":true,"valueName":"search_term_string"}}],"inLanguage":"cs"},{"@type":"Organization","@id":"https:\/\/aureliusjewelry.com\/cs\/#organization","name":"Aurelius Jewelry","url":"https:\/\/aureliusjewelry.com\/cs\/","logo":{"@type":"ImageObject","inLanguage":"cs","@id":"https:\/\/aureliusjewelry.com\/cs\/#\/schema\/logo\/image\/","url":"https:\/\/aureliusjewelry.com\/wp-content\/uploads\/logo.png","contentUrl":"https:\/\/aureliusjewelry.com\/wp-content\/uploads\/logo.png","width":400,"height":64,"caption":"Aurelius Jewelry"},"image":{"@id":"https:\/\/aureliusjewelry.com\/cs\/#\/schema\/logo\/image\/"},"sameAs":["https:\/\/www.facebook.com\/AureliusJewelry\/","https:\/\/x.com\/AureliusJewelry","https:\/\/instagram.com\/aureliusjewelry","https:\/\/www.pinterest.com\/AureliusJewelry\/"],"email":"info@aureliusjewelry.com","foundingDate":"2018-10-01","vatID":"SI10391070","hasMerchantReturnPolicy":{"@type":"MerchantReturnPolicy","merchantReturnLink":"https:\/\/aureliusjewelry.com\/our-policies\/terms-conditions\/"}}]},"og_availability":"backorder","product_availability":"available for order","product_retailer_item_id":"38449","product_condition":"new"},"_links":{"self":[{"href":"https:\/\/aureliusjewelry.com\/cs\/wp-json\/wp\/v2\/product\/47822","targetHints":{"allow":["GET"]}}],"collection":[{"href":"https:\/\/aureliusjewelry.com\/cs\/wp-json\/wp\/v2\/product"}],"about":[{"href":"https:\/\/aureliusjewelry.com\/cs\/wp-json\/wp\/v2\/types\/product"}],"replies":[{"embeddable":true,"href":"https:\/\/aureliusjewelry.com\/cs\/wp-json\/wp\/v2\/comments?post=47822"}],"wp:featuredmedia":[{"embeddable":true,"href":"https:\/\/aureliusjewelry.com\/cs\/wp-json\/wp\/v2\/media\/38459"}],"wp:attachment":[{"href":"https:\/\/aureliusjewelry.com\/cs\/wp-json\/wp\/v2\/media?parent=47822"}],"wp:term":[{"taxonomy":"product_brand","embeddable":true,"href":"https:\/\/aureliusjewelry.com\/cs\/wp-json\/wp\/v2\/product_brand?post=47822"},{"taxonomy":"product_cat","embeddable":true,"href":"https:\/\/aureliusjewelry.com\/cs\/wp-json\/wp\/v2\/product_cat?post=47822"},{"taxonomy":"product_tag","embeddable":true,"href":"https:\/\/aureliusjewelry.com\/cs\/wp-json\/wp\/v2\/product_tag?post=47822"}],"curies":[{"name":"wp","href":"https:\/\/api.w.org\/{rel}","templated":true}]}}