{"id":47673,"date":"2023-09-02T08:29:49","date_gmt":"2023-09-02T06:29:49","guid":{"rendered":"http:\/\/aureliusjewelry.com\/product\/snubni-prsten-s-alexandritem-a-diamantem-na-pul-vecnosti\/"},"modified":"2026-03-20T16:56:42","modified_gmt":"2026-03-20T14:56:42","slug":"snubni-prsten-s-alexandritem-a-diamantem-na-pul-vecnosti","status":"publish","type":"product","link":"https:\/\/aureliusjewelry.com\/cs\/snubni-prsten-s-alexandritem-a-diamantem-na-pul-vecnosti\/","title":{"rendered":"Snubn\u00ed prsten s alexandritem a diamantem na p\u016fl v\u011b\u010dnosti"},"content":{"rendered":"<p><strong>Kameny<\/strong><\/p>\n<ul>\n<li>kite lab-alexandrite<\/li>\n<li>Cca. 8x6mm<\/li>\n<li>kulat\u00e9 diamanty<\/li>\n<li>Cca. 1mm (20)<\/li>\n<li>F\/G barva, VS jasnost, bezkonfliktn\u00ed<\/li>\n<\/ul>\n<p><strong>M\u011b\u0159en\u00ed a materi\u00e1l p\u00e1sma<\/strong><\/p>\n<ul>\n<li>1.5mm \u0161irok\u00fd, 1.6mm tlust\u00fd<\/li>\n<li>k dispozici ve 585\/1000 (14k) nebo 750\/1000 (18k) \u017elut\u00e9, b\u00edl\u00e9 nebo r\u016f\u017eov\u011b zlat\u00e9 a platinov\u00e9 950\/1000<\/li>\n<li>Velikost prstenu USA 3-9, men\u0161\u00ed nebo v\u011bt\u0161\u00ed velikosti dostupn\u00e9 na vy\u017e\u00e1d\u00e1n\u00ed<\/li>\n<\/ul>\n","protected":false},"excerpt":{"rendered":"<p>\u0158ekn\u011bte ANO na\u0161emu z\u00e1snubn\u00edmu prstenu s alexandritem a diamantem na p\u016fl v\u011b\u010dnosti. V jeho srdci se ukr\u00fdv\u00e1 fascinuj\u00edc\u00ed, barvu m\u011bn\u00edc\u00ed laboratorn\u00ed alexandrit. Tento jedine\u010dn\u00fd k\u00e1men p\u0159edstavuje ty, kte\u0159\u00ed slav\u00ed v \u010dervnu. M\u011bn\u00ed se z chladn\u00e9ho zelen\u00e9ho odst\u00ednu na denn\u00edm sv\u011btle na syt\u011b purpurov\u011b \u010derven\u00fd v \u017e\u00e1rovkov\u00e9m sv\u011btle a symbolizuje p\u0159izp\u016fsobivost. Alexandrit obj\u00edm\u00e1 diamantov\u00fd p\u00e1sek s polovinou v\u011b\u010dnosti, kter\u00fd mu dod\u00e1v\u00e1 jiskru. A\u0165 je z\u00e1\u0159iv\u00fdm symbolem va\u0161eho jedine\u010dn\u00e9ho milostn\u00e9ho p\u0159\u00edb\u011bhu!<\/p>\n","protected":false},"featured_media":37219,"comment_status":"open","ping_status":"closed","template":"","meta":[],"product_brand":[],"product_cat":[839,642,1403,1432,1609,673,1397,1406,651],"product_tag":[1153,1194,709,1246,708],"class_list":{"0":"post-47673","1":"product","2":"type-product","3":"status-publish","4":"has-post-thumbnail","6":"product_cat-alexandritove-zasnubni-prsteny","7":"product_cat-contemporary-kolekce","8":"product_cat-geometricke-zasnubni-prsteny","9":"product_cat-jedinecne-zasnubni-prsteny","10":"product_cat-nejlepsi-prodejci","11":"product_cat-prsteny","12":"product_cat-zasnubni-prsten-eternity-band","13":"product_cat-zasnubni-prsten-kite","14":"product_cat-zasnubni-prsteny","15":"product_tag-alexandrit","16":"product_tag-drak","17":"product_tag-production_time_3_5-cs","18":"product_tag-prsten","19":"product_tag-rings-cs","21":"first","22":"onbackorder","23":"sold-individually","24":"taxable","25":"shipping-taxable","26":"purchasable","27":"product-type-variable"},"yoast_head":"<title>Snubn\u00ed prsten s alexandritem a diamantem na p\u016fl v\u011b\u010dnosti - Aurelius Jewelry<\/title>\n<meta name=\"robots\" content=\"index, follow, max-snippet:-1, max-image-preview:large, max-video-preview:-1\" \/>\n<link rel=\"canonical\" href=\"https:\/\/aureliusjewelry.com\/cs\/snubni-prsten-s-alexandritem-a-diamantem-na-pul-vecnosti\/\" \/>\n<meta property=\"og:locale\" content=\"cs_CZ\" \/>\n<meta property=\"og:type\" content=\"article\" \/>\n<meta property=\"og:title\" content=\"Snubn\u00ed prsten s alexandritem a diamantem na p\u016fl v\u011b\u010dnosti - Aurelius Jewelry\" \/>\n<meta property=\"og:description\" content=\"%\" \/>\n<meta property=\"og:url\" content=\"https:\/\/aureliusjewelry.com\/cs\/snubni-prsten-s-alexandritem-a-diamantem-na-pul-vecnosti\/\" \/>\n<meta property=\"og:site_name\" content=\"Aurelius Jewelry\" \/>\n<meta property=\"article:publisher\" content=\"https:\/\/www.facebook.com\/AureliusJewelry\/\" \/>\n<meta property=\"article:modified_time\" content=\"2026-03-20T14:56:42+00:00\" \/>\n<meta property=\"og:image\" content=\"https:\/\/aureliusjewelry.com\/wp-content\/uploads\/kite-alexandite-engagement-ring-18k-yellow-gold.jpg\" \/>\n\t<meta property=\"og:image:width\" content=\"1920\" \/>\n\t<meta property=\"og:image:height\" content=\"1440\" \/>\n\t<meta property=\"og:image:type\" content=\"image\/jpeg\" \/>\n<meta name=\"twitter:card\" content=\"summary_large_image\" \/>\n<meta name=\"twitter:site\" content=\"@AureliusJewelry\" \/>\n<script type=\"application\/ld+json\" class=\"yoast-schema-graph\">{\"@context\":\"https:\\\/\\\/schema.org\",\"@graph\":[{\"@type\":\"WebPage\",\"@id\":\"https:\\\/\\\/aureliusjewelry.com\\\/cs\\\/snubni-prsten-s-alexandritem-a-diamantem-na-pul-vecnosti\\\/\",\"url\":\"https:\\\/\\\/aureliusjewelry.com\\\/cs\\\/snubni-prsten-s-alexandritem-a-diamantem-na-pul-vecnosti\\\/\",\"name\":\"Snubn\u00ed prsten s alexandritem a diamantem na p\u016fl v\u011b\u010dnosti - Aurelius Jewelry\",\"isPartOf\":{\"@id\":\"https:\\\/\\\/aureliusjewelry.com\\\/cs\\\/#website\"},\"primaryImageOfPage\":{\"@id\":\"https:\\\/\\\/aureliusjewelry.com\\\/cs\\\/snubni-prsten-s-alexandritem-a-diamantem-na-pul-vecnosti\\\/#primaryimage\"},\"image\":{\"@id\":\"https:\\\/\\\/aureliusjewelry.com\\\/cs\\\/snubni-prsten-s-alexandritem-a-diamantem-na-pul-vecnosti\\\/#primaryimage\"},\"thumbnailUrl\":\"https:\\\/\\\/aureliusjewelry.com\\\/wp-content\\\/uploads\\\/kite-alexandite-engagement-ring-18k-yellow-gold.jpg\",\"datePublished\":\"2023-09-02T06:29:49+00:00\",\"dateModified\":\"2026-03-20T14:56:42+00:00\",\"breadcrumb\":{\"@id\":\"https:\\\/\\\/aureliusjewelry.com\\\/cs\\\/snubni-prsten-s-alexandritem-a-diamantem-na-pul-vecnosti\\\/#breadcrumb\"},\"inLanguage\":\"cs\",\"potentialAction\":[{\"@type\":\"ReadAction\",\"target\":[\"https:\\\/\\\/aureliusjewelry.com\\\/cs\\\/snubni-prsten-s-alexandritem-a-diamantem-na-pul-vecnosti\\\/\"]}]},{\"@type\":\"ImageObject\",\"inLanguage\":\"cs\",\"@id\":\"https:\\\/\\\/aureliusjewelry.com\\\/cs\\\/snubni-prsten-s-alexandritem-a-diamantem-na-pul-vecnosti\\\/#primaryimage\",\"url\":\"https:\\\/\\\/aureliusjewelry.com\\\/wp-content\\\/uploads\\\/kite-alexandite-engagement-ring-18k-yellow-gold.jpg\",\"contentUrl\":\"https:\\\/\\\/aureliusjewelry.com\\\/wp-content\\\/uploads\\\/kite-alexandite-engagement-ring-18k-yellow-gold.jpg\",\"width\":1920,\"height\":1440},{\"@type\":\"BreadcrumbList\",\"@id\":\"https:\\\/\\\/aureliusjewelry.com\\\/cs\\\/snubni-prsten-s-alexandritem-a-diamantem-na-pul-vecnosti\\\/#breadcrumb\",\"itemListElement\":[{\"@type\":\"ListItem\",\"position\":1,\"name\":\"Home\",\"item\":\"https:\\\/\\\/aureliusjewelry.com\\\/cs\\\/\"},{\"@type\":\"ListItem\",\"position\":2,\"name\":\"Prodejna\",\"item\":\"https:\\\/\\\/aureliusjewelry.com\\\/cs\\\/prodejna\\\/\"},{\"@type\":\"ListItem\",\"position\":3,\"name\":\"Snubn\u00ed prsten s alexandritem a diamantem na p\u016fl v\u011b\u010dnosti\"}]},{\"@type\":\"WebSite\",\"@id\":\"https:\\\/\\\/aureliusjewelry.com\\\/cs\\\/#website\",\"url\":\"https:\\\/\\\/aureliusjewelry.com\\\/cs\\\/\",\"name\":\"Aurelius Jewelry\",\"description\":\"Handmade Fine Gold Jewelry\",\"publisher\":{\"@id\":\"https:\\\/\\\/aureliusjewelry.com\\\/cs\\\/#organization\"},\"potentialAction\":[{\"@type\":\"SearchAction\",\"target\":{\"@type\":\"EntryPoint\",\"urlTemplate\":\"https:\\\/\\\/aureliusjewelry.com\\\/cs\\\/?s={search_term_string}\"},\"query-input\":{\"@type\":\"PropertyValueSpecification\",\"valueRequired\":true,\"valueName\":\"search_term_string\"}}],\"inLanguage\":\"cs\"},{\"@type\":\"Organization\",\"@id\":\"https:\\\/\\\/aureliusjewelry.com\\\/cs\\\/#organization\",\"name\":\"Aurelius Jewelry\",\"url\":\"https:\\\/\\\/aureliusjewelry.com\\\/cs\\\/\",\"logo\":{\"@type\":\"ImageObject\",\"inLanguage\":\"cs\",\"@id\":\"https:\\\/\\\/aureliusjewelry.com\\\/cs\\\/#\\\/schema\\\/logo\\\/image\\\/\",\"url\":\"https:\\\/\\\/aureliusjewelry.com\\\/wp-content\\\/uploads\\\/logo.png\",\"contentUrl\":\"https:\\\/\\\/aureliusjewelry.com\\\/wp-content\\\/uploads\\\/logo.png\",\"width\":400,\"height\":64,\"caption\":\"Aurelius Jewelry\"},\"image\":{\"@id\":\"https:\\\/\\\/aureliusjewelry.com\\\/cs\\\/#\\\/schema\\\/logo\\\/image\\\/\"},\"sameAs\":[\"https:\\\/\\\/www.facebook.com\\\/AureliusJewelry\\\/\",\"https:\\\/\\\/x.com\\\/AureliusJewelry\",\"https:\\\/\\\/instagram.com\\\/aureliusjewelry\",\"https:\\\/\\\/www.pinterest.com\\\/AureliusJewelry\\\/\"],\"email\":\"info@aureliusjewelry.com\",\"foundingDate\":\"2018-10-01\",\"vatID\":\"SI10391070\",\"hasMerchantReturnPolicy\":{\"@type\":\"MerchantReturnPolicy\",\"merchantReturnLink\":\"https:\\\/\\\/aureliusjewelry.com\\\/our-policies\\\/terms-conditions\\\/\"}}]}<\/script>\n<meta property=\"og:availability\" content=\"backorder\" \/>\n<meta property=\"product:availability\" content=\"available for order\" \/>\n<meta property=\"product:retailer_item_id\" content=\"37208\" \/>\n<meta property=\"product:condition\" content=\"new\" \/>","yoast_head_json":{"title":"Snubn\u00ed prsten s alexandritem a diamantem na p\u016fl v\u011b\u010dnosti - Aurelius Jewelry","robots":{"index":"index","follow":"follow","max-snippet":"max-snippet:-1","max-image-preview":"max-image-preview:large","max-video-preview":"max-video-preview:-1"},"canonical":"https:\/\/aureliusjewelry.com\/cs\/snubni-prsten-s-alexandritem-a-diamantem-na-pul-vecnosti\/","og_locale":"cs_CZ","og_type":"article","og_title":"Snubn\u00ed prsten s alexandritem a diamantem na p\u016fl v\u011b\u010dnosti - Aurelius Jewelry","og_description":"%","og_url":"https:\/\/aureliusjewelry.com\/cs\/snubni-prsten-s-alexandritem-a-diamantem-na-pul-vecnosti\/","og_site_name":"Aurelius Jewelry","article_publisher":"https:\/\/www.facebook.com\/AureliusJewelry\/","article_modified_time":"2026-03-20T14:56:42+00:00","og_image":[{"width":1920,"height":1440,"url":"https:\/\/aureliusjewelry.com\/wp-content\/uploads\/kite-alexandite-engagement-ring-18k-yellow-gold.jpg","type":"image\/jpeg"}],"twitter_card":"summary_large_image","twitter_site":"@AureliusJewelry","schema":{"@context":"https:\/\/schema.org","@graph":[{"@type":"WebPage","@id":"https:\/\/aureliusjewelry.com\/cs\/snubni-prsten-s-alexandritem-a-diamantem-na-pul-vecnosti\/","url":"https:\/\/aureliusjewelry.com\/cs\/snubni-prsten-s-alexandritem-a-diamantem-na-pul-vecnosti\/","name":"Snubn\u00ed prsten s alexandritem a diamantem na p\u016fl v\u011b\u010dnosti - Aurelius Jewelry","isPartOf":{"@id":"https:\/\/aureliusjewelry.com\/cs\/#website"},"primaryImageOfPage":{"@id":"https:\/\/aureliusjewelry.com\/cs\/snubni-prsten-s-alexandritem-a-diamantem-na-pul-vecnosti\/#primaryimage"},"image":{"@id":"https:\/\/aureliusjewelry.com\/cs\/snubni-prsten-s-alexandritem-a-diamantem-na-pul-vecnosti\/#primaryimage"},"thumbnailUrl":"https:\/\/aureliusjewelry.com\/wp-content\/uploads\/kite-alexandite-engagement-ring-18k-yellow-gold.jpg","datePublished":"2023-09-02T06:29:49+00:00","dateModified":"2026-03-20T14:56:42+00:00","breadcrumb":{"@id":"https:\/\/aureliusjewelry.com\/cs\/snubni-prsten-s-alexandritem-a-diamantem-na-pul-vecnosti\/#breadcrumb"},"inLanguage":"cs","potentialAction":[{"@type":"ReadAction","target":["https:\/\/aureliusjewelry.com\/cs\/snubni-prsten-s-alexandritem-a-diamantem-na-pul-vecnosti\/"]}]},{"@type":"ImageObject","inLanguage":"cs","@id":"https:\/\/aureliusjewelry.com\/cs\/snubni-prsten-s-alexandritem-a-diamantem-na-pul-vecnosti\/#primaryimage","url":"https:\/\/aureliusjewelry.com\/wp-content\/uploads\/kite-alexandite-engagement-ring-18k-yellow-gold.jpg","contentUrl":"https:\/\/aureliusjewelry.com\/wp-content\/uploads\/kite-alexandite-engagement-ring-18k-yellow-gold.jpg","width":1920,"height":1440},{"@type":"BreadcrumbList","@id":"https:\/\/aureliusjewelry.com\/cs\/snubni-prsten-s-alexandritem-a-diamantem-na-pul-vecnosti\/#breadcrumb","itemListElement":[{"@type":"ListItem","position":1,"name":"Home","item":"https:\/\/aureliusjewelry.com\/cs\/"},{"@type":"ListItem","position":2,"name":"Prodejna","item":"https:\/\/aureliusjewelry.com\/cs\/prodejna\/"},{"@type":"ListItem","position":3,"name":"Snubn\u00ed prsten s alexandritem a diamantem na p\u016fl v\u011b\u010dnosti"}]},{"@type":"WebSite","@id":"https:\/\/aureliusjewelry.com\/cs\/#website","url":"https:\/\/aureliusjewelry.com\/cs\/","name":"Aurelius Jewelry","description":"Handmade Fine Gold Jewelry","publisher":{"@id":"https:\/\/aureliusjewelry.com\/cs\/#organization"},"potentialAction":[{"@type":"SearchAction","target":{"@type":"EntryPoint","urlTemplate":"https:\/\/aureliusjewelry.com\/cs\/?s={search_term_string}"},"query-input":{"@type":"PropertyValueSpecification","valueRequired":true,"valueName":"search_term_string"}}],"inLanguage":"cs"},{"@type":"Organization","@id":"https:\/\/aureliusjewelry.com\/cs\/#organization","name":"Aurelius Jewelry","url":"https:\/\/aureliusjewelry.com\/cs\/","logo":{"@type":"ImageObject","inLanguage":"cs","@id":"https:\/\/aureliusjewelry.com\/cs\/#\/schema\/logo\/image\/","url":"https:\/\/aureliusjewelry.com\/wp-content\/uploads\/logo.png","contentUrl":"https:\/\/aureliusjewelry.com\/wp-content\/uploads\/logo.png","width":400,"height":64,"caption":"Aurelius Jewelry"},"image":{"@id":"https:\/\/aureliusjewelry.com\/cs\/#\/schema\/logo\/image\/"},"sameAs":["https:\/\/www.facebook.com\/AureliusJewelry\/","https:\/\/x.com\/AureliusJewelry","https:\/\/instagram.com\/aureliusjewelry","https:\/\/www.pinterest.com\/AureliusJewelry\/"],"email":"info@aureliusjewelry.com","foundingDate":"2018-10-01","vatID":"SI10391070","hasMerchantReturnPolicy":{"@type":"MerchantReturnPolicy","merchantReturnLink":"https:\/\/aureliusjewelry.com\/our-policies\/terms-conditions\/"}}]},"og_availability":"backorder","product_availability":"available for order","product_retailer_item_id":"37208","product_condition":"new"},"_links":{"self":[{"href":"https:\/\/aureliusjewelry.com\/cs\/wp-json\/wp\/v2\/product\/47673","targetHints":{"allow":["GET"]}}],"collection":[{"href":"https:\/\/aureliusjewelry.com\/cs\/wp-json\/wp\/v2\/product"}],"about":[{"href":"https:\/\/aureliusjewelry.com\/cs\/wp-json\/wp\/v2\/types\/product"}],"replies":[{"embeddable":true,"href":"https:\/\/aureliusjewelry.com\/cs\/wp-json\/wp\/v2\/comments?post=47673"}],"wp:featuredmedia":[{"embeddable":true,"href":"https:\/\/aureliusjewelry.com\/cs\/wp-json\/wp\/v2\/media\/37219"}],"wp:attachment":[{"href":"https:\/\/aureliusjewelry.com\/cs\/wp-json\/wp\/v2\/media?parent=47673"}],"wp:term":[{"taxonomy":"product_brand","embeddable":true,"href":"https:\/\/aureliusjewelry.com\/cs\/wp-json\/wp\/v2\/product_brand?post=47673"},{"taxonomy":"product_cat","embeddable":true,"href":"https:\/\/aureliusjewelry.com\/cs\/wp-json\/wp\/v2\/product_cat?post=47673"},{"taxonomy":"product_tag","embeddable":true,"href":"https:\/\/aureliusjewelry.com\/cs\/wp-json\/wp\/v2\/product_tag?post=47673"}],"curies":[{"name":"wp","href":"https:\/\/api.w.org\/{rel}","templated":true}]}}