{"id":47512,"date":"2023-08-20T12:46:21","date_gmt":"2023-08-20T10:46:21","guid":{"rendered":"http:\/\/aureliusjewelry.com\/?post_type=product&#038;p=47512"},"modified":"2026-05-02T23:34:05","modified_gmt":"2026-05-02T21:34:05","slug":"sada-prstenu-verona-s-mechovym-achatem-ve-tvaru-sestiuhelniku-a-zahnutym-prstenem","status":"publish","type":"product","link":"https:\/\/aureliusjewelry.com\/cs\/sada-prstenu-verona-s-mechovym-achatem-ve-tvaru-sestiuhelniku-a-zahnutym-prstenem\/","title":{"rendered":"Sada prstenu Verona s mechov\u00fdm ach\u00e1tem ve tvaru \u0161esti\u00faheln\u00edku a zahnut\u00fdm prstenem"},"content":{"rendered":"<p><strong>Kameny<\/strong><\/p>\n<ul>\n<li>\u0161estihrann\u00fd mechov\u00fd ach\u00e1t<\/li>\n<li>Cca. 8x7mm<\/li>\n<li>kulat\u00e9 diamanty<\/li>\n<li>Cca. 2mm<\/li>\n<li>F\/G barva, VS jasnost, bezkonfliktn\u00ed<\/li>\n<\/ul>\n<p><strong>M\u011b\u0159en\u00ed a materi\u00e1l p\u00e1sma<\/strong><\/p>\n<ul>\n<li>1.5mm \u0161irok\u00fd, 1.6mm tlust\u00fd<\/li>\n<li>k dispozici ve 585\/1000 (14k) nebo 750\/1000 (18k) \u017elut\u00e9, b\u00edl\u00e9 nebo r\u016f\u017eov\u011b zlat\u00e9 a platinov\u00e9 950\/1000<\/li>\n<li>Velikost prstenu USA 3-9, men\u0161\u00ed nebo v\u011bt\u0161\u00ed velikosti dostupn\u00e9 na vy\u017e\u00e1d\u00e1n\u00ed<\/li>\n<\/ul>\n","protected":false},"excerpt":{"rendered":"<p>Poznejte boh\u00e9msk\u00e9ho ducha na\u0161\u00ed sady prsten\u016f Verona s mechov\u00fdm ach\u00e1tem a zahnut\u00fdm p\u00e1skem ve tvaru \u0161esti\u00faheln\u00edku. St\u0159edov\u00e1 \u010d\u00e1st v sob\u011b nese symboliku r\u016fstu, obnovy a r\u016fstu a inkluze p\u0159ipom\u00ednaj\u00edc\u00ed mech odr\u00e1\u017eej\u00ed kr\u00e1su bujn\u00e9ho lesa. \u0160esti\u00faheln\u00edk, stavebn\u00ed k\u00e1men \u017eivota, dopl\u0148uje zahnut\u00fd p\u00e1sek, kter\u00fd nab\u00edz\u00ed modern\u00ed n\u00e1dech. Noste jej jako ozdobu kr\u00e1sy, ale tak\u00e9 jako symbol sv\u00e9ho jedine\u010dn\u00e9ho milostn\u00e9ho p\u0159\u00edb\u011bhu.<\/p>\n","protected":false},"featured_media":36501,"comment_status":"open","ping_status":"closed","template":"","meta":[],"product_brand":[],"product_cat":[1424,1113,646,673,666,643],"product_tag":[1219,709,708,1249,1186],"class_list":{"0":"post-47512","1":"product","2":"type-product","3":"status-publish","4":"has-post-thumbnail","6":"product_cat-dvoudilny-snubni-prsten","7":"product_cat-mechovy-achatovy-snubni-prsten","8":"product_cat-paired-kolekce","9":"product_cat-prsteny","10":"product_cat-sady-snubnich-prstenu","11":"product_cat-singularity-kolekce","12":"product_tag-mechovy-achat","13":"product_tag-production_time_3_5-cs","14":"product_tag-rings-cs","15":"product_tag-sada-prstenu","16":"product_tag-sestiuhelnik","18":"first","19":"onbackorder","20":"sold-individually","21":"taxable","22":"shipping-taxable","23":"purchasable","24":"product-type-variable"},"yoast_head":"<title>Sada prstenu Verona s mechov\u00fdm ach\u00e1tem ve tvaru \u0161esti\u00faheln\u00edku a zahnut\u00fdm prstenem - Aurelius Jewelry<\/title>\n<meta name=\"robots\" content=\"index, follow, max-snippet:-1, max-image-preview:large, max-video-preview:-1\" \/>\n<link rel=\"canonical\" href=\"https:\/\/aureliusjewelry.com\/cs\/sada-prstenu-verona-s-mechovym-achatem-ve-tvaru-sestiuhelniku-a-zahnutym-prstenem\/\" \/>\n<meta property=\"og:locale\" content=\"cs_CZ\" \/>\n<meta property=\"og:type\" content=\"article\" \/>\n<meta property=\"og:title\" content=\"Sada prstenu Verona s mechov\u00fdm ach\u00e1tem ve tvaru \u0161esti\u00faheln\u00edku a zahnut\u00fdm prstenem - Aurelius Jewelry\" \/>\n<meta property=\"og:description\" content=\"%\" \/>\n<meta property=\"og:url\" content=\"https:\/\/aureliusjewelry.com\/cs\/sada-prstenu-verona-s-mechovym-achatem-ve-tvaru-sestiuhelniku-a-zahnutym-prstenem\/\" \/>\n<meta property=\"og:site_name\" content=\"Aurelius Jewelry\" \/>\n<meta property=\"article:publisher\" content=\"https:\/\/www.facebook.com\/AureliusJewelry\/\" \/>\n<meta property=\"article:modified_time\" content=\"2026-05-02T21:34:05+00:00\" \/>\n<meta property=\"og:image\" content=\"https:\/\/aureliusjewelry.com\/wp-content\/uploads\/moss-agate-ring-set-curved-band.jpg\" \/>\n\t<meta property=\"og:image:width\" content=\"1920\" \/>\n\t<meta property=\"og:image:height\" content=\"1440\" \/>\n\t<meta property=\"og:image:type\" content=\"image\/jpeg\" \/>\n<meta name=\"twitter:card\" content=\"summary_large_image\" \/>\n<meta name=\"twitter:site\" content=\"@AureliusJewelry\" \/>\n<script type=\"application\/ld+json\" class=\"yoast-schema-graph\">{\"@context\":\"https:\\\/\\\/schema.org\",\"@graph\":[{\"@type\":\"WebPage\",\"@id\":\"https:\\\/\\\/aureliusjewelry.com\\\/cs\\\/sada-prstenu-verona-s-mechovym-achatem-ve-tvaru-sestiuhelniku-a-zahnutym-prstenem\\\/\",\"url\":\"https:\\\/\\\/aureliusjewelry.com\\\/cs\\\/sada-prstenu-verona-s-mechovym-achatem-ve-tvaru-sestiuhelniku-a-zahnutym-prstenem\\\/\",\"name\":\"Sada prstenu Verona s mechov\u00fdm ach\u00e1tem ve tvaru \u0161esti\u00faheln\u00edku a zahnut\u00fdm prstenem - Aurelius Jewelry\",\"isPartOf\":{\"@id\":\"https:\\\/\\\/aureliusjewelry.com\\\/cs\\\/#website\"},\"primaryImageOfPage\":{\"@id\":\"https:\\\/\\\/aureliusjewelry.com\\\/cs\\\/sada-prstenu-verona-s-mechovym-achatem-ve-tvaru-sestiuhelniku-a-zahnutym-prstenem\\\/#primaryimage\"},\"image\":{\"@id\":\"https:\\\/\\\/aureliusjewelry.com\\\/cs\\\/sada-prstenu-verona-s-mechovym-achatem-ve-tvaru-sestiuhelniku-a-zahnutym-prstenem\\\/#primaryimage\"},\"thumbnailUrl\":\"https:\\\/\\\/aureliusjewelry.com\\\/wp-content\\\/uploads\\\/moss-agate-ring-set-curved-band.jpg\",\"datePublished\":\"2023-08-20T10:46:21+00:00\",\"dateModified\":\"2026-05-02T21:34:05+00:00\",\"breadcrumb\":{\"@id\":\"https:\\\/\\\/aureliusjewelry.com\\\/cs\\\/sada-prstenu-verona-s-mechovym-achatem-ve-tvaru-sestiuhelniku-a-zahnutym-prstenem\\\/#breadcrumb\"},\"inLanguage\":\"cs\",\"potentialAction\":[{\"@type\":\"ReadAction\",\"target\":[\"https:\\\/\\\/aureliusjewelry.com\\\/cs\\\/sada-prstenu-verona-s-mechovym-achatem-ve-tvaru-sestiuhelniku-a-zahnutym-prstenem\\\/\"]}]},{\"@type\":\"ImageObject\",\"inLanguage\":\"cs\",\"@id\":\"https:\\\/\\\/aureliusjewelry.com\\\/cs\\\/sada-prstenu-verona-s-mechovym-achatem-ve-tvaru-sestiuhelniku-a-zahnutym-prstenem\\\/#primaryimage\",\"url\":\"https:\\\/\\\/aureliusjewelry.com\\\/wp-content\\\/uploads\\\/moss-agate-ring-set-curved-band.jpg\",\"contentUrl\":\"https:\\\/\\\/aureliusjewelry.com\\\/wp-content\\\/uploads\\\/moss-agate-ring-set-curved-band.jpg\",\"width\":1920,\"height\":1440},{\"@type\":\"BreadcrumbList\",\"@id\":\"https:\\\/\\\/aureliusjewelry.com\\\/cs\\\/sada-prstenu-verona-s-mechovym-achatem-ve-tvaru-sestiuhelniku-a-zahnutym-prstenem\\\/#breadcrumb\",\"itemListElement\":[{\"@type\":\"ListItem\",\"position\":1,\"name\":\"Home\",\"item\":\"https:\\\/\\\/aureliusjewelry.com\\\/cs\\\/\"},{\"@type\":\"ListItem\",\"position\":2,\"name\":\"Prodejna\",\"item\":\"https:\\\/\\\/aureliusjewelry.com\\\/cs\\\/prodejna\\\/\"},{\"@type\":\"ListItem\",\"position\":3,\"name\":\"Sada prstenu Verona s mechov\u00fdm ach\u00e1tem ve tvaru \u0161esti\u00faheln\u00edku a zahnut\u00fdm prstenem\"}]},{\"@type\":\"WebSite\",\"@id\":\"https:\\\/\\\/aureliusjewelry.com\\\/cs\\\/#website\",\"url\":\"https:\\\/\\\/aureliusjewelry.com\\\/cs\\\/\",\"name\":\"Aurelius Jewelry\",\"description\":\"Handmade Fine Gold Jewelry\",\"publisher\":{\"@id\":\"https:\\\/\\\/aureliusjewelry.com\\\/cs\\\/#organization\"},\"potentialAction\":[{\"@type\":\"SearchAction\",\"target\":{\"@type\":\"EntryPoint\",\"urlTemplate\":\"https:\\\/\\\/aureliusjewelry.com\\\/cs\\\/?s={search_term_string}\"},\"query-input\":{\"@type\":\"PropertyValueSpecification\",\"valueRequired\":true,\"valueName\":\"search_term_string\"}}],\"inLanguage\":\"cs\"},{\"@type\":\"Organization\",\"@id\":\"https:\\\/\\\/aureliusjewelry.com\\\/cs\\\/#organization\",\"name\":\"Aurelius Jewelry\",\"url\":\"https:\\\/\\\/aureliusjewelry.com\\\/cs\\\/\",\"logo\":{\"@type\":\"ImageObject\",\"inLanguage\":\"cs\",\"@id\":\"https:\\\/\\\/aureliusjewelry.com\\\/cs\\\/#\\\/schema\\\/logo\\\/image\\\/\",\"url\":\"https:\\\/\\\/aureliusjewelry.com\\\/wp-content\\\/uploads\\\/logo.png\",\"contentUrl\":\"https:\\\/\\\/aureliusjewelry.com\\\/wp-content\\\/uploads\\\/logo.png\",\"width\":400,\"height\":64,\"caption\":\"Aurelius Jewelry\"},\"image\":{\"@id\":\"https:\\\/\\\/aureliusjewelry.com\\\/cs\\\/#\\\/schema\\\/logo\\\/image\\\/\"},\"sameAs\":[\"https:\\\/\\\/www.facebook.com\\\/AureliusJewelry\\\/\",\"https:\\\/\\\/x.com\\\/AureliusJewelry\",\"https:\\\/\\\/instagram.com\\\/aureliusjewelry\",\"https:\\\/\\\/www.pinterest.com\\\/AureliusJewelry\\\/\"],\"email\":\"info@aureliusjewelry.com\",\"foundingDate\":\"2018-10-01\",\"vatID\":\"SI10391070\",\"hasMerchantReturnPolicy\":{\"@type\":\"MerchantReturnPolicy\",\"merchantReturnLink\":\"https:\\\/\\\/aureliusjewelry.com\\\/our-policies\\\/terms-conditions\\\/\"}}]}<\/script>\n<meta property=\"og:availability\" content=\"backorder\" \/>\n<meta property=\"product:availability\" content=\"available for order\" \/>\n<meta property=\"product:retailer_item_id\" content=\"36466\" \/>\n<meta property=\"product:condition\" content=\"new\" \/>","yoast_head_json":{"title":"Sada prstenu Verona s mechov\u00fdm ach\u00e1tem ve tvaru \u0161esti\u00faheln\u00edku a zahnut\u00fdm prstenem - Aurelius Jewelry","robots":{"index":"index","follow":"follow","max-snippet":"max-snippet:-1","max-image-preview":"max-image-preview:large","max-video-preview":"max-video-preview:-1"},"canonical":"https:\/\/aureliusjewelry.com\/cs\/sada-prstenu-verona-s-mechovym-achatem-ve-tvaru-sestiuhelniku-a-zahnutym-prstenem\/","og_locale":"cs_CZ","og_type":"article","og_title":"Sada prstenu Verona s mechov\u00fdm ach\u00e1tem ve tvaru \u0161esti\u00faheln\u00edku a zahnut\u00fdm prstenem - Aurelius Jewelry","og_description":"%","og_url":"https:\/\/aureliusjewelry.com\/cs\/sada-prstenu-verona-s-mechovym-achatem-ve-tvaru-sestiuhelniku-a-zahnutym-prstenem\/","og_site_name":"Aurelius Jewelry","article_publisher":"https:\/\/www.facebook.com\/AureliusJewelry\/","article_modified_time":"2026-05-02T21:34:05+00:00","og_image":[{"width":1920,"height":1440,"url":"https:\/\/aureliusjewelry.com\/wp-content\/uploads\/moss-agate-ring-set-curved-band.jpg","type":"image\/jpeg"}],"twitter_card":"summary_large_image","twitter_site":"@AureliusJewelry","schema":{"@context":"https:\/\/schema.org","@graph":[{"@type":"WebPage","@id":"https:\/\/aureliusjewelry.com\/cs\/sada-prstenu-verona-s-mechovym-achatem-ve-tvaru-sestiuhelniku-a-zahnutym-prstenem\/","url":"https:\/\/aureliusjewelry.com\/cs\/sada-prstenu-verona-s-mechovym-achatem-ve-tvaru-sestiuhelniku-a-zahnutym-prstenem\/","name":"Sada prstenu Verona s mechov\u00fdm ach\u00e1tem ve tvaru \u0161esti\u00faheln\u00edku a zahnut\u00fdm prstenem - Aurelius Jewelry","isPartOf":{"@id":"https:\/\/aureliusjewelry.com\/cs\/#website"},"primaryImageOfPage":{"@id":"https:\/\/aureliusjewelry.com\/cs\/sada-prstenu-verona-s-mechovym-achatem-ve-tvaru-sestiuhelniku-a-zahnutym-prstenem\/#primaryimage"},"image":{"@id":"https:\/\/aureliusjewelry.com\/cs\/sada-prstenu-verona-s-mechovym-achatem-ve-tvaru-sestiuhelniku-a-zahnutym-prstenem\/#primaryimage"},"thumbnailUrl":"https:\/\/aureliusjewelry.com\/wp-content\/uploads\/moss-agate-ring-set-curved-band.jpg","datePublished":"2023-08-20T10:46:21+00:00","dateModified":"2026-05-02T21:34:05+00:00","breadcrumb":{"@id":"https:\/\/aureliusjewelry.com\/cs\/sada-prstenu-verona-s-mechovym-achatem-ve-tvaru-sestiuhelniku-a-zahnutym-prstenem\/#breadcrumb"},"inLanguage":"cs","potentialAction":[{"@type":"ReadAction","target":["https:\/\/aureliusjewelry.com\/cs\/sada-prstenu-verona-s-mechovym-achatem-ve-tvaru-sestiuhelniku-a-zahnutym-prstenem\/"]}]},{"@type":"ImageObject","inLanguage":"cs","@id":"https:\/\/aureliusjewelry.com\/cs\/sada-prstenu-verona-s-mechovym-achatem-ve-tvaru-sestiuhelniku-a-zahnutym-prstenem\/#primaryimage","url":"https:\/\/aureliusjewelry.com\/wp-content\/uploads\/moss-agate-ring-set-curved-band.jpg","contentUrl":"https:\/\/aureliusjewelry.com\/wp-content\/uploads\/moss-agate-ring-set-curved-band.jpg","width":1920,"height":1440},{"@type":"BreadcrumbList","@id":"https:\/\/aureliusjewelry.com\/cs\/sada-prstenu-verona-s-mechovym-achatem-ve-tvaru-sestiuhelniku-a-zahnutym-prstenem\/#breadcrumb","itemListElement":[{"@type":"ListItem","position":1,"name":"Home","item":"https:\/\/aureliusjewelry.com\/cs\/"},{"@type":"ListItem","position":2,"name":"Prodejna","item":"https:\/\/aureliusjewelry.com\/cs\/prodejna\/"},{"@type":"ListItem","position":3,"name":"Sada prstenu Verona s mechov\u00fdm ach\u00e1tem ve tvaru \u0161esti\u00faheln\u00edku a zahnut\u00fdm prstenem"}]},{"@type":"WebSite","@id":"https:\/\/aureliusjewelry.com\/cs\/#website","url":"https:\/\/aureliusjewelry.com\/cs\/","name":"Aurelius Jewelry","description":"Handmade Fine Gold Jewelry","publisher":{"@id":"https:\/\/aureliusjewelry.com\/cs\/#organization"},"potentialAction":[{"@type":"SearchAction","target":{"@type":"EntryPoint","urlTemplate":"https:\/\/aureliusjewelry.com\/cs\/?s={search_term_string}"},"query-input":{"@type":"PropertyValueSpecification","valueRequired":true,"valueName":"search_term_string"}}],"inLanguage":"cs"},{"@type":"Organization","@id":"https:\/\/aureliusjewelry.com\/cs\/#organization","name":"Aurelius Jewelry","url":"https:\/\/aureliusjewelry.com\/cs\/","logo":{"@type":"ImageObject","inLanguage":"cs","@id":"https:\/\/aureliusjewelry.com\/cs\/#\/schema\/logo\/image\/","url":"https:\/\/aureliusjewelry.com\/wp-content\/uploads\/logo.png","contentUrl":"https:\/\/aureliusjewelry.com\/wp-content\/uploads\/logo.png","width":400,"height":64,"caption":"Aurelius Jewelry"},"image":{"@id":"https:\/\/aureliusjewelry.com\/cs\/#\/schema\/logo\/image\/"},"sameAs":["https:\/\/www.facebook.com\/AureliusJewelry\/","https:\/\/x.com\/AureliusJewelry","https:\/\/instagram.com\/aureliusjewelry","https:\/\/www.pinterest.com\/AureliusJewelry\/"],"email":"info@aureliusjewelry.com","foundingDate":"2018-10-01","vatID":"SI10391070","hasMerchantReturnPolicy":{"@type":"MerchantReturnPolicy","merchantReturnLink":"https:\/\/aureliusjewelry.com\/our-policies\/terms-conditions\/"}}]},"og_availability":"backorder","product_availability":"available for order","product_retailer_item_id":"36466","product_condition":"new"},"_links":{"self":[{"href":"https:\/\/aureliusjewelry.com\/cs\/wp-json\/wp\/v2\/product\/47512","targetHints":{"allow":["GET"]}}],"collection":[{"href":"https:\/\/aureliusjewelry.com\/cs\/wp-json\/wp\/v2\/product"}],"about":[{"href":"https:\/\/aureliusjewelry.com\/cs\/wp-json\/wp\/v2\/types\/product"}],"replies":[{"embeddable":true,"href":"https:\/\/aureliusjewelry.com\/cs\/wp-json\/wp\/v2\/comments?post=47512"}],"wp:featuredmedia":[{"embeddable":true,"href":"https:\/\/aureliusjewelry.com\/cs\/wp-json\/wp\/v2\/media\/36501"}],"wp:attachment":[{"href":"https:\/\/aureliusjewelry.com\/cs\/wp-json\/wp\/v2\/media?parent=47512"}],"wp:term":[{"taxonomy":"product_brand","embeddable":true,"href":"https:\/\/aureliusjewelry.com\/cs\/wp-json\/wp\/v2\/product_brand?post=47512"},{"taxonomy":"product_cat","embeddable":true,"href":"https:\/\/aureliusjewelry.com\/cs\/wp-json\/wp\/v2\/product_cat?post=47512"},{"taxonomy":"product_tag","embeddable":true,"href":"https:\/\/aureliusjewelry.com\/cs\/wp-json\/wp\/v2\/product_tag?post=47512"}],"curies":[{"name":"wp","href":"https:\/\/api.w.org\/{rel}","templated":true}]}}