{"id":47411,"date":"2023-07-11T01:26:59","date_gmt":"2023-07-10T23:26:59","guid":{"rendered":"http:\/\/aureliusjewelry.com\/?post_type=product&#038;p=47411"},"modified":"2026-03-20T19:47:22","modified_gmt":"2026-03-20T17:47:22","slug":"sada-snubnich-prstenu-s-mechovym-achatem-a-diamantovou-korunkou-ve-tvaru-sestiuhelniku","status":"publish","type":"product","link":"https:\/\/aureliusjewelry.com\/cs\/sada-snubnich-prstenu-s-mechovym-achatem-a-diamantovou-korunkou-ve-tvaru-sestiuhelniku\/","title":{"rendered":"Sada snubn\u00edch prsten\u016f s mechov\u00fdm ach\u00e1tem a diamantovou korunkou ve tvaru \u0161esti\u00faheln\u00edku"},"content":{"rendered":"<p><strong>Z\u00e1snubn\u00ed prsten<\/strong><\/p>\n<ul>\n<li>\u0161estihrann\u00fd mechov\u00fd ach\u00e1t<\/li>\n<li>Cca. 8x7mm<\/li>\n<li>kulat\u00e9 diamanty<\/li>\n<li>Cca. 1mm (10)<\/li>\n<li>F\/G barva, VS jasnost, bezkonfliktn\u00ed<\/li>\n<\/ul>\n<p><strong>Snubn\u00ed prsten<\/strong><\/p>\n<ul>\n<li>mark\u00fdza, hru\u0161ka a kulat\u00e9 diamanty<\/li>\n<li>Cca. 4\u00d72mm, 3\u00d72mm (2), 1.75mm (2), 1.5mm (2)<\/li>\n<li>F\/G barva, VS jasnost, bezkonfliktn\u00ed<\/li>\n<\/ul>\n<p><strong>M\u011b\u0159en\u00ed a materi\u00e1l p\u00e1sma<\/strong><\/p>\n<ul>\n<li>1.5mm \u0161irok\u00fd, 1.6mm tlust\u00fd<\/li>\n<li>k dispozici ve 585\/1000 (14k) nebo 750\/1000 (18k) \u017elut\u00e9, b\u00edl\u00e9 nebo r\u016f\u017eov\u011b zlat\u00e9 a platinov\u00e9 950\/1000<\/li>\n<li>Velikost prstenu USA 3-9, men\u0161\u00ed nebo v\u011bt\u0161\u00ed velikosti dostupn\u00e9 na vy\u017e\u00e1d\u00e1n\u00ed<\/li>\n<\/ul>\n","protected":false},"excerpt":{"rendered":"<p>Povy\u0161te p\u0159\u00edrodou inspirovan\u00fd z\u00e1snubn\u00ed prsten s mechov\u00fdm ach\u00e1tem Hexagon o odpov\u00eddaj\u00edc\u00ed diamantovou korunku a vytvo\u0159te jedine\u010dnou soupravu snubn\u00edch prsten\u016f. Prsten s diamantovou korunkou obsahuje diamanty ve tvaru mark\u00fdzy, hru\u0161ky a kulat\u00e9 diamanty, kter\u00e9 jsou zasazeny na obloukov\u00e9m p\u00e1sku, jen\u017e se dokonale dopl\u0148uje se z\u00e1snubn\u00edm prstenem. Ka\u017ed\u00fd drahokam mechov\u00e9ho ach\u00e1tu je jako miniaturn\u00ed um\u011bleck\u00e9 d\u00edlo namalovan\u00e9 samotnou matkou p\u0159\u00edrodou. Vyberte si sv\u016fj obl\u00edben\u00fd a vytvo\u0159te si tuto listovou svatebn\u00ed soupravu podle sv\u00e9ho.<\/p>\n","protected":false},"featured_media":35730,"comment_status":"open","ping_status":"closed","template":"","meta":[],"product_brand":[],"product_cat":[1424,649,1113,646,673,666],"product_tag":[1219,709,708,1249,1186],"class_list":{"0":"post-47411","1":"product","2":"type-product","3":"status-publish","4":"has-post-thumbnail","6":"product_cat-dvoudilny-snubni-prsten","7":"product_cat-golden-leaf-kolekce","8":"product_cat-mechovy-achatovy-snubni-prsten","9":"product_cat-paired-kolekce","10":"product_cat-prsteny","11":"product_cat-sady-snubnich-prstenu","12":"product_tag-mechovy-achat","13":"product_tag-production_time_3_5-cs","14":"product_tag-rings-cs","15":"product_tag-sada-prstenu","16":"product_tag-sestiuhelnik","18":"first","19":"onbackorder","20":"sold-individually","21":"taxable","22":"shipping-taxable","23":"purchasable","24":"product-type-variable"},"yoast_head":"<title>Sada snubn\u00edch prsten\u016f s mechov\u00fdm ach\u00e1tem a diamantovou korunkou ve tvaru \u0161esti\u00faheln\u00edku - Aurelius Jewelry<\/title>\n<meta name=\"robots\" content=\"index, follow, max-snippet:-1, max-image-preview:large, max-video-preview:-1\" \/>\n<link rel=\"canonical\" href=\"https:\/\/aureliusjewelry.com\/cs\/sada-snubnich-prstenu-s-mechovym-achatem-a-diamantovou-korunkou-ve-tvaru-sestiuhelniku\/\" \/>\n<meta property=\"og:locale\" content=\"cs_CZ\" \/>\n<meta property=\"og:type\" content=\"article\" \/>\n<meta property=\"og:title\" content=\"Sada snubn\u00edch prsten\u016f s mechov\u00fdm ach\u00e1tem a diamantovou korunkou ve tvaru \u0161esti\u00faheln\u00edku - Aurelius Jewelry\" \/>\n<meta property=\"og:description\" content=\"%\" \/>\n<meta property=\"og:url\" content=\"https:\/\/aureliusjewelry.com\/cs\/sada-snubnich-prstenu-s-mechovym-achatem-a-diamantovou-korunkou-ve-tvaru-sestiuhelniku\/\" \/>\n<meta property=\"og:site_name\" content=\"Aurelius Jewelry\" \/>\n<meta property=\"article:publisher\" content=\"https:\/\/www.facebook.com\/AureliusJewelry\/\" \/>\n<meta property=\"article:modified_time\" content=\"2026-03-20T17:47:22+00:00\" \/>\n<meta property=\"og:image\" content=\"https:\/\/aureliusjewelry.com\/wp-content\/uploads\/moss-agate-ring-set-floral.jpg\" \/>\n\t<meta property=\"og:image:width\" content=\"1920\" \/>\n\t<meta property=\"og:image:height\" content=\"1440\" \/>\n\t<meta property=\"og:image:type\" content=\"image\/jpeg\" \/>\n<meta name=\"twitter:card\" content=\"summary_large_image\" \/>\n<meta name=\"twitter:site\" content=\"@AureliusJewelry\" \/>\n<script type=\"application\/ld+json\" class=\"yoast-schema-graph\">{\"@context\":\"https:\\\/\\\/schema.org\",\"@graph\":[{\"@type\":\"WebPage\",\"@id\":\"https:\\\/\\\/aureliusjewelry.com\\\/cs\\\/sada-snubnich-prstenu-s-mechovym-achatem-a-diamantovou-korunkou-ve-tvaru-sestiuhelniku\\\/\",\"url\":\"https:\\\/\\\/aureliusjewelry.com\\\/cs\\\/sada-snubnich-prstenu-s-mechovym-achatem-a-diamantovou-korunkou-ve-tvaru-sestiuhelniku\\\/\",\"name\":\"Sada snubn\u00edch prsten\u016f s mechov\u00fdm ach\u00e1tem a diamantovou korunkou ve tvaru \u0161esti\u00faheln\u00edku - Aurelius Jewelry\",\"isPartOf\":{\"@id\":\"https:\\\/\\\/aureliusjewelry.com\\\/cs\\\/#website\"},\"primaryImageOfPage\":{\"@id\":\"https:\\\/\\\/aureliusjewelry.com\\\/cs\\\/sada-snubnich-prstenu-s-mechovym-achatem-a-diamantovou-korunkou-ve-tvaru-sestiuhelniku\\\/#primaryimage\"},\"image\":{\"@id\":\"https:\\\/\\\/aureliusjewelry.com\\\/cs\\\/sada-snubnich-prstenu-s-mechovym-achatem-a-diamantovou-korunkou-ve-tvaru-sestiuhelniku\\\/#primaryimage\"},\"thumbnailUrl\":\"https:\\\/\\\/aureliusjewelry.com\\\/wp-content\\\/uploads\\\/moss-agate-ring-set-floral.jpg\",\"datePublished\":\"2023-07-10T23:26:59+00:00\",\"dateModified\":\"2026-03-20T17:47:22+00:00\",\"breadcrumb\":{\"@id\":\"https:\\\/\\\/aureliusjewelry.com\\\/cs\\\/sada-snubnich-prstenu-s-mechovym-achatem-a-diamantovou-korunkou-ve-tvaru-sestiuhelniku\\\/#breadcrumb\"},\"inLanguage\":\"cs\",\"potentialAction\":[{\"@type\":\"ReadAction\",\"target\":[\"https:\\\/\\\/aureliusjewelry.com\\\/cs\\\/sada-snubnich-prstenu-s-mechovym-achatem-a-diamantovou-korunkou-ve-tvaru-sestiuhelniku\\\/\"]}]},{\"@type\":\"ImageObject\",\"inLanguage\":\"cs\",\"@id\":\"https:\\\/\\\/aureliusjewelry.com\\\/cs\\\/sada-snubnich-prstenu-s-mechovym-achatem-a-diamantovou-korunkou-ve-tvaru-sestiuhelniku\\\/#primaryimage\",\"url\":\"https:\\\/\\\/aureliusjewelry.com\\\/wp-content\\\/uploads\\\/moss-agate-ring-set-floral.jpg\",\"contentUrl\":\"https:\\\/\\\/aureliusjewelry.com\\\/wp-content\\\/uploads\\\/moss-agate-ring-set-floral.jpg\",\"width\":1920,\"height\":1440},{\"@type\":\"BreadcrumbList\",\"@id\":\"https:\\\/\\\/aureliusjewelry.com\\\/cs\\\/sada-snubnich-prstenu-s-mechovym-achatem-a-diamantovou-korunkou-ve-tvaru-sestiuhelniku\\\/#breadcrumb\",\"itemListElement\":[{\"@type\":\"ListItem\",\"position\":1,\"name\":\"Home\",\"item\":\"https:\\\/\\\/aureliusjewelry.com\\\/cs\\\/\"},{\"@type\":\"ListItem\",\"position\":2,\"name\":\"Prodejna\",\"item\":\"https:\\\/\\\/aureliusjewelry.com\\\/cs\\\/prodejna\\\/\"},{\"@type\":\"ListItem\",\"position\":3,\"name\":\"Sada snubn\u00edch prsten\u016f s mechov\u00fdm ach\u00e1tem a diamantovou korunkou ve tvaru \u0161esti\u00faheln\u00edku\"}]},{\"@type\":\"WebSite\",\"@id\":\"https:\\\/\\\/aureliusjewelry.com\\\/cs\\\/#website\",\"url\":\"https:\\\/\\\/aureliusjewelry.com\\\/cs\\\/\",\"name\":\"Aurelius Jewelry\",\"description\":\"Handmade Fine Gold Jewelry\",\"publisher\":{\"@id\":\"https:\\\/\\\/aureliusjewelry.com\\\/cs\\\/#organization\"},\"potentialAction\":[{\"@type\":\"SearchAction\",\"target\":{\"@type\":\"EntryPoint\",\"urlTemplate\":\"https:\\\/\\\/aureliusjewelry.com\\\/cs\\\/?s={search_term_string}\"},\"query-input\":{\"@type\":\"PropertyValueSpecification\",\"valueRequired\":true,\"valueName\":\"search_term_string\"}}],\"inLanguage\":\"cs\"},{\"@type\":\"Organization\",\"@id\":\"https:\\\/\\\/aureliusjewelry.com\\\/cs\\\/#organization\",\"name\":\"Aurelius Jewelry\",\"url\":\"https:\\\/\\\/aureliusjewelry.com\\\/cs\\\/\",\"logo\":{\"@type\":\"ImageObject\",\"inLanguage\":\"cs\",\"@id\":\"https:\\\/\\\/aureliusjewelry.com\\\/cs\\\/#\\\/schema\\\/logo\\\/image\\\/\",\"url\":\"https:\\\/\\\/aureliusjewelry.com\\\/wp-content\\\/uploads\\\/logo.png\",\"contentUrl\":\"https:\\\/\\\/aureliusjewelry.com\\\/wp-content\\\/uploads\\\/logo.png\",\"width\":400,\"height\":64,\"caption\":\"Aurelius Jewelry\"},\"image\":{\"@id\":\"https:\\\/\\\/aureliusjewelry.com\\\/cs\\\/#\\\/schema\\\/logo\\\/image\\\/\"},\"sameAs\":[\"https:\\\/\\\/www.facebook.com\\\/AureliusJewelry\\\/\",\"https:\\\/\\\/x.com\\\/AureliusJewelry\",\"https:\\\/\\\/instagram.com\\\/aureliusjewelry\",\"https:\\\/\\\/www.pinterest.com\\\/AureliusJewelry\\\/\"],\"email\":\"info@aureliusjewelry.com\",\"foundingDate\":\"2018-10-01\",\"vatID\":\"SI10391070\",\"hasMerchantReturnPolicy\":{\"@type\":\"MerchantReturnPolicy\",\"merchantReturnLink\":\"https:\\\/\\\/aureliusjewelry.com\\\/our-policies\\\/terms-conditions\\\/\"}}]}<\/script>\n<meta property=\"og:availability\" content=\"backorder\" \/>\n<meta property=\"product:availability\" content=\"available for order\" \/>\n<meta property=\"product:retailer_item_id\" content=\"35719\" \/>\n<meta property=\"product:condition\" content=\"new\" \/>","yoast_head_json":{"title":"Sada snubn\u00edch prsten\u016f s mechov\u00fdm ach\u00e1tem a diamantovou korunkou ve tvaru \u0161esti\u00faheln\u00edku - Aurelius Jewelry","robots":{"index":"index","follow":"follow","max-snippet":"max-snippet:-1","max-image-preview":"max-image-preview:large","max-video-preview":"max-video-preview:-1"},"canonical":"https:\/\/aureliusjewelry.com\/cs\/sada-snubnich-prstenu-s-mechovym-achatem-a-diamantovou-korunkou-ve-tvaru-sestiuhelniku\/","og_locale":"cs_CZ","og_type":"article","og_title":"Sada snubn\u00edch prsten\u016f s mechov\u00fdm ach\u00e1tem a diamantovou korunkou ve tvaru \u0161esti\u00faheln\u00edku - Aurelius Jewelry","og_description":"%","og_url":"https:\/\/aureliusjewelry.com\/cs\/sada-snubnich-prstenu-s-mechovym-achatem-a-diamantovou-korunkou-ve-tvaru-sestiuhelniku\/","og_site_name":"Aurelius Jewelry","article_publisher":"https:\/\/www.facebook.com\/AureliusJewelry\/","article_modified_time":"2026-03-20T17:47:22+00:00","og_image":[{"width":1920,"height":1440,"url":"https:\/\/aureliusjewelry.com\/wp-content\/uploads\/moss-agate-ring-set-floral.jpg","type":"image\/jpeg"}],"twitter_card":"summary_large_image","twitter_site":"@AureliusJewelry","schema":{"@context":"https:\/\/schema.org","@graph":[{"@type":"WebPage","@id":"https:\/\/aureliusjewelry.com\/cs\/sada-snubnich-prstenu-s-mechovym-achatem-a-diamantovou-korunkou-ve-tvaru-sestiuhelniku\/","url":"https:\/\/aureliusjewelry.com\/cs\/sada-snubnich-prstenu-s-mechovym-achatem-a-diamantovou-korunkou-ve-tvaru-sestiuhelniku\/","name":"Sada snubn\u00edch prsten\u016f s mechov\u00fdm ach\u00e1tem a diamantovou korunkou ve tvaru \u0161esti\u00faheln\u00edku - Aurelius Jewelry","isPartOf":{"@id":"https:\/\/aureliusjewelry.com\/cs\/#website"},"primaryImageOfPage":{"@id":"https:\/\/aureliusjewelry.com\/cs\/sada-snubnich-prstenu-s-mechovym-achatem-a-diamantovou-korunkou-ve-tvaru-sestiuhelniku\/#primaryimage"},"image":{"@id":"https:\/\/aureliusjewelry.com\/cs\/sada-snubnich-prstenu-s-mechovym-achatem-a-diamantovou-korunkou-ve-tvaru-sestiuhelniku\/#primaryimage"},"thumbnailUrl":"https:\/\/aureliusjewelry.com\/wp-content\/uploads\/moss-agate-ring-set-floral.jpg","datePublished":"2023-07-10T23:26:59+00:00","dateModified":"2026-03-20T17:47:22+00:00","breadcrumb":{"@id":"https:\/\/aureliusjewelry.com\/cs\/sada-snubnich-prstenu-s-mechovym-achatem-a-diamantovou-korunkou-ve-tvaru-sestiuhelniku\/#breadcrumb"},"inLanguage":"cs","potentialAction":[{"@type":"ReadAction","target":["https:\/\/aureliusjewelry.com\/cs\/sada-snubnich-prstenu-s-mechovym-achatem-a-diamantovou-korunkou-ve-tvaru-sestiuhelniku\/"]}]},{"@type":"ImageObject","inLanguage":"cs","@id":"https:\/\/aureliusjewelry.com\/cs\/sada-snubnich-prstenu-s-mechovym-achatem-a-diamantovou-korunkou-ve-tvaru-sestiuhelniku\/#primaryimage","url":"https:\/\/aureliusjewelry.com\/wp-content\/uploads\/moss-agate-ring-set-floral.jpg","contentUrl":"https:\/\/aureliusjewelry.com\/wp-content\/uploads\/moss-agate-ring-set-floral.jpg","width":1920,"height":1440},{"@type":"BreadcrumbList","@id":"https:\/\/aureliusjewelry.com\/cs\/sada-snubnich-prstenu-s-mechovym-achatem-a-diamantovou-korunkou-ve-tvaru-sestiuhelniku\/#breadcrumb","itemListElement":[{"@type":"ListItem","position":1,"name":"Home","item":"https:\/\/aureliusjewelry.com\/cs\/"},{"@type":"ListItem","position":2,"name":"Prodejna","item":"https:\/\/aureliusjewelry.com\/cs\/prodejna\/"},{"@type":"ListItem","position":3,"name":"Sada snubn\u00edch prsten\u016f s mechov\u00fdm ach\u00e1tem a diamantovou korunkou ve tvaru \u0161esti\u00faheln\u00edku"}]},{"@type":"WebSite","@id":"https:\/\/aureliusjewelry.com\/cs\/#website","url":"https:\/\/aureliusjewelry.com\/cs\/","name":"Aurelius Jewelry","description":"Handmade Fine Gold Jewelry","publisher":{"@id":"https:\/\/aureliusjewelry.com\/cs\/#organization"},"potentialAction":[{"@type":"SearchAction","target":{"@type":"EntryPoint","urlTemplate":"https:\/\/aureliusjewelry.com\/cs\/?s={search_term_string}"},"query-input":{"@type":"PropertyValueSpecification","valueRequired":true,"valueName":"search_term_string"}}],"inLanguage":"cs"},{"@type":"Organization","@id":"https:\/\/aureliusjewelry.com\/cs\/#organization","name":"Aurelius Jewelry","url":"https:\/\/aureliusjewelry.com\/cs\/","logo":{"@type":"ImageObject","inLanguage":"cs","@id":"https:\/\/aureliusjewelry.com\/cs\/#\/schema\/logo\/image\/","url":"https:\/\/aureliusjewelry.com\/wp-content\/uploads\/logo.png","contentUrl":"https:\/\/aureliusjewelry.com\/wp-content\/uploads\/logo.png","width":400,"height":64,"caption":"Aurelius Jewelry"},"image":{"@id":"https:\/\/aureliusjewelry.com\/cs\/#\/schema\/logo\/image\/"},"sameAs":["https:\/\/www.facebook.com\/AureliusJewelry\/","https:\/\/x.com\/AureliusJewelry","https:\/\/instagram.com\/aureliusjewelry","https:\/\/www.pinterest.com\/AureliusJewelry\/"],"email":"info@aureliusjewelry.com","foundingDate":"2018-10-01","vatID":"SI10391070","hasMerchantReturnPolicy":{"@type":"MerchantReturnPolicy","merchantReturnLink":"https:\/\/aureliusjewelry.com\/our-policies\/terms-conditions\/"}}]},"og_availability":"backorder","product_availability":"available for order","product_retailer_item_id":"35719","product_condition":"new"},"_links":{"self":[{"href":"https:\/\/aureliusjewelry.com\/cs\/wp-json\/wp\/v2\/product\/47411","targetHints":{"allow":["GET"]}}],"collection":[{"href":"https:\/\/aureliusjewelry.com\/cs\/wp-json\/wp\/v2\/product"}],"about":[{"href":"https:\/\/aureliusjewelry.com\/cs\/wp-json\/wp\/v2\/types\/product"}],"replies":[{"embeddable":true,"href":"https:\/\/aureliusjewelry.com\/cs\/wp-json\/wp\/v2\/comments?post=47411"}],"wp:featuredmedia":[{"embeddable":true,"href":"https:\/\/aureliusjewelry.com\/cs\/wp-json\/wp\/v2\/media\/35730"}],"wp:attachment":[{"href":"https:\/\/aureliusjewelry.com\/cs\/wp-json\/wp\/v2\/media?parent=47411"}],"wp:term":[{"taxonomy":"product_brand","embeddable":true,"href":"https:\/\/aureliusjewelry.com\/cs\/wp-json\/wp\/v2\/product_brand?post=47411"},{"taxonomy":"product_cat","embeddable":true,"href":"https:\/\/aureliusjewelry.com\/cs\/wp-json\/wp\/v2\/product_cat?post=47411"},{"taxonomy":"product_tag","embeddable":true,"href":"https:\/\/aureliusjewelry.com\/cs\/wp-json\/wp\/v2\/product_tag?post=47411"}],"curies":[{"name":"wp","href":"https:\/\/api.w.org\/{rel}","templated":true}]}}