{"id":47262,"date":"2022-10-30T13:20:04","date_gmt":"2022-10-30T11:20:04","guid":{"rendered":"http:\/\/aureliusjewelry.com\/?post_type=product&#038;p=47262"},"modified":"2026-05-10T09:08:28","modified_gmt":"2026-05-10T07:08:28","slug":"zasnubni-prsten-s-cernym-diamantem-smaragdoveho-brusu","status":"publish","type":"product","link":"https:\/\/aureliusjewelry.com\/cs\/zasnubni-prsten-s-cernym-diamantem-smaragdoveho-brusu\/","title":{"rendered":"Z\u00e1snubn\u00ed prsten s \u010dern\u00fdm diamantem smaragdov\u00e9ho brusu"},"content":{"rendered":"<p><strong>Hlavn\u00ed k\u00e1men<\/strong><\/p>\n<ul>\n<li>smaragdov\u011b vybrou\u0161en\u00fd \u010dern\u00fd diamant<\/li>\n<li>Cca. 6x5mm, 1-1.2ct<\/li>\n<\/ul>\n<p><strong>Postrann\u00ed kameny<\/strong><\/p>\n<ul>\n<li>kulat\u00e9 \u010dern\u00e9 diamanty<\/li>\n<li>Cca. 2.5mm (2)<\/li>\n<li>kulat\u00e9 diamanty ze soli a pep\u0159e<\/li>\n<li>Cca. 2mm (2)<\/li>\n<li>kulat\u00e9 b\u00edl\u00e9 diamanty<\/li>\n<li>Cca. 1.5mm (2)<\/li>\n<li>F\/G barva, VS jasnost, bezkonfliktn\u00ed<\/li>\n<\/ul>\n<p><strong>M\u011b\u0159en\u00ed a materi\u00e1l p\u00e1sma<\/strong><\/p>\n<ul>\n<li>1.6mm \u0161irok\u00fd, 1.5mm tlust\u00fd<\/li>\n<li>k dispozici ve 585\/1000 (14k) nebo 750\/1000 (18k) \u017elut\u00e9, b\u00edl\u00e9 nebo r\u016f\u017eov\u011b zlat\u00e9 a platinov\u00e9 950\/1000<\/li>\n<li>Velikost prstenu USA 3-9, men\u0161\u00ed nebo v\u011bt\u0161\u00ed velikosti dostupn\u00e9 na vy\u017e\u00e1d\u00e1n\u00ed<\/li>\n<\/ul>\n","protected":false},"excerpt":{"rendered":"<p>\u00da\u017easn\u00fd z\u00e1snubn\u00ed prsten s \u010dern\u00fdm diamantem s klasick\u00fdm, nad\u010dasov\u00fdm a drs\u0148\u00e1ck\u00fdm vzhledem! \u010cern\u00fd diamant smaragdov\u00e9ho brusu uprost\u0159ed je dopln\u011bn sekvenc\u00ed \u010dern\u00fdch, slan\u00fdch a b\u00edl\u00fdch diamant\u016f, kter\u00e9 vytv\u00e1\u0159ej\u00ed ombr\u00e9 efekt. \u010cern\u00e9 diamanty jsou skute\u010dn\u011b kr\u00e1sn\u00e9 a tajemn\u00e9 drahokamy, kter\u00e9 p\u0159edstavuj\u00ed vnit\u0159n\u00ed s\u00edlu a nem\u011bnnou l\u00e1sku.<\/p>\n","protected":false},"featured_media":31477,"comment_status":"open","ping_status":"closed","template":"","meta":[],"product_brand":[],"product_cat":[673,1419,645,1401,1396,651,654],"product_tag":[1165,709,1246,708,1177],"class_list":{"0":"post-47262","1":"product","2":"type-product","3":"status-publish","4":"has-post-thumbnail","6":"product_cat-prsteny","7":"product_cat-sedm-kamenu-zasnubni-prsten","8":"product_cat-the-classics-kolekce","9":"product_cat-zasnubni-prsten-s-akcenty-drahokamu","10":"product_cat-zasnubni-prsten-se-smaragdovym-brousenym-drahokamem","11":"product_cat-zasnubni-prsteny","12":"product_cat-zasnubni-prsteny-s-cernym-diamantem","13":"product_tag-cerny-diamant","14":"product_tag-production_time_3_5-cs","15":"product_tag-prsten","16":"product_tag-rings-cs","17":"product_tag-smaragdovy-rez","19":"first","20":"onbackorder","21":"sold-individually","22":"taxable","23":"shipping-taxable","24":"purchasable","25":"product-type-variable"},"yoast_head":"<title>Z\u00e1snubn\u00ed prsten s \u010dern\u00fdm diamantem smaragdov\u00e9ho brusu - Aurelius Jewelry<\/title>\n<meta name=\"robots\" content=\"index, follow, max-snippet:-1, max-image-preview:large, max-video-preview:-1\" \/>\n<link rel=\"canonical\" href=\"https:\/\/aureliusjewelry.com\/cs\/zasnubni-prsten-s-cernym-diamantem-smaragdoveho-brusu\/\" \/>\n<meta property=\"og:locale\" content=\"cs_CZ\" \/>\n<meta property=\"og:type\" content=\"article\" \/>\n<meta property=\"og:title\" content=\"Z\u00e1snubn\u00ed prsten s \u010dern\u00fdm diamantem smaragdov\u00e9ho brusu - Aurelius Jewelry\" \/>\n<meta property=\"og:description\" content=\"%\" \/>\n<meta property=\"og:url\" content=\"https:\/\/aureliusjewelry.com\/cs\/zasnubni-prsten-s-cernym-diamantem-smaragdoveho-brusu\/\" \/>\n<meta property=\"og:site_name\" content=\"Aurelius Jewelry\" \/>\n<meta property=\"article:publisher\" content=\"https:\/\/www.facebook.com\/AureliusJewelry\/\" \/>\n<meta property=\"article:modified_time\" content=\"2026-05-10T07:08:28+00:00\" \/>\n<meta property=\"og:image\" content=\"https:\/\/aureliusjewelry.com\/wp-content\/uploads\/emerald-cut-black-diamond-lesbian-engagement-ring.jpg\" \/>\n\t<meta property=\"og:image:width\" content=\"1920\" \/>\n\t<meta property=\"og:image:height\" content=\"1440\" \/>\n\t<meta property=\"og:image:type\" content=\"image\/jpeg\" \/>\n<meta name=\"twitter:card\" content=\"summary_large_image\" \/>\n<meta name=\"twitter:site\" content=\"@AureliusJewelry\" \/>\n<script type=\"application\/ld+json\" class=\"yoast-schema-graph\">{\"@context\":\"https:\\\/\\\/schema.org\",\"@graph\":[{\"@type\":\"WebPage\",\"@id\":\"https:\\\/\\\/aureliusjewelry.com\\\/cs\\\/zasnubni-prsten-s-cernym-diamantem-smaragdoveho-brusu\\\/\",\"url\":\"https:\\\/\\\/aureliusjewelry.com\\\/cs\\\/zasnubni-prsten-s-cernym-diamantem-smaragdoveho-brusu\\\/\",\"name\":\"Z\u00e1snubn\u00ed prsten s \u010dern\u00fdm diamantem smaragdov\u00e9ho brusu - Aurelius Jewelry\",\"isPartOf\":{\"@id\":\"https:\\\/\\\/aureliusjewelry.com\\\/cs\\\/#website\"},\"primaryImageOfPage\":{\"@id\":\"https:\\\/\\\/aureliusjewelry.com\\\/cs\\\/zasnubni-prsten-s-cernym-diamantem-smaragdoveho-brusu\\\/#primaryimage\"},\"image\":{\"@id\":\"https:\\\/\\\/aureliusjewelry.com\\\/cs\\\/zasnubni-prsten-s-cernym-diamantem-smaragdoveho-brusu\\\/#primaryimage\"},\"thumbnailUrl\":\"https:\\\/\\\/aureliusjewelry.com\\\/wp-content\\\/uploads\\\/emerald-cut-black-diamond-lesbian-engagement-ring.jpg\",\"datePublished\":\"2022-10-30T11:20:04+00:00\",\"dateModified\":\"2026-05-10T07:08:28+00:00\",\"breadcrumb\":{\"@id\":\"https:\\\/\\\/aureliusjewelry.com\\\/cs\\\/zasnubni-prsten-s-cernym-diamantem-smaragdoveho-brusu\\\/#breadcrumb\"},\"inLanguage\":\"cs\",\"potentialAction\":[{\"@type\":\"ReadAction\",\"target\":[\"https:\\\/\\\/aureliusjewelry.com\\\/cs\\\/zasnubni-prsten-s-cernym-diamantem-smaragdoveho-brusu\\\/\"]}]},{\"@type\":\"ImageObject\",\"inLanguage\":\"cs\",\"@id\":\"https:\\\/\\\/aureliusjewelry.com\\\/cs\\\/zasnubni-prsten-s-cernym-diamantem-smaragdoveho-brusu\\\/#primaryimage\",\"url\":\"https:\\\/\\\/aureliusjewelry.com\\\/wp-content\\\/uploads\\\/emerald-cut-black-diamond-lesbian-engagement-ring.jpg\",\"contentUrl\":\"https:\\\/\\\/aureliusjewelry.com\\\/wp-content\\\/uploads\\\/emerald-cut-black-diamond-lesbian-engagement-ring.jpg\",\"width\":1920,\"height\":1440},{\"@type\":\"BreadcrumbList\",\"@id\":\"https:\\\/\\\/aureliusjewelry.com\\\/cs\\\/zasnubni-prsten-s-cernym-diamantem-smaragdoveho-brusu\\\/#breadcrumb\",\"itemListElement\":[{\"@type\":\"ListItem\",\"position\":1,\"name\":\"Home\",\"item\":\"https:\\\/\\\/aureliusjewelry.com\\\/cs\\\/\"},{\"@type\":\"ListItem\",\"position\":2,\"name\":\"Prodejna\",\"item\":\"https:\\\/\\\/aureliusjewelry.com\\\/cs\\\/prodejna\\\/\"},{\"@type\":\"ListItem\",\"position\":3,\"name\":\"Z\u00e1snubn\u00ed prsten s \u010dern\u00fdm diamantem smaragdov\u00e9ho brusu\"}]},{\"@type\":\"WebSite\",\"@id\":\"https:\\\/\\\/aureliusjewelry.com\\\/cs\\\/#website\",\"url\":\"https:\\\/\\\/aureliusjewelry.com\\\/cs\\\/\",\"name\":\"Aurelius Jewelry\",\"description\":\"Handmade Fine Gold Jewelry\",\"publisher\":{\"@id\":\"https:\\\/\\\/aureliusjewelry.com\\\/cs\\\/#organization\"},\"potentialAction\":[{\"@type\":\"SearchAction\",\"target\":{\"@type\":\"EntryPoint\",\"urlTemplate\":\"https:\\\/\\\/aureliusjewelry.com\\\/cs\\\/?s={search_term_string}\"},\"query-input\":{\"@type\":\"PropertyValueSpecification\",\"valueRequired\":true,\"valueName\":\"search_term_string\"}}],\"inLanguage\":\"cs\"},{\"@type\":\"Organization\",\"@id\":\"https:\\\/\\\/aureliusjewelry.com\\\/cs\\\/#organization\",\"name\":\"Aurelius Jewelry\",\"url\":\"https:\\\/\\\/aureliusjewelry.com\\\/cs\\\/\",\"logo\":{\"@type\":\"ImageObject\",\"inLanguage\":\"cs\",\"@id\":\"https:\\\/\\\/aureliusjewelry.com\\\/cs\\\/#\\\/schema\\\/logo\\\/image\\\/\",\"url\":\"https:\\\/\\\/aureliusjewelry.com\\\/wp-content\\\/uploads\\\/logo.png\",\"contentUrl\":\"https:\\\/\\\/aureliusjewelry.com\\\/wp-content\\\/uploads\\\/logo.png\",\"width\":400,\"height\":64,\"caption\":\"Aurelius Jewelry\"},\"image\":{\"@id\":\"https:\\\/\\\/aureliusjewelry.com\\\/cs\\\/#\\\/schema\\\/logo\\\/image\\\/\"},\"sameAs\":[\"https:\\\/\\\/www.facebook.com\\\/AureliusJewelry\\\/\",\"https:\\\/\\\/x.com\\\/AureliusJewelry\",\"https:\\\/\\\/instagram.com\\\/aureliusjewelry\",\"https:\\\/\\\/www.pinterest.com\\\/AureliusJewelry\\\/\"],\"email\":\"info@aureliusjewelry.com\",\"foundingDate\":\"2018-10-01\",\"vatID\":\"SI10391070\",\"hasMerchantReturnPolicy\":{\"@type\":\"MerchantReturnPolicy\",\"merchantReturnLink\":\"https:\\\/\\\/aureliusjewelry.com\\\/our-policies\\\/terms-conditions\\\/\"}}]}<\/script>\n<meta property=\"og:availability\" content=\"backorder\" \/>\n<meta property=\"product:availability\" content=\"available for order\" \/>\n<meta property=\"product:retailer_item_id\" content=\"31467\" \/>\n<meta property=\"product:condition\" content=\"new\" \/>","yoast_head_json":{"title":"Z\u00e1snubn\u00ed prsten s \u010dern\u00fdm diamantem smaragdov\u00e9ho brusu - Aurelius Jewelry","robots":{"index":"index","follow":"follow","max-snippet":"max-snippet:-1","max-image-preview":"max-image-preview:large","max-video-preview":"max-video-preview:-1"},"canonical":"https:\/\/aureliusjewelry.com\/cs\/zasnubni-prsten-s-cernym-diamantem-smaragdoveho-brusu\/","og_locale":"cs_CZ","og_type":"article","og_title":"Z\u00e1snubn\u00ed prsten s \u010dern\u00fdm diamantem smaragdov\u00e9ho brusu - Aurelius Jewelry","og_description":"%","og_url":"https:\/\/aureliusjewelry.com\/cs\/zasnubni-prsten-s-cernym-diamantem-smaragdoveho-brusu\/","og_site_name":"Aurelius Jewelry","article_publisher":"https:\/\/www.facebook.com\/AureliusJewelry\/","article_modified_time":"2026-05-10T07:08:28+00:00","og_image":[{"width":1920,"height":1440,"url":"https:\/\/aureliusjewelry.com\/wp-content\/uploads\/emerald-cut-black-diamond-lesbian-engagement-ring.jpg","type":"image\/jpeg"}],"twitter_card":"summary_large_image","twitter_site":"@AureliusJewelry","schema":{"@context":"https:\/\/schema.org","@graph":[{"@type":"WebPage","@id":"https:\/\/aureliusjewelry.com\/cs\/zasnubni-prsten-s-cernym-diamantem-smaragdoveho-brusu\/","url":"https:\/\/aureliusjewelry.com\/cs\/zasnubni-prsten-s-cernym-diamantem-smaragdoveho-brusu\/","name":"Z\u00e1snubn\u00ed prsten s \u010dern\u00fdm diamantem smaragdov\u00e9ho brusu - Aurelius Jewelry","isPartOf":{"@id":"https:\/\/aureliusjewelry.com\/cs\/#website"},"primaryImageOfPage":{"@id":"https:\/\/aureliusjewelry.com\/cs\/zasnubni-prsten-s-cernym-diamantem-smaragdoveho-brusu\/#primaryimage"},"image":{"@id":"https:\/\/aureliusjewelry.com\/cs\/zasnubni-prsten-s-cernym-diamantem-smaragdoveho-brusu\/#primaryimage"},"thumbnailUrl":"https:\/\/aureliusjewelry.com\/wp-content\/uploads\/emerald-cut-black-diamond-lesbian-engagement-ring.jpg","datePublished":"2022-10-30T11:20:04+00:00","dateModified":"2026-05-10T07:08:28+00:00","breadcrumb":{"@id":"https:\/\/aureliusjewelry.com\/cs\/zasnubni-prsten-s-cernym-diamantem-smaragdoveho-brusu\/#breadcrumb"},"inLanguage":"cs","potentialAction":[{"@type":"ReadAction","target":["https:\/\/aureliusjewelry.com\/cs\/zasnubni-prsten-s-cernym-diamantem-smaragdoveho-brusu\/"]}]},{"@type":"ImageObject","inLanguage":"cs","@id":"https:\/\/aureliusjewelry.com\/cs\/zasnubni-prsten-s-cernym-diamantem-smaragdoveho-brusu\/#primaryimage","url":"https:\/\/aureliusjewelry.com\/wp-content\/uploads\/emerald-cut-black-diamond-lesbian-engagement-ring.jpg","contentUrl":"https:\/\/aureliusjewelry.com\/wp-content\/uploads\/emerald-cut-black-diamond-lesbian-engagement-ring.jpg","width":1920,"height":1440},{"@type":"BreadcrumbList","@id":"https:\/\/aureliusjewelry.com\/cs\/zasnubni-prsten-s-cernym-diamantem-smaragdoveho-brusu\/#breadcrumb","itemListElement":[{"@type":"ListItem","position":1,"name":"Home","item":"https:\/\/aureliusjewelry.com\/cs\/"},{"@type":"ListItem","position":2,"name":"Prodejna","item":"https:\/\/aureliusjewelry.com\/cs\/prodejna\/"},{"@type":"ListItem","position":3,"name":"Z\u00e1snubn\u00ed prsten s \u010dern\u00fdm diamantem smaragdov\u00e9ho brusu"}]},{"@type":"WebSite","@id":"https:\/\/aureliusjewelry.com\/cs\/#website","url":"https:\/\/aureliusjewelry.com\/cs\/","name":"Aurelius Jewelry","description":"Handmade Fine Gold Jewelry","publisher":{"@id":"https:\/\/aureliusjewelry.com\/cs\/#organization"},"potentialAction":[{"@type":"SearchAction","target":{"@type":"EntryPoint","urlTemplate":"https:\/\/aureliusjewelry.com\/cs\/?s={search_term_string}"},"query-input":{"@type":"PropertyValueSpecification","valueRequired":true,"valueName":"search_term_string"}}],"inLanguage":"cs"},{"@type":"Organization","@id":"https:\/\/aureliusjewelry.com\/cs\/#organization","name":"Aurelius Jewelry","url":"https:\/\/aureliusjewelry.com\/cs\/","logo":{"@type":"ImageObject","inLanguage":"cs","@id":"https:\/\/aureliusjewelry.com\/cs\/#\/schema\/logo\/image\/","url":"https:\/\/aureliusjewelry.com\/wp-content\/uploads\/logo.png","contentUrl":"https:\/\/aureliusjewelry.com\/wp-content\/uploads\/logo.png","width":400,"height":64,"caption":"Aurelius Jewelry"},"image":{"@id":"https:\/\/aureliusjewelry.com\/cs\/#\/schema\/logo\/image\/"},"sameAs":["https:\/\/www.facebook.com\/AureliusJewelry\/","https:\/\/x.com\/AureliusJewelry","https:\/\/instagram.com\/aureliusjewelry","https:\/\/www.pinterest.com\/AureliusJewelry\/"],"email":"info@aureliusjewelry.com","foundingDate":"2018-10-01","vatID":"SI10391070","hasMerchantReturnPolicy":{"@type":"MerchantReturnPolicy","merchantReturnLink":"https:\/\/aureliusjewelry.com\/our-policies\/terms-conditions\/"}}]},"og_availability":"backorder","product_availability":"available for order","product_retailer_item_id":"31467","product_condition":"new"},"_links":{"self":[{"href":"https:\/\/aureliusjewelry.com\/cs\/wp-json\/wp\/v2\/product\/47262","targetHints":{"allow":["GET"]}}],"collection":[{"href":"https:\/\/aureliusjewelry.com\/cs\/wp-json\/wp\/v2\/product"}],"about":[{"href":"https:\/\/aureliusjewelry.com\/cs\/wp-json\/wp\/v2\/types\/product"}],"replies":[{"embeddable":true,"href":"https:\/\/aureliusjewelry.com\/cs\/wp-json\/wp\/v2\/comments?post=47262"}],"wp:featuredmedia":[{"embeddable":true,"href":"https:\/\/aureliusjewelry.com\/cs\/wp-json\/wp\/v2\/media\/31477"}],"wp:attachment":[{"href":"https:\/\/aureliusjewelry.com\/cs\/wp-json\/wp\/v2\/media?parent=47262"}],"wp:term":[{"taxonomy":"product_brand","embeddable":true,"href":"https:\/\/aureliusjewelry.com\/cs\/wp-json\/wp\/v2\/product_brand?post=47262"},{"taxonomy":"product_cat","embeddable":true,"href":"https:\/\/aureliusjewelry.com\/cs\/wp-json\/wp\/v2\/product_cat?post=47262"},{"taxonomy":"product_tag","embeddable":true,"href":"https:\/\/aureliusjewelry.com\/cs\/wp-json\/wp\/v2\/product_tag?post=47262"}],"curies":[{"name":"wp","href":"https:\/\/api.w.org\/{rel}","templated":true}]}}