{"id":47123,"date":"2022-02-02T03:14:02","date_gmt":"2022-02-02T01:14:02","guid":{"rendered":"http:\/\/aureliusjewelry.com\/?post_type=product&#038;p=47123"},"modified":"2026-03-20T22:21:40","modified_gmt":"2026-03-20T20:21:40","slug":"47123","status":"publish","type":"product","link":"https:\/\/aureliusjewelry.com\/cs\/product\/lapis-lazuli-ve-tvaru-draka-a-dimantovy-zasnubni-prsten\/","title":{"rendered":"Lapis lazuli ve tvaru draka a diamantov\u00fd z\u00e1snubn\u00ed prsten"},"content":{"rendered":"<p><strong>Hlavn\u00ed k\u00e1men<\/strong><\/p>\n<ul>\n<li>lozenge\/draka lapis lazuli<\/li>\n<li>Cca. 10x7mm<\/li>\n<\/ul>\n<p><strong>Postrann\u00ed kameny<\/strong><\/p>\n<ul>\n<li>kulat\u00e9 diamanty<\/li>\n<li>Cca. 1.25mm (6)<\/li>\n<li>F\/G barva, VS jasnost, bezkonfliktn\u00ed<\/li>\n<\/ul>\n<p><strong>M\u011b\u0159en\u00ed a materi\u00e1l p\u00e1sma<\/strong><\/p>\n<ul>\n<li>1.5mm \u0161irok\u00fd, 1.6mm tlust\u00fd<\/li>\n<li>k dispozici ve 585\/1000 (14k) nebo 750\/1000 (18k) \u017elut\u00e9, b\u00edl\u00e9 nebo r\u016f\u017eov\u011b zlat\u00e9 a platinov\u00e9 950\/1000<\/li>\n<li>Velikost prstenu USA 3-9, men\u0161\u00ed nebo v\u011bt\u0161\u00ed velikosti dostupn\u00e9 na vy\u017e\u00e1d\u00e1n\u00ed<\/li>\n<\/ul>\n","protected":false},"excerpt":{"rendered":"<p>Prsteny z lapisu lazuli jsou ji\u017e po tis\u00edce let vyhled\u00e1vanou ozdobou prst\u016f kr\u00e1lovsk\u00fdch rodin. Tento tmav\u011b modr\u00fd z\u00e1\u0159iv\u00fd drahokam lze snadno a dokonale vybrousit do r\u016fzn\u00fdch tvar\u016f. Sv\u00fdmi t\u0159pytiv\u00fdmi skvrnami v\u00e1m bude p\u0159ipom\u00ednat no\u010dn\u00ed oblohu plnou hv\u011bzd. Prsten s lapisem lazuli je b\u011b\u017en\u011b p\u0159ij\u00edman\u00fdm d\u00e1rkem k sedm\u00e9mu a dev\u00e1t\u00e9mu v\u00fdro\u010d\u00ed svatby, ale lze jej pou\u017e\u00edt i jako prosincov\u00fd k\u00e1men k narozen\u00ed nebo z\u00e1snubn\u00ed prsten.<\/p>\n","protected":false},"featured_media":29132,"comment_status":"open","ping_status":"closed","template":"","meta":[],"product_brand":[],"product_cat":[642,1403,673,1419,1406,1309,1407,651],"product_tag":[1194,1200,1198,709,1246,708],"class_list":{"0":"post-47123","1":"product","2":"type-product","3":"status-publish","4":"has-post-thumbnail","6":"product_cat-contemporary-kolekce","7":"product_cat-geometricke-zasnubni-prsteny","8":"product_cat-prsteny","9":"product_cat-sedm-kamenu-zasnubni-prsten","10":"product_cat-zasnubni-prsten-kite","11":"product_cat-zasnubni-prsten-lapis-lazuli","12":"product_cat-zasnubni-prsten-lozenge","13":"product_cat-zasnubni-prsteny","14":"product_tag-drak","15":"product_tag-kosoctverec","16":"product_tag-lazurit","17":"product_tag-production_time_3_5-cs","18":"product_tag-prsten","19":"product_tag-rings-cs","21":"first","22":"onbackorder","23":"sold-individually","24":"taxable","25":"shipping-taxable","26":"purchasable","27":"product-type-variable"},"yoast_head":"<title>Lapis lazuli ve tvaru draka a diamantov\u00fd z\u00e1snubn\u00ed prsten - Aurelius Jewelry<\/title>\n<meta name=\"robots\" content=\"index, follow, max-snippet:-1, max-image-preview:large, max-video-preview:-1\" \/>\n<link rel=\"canonical\" href=\"https:\/\/aureliusjewelry.com\/cs\/product\/lapis-lazuli-ve-tvaru-draka-a-dimantovy-zasnubni-prsten\/\" \/>\n<meta property=\"og:locale\" content=\"cs_CZ\" \/>\n<meta property=\"og:type\" content=\"article\" \/>\n<meta property=\"og:title\" content=\"Lapis lazuli ve tvaru draka a diamantov\u00fd z\u00e1snubn\u00ed prsten - Aurelius Jewelry\" \/>\n<meta property=\"og:description\" content=\"%\" \/>\n<meta property=\"og:url\" content=\"https:\/\/aureliusjewelry.com\/cs\/product\/lapis-lazuli-ve-tvaru-draka-a-dimantovy-zasnubni-prsten\/\" \/>\n<meta property=\"og:site_name\" content=\"Aurelius Jewelry\" \/>\n<meta property=\"article:publisher\" content=\"https:\/\/www.facebook.com\/AureliusJewelry\/\" \/>\n<meta property=\"article:modified_time\" content=\"2026-03-20T20:21:40+00:00\" \/>\n<meta property=\"og:image\" content=\"https:\/\/aureliusjewelry.com\/wp-content\/uploads\/kite-lapis-lazuli-ring-rose-gold.jpg\" \/>\n\t<meta property=\"og:image:width\" content=\"1920\" \/>\n\t<meta property=\"og:image:height\" content=\"1440\" \/>\n\t<meta property=\"og:image:type\" content=\"image\/jpeg\" \/>\n<meta name=\"twitter:card\" content=\"summary_large_image\" \/>\n<meta name=\"twitter:site\" content=\"@AureliusJewelry\" \/>\n<script type=\"application\/ld+json\" class=\"yoast-schema-graph\">{\"@context\":\"https:\\\/\\\/schema.org\",\"@graph\":[{\"@type\":\"WebPage\",\"@id\":\"https:\\\/\\\/aureliusjewelry.com\\\/cs\\\/product\\\/lapis-lazuli-ve-tvaru-draka-a-dimantovy-zasnubni-prsten\\\/\",\"url\":\"https:\\\/\\\/aureliusjewelry.com\\\/cs\\\/product\\\/lapis-lazuli-ve-tvaru-draka-a-dimantovy-zasnubni-prsten\\\/\",\"name\":\"Lapis lazuli ve tvaru draka a diamantov\u00fd z\u00e1snubn\u00ed prsten - Aurelius Jewelry\",\"isPartOf\":{\"@id\":\"https:\\\/\\\/aureliusjewelry.com\\\/cs\\\/#website\"},\"primaryImageOfPage\":{\"@id\":\"https:\\\/\\\/aureliusjewelry.com\\\/cs\\\/product\\\/lapis-lazuli-ve-tvaru-draka-a-dimantovy-zasnubni-prsten\\\/#primaryimage\"},\"image\":{\"@id\":\"https:\\\/\\\/aureliusjewelry.com\\\/cs\\\/product\\\/lapis-lazuli-ve-tvaru-draka-a-dimantovy-zasnubni-prsten\\\/#primaryimage\"},\"thumbnailUrl\":\"https:\\\/\\\/aureliusjewelry.com\\\/wp-content\\\/uploads\\\/kite-lapis-lazuli-ring-rose-gold.jpg\",\"datePublished\":\"2022-02-02T01:14:02+00:00\",\"dateModified\":\"2026-03-20T20:21:40+00:00\",\"breadcrumb\":{\"@id\":\"https:\\\/\\\/aureliusjewelry.com\\\/cs\\\/product\\\/lapis-lazuli-ve-tvaru-draka-a-dimantovy-zasnubni-prsten\\\/#breadcrumb\"},\"inLanguage\":\"cs\",\"potentialAction\":[{\"@type\":\"ReadAction\",\"target\":[\"https:\\\/\\\/aureliusjewelry.com\\\/cs\\\/product\\\/lapis-lazuli-ve-tvaru-draka-a-dimantovy-zasnubni-prsten\\\/\"]}]},{\"@type\":\"ImageObject\",\"inLanguage\":\"cs\",\"@id\":\"https:\\\/\\\/aureliusjewelry.com\\\/cs\\\/product\\\/lapis-lazuli-ve-tvaru-draka-a-dimantovy-zasnubni-prsten\\\/#primaryimage\",\"url\":\"https:\\\/\\\/aureliusjewelry.com\\\/wp-content\\\/uploads\\\/kite-lapis-lazuli-ring-rose-gold.jpg\",\"contentUrl\":\"https:\\\/\\\/aureliusjewelry.com\\\/wp-content\\\/uploads\\\/kite-lapis-lazuli-ring-rose-gold.jpg\",\"width\":1920,\"height\":1440},{\"@type\":\"BreadcrumbList\",\"@id\":\"https:\\\/\\\/aureliusjewelry.com\\\/cs\\\/product\\\/lapis-lazuli-ve-tvaru-draka-a-dimantovy-zasnubni-prsten\\\/#breadcrumb\",\"itemListElement\":[{\"@type\":\"ListItem\",\"position\":1,\"name\":\"Home\",\"item\":\"https:\\\/\\\/aureliusjewelry.com\\\/cs\\\/\"},{\"@type\":\"ListItem\",\"position\":2,\"name\":\"Prodejna\",\"item\":\"https:\\\/\\\/aureliusjewelry.com\\\/cs\\\/prodejna\\\/\"},{\"@type\":\"ListItem\",\"position\":3,\"name\":\"Lapis lazuli ve tvaru draka a diamantov\u00fd z\u00e1snubn\u00ed prsten\"}]},{\"@type\":\"WebSite\",\"@id\":\"https:\\\/\\\/aureliusjewelry.com\\\/cs\\\/#website\",\"url\":\"https:\\\/\\\/aureliusjewelry.com\\\/cs\\\/\",\"name\":\"Aurelius Jewelry\",\"description\":\"Handmade Fine Gold Jewelry\",\"publisher\":{\"@id\":\"https:\\\/\\\/aureliusjewelry.com\\\/cs\\\/#organization\"},\"potentialAction\":[{\"@type\":\"SearchAction\",\"target\":{\"@type\":\"EntryPoint\",\"urlTemplate\":\"https:\\\/\\\/aureliusjewelry.com\\\/cs\\\/?s={search_term_string}\"},\"query-input\":{\"@type\":\"PropertyValueSpecification\",\"valueRequired\":true,\"valueName\":\"search_term_string\"}}],\"inLanguage\":\"cs\"},{\"@type\":\"Organization\",\"@id\":\"https:\\\/\\\/aureliusjewelry.com\\\/cs\\\/#organization\",\"name\":\"Aurelius Jewelry\",\"url\":\"https:\\\/\\\/aureliusjewelry.com\\\/cs\\\/\",\"logo\":{\"@type\":\"ImageObject\",\"inLanguage\":\"cs\",\"@id\":\"https:\\\/\\\/aureliusjewelry.com\\\/cs\\\/#\\\/schema\\\/logo\\\/image\\\/\",\"url\":\"https:\\\/\\\/aureliusjewelry.com\\\/wp-content\\\/uploads\\\/logo.png\",\"contentUrl\":\"https:\\\/\\\/aureliusjewelry.com\\\/wp-content\\\/uploads\\\/logo.png\",\"width\":400,\"height\":64,\"caption\":\"Aurelius Jewelry\"},\"image\":{\"@id\":\"https:\\\/\\\/aureliusjewelry.com\\\/cs\\\/#\\\/schema\\\/logo\\\/image\\\/\"},\"sameAs\":[\"https:\\\/\\\/www.facebook.com\\\/AureliusJewelry\\\/\",\"https:\\\/\\\/x.com\\\/AureliusJewelry\",\"https:\\\/\\\/instagram.com\\\/aureliusjewelry\",\"https:\\\/\\\/www.pinterest.com\\\/AureliusJewelry\\\/\"],\"email\":\"info@aureliusjewelry.com\",\"foundingDate\":\"2018-10-01\",\"vatID\":\"SI10391070\",\"hasMerchantReturnPolicy\":{\"@type\":\"MerchantReturnPolicy\",\"merchantReturnLink\":\"https:\\\/\\\/aureliusjewelry.com\\\/our-policies\\\/terms-conditions\\\/\"}}]}<\/script>\n<meta property=\"og:availability\" content=\"backorder\" \/>\n<meta property=\"product:availability\" content=\"available for order\" \/>\n<meta property=\"product:retailer_item_id\" content=\"29128\" \/>\n<meta property=\"product:condition\" content=\"new\" \/>","yoast_head_json":{"title":"Lapis lazuli ve tvaru draka a diamantov\u00fd z\u00e1snubn\u00ed prsten - Aurelius Jewelry","robots":{"index":"index","follow":"follow","max-snippet":"max-snippet:-1","max-image-preview":"max-image-preview:large","max-video-preview":"max-video-preview:-1"},"canonical":"https:\/\/aureliusjewelry.com\/cs\/product\/lapis-lazuli-ve-tvaru-draka-a-dimantovy-zasnubni-prsten\/","og_locale":"cs_CZ","og_type":"article","og_title":"Lapis lazuli ve tvaru draka a diamantov\u00fd z\u00e1snubn\u00ed prsten - Aurelius Jewelry","og_description":"%","og_url":"https:\/\/aureliusjewelry.com\/cs\/product\/lapis-lazuli-ve-tvaru-draka-a-dimantovy-zasnubni-prsten\/","og_site_name":"Aurelius Jewelry","article_publisher":"https:\/\/www.facebook.com\/AureliusJewelry\/","article_modified_time":"2026-03-20T20:21:40+00:00","og_image":[{"width":1920,"height":1440,"url":"https:\/\/aureliusjewelry.com\/wp-content\/uploads\/kite-lapis-lazuli-ring-rose-gold.jpg","type":"image\/jpeg"}],"twitter_card":"summary_large_image","twitter_site":"@AureliusJewelry","schema":{"@context":"https:\/\/schema.org","@graph":[{"@type":"WebPage","@id":"https:\/\/aureliusjewelry.com\/cs\/product\/lapis-lazuli-ve-tvaru-draka-a-dimantovy-zasnubni-prsten\/","url":"https:\/\/aureliusjewelry.com\/cs\/product\/lapis-lazuli-ve-tvaru-draka-a-dimantovy-zasnubni-prsten\/","name":"Lapis lazuli ve tvaru draka a diamantov\u00fd z\u00e1snubn\u00ed prsten - Aurelius Jewelry","isPartOf":{"@id":"https:\/\/aureliusjewelry.com\/cs\/#website"},"primaryImageOfPage":{"@id":"https:\/\/aureliusjewelry.com\/cs\/product\/lapis-lazuli-ve-tvaru-draka-a-dimantovy-zasnubni-prsten\/#primaryimage"},"image":{"@id":"https:\/\/aureliusjewelry.com\/cs\/product\/lapis-lazuli-ve-tvaru-draka-a-dimantovy-zasnubni-prsten\/#primaryimage"},"thumbnailUrl":"https:\/\/aureliusjewelry.com\/wp-content\/uploads\/kite-lapis-lazuli-ring-rose-gold.jpg","datePublished":"2022-02-02T01:14:02+00:00","dateModified":"2026-03-20T20:21:40+00:00","breadcrumb":{"@id":"https:\/\/aureliusjewelry.com\/cs\/product\/lapis-lazuli-ve-tvaru-draka-a-dimantovy-zasnubni-prsten\/#breadcrumb"},"inLanguage":"cs","potentialAction":[{"@type":"ReadAction","target":["https:\/\/aureliusjewelry.com\/cs\/product\/lapis-lazuli-ve-tvaru-draka-a-dimantovy-zasnubni-prsten\/"]}]},{"@type":"ImageObject","inLanguage":"cs","@id":"https:\/\/aureliusjewelry.com\/cs\/product\/lapis-lazuli-ve-tvaru-draka-a-dimantovy-zasnubni-prsten\/#primaryimage","url":"https:\/\/aureliusjewelry.com\/wp-content\/uploads\/kite-lapis-lazuli-ring-rose-gold.jpg","contentUrl":"https:\/\/aureliusjewelry.com\/wp-content\/uploads\/kite-lapis-lazuli-ring-rose-gold.jpg","width":1920,"height":1440},{"@type":"BreadcrumbList","@id":"https:\/\/aureliusjewelry.com\/cs\/product\/lapis-lazuli-ve-tvaru-draka-a-dimantovy-zasnubni-prsten\/#breadcrumb","itemListElement":[{"@type":"ListItem","position":1,"name":"Home","item":"https:\/\/aureliusjewelry.com\/cs\/"},{"@type":"ListItem","position":2,"name":"Prodejna","item":"https:\/\/aureliusjewelry.com\/cs\/prodejna\/"},{"@type":"ListItem","position":3,"name":"Lapis lazuli ve tvaru draka a diamantov\u00fd z\u00e1snubn\u00ed prsten"}]},{"@type":"WebSite","@id":"https:\/\/aureliusjewelry.com\/cs\/#website","url":"https:\/\/aureliusjewelry.com\/cs\/","name":"Aurelius Jewelry","description":"Handmade Fine Gold Jewelry","publisher":{"@id":"https:\/\/aureliusjewelry.com\/cs\/#organization"},"potentialAction":[{"@type":"SearchAction","target":{"@type":"EntryPoint","urlTemplate":"https:\/\/aureliusjewelry.com\/cs\/?s={search_term_string}"},"query-input":{"@type":"PropertyValueSpecification","valueRequired":true,"valueName":"search_term_string"}}],"inLanguage":"cs"},{"@type":"Organization","@id":"https:\/\/aureliusjewelry.com\/cs\/#organization","name":"Aurelius Jewelry","url":"https:\/\/aureliusjewelry.com\/cs\/","logo":{"@type":"ImageObject","inLanguage":"cs","@id":"https:\/\/aureliusjewelry.com\/cs\/#\/schema\/logo\/image\/","url":"https:\/\/aureliusjewelry.com\/wp-content\/uploads\/logo.png","contentUrl":"https:\/\/aureliusjewelry.com\/wp-content\/uploads\/logo.png","width":400,"height":64,"caption":"Aurelius Jewelry"},"image":{"@id":"https:\/\/aureliusjewelry.com\/cs\/#\/schema\/logo\/image\/"},"sameAs":["https:\/\/www.facebook.com\/AureliusJewelry\/","https:\/\/x.com\/AureliusJewelry","https:\/\/instagram.com\/aureliusjewelry","https:\/\/www.pinterest.com\/AureliusJewelry\/"],"email":"info@aureliusjewelry.com","foundingDate":"2018-10-01","vatID":"SI10391070","hasMerchantReturnPolicy":{"@type":"MerchantReturnPolicy","merchantReturnLink":"https:\/\/aureliusjewelry.com\/our-policies\/terms-conditions\/"}}]},"og_availability":"backorder","product_availability":"available for order","product_retailer_item_id":"29128","product_condition":"new"},"_links":{"self":[{"href":"https:\/\/aureliusjewelry.com\/cs\/wp-json\/wp\/v2\/product\/47123","targetHints":{"allow":["GET"]}}],"collection":[{"href":"https:\/\/aureliusjewelry.com\/cs\/wp-json\/wp\/v2\/product"}],"about":[{"href":"https:\/\/aureliusjewelry.com\/cs\/wp-json\/wp\/v2\/types\/product"}],"replies":[{"embeddable":true,"href":"https:\/\/aureliusjewelry.com\/cs\/wp-json\/wp\/v2\/comments?post=47123"}],"wp:featuredmedia":[{"embeddable":true,"href":"https:\/\/aureliusjewelry.com\/cs\/wp-json\/wp\/v2\/media\/29132"}],"wp:attachment":[{"href":"https:\/\/aureliusjewelry.com\/cs\/wp-json\/wp\/v2\/media?parent=47123"}],"wp:term":[{"taxonomy":"product_brand","embeddable":true,"href":"https:\/\/aureliusjewelry.com\/cs\/wp-json\/wp\/v2\/product_brand?post=47123"},{"taxonomy":"product_cat","embeddable":true,"href":"https:\/\/aureliusjewelry.com\/cs\/wp-json\/wp\/v2\/product_cat?post=47123"},{"taxonomy":"product_tag","embeddable":true,"href":"https:\/\/aureliusjewelry.com\/cs\/wp-json\/wp\/v2\/product_tag?post=47123"}],"curies":[{"name":"wp","href":"https:\/\/api.w.org\/{rel}","templated":true}]}}