{"id":47106,"date":"2022-02-02T01:40:17","date_gmt":"2022-02-01T23:40:17","guid":{"rendered":"http:\/\/aureliusjewelry.com\/?post_type=product&#038;p=47106"},"modified":"2026-03-20T22:21:55","modified_gmt":"2026-03-20T20:21:55","slug":"zlaty-prsten-se-stitem-z-brouseneho-lapisu-lazuli","status":"publish","type":"product","link":"https:\/\/aureliusjewelry.com\/cs\/zlaty-prsten-se-stitem-z-brouseneho-lapisu-lazuli\/","title":{"rendered":"Zlat\u00fd prsten se \u0161t\u00edtem z brou\u0161en\u00e9ho lapisu lazuli"},"content":{"rendered":"<p><strong>K\u00e1men<\/strong><\/p>\n<ul>\n<li>\u0161t\u00edt lapis lazuli<\/li>\n<li>Cca. 11x9mm<\/li>\n<\/ul>\n<p><strong>M\u011b\u0159en\u00ed a materi\u00e1l p\u00e1sma<\/strong><\/p>\n<ul>\n<li>1.5mm \u0161irok\u00fd, 1.6mm tlust\u00fd<\/li>\n<li>k dispozici ve 585\/1000 (14k) nebo 750\/1000 (18k) \u017elut\u00e9, b\u00edl\u00e9 nebo r\u016f\u017eov\u011b zlat\u00e9 a platinov\u00e9 950\/1000<\/li>\n<li>Velikost prstenu USA 3-9, men\u0161\u00ed nebo v\u011bt\u0161\u00ed velikosti dostupn\u00e9 na vy\u017e\u00e1d\u00e1n\u00ed<\/li>\n<\/ul>\n","protected":false},"excerpt":{"rendered":"<p>N\u00e1zev tohoto kamene poch\u00e1z\u00ed ze dvou r\u016fzn\u00fdch kultur. Lapis je latinsk\u00e9 slovo znamenaj\u00edc\u00ed &#8222;k\u00e1men&#8220;, zat\u00edmco lazuli poch\u00e1z\u00ed z persk\u00e9ho slova lazhuward, co\u017e znamen\u00e1 &#8222;modr\u00fd&#8220;. Vyj\u00e1d\u0159ete se t\u00edmto geometrick\u00fdm drahokamem, kter\u00fd v\u00e1m bude p\u0159ipom\u00ednat no\u010dn\u00ed oblohu plnou hv\u011bzd. Prsten s lapisem lazuli je skv\u011bl\u00fdm dopl\u0148kem do sb\u00edrky \u0161perk\u016f s kameny narozenin pro ka\u017ed\u00e9ho, kdo slav\u00ed v prosinci. Lapis je b\u011b\u017en\u011b uzn\u00e1van\u00fdm drahokamem pro oslavu sedm\u00e9ho a dev\u00e1t\u00e9ho v\u00fdro\u010d\u00ed svatby. Pokud tedy hled\u00e1te jedine\u010dn\u00fd d\u00e1rek k v\u00fdro\u010d\u00ed, u\u017e nehledejte!<\/p>\n","protected":false},"featured_media":29102,"comment_status":"open","ping_status":"closed","template":"","meta":[],"product_brand":[],"product_cat":[642,1403,673,1309,1420,1422,651],"product_tag":[1198,709,1246,708,1268],"class_list":{"0":"post-47106","1":"product","2":"type-product","3":"status-publish","4":"has-post-thumbnail","6":"product_cat-contemporary-kolekce","7":"product_cat-geometricke-zasnubni-prsteny","8":"product_cat-prsteny","9":"product_cat-zasnubni-prsten-lapis-lazuli","10":"product_cat-zasnubni-prsten-se-stitem","11":"product_cat-zasnubni-prsten-solitaire","12":"product_cat-zasnubni-prsteny","13":"product_tag-lazurit","14":"product_tag-production_time_3_5-cs","15":"product_tag-prsten","16":"product_tag-rings-cs","17":"product_tag-stit","19":"first","20":"onbackorder","21":"sold-individually","22":"taxable","23":"shipping-taxable","24":"purchasable","25":"product-type-variable"},"yoast_head":"<title>Zlat\u00fd prsten se \u0161t\u00edtem z brou\u0161en\u00e9ho lapisu lazuli - Aurelius Jewelry<\/title>\n<meta name=\"robots\" content=\"index, follow, max-snippet:-1, max-image-preview:large, max-video-preview:-1\" \/>\n<link rel=\"canonical\" href=\"https:\/\/aureliusjewelry.com\/cs\/zlaty-prsten-se-stitem-z-brouseneho-lapisu-lazuli\/\" \/>\n<meta property=\"og:locale\" content=\"cs_CZ\" \/>\n<meta property=\"og:type\" content=\"article\" \/>\n<meta property=\"og:title\" content=\"Zlat\u00fd prsten se \u0161t\u00edtem z brou\u0161en\u00e9ho lapisu lazuli - Aurelius Jewelry\" \/>\n<meta property=\"og:description\" content=\"%\" \/>\n<meta property=\"og:url\" content=\"https:\/\/aureliusjewelry.com\/cs\/zlaty-prsten-se-stitem-z-brouseneho-lapisu-lazuli\/\" \/>\n<meta property=\"og:site_name\" content=\"Aurelius Jewelry\" \/>\n<meta property=\"article:publisher\" content=\"https:\/\/www.facebook.com\/AureliusJewelry\/\" \/>\n<meta property=\"article:modified_time\" content=\"2026-03-20T20:21:55+00:00\" \/>\n<meta property=\"og:image\" content=\"https:\/\/aureliusjewelry.com\/wp-content\/uploads\/shield-lapis-lazuli-ring-claw-prongs.jpg\" \/>\n\t<meta property=\"og:image:width\" content=\"1920\" \/>\n\t<meta property=\"og:image:height\" content=\"1440\" \/>\n\t<meta property=\"og:image:type\" content=\"image\/jpeg\" \/>\n<meta name=\"twitter:card\" content=\"summary_large_image\" \/>\n<meta name=\"twitter:site\" content=\"@AureliusJewelry\" \/>\n<script type=\"application\/ld+json\" class=\"yoast-schema-graph\">{\"@context\":\"https:\\\/\\\/schema.org\",\"@graph\":[{\"@type\":\"WebPage\",\"@id\":\"https:\\\/\\\/aureliusjewelry.com\\\/cs\\\/zlaty-prsten-se-stitem-z-brouseneho-lapisu-lazuli\\\/\",\"url\":\"https:\\\/\\\/aureliusjewelry.com\\\/cs\\\/zlaty-prsten-se-stitem-z-brouseneho-lapisu-lazuli\\\/\",\"name\":\"Zlat\u00fd prsten se \u0161t\u00edtem z brou\u0161en\u00e9ho lapisu lazuli - Aurelius Jewelry\",\"isPartOf\":{\"@id\":\"https:\\\/\\\/aureliusjewelry.com\\\/cs\\\/#website\"},\"primaryImageOfPage\":{\"@id\":\"https:\\\/\\\/aureliusjewelry.com\\\/cs\\\/zlaty-prsten-se-stitem-z-brouseneho-lapisu-lazuli\\\/#primaryimage\"},\"image\":{\"@id\":\"https:\\\/\\\/aureliusjewelry.com\\\/cs\\\/zlaty-prsten-se-stitem-z-brouseneho-lapisu-lazuli\\\/#primaryimage\"},\"thumbnailUrl\":\"https:\\\/\\\/aureliusjewelry.com\\\/wp-content\\\/uploads\\\/shield-lapis-lazuli-ring-claw-prongs.jpg\",\"datePublished\":\"2022-02-01T23:40:17+00:00\",\"dateModified\":\"2026-03-20T20:21:55+00:00\",\"breadcrumb\":{\"@id\":\"https:\\\/\\\/aureliusjewelry.com\\\/cs\\\/zlaty-prsten-se-stitem-z-brouseneho-lapisu-lazuli\\\/#breadcrumb\"},\"inLanguage\":\"cs\",\"potentialAction\":[{\"@type\":\"ReadAction\",\"target\":[\"https:\\\/\\\/aureliusjewelry.com\\\/cs\\\/zlaty-prsten-se-stitem-z-brouseneho-lapisu-lazuli\\\/\"]}]},{\"@type\":\"ImageObject\",\"inLanguage\":\"cs\",\"@id\":\"https:\\\/\\\/aureliusjewelry.com\\\/cs\\\/zlaty-prsten-se-stitem-z-brouseneho-lapisu-lazuli\\\/#primaryimage\",\"url\":\"https:\\\/\\\/aureliusjewelry.com\\\/wp-content\\\/uploads\\\/shield-lapis-lazuli-ring-claw-prongs.jpg\",\"contentUrl\":\"https:\\\/\\\/aureliusjewelry.com\\\/wp-content\\\/uploads\\\/shield-lapis-lazuli-ring-claw-prongs.jpg\",\"width\":1920,\"height\":1440},{\"@type\":\"BreadcrumbList\",\"@id\":\"https:\\\/\\\/aureliusjewelry.com\\\/cs\\\/zlaty-prsten-se-stitem-z-brouseneho-lapisu-lazuli\\\/#breadcrumb\",\"itemListElement\":[{\"@type\":\"ListItem\",\"position\":1,\"name\":\"Home\",\"item\":\"https:\\\/\\\/aureliusjewelry.com\\\/cs\\\/\"},{\"@type\":\"ListItem\",\"position\":2,\"name\":\"Prodejna\",\"item\":\"https:\\\/\\\/aureliusjewelry.com\\\/cs\\\/prodejna\\\/\"},{\"@type\":\"ListItem\",\"position\":3,\"name\":\"Zlat\u00fd prsten se \u0161t\u00edtem z brou\u0161en\u00e9ho lapisu lazuli\"}]},{\"@type\":\"WebSite\",\"@id\":\"https:\\\/\\\/aureliusjewelry.com\\\/cs\\\/#website\",\"url\":\"https:\\\/\\\/aureliusjewelry.com\\\/cs\\\/\",\"name\":\"Aurelius Jewelry\",\"description\":\"Handmade Fine Gold Jewelry\",\"publisher\":{\"@id\":\"https:\\\/\\\/aureliusjewelry.com\\\/cs\\\/#organization\"},\"potentialAction\":[{\"@type\":\"SearchAction\",\"target\":{\"@type\":\"EntryPoint\",\"urlTemplate\":\"https:\\\/\\\/aureliusjewelry.com\\\/cs\\\/?s={search_term_string}\"},\"query-input\":{\"@type\":\"PropertyValueSpecification\",\"valueRequired\":true,\"valueName\":\"search_term_string\"}}],\"inLanguage\":\"cs\"},{\"@type\":\"Organization\",\"@id\":\"https:\\\/\\\/aureliusjewelry.com\\\/cs\\\/#organization\",\"name\":\"Aurelius Jewelry\",\"url\":\"https:\\\/\\\/aureliusjewelry.com\\\/cs\\\/\",\"logo\":{\"@type\":\"ImageObject\",\"inLanguage\":\"cs\",\"@id\":\"https:\\\/\\\/aureliusjewelry.com\\\/cs\\\/#\\\/schema\\\/logo\\\/image\\\/\",\"url\":\"https:\\\/\\\/aureliusjewelry.com\\\/wp-content\\\/uploads\\\/logo.png\",\"contentUrl\":\"https:\\\/\\\/aureliusjewelry.com\\\/wp-content\\\/uploads\\\/logo.png\",\"width\":400,\"height\":64,\"caption\":\"Aurelius Jewelry\"},\"image\":{\"@id\":\"https:\\\/\\\/aureliusjewelry.com\\\/cs\\\/#\\\/schema\\\/logo\\\/image\\\/\"},\"sameAs\":[\"https:\\\/\\\/www.facebook.com\\\/AureliusJewelry\\\/\",\"https:\\\/\\\/x.com\\\/AureliusJewelry\",\"https:\\\/\\\/instagram.com\\\/aureliusjewelry\",\"https:\\\/\\\/www.pinterest.com\\\/AureliusJewelry\\\/\"],\"email\":\"info@aureliusjewelry.com\",\"foundingDate\":\"2018-10-01\",\"vatID\":\"SI10391070\",\"hasMerchantReturnPolicy\":{\"@type\":\"MerchantReturnPolicy\",\"merchantReturnLink\":\"https:\\\/\\\/aureliusjewelry.com\\\/our-policies\\\/terms-conditions\\\/\"}}]}<\/script>\n<meta property=\"og:availability\" content=\"backorder\" \/>\n<meta property=\"product:availability\" content=\"available for order\" \/>\n<meta property=\"product:retailer_item_id\" content=\"29098\" \/>\n<meta property=\"product:condition\" content=\"new\" \/>","yoast_head_json":{"title":"Zlat\u00fd prsten se \u0161t\u00edtem z brou\u0161en\u00e9ho lapisu lazuli - Aurelius Jewelry","robots":{"index":"index","follow":"follow","max-snippet":"max-snippet:-1","max-image-preview":"max-image-preview:large","max-video-preview":"max-video-preview:-1"},"canonical":"https:\/\/aureliusjewelry.com\/cs\/zlaty-prsten-se-stitem-z-brouseneho-lapisu-lazuli\/","og_locale":"cs_CZ","og_type":"article","og_title":"Zlat\u00fd prsten se \u0161t\u00edtem z brou\u0161en\u00e9ho lapisu lazuli - Aurelius Jewelry","og_description":"%","og_url":"https:\/\/aureliusjewelry.com\/cs\/zlaty-prsten-se-stitem-z-brouseneho-lapisu-lazuli\/","og_site_name":"Aurelius Jewelry","article_publisher":"https:\/\/www.facebook.com\/AureliusJewelry\/","article_modified_time":"2026-03-20T20:21:55+00:00","og_image":[{"width":1920,"height":1440,"url":"https:\/\/aureliusjewelry.com\/wp-content\/uploads\/shield-lapis-lazuli-ring-claw-prongs.jpg","type":"image\/jpeg"}],"twitter_card":"summary_large_image","twitter_site":"@AureliusJewelry","schema":{"@context":"https:\/\/schema.org","@graph":[{"@type":"WebPage","@id":"https:\/\/aureliusjewelry.com\/cs\/zlaty-prsten-se-stitem-z-brouseneho-lapisu-lazuli\/","url":"https:\/\/aureliusjewelry.com\/cs\/zlaty-prsten-se-stitem-z-brouseneho-lapisu-lazuli\/","name":"Zlat\u00fd prsten se \u0161t\u00edtem z brou\u0161en\u00e9ho lapisu lazuli - Aurelius Jewelry","isPartOf":{"@id":"https:\/\/aureliusjewelry.com\/cs\/#website"},"primaryImageOfPage":{"@id":"https:\/\/aureliusjewelry.com\/cs\/zlaty-prsten-se-stitem-z-brouseneho-lapisu-lazuli\/#primaryimage"},"image":{"@id":"https:\/\/aureliusjewelry.com\/cs\/zlaty-prsten-se-stitem-z-brouseneho-lapisu-lazuli\/#primaryimage"},"thumbnailUrl":"https:\/\/aureliusjewelry.com\/wp-content\/uploads\/shield-lapis-lazuli-ring-claw-prongs.jpg","datePublished":"2022-02-01T23:40:17+00:00","dateModified":"2026-03-20T20:21:55+00:00","breadcrumb":{"@id":"https:\/\/aureliusjewelry.com\/cs\/zlaty-prsten-se-stitem-z-brouseneho-lapisu-lazuli\/#breadcrumb"},"inLanguage":"cs","potentialAction":[{"@type":"ReadAction","target":["https:\/\/aureliusjewelry.com\/cs\/zlaty-prsten-se-stitem-z-brouseneho-lapisu-lazuli\/"]}]},{"@type":"ImageObject","inLanguage":"cs","@id":"https:\/\/aureliusjewelry.com\/cs\/zlaty-prsten-se-stitem-z-brouseneho-lapisu-lazuli\/#primaryimage","url":"https:\/\/aureliusjewelry.com\/wp-content\/uploads\/shield-lapis-lazuli-ring-claw-prongs.jpg","contentUrl":"https:\/\/aureliusjewelry.com\/wp-content\/uploads\/shield-lapis-lazuli-ring-claw-prongs.jpg","width":1920,"height":1440},{"@type":"BreadcrumbList","@id":"https:\/\/aureliusjewelry.com\/cs\/zlaty-prsten-se-stitem-z-brouseneho-lapisu-lazuli\/#breadcrumb","itemListElement":[{"@type":"ListItem","position":1,"name":"Home","item":"https:\/\/aureliusjewelry.com\/cs\/"},{"@type":"ListItem","position":2,"name":"Prodejna","item":"https:\/\/aureliusjewelry.com\/cs\/prodejna\/"},{"@type":"ListItem","position":3,"name":"Zlat\u00fd prsten se \u0161t\u00edtem z brou\u0161en\u00e9ho lapisu lazuli"}]},{"@type":"WebSite","@id":"https:\/\/aureliusjewelry.com\/cs\/#website","url":"https:\/\/aureliusjewelry.com\/cs\/","name":"Aurelius Jewelry","description":"Handmade Fine Gold Jewelry","publisher":{"@id":"https:\/\/aureliusjewelry.com\/cs\/#organization"},"potentialAction":[{"@type":"SearchAction","target":{"@type":"EntryPoint","urlTemplate":"https:\/\/aureliusjewelry.com\/cs\/?s={search_term_string}"},"query-input":{"@type":"PropertyValueSpecification","valueRequired":true,"valueName":"search_term_string"}}],"inLanguage":"cs"},{"@type":"Organization","@id":"https:\/\/aureliusjewelry.com\/cs\/#organization","name":"Aurelius Jewelry","url":"https:\/\/aureliusjewelry.com\/cs\/","logo":{"@type":"ImageObject","inLanguage":"cs","@id":"https:\/\/aureliusjewelry.com\/cs\/#\/schema\/logo\/image\/","url":"https:\/\/aureliusjewelry.com\/wp-content\/uploads\/logo.png","contentUrl":"https:\/\/aureliusjewelry.com\/wp-content\/uploads\/logo.png","width":400,"height":64,"caption":"Aurelius Jewelry"},"image":{"@id":"https:\/\/aureliusjewelry.com\/cs\/#\/schema\/logo\/image\/"},"sameAs":["https:\/\/www.facebook.com\/AureliusJewelry\/","https:\/\/x.com\/AureliusJewelry","https:\/\/instagram.com\/aureliusjewelry","https:\/\/www.pinterest.com\/AureliusJewelry\/"],"email":"info@aureliusjewelry.com","foundingDate":"2018-10-01","vatID":"SI10391070","hasMerchantReturnPolicy":{"@type":"MerchantReturnPolicy","merchantReturnLink":"https:\/\/aureliusjewelry.com\/our-policies\/terms-conditions\/"}}]},"og_availability":"backorder","product_availability":"available for order","product_retailer_item_id":"29098","product_condition":"new"},"_links":{"self":[{"href":"https:\/\/aureliusjewelry.com\/cs\/wp-json\/wp\/v2\/product\/47106","targetHints":{"allow":["GET"]}}],"collection":[{"href":"https:\/\/aureliusjewelry.com\/cs\/wp-json\/wp\/v2\/product"}],"about":[{"href":"https:\/\/aureliusjewelry.com\/cs\/wp-json\/wp\/v2\/types\/product"}],"replies":[{"embeddable":true,"href":"https:\/\/aureliusjewelry.com\/cs\/wp-json\/wp\/v2\/comments?post=47106"}],"wp:featuredmedia":[{"embeddable":true,"href":"https:\/\/aureliusjewelry.com\/cs\/wp-json\/wp\/v2\/media\/29102"}],"wp:attachment":[{"href":"https:\/\/aureliusjewelry.com\/cs\/wp-json\/wp\/v2\/media?parent=47106"}],"wp:term":[{"taxonomy":"product_brand","embeddable":true,"href":"https:\/\/aureliusjewelry.com\/cs\/wp-json\/wp\/v2\/product_brand?post=47106"},{"taxonomy":"product_cat","embeddable":true,"href":"https:\/\/aureliusjewelry.com\/cs\/wp-json\/wp\/v2\/product_cat?post=47106"},{"taxonomy":"product_tag","embeddable":true,"href":"https:\/\/aureliusjewelry.com\/cs\/wp-json\/wp\/v2\/product_tag?post=47106"}],"curies":[{"name":"wp","href":"https:\/\/api.w.org\/{rel}","templated":true}]}}