{"id":27784,"date":"2021-03-13T13:03:39","date_gmt":"2021-03-13T11:03:39","guid":{"rendered":"http:\/\/127.0.0.1\/product\/infinity-naramek-vyrobeny-z-14k-bileho-zlata\/"},"modified":"2026-03-20T22:28:27","modified_gmt":"2026-03-20T20:28:27","slug":"infinity-naramek-vyrobeny-z-14k-bileho-zlata","status":"publish","type":"product","link":"https:\/\/aureliusjewelry.com\/cs\/infinity-naramek-vyrobeny-z-14k-bileho-zlata\/","title":{"rendered":"Infinity n\u00e1ramek vyroben\u00fd z 14k b\u00edl\u00e9ho zlata"},"content":{"rendered":"<p><strong>M\u00edry, typ \u0159et\u011bzu a materi\u00e1l<\/strong><br \/>\n&#8211; p\u0159ibli\u017en\u011b 20x10mm<br \/>\n&#8211; ploch\u00fd \u0159et\u00edzek s diamantov\u00fdm rolo vzorem<br \/>\n&#8211; dostupn\u00e9 v 14k \u017elut\u00e9m, b\u00edl\u00e9m a nebo r\u016f\u017eov\u00e9m zlat\u011b<br \/>\n&#8211; 13 &#8211; 20cm, kontaktujte n\u00e1s pokud m\u00e1te z\u00e1jem o jinou d\u00e9lku<\/p>\n","protected":false},"excerpt":{"rendered":"<p>Minimalistick\u00fd zlat\u00fd n\u00e1ramek s kouzlem jedine\u010dnosti. Jemn\u00e9 a jednoduch\u00e9, ide\u00e1ln\u00ed pro vrstven\u00ed s jin\u00fdmi n\u00e1ramky. D\u00edky sv\u00e9mu velk\u00e9mu v\u00fdznamu jsou infinity \u0161perky nejen dokonal\u00fdm d\u00e1rkem, ale tak\u00e9 dokonal\u00fdm dopl\u0148kem va\u0161\u00ed sb\u00edrky, kouskem, kter\u00fd je nejen stylov\u00fd a nad\u010dasov\u00fd, ale tak\u00e9 se m\u016f\u017ee st\u00e1t symbolem va\u0161\u00ed l\u00e1sky a p\u0159\u00e1telstv\u00ed.<\/p>\n","protected":false},"featured_media":23827,"comment_status":"open","ping_status":"closed","template":"","meta":[],"product_brand":[],"product_cat":[669,672],"product_tag":[1222,709],"class_list":{"0":"post-27784","1":"product","2":"type-product","3":"status-publish","4":"has-post-thumbnail","6":"product_cat-jemne-sperky","7":"product_cat-naramky","8":"product_tag-bez-kamene","9":"product_tag-production_time_3_5-cs","11":"first","12":"onbackorder","13":"sold-individually","14":"taxable","15":"shipping-taxable","16":"purchasable","17":"product-type-variable"},"yoast_head":"<title>Infinity n\u00e1ramek vyroben\u00fd z 14k b\u00edl\u00e9ho zlata - Aurelius Jewelry<\/title>\n<meta name=\"robots\" content=\"index, follow, max-snippet:-1, max-image-preview:large, max-video-preview:-1\" \/>\n<link rel=\"canonical\" href=\"https:\/\/aureliusjewelry.com\/cs\/infinity-naramek-vyrobeny-z-14k-bileho-zlata\/\" \/>\n<meta property=\"og:locale\" content=\"cs_CZ\" \/>\n<meta property=\"og:type\" content=\"article\" \/>\n<meta property=\"og:title\" content=\"Infinity n\u00e1ramek vyroben\u00fd z 14k b\u00edl\u00e9ho zlata - Aurelius Jewelry\" \/>\n<meta property=\"og:description\" content=\"%\" \/>\n<meta property=\"og:url\" content=\"https:\/\/aureliusjewelry.com\/cs\/infinity-naramek-vyrobeny-z-14k-bileho-zlata\/\" \/>\n<meta property=\"og:site_name\" content=\"Aurelius Jewelry\" \/>\n<meta property=\"article:publisher\" content=\"https:\/\/www.facebook.com\/AureliusJewelry\/\" \/>\n<meta property=\"article:modified_time\" content=\"2026-03-20T20:28:27+00:00\" \/>\n<meta property=\"og:image\" content=\"https:\/\/aureliusjewelry.com\/wp-content\/uploads\/nekonecno-naramek-bily-zlato.jpg\" \/>\n\t<meta property=\"og:image:width\" content=\"1920\" \/>\n\t<meta property=\"og:image:height\" content=\"1440\" \/>\n\t<meta property=\"og:image:type\" content=\"image\/jpeg\" \/>\n<meta name=\"twitter:card\" content=\"summary_large_image\" \/>\n<meta name=\"twitter:site\" content=\"@AureliusJewelry\" \/>\n<script type=\"application\/ld+json\" class=\"yoast-schema-graph\">{\"@context\":\"https:\\\/\\\/schema.org\",\"@graph\":[{\"@type\":\"WebPage\",\"@id\":\"https:\\\/\\\/aureliusjewelry.com\\\/cs\\\/infinity-naramek-vyrobeny-z-14k-bileho-zlata\\\/\",\"url\":\"https:\\\/\\\/aureliusjewelry.com\\\/cs\\\/infinity-naramek-vyrobeny-z-14k-bileho-zlata\\\/\",\"name\":\"Infinity n\u00e1ramek vyroben\u00fd z 14k b\u00edl\u00e9ho zlata - Aurelius Jewelry\",\"isPartOf\":{\"@id\":\"https:\\\/\\\/aureliusjewelry.com\\\/cs\\\/#website\"},\"primaryImageOfPage\":{\"@id\":\"https:\\\/\\\/aureliusjewelry.com\\\/cs\\\/infinity-naramek-vyrobeny-z-14k-bileho-zlata\\\/#primaryimage\"},\"image\":{\"@id\":\"https:\\\/\\\/aureliusjewelry.com\\\/cs\\\/infinity-naramek-vyrobeny-z-14k-bileho-zlata\\\/#primaryimage\"},\"thumbnailUrl\":\"https:\\\/\\\/aureliusjewelry.com\\\/wp-content\\\/uploads\\\/nekonecno-naramek-bily-zlato.jpg\",\"datePublished\":\"2021-03-13T11:03:39+00:00\",\"dateModified\":\"2026-03-20T20:28:27+00:00\",\"breadcrumb\":{\"@id\":\"https:\\\/\\\/aureliusjewelry.com\\\/cs\\\/infinity-naramek-vyrobeny-z-14k-bileho-zlata\\\/#breadcrumb\"},\"inLanguage\":\"cs\",\"potentialAction\":[{\"@type\":\"ReadAction\",\"target\":[\"https:\\\/\\\/aureliusjewelry.com\\\/cs\\\/infinity-naramek-vyrobeny-z-14k-bileho-zlata\\\/\"]}]},{\"@type\":\"ImageObject\",\"inLanguage\":\"cs\",\"@id\":\"https:\\\/\\\/aureliusjewelry.com\\\/cs\\\/infinity-naramek-vyrobeny-z-14k-bileho-zlata\\\/#primaryimage\",\"url\":\"https:\\\/\\\/aureliusjewelry.com\\\/wp-content\\\/uploads\\\/nekonecno-naramek-bily-zlato.jpg\",\"contentUrl\":\"https:\\\/\\\/aureliusjewelry.com\\\/wp-content\\\/uploads\\\/nekonecno-naramek-bily-zlato.jpg\",\"width\":1920,\"height\":1440},{\"@type\":\"BreadcrumbList\",\"@id\":\"https:\\\/\\\/aureliusjewelry.com\\\/cs\\\/infinity-naramek-vyrobeny-z-14k-bileho-zlata\\\/#breadcrumb\",\"itemListElement\":[{\"@type\":\"ListItem\",\"position\":1,\"name\":\"Home\",\"item\":\"https:\\\/\\\/aureliusjewelry.com\\\/cs\\\/\"},{\"@type\":\"ListItem\",\"position\":2,\"name\":\"Prodejna\",\"item\":\"https:\\\/\\\/aureliusjewelry.com\\\/cs\\\/prodejna\\\/\"},{\"@type\":\"ListItem\",\"position\":3,\"name\":\"Infinity n\u00e1ramek vyroben\u00fd z 14k b\u00edl\u00e9ho zlata\"}]},{\"@type\":\"WebSite\",\"@id\":\"https:\\\/\\\/aureliusjewelry.com\\\/cs\\\/#website\",\"url\":\"https:\\\/\\\/aureliusjewelry.com\\\/cs\\\/\",\"name\":\"Aurelius Jewelry\",\"description\":\"Handmade Fine Gold Jewelry\",\"publisher\":{\"@id\":\"https:\\\/\\\/aureliusjewelry.com\\\/cs\\\/#organization\"},\"potentialAction\":[{\"@type\":\"SearchAction\",\"target\":{\"@type\":\"EntryPoint\",\"urlTemplate\":\"https:\\\/\\\/aureliusjewelry.com\\\/cs\\\/?s={search_term_string}\"},\"query-input\":{\"@type\":\"PropertyValueSpecification\",\"valueRequired\":true,\"valueName\":\"search_term_string\"}}],\"inLanguage\":\"cs\"},{\"@type\":\"Organization\",\"@id\":\"https:\\\/\\\/aureliusjewelry.com\\\/cs\\\/#organization\",\"name\":\"Aurelius Jewelry\",\"url\":\"https:\\\/\\\/aureliusjewelry.com\\\/cs\\\/\",\"logo\":{\"@type\":\"ImageObject\",\"inLanguage\":\"cs\",\"@id\":\"https:\\\/\\\/aureliusjewelry.com\\\/cs\\\/#\\\/schema\\\/logo\\\/image\\\/\",\"url\":\"https:\\\/\\\/aureliusjewelry.com\\\/wp-content\\\/uploads\\\/logo.png\",\"contentUrl\":\"https:\\\/\\\/aureliusjewelry.com\\\/wp-content\\\/uploads\\\/logo.png\",\"width\":400,\"height\":64,\"caption\":\"Aurelius Jewelry\"},\"image\":{\"@id\":\"https:\\\/\\\/aureliusjewelry.com\\\/cs\\\/#\\\/schema\\\/logo\\\/image\\\/\"},\"sameAs\":[\"https:\\\/\\\/www.facebook.com\\\/AureliusJewelry\\\/\",\"https:\\\/\\\/x.com\\\/AureliusJewelry\",\"https:\\\/\\\/instagram.com\\\/aureliusjewelry\",\"https:\\\/\\\/www.pinterest.com\\\/AureliusJewelry\\\/\"],\"email\":\"info@aureliusjewelry.com\",\"foundingDate\":\"2018-10-01\",\"vatID\":\"SI10391070\",\"hasMerchantReturnPolicy\":{\"@type\":\"MerchantReturnPolicy\",\"merchantReturnLink\":\"https:\\\/\\\/aureliusjewelry.com\\\/our-policies\\\/terms-conditions\\\/\"}}]}<\/script>\n<meta property=\"og:availability\" content=\"backorder\" \/>\n<meta property=\"product:availability\" content=\"available for order\" \/>\n<meta property=\"product:retailer_item_id\" content=\"23819\" \/>\n<meta property=\"product:condition\" content=\"new\" \/>","yoast_head_json":{"title":"Infinity n\u00e1ramek vyroben\u00fd z 14k b\u00edl\u00e9ho zlata - Aurelius Jewelry","robots":{"index":"index","follow":"follow","max-snippet":"max-snippet:-1","max-image-preview":"max-image-preview:large","max-video-preview":"max-video-preview:-1"},"canonical":"https:\/\/aureliusjewelry.com\/cs\/infinity-naramek-vyrobeny-z-14k-bileho-zlata\/","og_locale":"cs_CZ","og_type":"article","og_title":"Infinity n\u00e1ramek vyroben\u00fd z 14k b\u00edl\u00e9ho zlata - Aurelius Jewelry","og_description":"%","og_url":"https:\/\/aureliusjewelry.com\/cs\/infinity-naramek-vyrobeny-z-14k-bileho-zlata\/","og_site_name":"Aurelius Jewelry","article_publisher":"https:\/\/www.facebook.com\/AureliusJewelry\/","article_modified_time":"2026-03-20T20:28:27+00:00","og_image":[{"width":1920,"height":1440,"url":"https:\/\/aureliusjewelry.com\/wp-content\/uploads\/nekonecno-naramek-bily-zlato.jpg","type":"image\/jpeg"}],"twitter_card":"summary_large_image","twitter_site":"@AureliusJewelry","schema":{"@context":"https:\/\/schema.org","@graph":[{"@type":"WebPage","@id":"https:\/\/aureliusjewelry.com\/cs\/infinity-naramek-vyrobeny-z-14k-bileho-zlata\/","url":"https:\/\/aureliusjewelry.com\/cs\/infinity-naramek-vyrobeny-z-14k-bileho-zlata\/","name":"Infinity n\u00e1ramek vyroben\u00fd z 14k b\u00edl\u00e9ho zlata - Aurelius Jewelry","isPartOf":{"@id":"https:\/\/aureliusjewelry.com\/cs\/#website"},"primaryImageOfPage":{"@id":"https:\/\/aureliusjewelry.com\/cs\/infinity-naramek-vyrobeny-z-14k-bileho-zlata\/#primaryimage"},"image":{"@id":"https:\/\/aureliusjewelry.com\/cs\/infinity-naramek-vyrobeny-z-14k-bileho-zlata\/#primaryimage"},"thumbnailUrl":"https:\/\/aureliusjewelry.com\/wp-content\/uploads\/nekonecno-naramek-bily-zlato.jpg","datePublished":"2021-03-13T11:03:39+00:00","dateModified":"2026-03-20T20:28:27+00:00","breadcrumb":{"@id":"https:\/\/aureliusjewelry.com\/cs\/infinity-naramek-vyrobeny-z-14k-bileho-zlata\/#breadcrumb"},"inLanguage":"cs","potentialAction":[{"@type":"ReadAction","target":["https:\/\/aureliusjewelry.com\/cs\/infinity-naramek-vyrobeny-z-14k-bileho-zlata\/"]}]},{"@type":"ImageObject","inLanguage":"cs","@id":"https:\/\/aureliusjewelry.com\/cs\/infinity-naramek-vyrobeny-z-14k-bileho-zlata\/#primaryimage","url":"https:\/\/aureliusjewelry.com\/wp-content\/uploads\/nekonecno-naramek-bily-zlato.jpg","contentUrl":"https:\/\/aureliusjewelry.com\/wp-content\/uploads\/nekonecno-naramek-bily-zlato.jpg","width":1920,"height":1440},{"@type":"BreadcrumbList","@id":"https:\/\/aureliusjewelry.com\/cs\/infinity-naramek-vyrobeny-z-14k-bileho-zlata\/#breadcrumb","itemListElement":[{"@type":"ListItem","position":1,"name":"Home","item":"https:\/\/aureliusjewelry.com\/cs\/"},{"@type":"ListItem","position":2,"name":"Prodejna","item":"https:\/\/aureliusjewelry.com\/cs\/prodejna\/"},{"@type":"ListItem","position":3,"name":"Infinity n\u00e1ramek vyroben\u00fd z 14k b\u00edl\u00e9ho zlata"}]},{"@type":"WebSite","@id":"https:\/\/aureliusjewelry.com\/cs\/#website","url":"https:\/\/aureliusjewelry.com\/cs\/","name":"Aurelius Jewelry","description":"Handmade Fine Gold Jewelry","publisher":{"@id":"https:\/\/aureliusjewelry.com\/cs\/#organization"},"potentialAction":[{"@type":"SearchAction","target":{"@type":"EntryPoint","urlTemplate":"https:\/\/aureliusjewelry.com\/cs\/?s={search_term_string}"},"query-input":{"@type":"PropertyValueSpecification","valueRequired":true,"valueName":"search_term_string"}}],"inLanguage":"cs"},{"@type":"Organization","@id":"https:\/\/aureliusjewelry.com\/cs\/#organization","name":"Aurelius Jewelry","url":"https:\/\/aureliusjewelry.com\/cs\/","logo":{"@type":"ImageObject","inLanguage":"cs","@id":"https:\/\/aureliusjewelry.com\/cs\/#\/schema\/logo\/image\/","url":"https:\/\/aureliusjewelry.com\/wp-content\/uploads\/logo.png","contentUrl":"https:\/\/aureliusjewelry.com\/wp-content\/uploads\/logo.png","width":400,"height":64,"caption":"Aurelius Jewelry"},"image":{"@id":"https:\/\/aureliusjewelry.com\/cs\/#\/schema\/logo\/image\/"},"sameAs":["https:\/\/www.facebook.com\/AureliusJewelry\/","https:\/\/x.com\/AureliusJewelry","https:\/\/instagram.com\/aureliusjewelry","https:\/\/www.pinterest.com\/AureliusJewelry\/"],"email":"info@aureliusjewelry.com","foundingDate":"2018-10-01","vatID":"SI10391070","hasMerchantReturnPolicy":{"@type":"MerchantReturnPolicy","merchantReturnLink":"https:\/\/aureliusjewelry.com\/our-policies\/terms-conditions\/"}}]},"og_availability":"backorder","product_availability":"available for order","product_retailer_item_id":"23819","product_condition":"new"},"_links":{"self":[{"href":"https:\/\/aureliusjewelry.com\/cs\/wp-json\/wp\/v2\/product\/27784","targetHints":{"allow":["GET"]}}],"collection":[{"href":"https:\/\/aureliusjewelry.com\/cs\/wp-json\/wp\/v2\/product"}],"about":[{"href":"https:\/\/aureliusjewelry.com\/cs\/wp-json\/wp\/v2\/types\/product"}],"replies":[{"embeddable":true,"href":"https:\/\/aureliusjewelry.com\/cs\/wp-json\/wp\/v2\/comments?post=27784"}],"wp:featuredmedia":[{"embeddable":true,"href":"https:\/\/aureliusjewelry.com\/cs\/wp-json\/wp\/v2\/media\/23827"}],"wp:attachment":[{"href":"https:\/\/aureliusjewelry.com\/cs\/wp-json\/wp\/v2\/media?parent=27784"}],"wp:term":[{"taxonomy":"product_brand","embeddable":true,"href":"https:\/\/aureliusjewelry.com\/cs\/wp-json\/wp\/v2\/product_brand?post=27784"},{"taxonomy":"product_cat","embeddable":true,"href":"https:\/\/aureliusjewelry.com\/cs\/wp-json\/wp\/v2\/product_cat?post=27784"},{"taxonomy":"product_tag","embeddable":true,"href":"https:\/\/aureliusjewelry.com\/cs\/wp-json\/wp\/v2\/product_tag?post=27784"}],"curies":[{"name":"wp","href":"https:\/\/api.w.org\/{rel}","templated":true}]}}