{"id":25763,"date":"2021-03-13T12:52:50","date_gmt":"2021-03-13T10:52:50","guid":{"rendered":"http:\/\/127.0.0.1\/product\/nahrdelnik-z-ruzoveho-zlata-se-jmenem-na-zakazku\/"},"modified":"2026-05-03T00:58:00","modified_gmt":"2026-05-02T22:58:00","slug":"nahrdelnik-z-ruzoveho-zlata-se-jmenem-na-zakazku","status":"publish","type":"product","link":"https:\/\/aureliusjewelry.com\/cs\/nahrdelnik-z-ruzoveho-zlata-se-jmenem-na-zakazku\/","title":{"rendered":"N\u00e1hrdeln\u00edk z r\u016f\u017eov\u00e9ho zlata se jm\u00e9nem na zak\u00e1zku"},"content":{"rendered":"<p><strong>M\u00edry p\u0159\u00edv\u011b\u0161ku<\/strong><br \/>\n\u2013 p\u0159ibli\u017en\u011b 20x7mm (velikost z\u00e1vis\u00ed na po\u010dtu a tvaru p\u00edsmen)<\/p>\n<p><strong>Druh \u0159et\u00edzku a materi\u00e1l<\/strong><br \/>\n\u2013 ploch\u00fd \u0159et\u00edzek s diamantov\u00fdm rolo vzorem<br \/>\n\u2013 dostupn\u00e9 v 14k \u017elut\u00e9m, b\u00edl\u00e9m a nebo r\u016f\u017eov\u00e9m zlat\u011b<br \/>\n\u2013 35 \u2013 45cm, kontaktujte n\u00e1s pokud m\u00e1te z\u00e1jem o jinou d\u00e9lku<\/p>\n","protected":false},"excerpt":{"rendered":"<p>Personalizujte tento n\u00e1hrdeln\u00edk ze 14k zlata se jm\u00e9nem podle va\u0161eho v\u00fdb\u011bru. Tento nad\u010dasov\u00fd elegantn\u00ed n\u00e1hrdeln\u00edk na m\u00edru je ide\u00e1ln\u00ed pro ka\u017edodenn\u00ed no\u0161en\u00ed nebo jako d\u00e1rek pro ka\u017edou p\u0159\u00edle\u017eitost. Nab\u00edz\u00ed klasick\u00e9 p\u00edsmo skriptu, d\u00edky n\u011bmu\u017e ka\u017ed\u00e9 jm\u00e9no nebo slovo vypad\u00e1 jednodu\u0161e kr\u00e1sn\u011b. Aby byl je\u0161t\u011b v\u00fdjime\u010dn\u011bj\u0161\u00ed, m\u016f\u017eete si tak\u00e9 vybrat jin\u00e9 p\u00edsmo nebo p\u0159idat drahokam a vytvo\u0159it n\u00e1hrdeln\u00edk s kamenem narozen\u00ed!<\/p>\n","protected":false},"featured_media":23771,"comment_status":"open","ping_status":"closed","template":"","meta":[],"product_brand":[],"product_cat":[669,670],"product_tag":[1222,709],"class_list":{"0":"post-25763","1":"product","2":"type-product","3":"status-publish","4":"has-post-thumbnail","6":"product_cat-jemne-sperky","7":"product_cat-nahrdelniky","8":"product_tag-bez-kamene","9":"product_tag-production_time_3_5-cs","11":"first","12":"onbackorder","13":"sold-individually","14":"taxable","15":"shipping-taxable","16":"purchasable","17":"product-type-variable"},"yoast_head":"<title>N\u00e1hrdeln\u00edk z r\u016f\u017eov\u00e9ho zlata se jm\u00e9nem na zak\u00e1zku - Aurelius Jewelry<\/title>\n<meta name=\"robots\" content=\"index, follow, max-snippet:-1, max-image-preview:large, max-video-preview:-1\" \/>\n<link rel=\"canonical\" href=\"https:\/\/aureliusjewelry.com\/cs\/nahrdelnik-z-ruzoveho-zlata-se-jmenem-na-zakazku\/\" \/>\n<meta property=\"og:locale\" content=\"cs_CZ\" \/>\n<meta property=\"og:type\" content=\"article\" \/>\n<meta property=\"og:title\" content=\"N\u00e1hrdeln\u00edk z r\u016f\u017eov\u00e9ho zlata se jm\u00e9nem na zak\u00e1zku - Aurelius Jewelry\" \/>\n<meta property=\"og:description\" content=\"%\" \/>\n<meta property=\"og:url\" content=\"https:\/\/aureliusjewelry.com\/cs\/nahrdelnik-z-ruzoveho-zlata-se-jmenem-na-zakazku\/\" \/>\n<meta property=\"og:site_name\" content=\"Aurelius Jewelry\" \/>\n<meta property=\"article:publisher\" content=\"https:\/\/www.facebook.com\/AureliusJewelry\/\" \/>\n<meta property=\"article:modified_time\" content=\"2026-05-02T22:58:00+00:00\" \/>\n<meta property=\"og:image\" content=\"https:\/\/aureliusjewelry.com\/wp-content\/uploads\/ruze-zlato-nazev-nahrdelnik.jpg\" \/>\n\t<meta property=\"og:image:width\" content=\"1920\" \/>\n\t<meta property=\"og:image:height\" content=\"1440\" \/>\n\t<meta property=\"og:image:type\" content=\"image\/jpeg\" \/>\n<meta name=\"twitter:card\" content=\"summary_large_image\" \/>\n<meta name=\"twitter:site\" content=\"@AureliusJewelry\" \/>\n<script type=\"application\/ld+json\" class=\"yoast-schema-graph\">{\"@context\":\"https:\\\/\\\/schema.org\",\"@graph\":[{\"@type\":\"WebPage\",\"@id\":\"https:\\\/\\\/aureliusjewelry.com\\\/cs\\\/nahrdelnik-z-ruzoveho-zlata-se-jmenem-na-zakazku\\\/\",\"url\":\"https:\\\/\\\/aureliusjewelry.com\\\/cs\\\/nahrdelnik-z-ruzoveho-zlata-se-jmenem-na-zakazku\\\/\",\"name\":\"N\u00e1hrdeln\u00edk z r\u016f\u017eov\u00e9ho zlata se jm\u00e9nem na zak\u00e1zku - Aurelius Jewelry\",\"isPartOf\":{\"@id\":\"https:\\\/\\\/aureliusjewelry.com\\\/cs\\\/#website\"},\"primaryImageOfPage\":{\"@id\":\"https:\\\/\\\/aureliusjewelry.com\\\/cs\\\/nahrdelnik-z-ruzoveho-zlata-se-jmenem-na-zakazku\\\/#primaryimage\"},\"image\":{\"@id\":\"https:\\\/\\\/aureliusjewelry.com\\\/cs\\\/nahrdelnik-z-ruzoveho-zlata-se-jmenem-na-zakazku\\\/#primaryimage\"},\"thumbnailUrl\":\"https:\\\/\\\/aureliusjewelry.com\\\/wp-content\\\/uploads\\\/ruze-zlato-nazev-nahrdelnik.jpg\",\"datePublished\":\"2021-03-13T10:52:50+00:00\",\"dateModified\":\"2026-05-02T22:58:00+00:00\",\"breadcrumb\":{\"@id\":\"https:\\\/\\\/aureliusjewelry.com\\\/cs\\\/nahrdelnik-z-ruzoveho-zlata-se-jmenem-na-zakazku\\\/#breadcrumb\"},\"inLanguage\":\"cs\",\"potentialAction\":[{\"@type\":\"ReadAction\",\"target\":[\"https:\\\/\\\/aureliusjewelry.com\\\/cs\\\/nahrdelnik-z-ruzoveho-zlata-se-jmenem-na-zakazku\\\/\"]}]},{\"@type\":\"ImageObject\",\"inLanguage\":\"cs\",\"@id\":\"https:\\\/\\\/aureliusjewelry.com\\\/cs\\\/nahrdelnik-z-ruzoveho-zlata-se-jmenem-na-zakazku\\\/#primaryimage\",\"url\":\"https:\\\/\\\/aureliusjewelry.com\\\/wp-content\\\/uploads\\\/ruze-zlato-nazev-nahrdelnik.jpg\",\"contentUrl\":\"https:\\\/\\\/aureliusjewelry.com\\\/wp-content\\\/uploads\\\/ruze-zlato-nazev-nahrdelnik.jpg\",\"width\":1920,\"height\":1440,\"caption\":\"r\u016f\u017ee zlato n\u00e1zev n\u00e1hrdeln\u00edk\"},{\"@type\":\"BreadcrumbList\",\"@id\":\"https:\\\/\\\/aureliusjewelry.com\\\/cs\\\/nahrdelnik-z-ruzoveho-zlata-se-jmenem-na-zakazku\\\/#breadcrumb\",\"itemListElement\":[{\"@type\":\"ListItem\",\"position\":1,\"name\":\"Home\",\"item\":\"https:\\\/\\\/aureliusjewelry.com\\\/cs\\\/\"},{\"@type\":\"ListItem\",\"position\":2,\"name\":\"Prodejna\",\"item\":\"https:\\\/\\\/aureliusjewelry.com\\\/cs\\\/prodejna\\\/\"},{\"@type\":\"ListItem\",\"position\":3,\"name\":\"N\u00e1hrdeln\u00edk z r\u016f\u017eov\u00e9ho zlata se jm\u00e9nem na zak\u00e1zku\"}]},{\"@type\":\"WebSite\",\"@id\":\"https:\\\/\\\/aureliusjewelry.com\\\/cs\\\/#website\",\"url\":\"https:\\\/\\\/aureliusjewelry.com\\\/cs\\\/\",\"name\":\"Aurelius Jewelry\",\"description\":\"Handmade Fine Gold Jewelry\",\"publisher\":{\"@id\":\"https:\\\/\\\/aureliusjewelry.com\\\/cs\\\/#organization\"},\"potentialAction\":[{\"@type\":\"SearchAction\",\"target\":{\"@type\":\"EntryPoint\",\"urlTemplate\":\"https:\\\/\\\/aureliusjewelry.com\\\/cs\\\/?s={search_term_string}\"},\"query-input\":{\"@type\":\"PropertyValueSpecification\",\"valueRequired\":true,\"valueName\":\"search_term_string\"}}],\"inLanguage\":\"cs\"},{\"@type\":\"Organization\",\"@id\":\"https:\\\/\\\/aureliusjewelry.com\\\/cs\\\/#organization\",\"name\":\"Aurelius Jewelry\",\"url\":\"https:\\\/\\\/aureliusjewelry.com\\\/cs\\\/\",\"logo\":{\"@type\":\"ImageObject\",\"inLanguage\":\"cs\",\"@id\":\"https:\\\/\\\/aureliusjewelry.com\\\/cs\\\/#\\\/schema\\\/logo\\\/image\\\/\",\"url\":\"https:\\\/\\\/aureliusjewelry.com\\\/wp-content\\\/uploads\\\/logo.png\",\"contentUrl\":\"https:\\\/\\\/aureliusjewelry.com\\\/wp-content\\\/uploads\\\/logo.png\",\"width\":400,\"height\":64,\"caption\":\"Aurelius Jewelry\"},\"image\":{\"@id\":\"https:\\\/\\\/aureliusjewelry.com\\\/cs\\\/#\\\/schema\\\/logo\\\/image\\\/\"},\"sameAs\":[\"https:\\\/\\\/www.facebook.com\\\/AureliusJewelry\\\/\",\"https:\\\/\\\/x.com\\\/AureliusJewelry\",\"https:\\\/\\\/instagram.com\\\/aureliusjewelry\",\"https:\\\/\\\/www.pinterest.com\\\/AureliusJewelry\\\/\"],\"email\":\"info@aureliusjewelry.com\",\"foundingDate\":\"2018-10-01\",\"vatID\":\"SI10391070\",\"hasMerchantReturnPolicy\":{\"@type\":\"MerchantReturnPolicy\",\"merchantReturnLink\":\"https:\\\/\\\/aureliusjewelry.com\\\/our-policies\\\/terms-conditions\\\/\"}}]}<\/script>\n<meta property=\"og:availability\" content=\"backorder\" \/>\n<meta property=\"product:availability\" content=\"available for order\" \/>\n<meta property=\"product:retailer_item_id\" content=\"23766\" \/>\n<meta property=\"product:condition\" content=\"new\" \/>","yoast_head_json":{"title":"N\u00e1hrdeln\u00edk z r\u016f\u017eov\u00e9ho zlata se jm\u00e9nem na zak\u00e1zku - Aurelius Jewelry","robots":{"index":"index","follow":"follow","max-snippet":"max-snippet:-1","max-image-preview":"max-image-preview:large","max-video-preview":"max-video-preview:-1"},"canonical":"https:\/\/aureliusjewelry.com\/cs\/nahrdelnik-z-ruzoveho-zlata-se-jmenem-na-zakazku\/","og_locale":"cs_CZ","og_type":"article","og_title":"N\u00e1hrdeln\u00edk z r\u016f\u017eov\u00e9ho zlata se jm\u00e9nem na zak\u00e1zku - Aurelius Jewelry","og_description":"%","og_url":"https:\/\/aureliusjewelry.com\/cs\/nahrdelnik-z-ruzoveho-zlata-se-jmenem-na-zakazku\/","og_site_name":"Aurelius Jewelry","article_publisher":"https:\/\/www.facebook.com\/AureliusJewelry\/","article_modified_time":"2026-05-02T22:58:00+00:00","og_image":[{"width":1920,"height":1440,"url":"https:\/\/aureliusjewelry.com\/wp-content\/uploads\/ruze-zlato-nazev-nahrdelnik.jpg","type":"image\/jpeg"}],"twitter_card":"summary_large_image","twitter_site":"@AureliusJewelry","schema":{"@context":"https:\/\/schema.org","@graph":[{"@type":"WebPage","@id":"https:\/\/aureliusjewelry.com\/cs\/nahrdelnik-z-ruzoveho-zlata-se-jmenem-na-zakazku\/","url":"https:\/\/aureliusjewelry.com\/cs\/nahrdelnik-z-ruzoveho-zlata-se-jmenem-na-zakazku\/","name":"N\u00e1hrdeln\u00edk z r\u016f\u017eov\u00e9ho zlata se jm\u00e9nem na zak\u00e1zku - Aurelius Jewelry","isPartOf":{"@id":"https:\/\/aureliusjewelry.com\/cs\/#website"},"primaryImageOfPage":{"@id":"https:\/\/aureliusjewelry.com\/cs\/nahrdelnik-z-ruzoveho-zlata-se-jmenem-na-zakazku\/#primaryimage"},"image":{"@id":"https:\/\/aureliusjewelry.com\/cs\/nahrdelnik-z-ruzoveho-zlata-se-jmenem-na-zakazku\/#primaryimage"},"thumbnailUrl":"https:\/\/aureliusjewelry.com\/wp-content\/uploads\/ruze-zlato-nazev-nahrdelnik.jpg","datePublished":"2021-03-13T10:52:50+00:00","dateModified":"2026-05-02T22:58:00+00:00","breadcrumb":{"@id":"https:\/\/aureliusjewelry.com\/cs\/nahrdelnik-z-ruzoveho-zlata-se-jmenem-na-zakazku\/#breadcrumb"},"inLanguage":"cs","potentialAction":[{"@type":"ReadAction","target":["https:\/\/aureliusjewelry.com\/cs\/nahrdelnik-z-ruzoveho-zlata-se-jmenem-na-zakazku\/"]}]},{"@type":"ImageObject","inLanguage":"cs","@id":"https:\/\/aureliusjewelry.com\/cs\/nahrdelnik-z-ruzoveho-zlata-se-jmenem-na-zakazku\/#primaryimage","url":"https:\/\/aureliusjewelry.com\/wp-content\/uploads\/ruze-zlato-nazev-nahrdelnik.jpg","contentUrl":"https:\/\/aureliusjewelry.com\/wp-content\/uploads\/ruze-zlato-nazev-nahrdelnik.jpg","width":1920,"height":1440,"caption":"r\u016f\u017ee zlato n\u00e1zev n\u00e1hrdeln\u00edk"},{"@type":"BreadcrumbList","@id":"https:\/\/aureliusjewelry.com\/cs\/nahrdelnik-z-ruzoveho-zlata-se-jmenem-na-zakazku\/#breadcrumb","itemListElement":[{"@type":"ListItem","position":1,"name":"Home","item":"https:\/\/aureliusjewelry.com\/cs\/"},{"@type":"ListItem","position":2,"name":"Prodejna","item":"https:\/\/aureliusjewelry.com\/cs\/prodejna\/"},{"@type":"ListItem","position":3,"name":"N\u00e1hrdeln\u00edk z r\u016f\u017eov\u00e9ho zlata se jm\u00e9nem na zak\u00e1zku"}]},{"@type":"WebSite","@id":"https:\/\/aureliusjewelry.com\/cs\/#website","url":"https:\/\/aureliusjewelry.com\/cs\/","name":"Aurelius Jewelry","description":"Handmade Fine Gold Jewelry","publisher":{"@id":"https:\/\/aureliusjewelry.com\/cs\/#organization"},"potentialAction":[{"@type":"SearchAction","target":{"@type":"EntryPoint","urlTemplate":"https:\/\/aureliusjewelry.com\/cs\/?s={search_term_string}"},"query-input":{"@type":"PropertyValueSpecification","valueRequired":true,"valueName":"search_term_string"}}],"inLanguage":"cs"},{"@type":"Organization","@id":"https:\/\/aureliusjewelry.com\/cs\/#organization","name":"Aurelius Jewelry","url":"https:\/\/aureliusjewelry.com\/cs\/","logo":{"@type":"ImageObject","inLanguage":"cs","@id":"https:\/\/aureliusjewelry.com\/cs\/#\/schema\/logo\/image\/","url":"https:\/\/aureliusjewelry.com\/wp-content\/uploads\/logo.png","contentUrl":"https:\/\/aureliusjewelry.com\/wp-content\/uploads\/logo.png","width":400,"height":64,"caption":"Aurelius Jewelry"},"image":{"@id":"https:\/\/aureliusjewelry.com\/cs\/#\/schema\/logo\/image\/"},"sameAs":["https:\/\/www.facebook.com\/AureliusJewelry\/","https:\/\/x.com\/AureliusJewelry","https:\/\/instagram.com\/aureliusjewelry","https:\/\/www.pinterest.com\/AureliusJewelry\/"],"email":"info@aureliusjewelry.com","foundingDate":"2018-10-01","vatID":"SI10391070","hasMerchantReturnPolicy":{"@type":"MerchantReturnPolicy","merchantReturnLink":"https:\/\/aureliusjewelry.com\/our-policies\/terms-conditions\/"}}]},"og_availability":"backorder","product_availability":"available for order","product_retailer_item_id":"23766","product_condition":"new"},"_links":{"self":[{"href":"https:\/\/aureliusjewelry.com\/cs\/wp-json\/wp\/v2\/product\/25763","targetHints":{"allow":["GET"]}}],"collection":[{"href":"https:\/\/aureliusjewelry.com\/cs\/wp-json\/wp\/v2\/product"}],"about":[{"href":"https:\/\/aureliusjewelry.com\/cs\/wp-json\/wp\/v2\/types\/product"}],"replies":[{"embeddable":true,"href":"https:\/\/aureliusjewelry.com\/cs\/wp-json\/wp\/v2\/comments?post=25763"}],"wp:featuredmedia":[{"embeddable":true,"href":"https:\/\/aureliusjewelry.com\/cs\/wp-json\/wp\/v2\/media\/23771"}],"wp:attachment":[{"href":"https:\/\/aureliusjewelry.com\/cs\/wp-json\/wp\/v2\/media?parent=25763"}],"wp:term":[{"taxonomy":"product_brand","embeddable":true,"href":"https:\/\/aureliusjewelry.com\/cs\/wp-json\/wp\/v2\/product_brand?post=25763"},{"taxonomy":"product_cat","embeddable":true,"href":"https:\/\/aureliusjewelry.com\/cs\/wp-json\/wp\/v2\/product_cat?post=25763"},{"taxonomy":"product_tag","embeddable":true,"href":"https:\/\/aureliusjewelry.com\/cs\/wp-json\/wp\/v2\/product_tag?post=25763"}],"curies":[{"name":"wp","href":"https:\/\/api.w.org\/{rel}","templated":true}]}}