{"id":25743,"date":"2021-03-13T12:16:03","date_gmt":"2021-03-13T10:16:03","guid":{"rendered":"http:\/\/127.0.0.1\/product\/sestihranny-nahrdelnik-ze-salt-and-pepper-diamantu\/"},"modified":"2026-04-02T22:30:05","modified_gmt":"2026-04-02T20:30:05","slug":"sestihranny-nahrdelnik-ze-salt-and-pepper-diamantu","status":"publish","type":"product","link":"https:\/\/aureliusjewelry.com\/cs\/sestihranny-nahrdelnik-ze-salt-and-pepper-diamantu\/","title":{"rendered":"\u0160estihrann\u00fd n\u00e1hrdeln\u00edk ze Salt and Pepper diamantu"},"content":{"rendered":"<p><strong>Hlavn\u00ed k\u00e1men<\/strong><br \/>\n\u2013 podlouhl\u00fd \u0161esti\u00faheln\u00edk s\u016fl a pep\u0159 diamant<br \/>\n\u2013 p\u0159ibli\u017en\u011b 8x4mm<\/p>\n<p><strong>Vedlej\u0161\u00ed kameny<\/strong><br \/>\n\u2013 drak labradorit<br \/>\n\u2013 p\u0159ibli\u017en\u011b 4\u00d72.5mm<br \/>\n\u2013 kulat\u00e9 diamanty<br \/>\n\u2013 p\u0159ibli\u017en\u011b 1.5mm (2)<br \/>\n\u2013 F\/G barva, VS kvalita, bezkonfliktn\u00ed a etick\u00e9<\/p>\n<p><strong>M\u00edry p\u0159\u00edv\u011b\u0161ku<\/strong><br \/>\n\u2013 p\u0159ibli\u017en\u011b 15mm<\/p>\n<p><strong>Druh \u0159et\u00edzku a materi\u00e1l<\/strong><br \/>\n\u2013 ploch\u00fd \u0159et\u00edzek s diamantov\u00fdm rolo vzorem<br \/>\n\u2013 dostupn\u00e9 v 14k \u017elut\u00e9m, b\u00edl\u00e9m a nebo r\u016f\u017eov\u00e9m zlat\u011b<br \/>\n\u2013 35 \u2013 45cm, kontaktujte n\u00e1s pokud m\u00e1te z\u00e1jem o jinou d\u00e9lku<\/p>\n","protected":false},"excerpt":{"rendered":"<p>N\u00e1\u0161 modern\u00ed a zcela jedine\u010dn\u00fd geometrick\u00fd n\u00e1hrdeln\u00edk m\u00e1 prot\u00e1hl\u00fd \u0161esti\u00faheln\u00edkov\u00fd Salt and Pepper diamant a labradorit ve tvaru pap\u00edrov\u00e9ho draka. Tento mimo\u0159\u00e1dn\u00fd \u0161perk je ide\u00e1ln\u00ed pro sofistikovanou svatbu a pro nev\u011bstu, kter\u00e1 miluje individualitu. Je to tak\u00e9 skv\u011bl\u00fd d\u00e1rek k v\u00fdro\u010d\u00ed &#8211; ten, kter\u00fd ukazuje jak velik\u00e9 a \u0161t\u011bdr\u00e9 m\u00e1te srdce. Jak\u00e1 jednoduch\u00e1 a kr\u00e1sn\u00e1 p\u0159ipom\u00ednka ka\u017ed\u00e9ho dnu str\u00e1ven\u00e9ho v l\u00e1sce navz\u00e1jem! Ka\u017ed\u00fd p\u0159\u00edrodn\u00ed \u0161ed\u00fd diamant m\u00e1 sv\u00e9 vlastn\u00ed zbarven\u00ed, vlastnosti a kouzlo a pro sv\u016fj p\u0159\u00edv\u011bsek si budete moci vybrat ten, kter\u00fd se v\u00e1m nejv\u00edce l\u00edb\u00ed!<\/p>\n","protected":false},"featured_media":23616,"comment_status":"open","ping_status":"closed","template":"","meta":[],"product_brand":[],"product_cat":[1076,669,670],"product_tag":[1262,709,1188],"class_list":{"0":"post-25743","1":"product","2":"type-product","3":"status-publish","4":"has-post-thumbnail","6":"product_cat-diamantovy-nahrdelnik-ze-soli-a-pepre","7":"product_cat-jemne-sperky","8":"product_cat-nahrdelniky","9":"product_tag-diamant-se-soli-a-peprem","10":"product_tag-production_time_3_5-cs","11":"product_tag-sestiuhelnik-protahly","13":"first","14":"onbackorder","15":"sold-individually","16":"taxable","17":"shipping-taxable","18":"purchasable","19":"product-type-variable"},"yoast_head":"<title>\u0160estihrann\u00fd n\u00e1hrdeln\u00edk ze Salt and Pepper diamantu - Aurelius Jewelry<\/title>\n<meta name=\"robots\" content=\"index, follow, max-snippet:-1, max-image-preview:large, max-video-preview:-1\" \/>\n<link rel=\"canonical\" href=\"https:\/\/aureliusjewelry.com\/cs\/sestihranny-nahrdelnik-ze-salt-and-pepper-diamantu\/\" \/>\n<meta property=\"og:locale\" content=\"cs_CZ\" \/>\n<meta property=\"og:type\" content=\"article\" \/>\n<meta property=\"og:title\" content=\"\u0160estihrann\u00fd n\u00e1hrdeln\u00edk ze Salt and Pepper diamantu - Aurelius Jewelry\" \/>\n<meta property=\"og:description\" content=\"%\" \/>\n<meta property=\"og:url\" content=\"https:\/\/aureliusjewelry.com\/cs\/sestihranny-nahrdelnik-ze-salt-and-pepper-diamantu\/\" \/>\n<meta property=\"og:site_name\" content=\"Aurelius Jewelry\" \/>\n<meta property=\"article:publisher\" content=\"https:\/\/www.facebook.com\/AureliusJewelry\/\" \/>\n<meta property=\"article:modified_time\" content=\"2026-04-02T20:30:05+00:00\" \/>\n<meta property=\"og:image\" content=\"https:\/\/aureliusjewelry.com\/wp-content\/uploads\/sestiuhelnik-sul-a-pepr-diamant-nahrdelnik.jpg\" \/>\n\t<meta property=\"og:image:width\" content=\"1920\" \/>\n\t<meta property=\"og:image:height\" content=\"1440\" \/>\n\t<meta property=\"og:image:type\" content=\"image\/jpeg\" \/>\n<meta name=\"twitter:card\" content=\"summary_large_image\" \/>\n<meta name=\"twitter:site\" content=\"@AureliusJewelry\" \/>\n<script type=\"application\/ld+json\" class=\"yoast-schema-graph\">{\"@context\":\"https:\\\/\\\/schema.org\",\"@graph\":[{\"@type\":\"WebPage\",\"@id\":\"https:\\\/\\\/aureliusjewelry.com\\\/cs\\\/sestihranny-nahrdelnik-ze-salt-and-pepper-diamantu\\\/\",\"url\":\"https:\\\/\\\/aureliusjewelry.com\\\/cs\\\/sestihranny-nahrdelnik-ze-salt-and-pepper-diamantu\\\/\",\"name\":\"\u0160estihrann\u00fd n\u00e1hrdeln\u00edk ze Salt and Pepper diamantu - Aurelius Jewelry\",\"isPartOf\":{\"@id\":\"https:\\\/\\\/aureliusjewelry.com\\\/cs\\\/#website\"},\"primaryImageOfPage\":{\"@id\":\"https:\\\/\\\/aureliusjewelry.com\\\/cs\\\/sestihranny-nahrdelnik-ze-salt-and-pepper-diamantu\\\/#primaryimage\"},\"image\":{\"@id\":\"https:\\\/\\\/aureliusjewelry.com\\\/cs\\\/sestihranny-nahrdelnik-ze-salt-and-pepper-diamantu\\\/#primaryimage\"},\"thumbnailUrl\":\"https:\\\/\\\/aureliusjewelry.com\\\/wp-content\\\/uploads\\\/sestiuhelnik-sul-a-pepr-diamant-nahrdelnik.jpg\",\"datePublished\":\"2021-03-13T10:16:03+00:00\",\"dateModified\":\"2026-04-02T20:30:05+00:00\",\"breadcrumb\":{\"@id\":\"https:\\\/\\\/aureliusjewelry.com\\\/cs\\\/sestihranny-nahrdelnik-ze-salt-and-pepper-diamantu\\\/#breadcrumb\"},\"inLanguage\":\"cs\",\"potentialAction\":[{\"@type\":\"ReadAction\",\"target\":[\"https:\\\/\\\/aureliusjewelry.com\\\/cs\\\/sestihranny-nahrdelnik-ze-salt-and-pepper-diamantu\\\/\"]}]},{\"@type\":\"ImageObject\",\"inLanguage\":\"cs\",\"@id\":\"https:\\\/\\\/aureliusjewelry.com\\\/cs\\\/sestihranny-nahrdelnik-ze-salt-and-pepper-diamantu\\\/#primaryimage\",\"url\":\"https:\\\/\\\/aureliusjewelry.com\\\/wp-content\\\/uploads\\\/sestiuhelnik-sul-a-pepr-diamant-nahrdelnik.jpg\",\"contentUrl\":\"https:\\\/\\\/aureliusjewelry.com\\\/wp-content\\\/uploads\\\/sestiuhelnik-sul-a-pepr-diamant-nahrdelnik.jpg\",\"width\":1920,\"height\":1440,\"caption\":\"\u0161esti\u00faheln\u00edk s\u016fl a pep\u0159 diamant n\u00e1hrdeln\u00edk\"},{\"@type\":\"BreadcrumbList\",\"@id\":\"https:\\\/\\\/aureliusjewelry.com\\\/cs\\\/sestihranny-nahrdelnik-ze-salt-and-pepper-diamantu\\\/#breadcrumb\",\"itemListElement\":[{\"@type\":\"ListItem\",\"position\":1,\"name\":\"Home\",\"item\":\"https:\\\/\\\/aureliusjewelry.com\\\/cs\\\/\"},{\"@type\":\"ListItem\",\"position\":2,\"name\":\"Prodejna\",\"item\":\"https:\\\/\\\/aureliusjewelry.com\\\/cs\\\/prodejna\\\/\"},{\"@type\":\"ListItem\",\"position\":3,\"name\":\"\u0160estihrann\u00fd n\u00e1hrdeln\u00edk ze Salt and Pepper diamantu\"}]},{\"@type\":\"WebSite\",\"@id\":\"https:\\\/\\\/aureliusjewelry.com\\\/cs\\\/#website\",\"url\":\"https:\\\/\\\/aureliusjewelry.com\\\/cs\\\/\",\"name\":\"Aurelius Jewelry\",\"description\":\"Handmade Fine Gold Jewelry\",\"publisher\":{\"@id\":\"https:\\\/\\\/aureliusjewelry.com\\\/cs\\\/#organization\"},\"potentialAction\":[{\"@type\":\"SearchAction\",\"target\":{\"@type\":\"EntryPoint\",\"urlTemplate\":\"https:\\\/\\\/aureliusjewelry.com\\\/cs\\\/?s={search_term_string}\"},\"query-input\":{\"@type\":\"PropertyValueSpecification\",\"valueRequired\":true,\"valueName\":\"search_term_string\"}}],\"inLanguage\":\"cs\"},{\"@type\":\"Organization\",\"@id\":\"https:\\\/\\\/aureliusjewelry.com\\\/cs\\\/#organization\",\"name\":\"Aurelius Jewelry\",\"url\":\"https:\\\/\\\/aureliusjewelry.com\\\/cs\\\/\",\"logo\":{\"@type\":\"ImageObject\",\"inLanguage\":\"cs\",\"@id\":\"https:\\\/\\\/aureliusjewelry.com\\\/cs\\\/#\\\/schema\\\/logo\\\/image\\\/\",\"url\":\"https:\\\/\\\/aureliusjewelry.com\\\/wp-content\\\/uploads\\\/logo.png\",\"contentUrl\":\"https:\\\/\\\/aureliusjewelry.com\\\/wp-content\\\/uploads\\\/logo.png\",\"width\":400,\"height\":64,\"caption\":\"Aurelius Jewelry\"},\"image\":{\"@id\":\"https:\\\/\\\/aureliusjewelry.com\\\/cs\\\/#\\\/schema\\\/logo\\\/image\\\/\"},\"sameAs\":[\"https:\\\/\\\/www.facebook.com\\\/AureliusJewelry\\\/\",\"https:\\\/\\\/x.com\\\/AureliusJewelry\",\"https:\\\/\\\/instagram.com\\\/aureliusjewelry\",\"https:\\\/\\\/www.pinterest.com\\\/AureliusJewelry\\\/\"],\"email\":\"info@aureliusjewelry.com\",\"foundingDate\":\"2018-10-01\",\"vatID\":\"SI10391070\",\"hasMerchantReturnPolicy\":{\"@type\":\"MerchantReturnPolicy\",\"merchantReturnLink\":\"https:\\\/\\\/aureliusjewelry.com\\\/our-policies\\\/terms-conditions\\\/\"}}]}<\/script>\n<meta property=\"og:availability\" content=\"backorder\" \/>\n<meta property=\"product:availability\" content=\"available for order\" \/>\n<meta property=\"product:retailer_item_id\" content=\"23611\" \/>\n<meta property=\"product:condition\" content=\"new\" \/>","yoast_head_json":{"title":"\u0160estihrann\u00fd n\u00e1hrdeln\u00edk ze Salt and Pepper diamantu - Aurelius Jewelry","robots":{"index":"index","follow":"follow","max-snippet":"max-snippet:-1","max-image-preview":"max-image-preview:large","max-video-preview":"max-video-preview:-1"},"canonical":"https:\/\/aureliusjewelry.com\/cs\/sestihranny-nahrdelnik-ze-salt-and-pepper-diamantu\/","og_locale":"cs_CZ","og_type":"article","og_title":"\u0160estihrann\u00fd n\u00e1hrdeln\u00edk ze Salt and Pepper diamantu - Aurelius Jewelry","og_description":"%","og_url":"https:\/\/aureliusjewelry.com\/cs\/sestihranny-nahrdelnik-ze-salt-and-pepper-diamantu\/","og_site_name":"Aurelius Jewelry","article_publisher":"https:\/\/www.facebook.com\/AureliusJewelry\/","article_modified_time":"2026-04-02T20:30:05+00:00","og_image":[{"width":1920,"height":1440,"url":"https:\/\/aureliusjewelry.com\/wp-content\/uploads\/sestiuhelnik-sul-a-pepr-diamant-nahrdelnik.jpg","type":"image\/jpeg"}],"twitter_card":"summary_large_image","twitter_site":"@AureliusJewelry","schema":{"@context":"https:\/\/schema.org","@graph":[{"@type":"WebPage","@id":"https:\/\/aureliusjewelry.com\/cs\/sestihranny-nahrdelnik-ze-salt-and-pepper-diamantu\/","url":"https:\/\/aureliusjewelry.com\/cs\/sestihranny-nahrdelnik-ze-salt-and-pepper-diamantu\/","name":"\u0160estihrann\u00fd n\u00e1hrdeln\u00edk ze Salt and Pepper diamantu - Aurelius Jewelry","isPartOf":{"@id":"https:\/\/aureliusjewelry.com\/cs\/#website"},"primaryImageOfPage":{"@id":"https:\/\/aureliusjewelry.com\/cs\/sestihranny-nahrdelnik-ze-salt-and-pepper-diamantu\/#primaryimage"},"image":{"@id":"https:\/\/aureliusjewelry.com\/cs\/sestihranny-nahrdelnik-ze-salt-and-pepper-diamantu\/#primaryimage"},"thumbnailUrl":"https:\/\/aureliusjewelry.com\/wp-content\/uploads\/sestiuhelnik-sul-a-pepr-diamant-nahrdelnik.jpg","datePublished":"2021-03-13T10:16:03+00:00","dateModified":"2026-04-02T20:30:05+00:00","breadcrumb":{"@id":"https:\/\/aureliusjewelry.com\/cs\/sestihranny-nahrdelnik-ze-salt-and-pepper-diamantu\/#breadcrumb"},"inLanguage":"cs","potentialAction":[{"@type":"ReadAction","target":["https:\/\/aureliusjewelry.com\/cs\/sestihranny-nahrdelnik-ze-salt-and-pepper-diamantu\/"]}]},{"@type":"ImageObject","inLanguage":"cs","@id":"https:\/\/aureliusjewelry.com\/cs\/sestihranny-nahrdelnik-ze-salt-and-pepper-diamantu\/#primaryimage","url":"https:\/\/aureliusjewelry.com\/wp-content\/uploads\/sestiuhelnik-sul-a-pepr-diamant-nahrdelnik.jpg","contentUrl":"https:\/\/aureliusjewelry.com\/wp-content\/uploads\/sestiuhelnik-sul-a-pepr-diamant-nahrdelnik.jpg","width":1920,"height":1440,"caption":"\u0161esti\u00faheln\u00edk s\u016fl a pep\u0159 diamant n\u00e1hrdeln\u00edk"},{"@type":"BreadcrumbList","@id":"https:\/\/aureliusjewelry.com\/cs\/sestihranny-nahrdelnik-ze-salt-and-pepper-diamantu\/#breadcrumb","itemListElement":[{"@type":"ListItem","position":1,"name":"Home","item":"https:\/\/aureliusjewelry.com\/cs\/"},{"@type":"ListItem","position":2,"name":"Prodejna","item":"https:\/\/aureliusjewelry.com\/cs\/prodejna\/"},{"@type":"ListItem","position":3,"name":"\u0160estihrann\u00fd n\u00e1hrdeln\u00edk ze Salt and Pepper diamantu"}]},{"@type":"WebSite","@id":"https:\/\/aureliusjewelry.com\/cs\/#website","url":"https:\/\/aureliusjewelry.com\/cs\/","name":"Aurelius Jewelry","description":"Handmade Fine Gold Jewelry","publisher":{"@id":"https:\/\/aureliusjewelry.com\/cs\/#organization"},"potentialAction":[{"@type":"SearchAction","target":{"@type":"EntryPoint","urlTemplate":"https:\/\/aureliusjewelry.com\/cs\/?s={search_term_string}"},"query-input":{"@type":"PropertyValueSpecification","valueRequired":true,"valueName":"search_term_string"}}],"inLanguage":"cs"},{"@type":"Organization","@id":"https:\/\/aureliusjewelry.com\/cs\/#organization","name":"Aurelius Jewelry","url":"https:\/\/aureliusjewelry.com\/cs\/","logo":{"@type":"ImageObject","inLanguage":"cs","@id":"https:\/\/aureliusjewelry.com\/cs\/#\/schema\/logo\/image\/","url":"https:\/\/aureliusjewelry.com\/wp-content\/uploads\/logo.png","contentUrl":"https:\/\/aureliusjewelry.com\/wp-content\/uploads\/logo.png","width":400,"height":64,"caption":"Aurelius Jewelry"},"image":{"@id":"https:\/\/aureliusjewelry.com\/cs\/#\/schema\/logo\/image\/"},"sameAs":["https:\/\/www.facebook.com\/AureliusJewelry\/","https:\/\/x.com\/AureliusJewelry","https:\/\/instagram.com\/aureliusjewelry","https:\/\/www.pinterest.com\/AureliusJewelry\/"],"email":"info@aureliusjewelry.com","foundingDate":"2018-10-01","vatID":"SI10391070","hasMerchantReturnPolicy":{"@type":"MerchantReturnPolicy","merchantReturnLink":"https:\/\/aureliusjewelry.com\/our-policies\/terms-conditions\/"}}]},"og_availability":"backorder","product_availability":"available for order","product_retailer_item_id":"23611","product_condition":"new"},"_links":{"self":[{"href":"https:\/\/aureliusjewelry.com\/cs\/wp-json\/wp\/v2\/product\/25743","targetHints":{"allow":["GET"]}}],"collection":[{"href":"https:\/\/aureliusjewelry.com\/cs\/wp-json\/wp\/v2\/product"}],"about":[{"href":"https:\/\/aureliusjewelry.com\/cs\/wp-json\/wp\/v2\/types\/product"}],"replies":[{"embeddable":true,"href":"https:\/\/aureliusjewelry.com\/cs\/wp-json\/wp\/v2\/comments?post=25743"}],"wp:featuredmedia":[{"embeddable":true,"href":"https:\/\/aureliusjewelry.com\/cs\/wp-json\/wp\/v2\/media\/23616"}],"wp:attachment":[{"href":"https:\/\/aureliusjewelry.com\/cs\/wp-json\/wp\/v2\/media?parent=25743"}],"wp:term":[{"taxonomy":"product_brand","embeddable":true,"href":"https:\/\/aureliusjewelry.com\/cs\/wp-json\/wp\/v2\/product_brand?post=25743"},{"taxonomy":"product_cat","embeddable":true,"href":"https:\/\/aureliusjewelry.com\/cs\/wp-json\/wp\/v2\/product_cat?post=25743"},{"taxonomy":"product_tag","embeddable":true,"href":"https:\/\/aureliusjewelry.com\/cs\/wp-json\/wp\/v2\/product_tag?post=25743"}],"curies":[{"name":"wp","href":"https:\/\/api.w.org\/{rel}","templated":true}]}}