{"id":25719,"date":"2021-03-12T22:50:39","date_gmt":"2021-03-12T20:50:39","guid":{"rendered":"http:\/\/127.0.0.1\/product\/diamantovy-nahrdelnik-s-lapacem-snu\/"},"modified":"2026-03-23T19:35:48","modified_gmt":"2026-03-23T17:35:48","slug":"diamantovy-nahrdelnik-s-lapacem-snu","status":"publish","type":"product","link":"https:\/\/aureliusjewelry.com\/cs\/diamantovy-nahrdelnik-s-lapacem-snu\/","title":{"rendered":"Diamantov\u00fd n\u00e1hrdeln\u00edk s lapa\u010dem sn\u016f"},"content":{"rendered":"<p><strong>K\u00e1men<\/strong><br \/>\n&#8211; kulat\u00fd diamant<br \/>\n&#8211; p\u0159ibli\u017en\u011b 0.5ct, 5mm<br \/>\n&#8211; certifik\u00e1t GIA<br \/>\n&#8211; F\/G barva, VS kvalita, bezkonfliktn\u00ed a etick\u00e9<\/p>\n<p><strong>M\u00edry p\u0159\u00edv\u011b\u0161ku<\/strong><br \/>\n&#8211; p\u0159ibli\u017en\u011b 20mm<\/p>\n<p><strong>Druh \u0159et\u00edzku a materi\u00e1l<\/strong><br \/>\n&#8211; ploch\u00fd \u0159et\u00edzek s diamantov\u00fdm rolo vzorem<br \/>\n&#8211; dostupn\u00e9 v 14k \u017elut\u00e9m, b\u00edl\u00e9m a nebo r\u016f\u017eov\u00e9m zlat\u011b<br \/>\n&#8211; 35 &#8211; 45cm, kontaktujte n\u00e1s pokud m\u00e1te z\u00e1jem o jinou d\u00e9lku<\/p>\n","protected":false},"excerpt":{"rendered":"<p>Tento luxusn\u00ed n\u00e1hrdeln\u00edk je navr\u017een s modern\u00edm pohledem na tradi\u010dn\u00ed p\u0159\u00edv\u011bsek lapa\u010de sn\u016f. Geometrick\u00e9 detaily vytv\u00e1\u0159ej\u00ed slo\u017eit\u00fd vzor, kter\u00fd ohrani\u010duje brilantn\u00ed diamant. N\u00e1\u0161 kr\u00e1sn\u011b vytvo\u0159en\u00fd modern\u00ed design jist\u011b z\u00edsk\u00e1 chv\u00e1lu a komplimenty. Diamant v\u00e1\u017e\u00ed 0,5 ct a je doprov\u00e1zen certifik\u00e1tem GIA.<\/p>\n","protected":false},"featured_media":23442,"comment_status":"open","ping_status":"closed","template":"","meta":[],"product_brand":[],"product_cat":[669,670],"product_tag":[1171,1253,709],"class_list":{"0":"post-25719","1":"product","2":"type-product","3":"status-publish","4":"has-post-thumbnail","6":"product_cat-jemne-sperky","7":"product_cat-nahrdelniky","8":"product_tag-diamant","9":"product_tag-kulaty","10":"product_tag-production_time_3_5-cs","12":"first","13":"onbackorder","14":"sold-individually","15":"taxable","16":"shipping-taxable","17":"purchasable","18":"product-type-variable"},"yoast_head":"<title>Diamantov\u00fd n\u00e1hrdeln\u00edk s lapa\u010dem sn\u016f - Aurelius Jewelry<\/title>\n<meta name=\"robots\" content=\"index, follow, max-snippet:-1, max-image-preview:large, max-video-preview:-1\" \/>\n<link rel=\"canonical\" href=\"https:\/\/aureliusjewelry.com\/cs\/diamantovy-nahrdelnik-s-lapacem-snu\/\" \/>\n<meta property=\"og:locale\" content=\"cs_CZ\" \/>\n<meta property=\"og:type\" content=\"article\" \/>\n<meta property=\"og:title\" content=\"Diamantov\u00fd n\u00e1hrdeln\u00edk s lapa\u010dem sn\u016f - Aurelius Jewelry\" \/>\n<meta property=\"og:description\" content=\"%\" \/>\n<meta property=\"og:url\" content=\"https:\/\/aureliusjewelry.com\/cs\/diamantovy-nahrdelnik-s-lapacem-snu\/\" \/>\n<meta property=\"og:site_name\" content=\"Aurelius Jewelry\" \/>\n<meta property=\"article:publisher\" content=\"https:\/\/www.facebook.com\/AureliusJewelry\/\" \/>\n<meta property=\"article:modified_time\" content=\"2026-03-23T17:35:48+00:00\" \/>\n<meta property=\"og:image\" content=\"https:\/\/aureliusjewelry.com\/wp-content\/uploads\/lapac-snu-nahrdelnik-bily-zlato.jpg\" \/>\n\t<meta property=\"og:image:width\" content=\"1920\" \/>\n\t<meta property=\"og:image:height\" content=\"1440\" \/>\n\t<meta property=\"og:image:type\" content=\"image\/jpeg\" \/>\n<meta name=\"twitter:card\" content=\"summary_large_image\" \/>\n<meta name=\"twitter:site\" content=\"@AureliusJewelry\" \/>\n<script type=\"application\/ld+json\" class=\"yoast-schema-graph\">{\"@context\":\"https:\\\/\\\/schema.org\",\"@graph\":[{\"@type\":\"WebPage\",\"@id\":\"https:\\\/\\\/aureliusjewelry.com\\\/cs\\\/diamantovy-nahrdelnik-s-lapacem-snu\\\/\",\"url\":\"https:\\\/\\\/aureliusjewelry.com\\\/cs\\\/diamantovy-nahrdelnik-s-lapacem-snu\\\/\",\"name\":\"Diamantov\u00fd n\u00e1hrdeln\u00edk s lapa\u010dem sn\u016f - Aurelius Jewelry\",\"isPartOf\":{\"@id\":\"https:\\\/\\\/aureliusjewelry.com\\\/cs\\\/#website\"},\"primaryImageOfPage\":{\"@id\":\"https:\\\/\\\/aureliusjewelry.com\\\/cs\\\/diamantovy-nahrdelnik-s-lapacem-snu\\\/#primaryimage\"},\"image\":{\"@id\":\"https:\\\/\\\/aureliusjewelry.com\\\/cs\\\/diamantovy-nahrdelnik-s-lapacem-snu\\\/#primaryimage\"},\"thumbnailUrl\":\"https:\\\/\\\/aureliusjewelry.com\\\/wp-content\\\/uploads\\\/lapac-snu-nahrdelnik-bily-zlato.jpg\",\"datePublished\":\"2021-03-12T20:50:39+00:00\",\"dateModified\":\"2026-03-23T17:35:48+00:00\",\"breadcrumb\":{\"@id\":\"https:\\\/\\\/aureliusjewelry.com\\\/cs\\\/diamantovy-nahrdelnik-s-lapacem-snu\\\/#breadcrumb\"},\"inLanguage\":\"cs\",\"potentialAction\":[{\"@type\":\"ReadAction\",\"target\":[\"https:\\\/\\\/aureliusjewelry.com\\\/cs\\\/diamantovy-nahrdelnik-s-lapacem-snu\\\/\"]}]},{\"@type\":\"ImageObject\",\"inLanguage\":\"cs\",\"@id\":\"https:\\\/\\\/aureliusjewelry.com\\\/cs\\\/diamantovy-nahrdelnik-s-lapacem-snu\\\/#primaryimage\",\"url\":\"https:\\\/\\\/aureliusjewelry.com\\\/wp-content\\\/uploads\\\/lapac-snu-nahrdelnik-bily-zlato.jpg\",\"contentUrl\":\"https:\\\/\\\/aureliusjewelry.com\\\/wp-content\\\/uploads\\\/lapac-snu-nahrdelnik-bily-zlato.jpg\",\"width\":1920,\"height\":1440,\"caption\":\"lapa\u010d sn\u016f n\u00e1hrdeln\u00edk b\u00edl\u00fd zlato\"},{\"@type\":\"BreadcrumbList\",\"@id\":\"https:\\\/\\\/aureliusjewelry.com\\\/cs\\\/diamantovy-nahrdelnik-s-lapacem-snu\\\/#breadcrumb\",\"itemListElement\":[{\"@type\":\"ListItem\",\"position\":1,\"name\":\"Home\",\"item\":\"https:\\\/\\\/aureliusjewelry.com\\\/cs\\\/\"},{\"@type\":\"ListItem\",\"position\":2,\"name\":\"Prodejna\",\"item\":\"https:\\\/\\\/aureliusjewelry.com\\\/cs\\\/prodejna\\\/\"},{\"@type\":\"ListItem\",\"position\":3,\"name\":\"Diamantov\u00fd n\u00e1hrdeln\u00edk s lapa\u010dem sn\u016f\"}]},{\"@type\":\"WebSite\",\"@id\":\"https:\\\/\\\/aureliusjewelry.com\\\/cs\\\/#website\",\"url\":\"https:\\\/\\\/aureliusjewelry.com\\\/cs\\\/\",\"name\":\"Aurelius Jewelry\",\"description\":\"Handmade Fine Gold Jewelry\",\"publisher\":{\"@id\":\"https:\\\/\\\/aureliusjewelry.com\\\/cs\\\/#organization\"},\"potentialAction\":[{\"@type\":\"SearchAction\",\"target\":{\"@type\":\"EntryPoint\",\"urlTemplate\":\"https:\\\/\\\/aureliusjewelry.com\\\/cs\\\/?s={search_term_string}\"},\"query-input\":{\"@type\":\"PropertyValueSpecification\",\"valueRequired\":true,\"valueName\":\"search_term_string\"}}],\"inLanguage\":\"cs\"},{\"@type\":\"Organization\",\"@id\":\"https:\\\/\\\/aureliusjewelry.com\\\/cs\\\/#organization\",\"name\":\"Aurelius Jewelry\",\"url\":\"https:\\\/\\\/aureliusjewelry.com\\\/cs\\\/\",\"logo\":{\"@type\":\"ImageObject\",\"inLanguage\":\"cs\",\"@id\":\"https:\\\/\\\/aureliusjewelry.com\\\/cs\\\/#\\\/schema\\\/logo\\\/image\\\/\",\"url\":\"https:\\\/\\\/aureliusjewelry.com\\\/wp-content\\\/uploads\\\/logo.png\",\"contentUrl\":\"https:\\\/\\\/aureliusjewelry.com\\\/wp-content\\\/uploads\\\/logo.png\",\"width\":400,\"height\":64,\"caption\":\"Aurelius Jewelry\"},\"image\":{\"@id\":\"https:\\\/\\\/aureliusjewelry.com\\\/cs\\\/#\\\/schema\\\/logo\\\/image\\\/\"},\"sameAs\":[\"https:\\\/\\\/www.facebook.com\\\/AureliusJewelry\\\/\",\"https:\\\/\\\/x.com\\\/AureliusJewelry\",\"https:\\\/\\\/instagram.com\\\/aureliusjewelry\",\"https:\\\/\\\/www.pinterest.com\\\/AureliusJewelry\\\/\"],\"email\":\"info@aureliusjewelry.com\",\"foundingDate\":\"2018-10-01\",\"vatID\":\"SI10391070\",\"hasMerchantReturnPolicy\":{\"@type\":\"MerchantReturnPolicy\",\"merchantReturnLink\":\"https:\\\/\\\/aureliusjewelry.com\\\/our-policies\\\/terms-conditions\\\/\"}}]}<\/script>\n<meta property=\"og:availability\" content=\"backorder\" \/>\n<meta property=\"product:availability\" content=\"available for order\" \/>\n<meta property=\"product:retailer_item_id\" content=\"23437\" \/>\n<meta property=\"product:condition\" content=\"new\" \/>","yoast_head_json":{"title":"Diamantov\u00fd n\u00e1hrdeln\u00edk s lapa\u010dem sn\u016f - Aurelius Jewelry","robots":{"index":"index","follow":"follow","max-snippet":"max-snippet:-1","max-image-preview":"max-image-preview:large","max-video-preview":"max-video-preview:-1"},"canonical":"https:\/\/aureliusjewelry.com\/cs\/diamantovy-nahrdelnik-s-lapacem-snu\/","og_locale":"cs_CZ","og_type":"article","og_title":"Diamantov\u00fd n\u00e1hrdeln\u00edk s lapa\u010dem sn\u016f - Aurelius Jewelry","og_description":"%","og_url":"https:\/\/aureliusjewelry.com\/cs\/diamantovy-nahrdelnik-s-lapacem-snu\/","og_site_name":"Aurelius Jewelry","article_publisher":"https:\/\/www.facebook.com\/AureliusJewelry\/","article_modified_time":"2026-03-23T17:35:48+00:00","og_image":[{"width":1920,"height":1440,"url":"https:\/\/aureliusjewelry.com\/wp-content\/uploads\/lapac-snu-nahrdelnik-bily-zlato.jpg","type":"image\/jpeg"}],"twitter_card":"summary_large_image","twitter_site":"@AureliusJewelry","schema":{"@context":"https:\/\/schema.org","@graph":[{"@type":"WebPage","@id":"https:\/\/aureliusjewelry.com\/cs\/diamantovy-nahrdelnik-s-lapacem-snu\/","url":"https:\/\/aureliusjewelry.com\/cs\/diamantovy-nahrdelnik-s-lapacem-snu\/","name":"Diamantov\u00fd n\u00e1hrdeln\u00edk s lapa\u010dem sn\u016f - Aurelius Jewelry","isPartOf":{"@id":"https:\/\/aureliusjewelry.com\/cs\/#website"},"primaryImageOfPage":{"@id":"https:\/\/aureliusjewelry.com\/cs\/diamantovy-nahrdelnik-s-lapacem-snu\/#primaryimage"},"image":{"@id":"https:\/\/aureliusjewelry.com\/cs\/diamantovy-nahrdelnik-s-lapacem-snu\/#primaryimage"},"thumbnailUrl":"https:\/\/aureliusjewelry.com\/wp-content\/uploads\/lapac-snu-nahrdelnik-bily-zlato.jpg","datePublished":"2021-03-12T20:50:39+00:00","dateModified":"2026-03-23T17:35:48+00:00","breadcrumb":{"@id":"https:\/\/aureliusjewelry.com\/cs\/diamantovy-nahrdelnik-s-lapacem-snu\/#breadcrumb"},"inLanguage":"cs","potentialAction":[{"@type":"ReadAction","target":["https:\/\/aureliusjewelry.com\/cs\/diamantovy-nahrdelnik-s-lapacem-snu\/"]}]},{"@type":"ImageObject","inLanguage":"cs","@id":"https:\/\/aureliusjewelry.com\/cs\/diamantovy-nahrdelnik-s-lapacem-snu\/#primaryimage","url":"https:\/\/aureliusjewelry.com\/wp-content\/uploads\/lapac-snu-nahrdelnik-bily-zlato.jpg","contentUrl":"https:\/\/aureliusjewelry.com\/wp-content\/uploads\/lapac-snu-nahrdelnik-bily-zlato.jpg","width":1920,"height":1440,"caption":"lapa\u010d sn\u016f n\u00e1hrdeln\u00edk b\u00edl\u00fd zlato"},{"@type":"BreadcrumbList","@id":"https:\/\/aureliusjewelry.com\/cs\/diamantovy-nahrdelnik-s-lapacem-snu\/#breadcrumb","itemListElement":[{"@type":"ListItem","position":1,"name":"Home","item":"https:\/\/aureliusjewelry.com\/cs\/"},{"@type":"ListItem","position":2,"name":"Prodejna","item":"https:\/\/aureliusjewelry.com\/cs\/prodejna\/"},{"@type":"ListItem","position":3,"name":"Diamantov\u00fd n\u00e1hrdeln\u00edk s lapa\u010dem sn\u016f"}]},{"@type":"WebSite","@id":"https:\/\/aureliusjewelry.com\/cs\/#website","url":"https:\/\/aureliusjewelry.com\/cs\/","name":"Aurelius Jewelry","description":"Handmade Fine Gold Jewelry","publisher":{"@id":"https:\/\/aureliusjewelry.com\/cs\/#organization"},"potentialAction":[{"@type":"SearchAction","target":{"@type":"EntryPoint","urlTemplate":"https:\/\/aureliusjewelry.com\/cs\/?s={search_term_string}"},"query-input":{"@type":"PropertyValueSpecification","valueRequired":true,"valueName":"search_term_string"}}],"inLanguage":"cs"},{"@type":"Organization","@id":"https:\/\/aureliusjewelry.com\/cs\/#organization","name":"Aurelius Jewelry","url":"https:\/\/aureliusjewelry.com\/cs\/","logo":{"@type":"ImageObject","inLanguage":"cs","@id":"https:\/\/aureliusjewelry.com\/cs\/#\/schema\/logo\/image\/","url":"https:\/\/aureliusjewelry.com\/wp-content\/uploads\/logo.png","contentUrl":"https:\/\/aureliusjewelry.com\/wp-content\/uploads\/logo.png","width":400,"height":64,"caption":"Aurelius Jewelry"},"image":{"@id":"https:\/\/aureliusjewelry.com\/cs\/#\/schema\/logo\/image\/"},"sameAs":["https:\/\/www.facebook.com\/AureliusJewelry\/","https:\/\/x.com\/AureliusJewelry","https:\/\/instagram.com\/aureliusjewelry","https:\/\/www.pinterest.com\/AureliusJewelry\/"],"email":"info@aureliusjewelry.com","foundingDate":"2018-10-01","vatID":"SI10391070","hasMerchantReturnPolicy":{"@type":"MerchantReturnPolicy","merchantReturnLink":"https:\/\/aureliusjewelry.com\/our-policies\/terms-conditions\/"}}]},"og_availability":"backorder","product_availability":"available for order","product_retailer_item_id":"23437","product_condition":"new"},"_links":{"self":[{"href":"https:\/\/aureliusjewelry.com\/cs\/wp-json\/wp\/v2\/product\/25719","targetHints":{"allow":["GET"]}}],"collection":[{"href":"https:\/\/aureliusjewelry.com\/cs\/wp-json\/wp\/v2\/product"}],"about":[{"href":"https:\/\/aureliusjewelry.com\/cs\/wp-json\/wp\/v2\/types\/product"}],"replies":[{"embeddable":true,"href":"https:\/\/aureliusjewelry.com\/cs\/wp-json\/wp\/v2\/comments?post=25719"}],"wp:featuredmedia":[{"embeddable":true,"href":"https:\/\/aureliusjewelry.com\/cs\/wp-json\/wp\/v2\/media\/23442"}],"wp:attachment":[{"href":"https:\/\/aureliusjewelry.com\/cs\/wp-json\/wp\/v2\/media?parent=25719"}],"wp:term":[{"taxonomy":"product_brand","embeddable":true,"href":"https:\/\/aureliusjewelry.com\/cs\/wp-json\/wp\/v2\/product_brand?post=25719"},{"taxonomy":"product_cat","embeddable":true,"href":"https:\/\/aureliusjewelry.com\/cs\/wp-json\/wp\/v2\/product_cat?post=25719"},{"taxonomy":"product_tag","embeddable":true,"href":"https:\/\/aureliusjewelry.com\/cs\/wp-json\/wp\/v2\/product_tag?post=25719"}],"curies":[{"name":"wp","href":"https:\/\/api.w.org\/{rel}","templated":true}]}}