{"id":25695,"date":"2021-03-12T15:55:31","date_gmt":"2021-03-12T13:55:31","guid":{"rendered":"http:\/\/127.0.0.1\/product\/zlate-nausnice-ve-tvaru-morske-musle\/"},"modified":"2026-03-23T19:42:42","modified_gmt":"2026-03-23T17:42:42","slug":"zlate-nausnice-ve-tvaru-morske-musle","status":"publish","type":"product","link":"https:\/\/aureliusjewelry.com\/cs\/zlate-nausnice-ve-tvaru-morske-musle\/","title":{"rendered":"Zlat\u00e9 n\u00e1u\u0161nice ve tvaru mo\u0159sk\u00e9 mu\u0161le"},"content":{"rendered":"<p><strong>Velikosti a materi\u00e1ly n\u00e1u\u0161nic<\/strong><br \/>\n&#8211; p\u0159ibli\u017en\u011b 10x10mm<br \/>\n&#8211; dostupn\u00e9 v 14k \u017elut\u00e9m, b\u00edl\u00e9m a nebo r\u016f\u017eov\u00e9m zlat\u011b<\/p>\n","protected":false},"excerpt":{"rendered":"<p>Tento rozko\u0161n\u00fd p\u00e1r zlat\u00fdch mu\u0161lov\u00fdch n\u00e1u\u0161nic je dokonal\u00fdm d\u00e1rkem k narozenin\u00e1m pro v\u0161echny, kte\u0159\u00ed prost\u011b miluj\u00ed l\u00e9to a nemohou p\u0159estat myslet na pl\u00e1\u017e a mo\u0159e po cel\u00fd rok. Tyto minimalistick\u00e9 cvo\u010dky se hod\u00ed ke ka\u017ed\u00e9mu outfitu a jsou vhodn\u00e9 pro ka\u017edou p\u0159\u00edle\u017eitost. M\u016f\u017eete si tak\u00e9 vybrat jin\u00fd tvar nebo symbol a vytvo\u0159it tak vlastn\u00ed p\u00e1r n\u00e1u\u0161nic.<\/p>\n","protected":false},"featured_media":23255,"comment_status":"open","ping_status":"closed","template":"","meta":[],"product_brand":[],"product_cat":[669,671],"product_tag":[1222,709],"class_list":{"0":"post-25695","1":"product","2":"type-product","3":"status-publish","4":"has-post-thumbnail","6":"product_cat-jemne-sperky","7":"product_cat-nausnice","8":"product_tag-bez-kamene","9":"product_tag-production_time_3_5-cs","11":"first","12":"onbackorder","13":"sold-individually","14":"taxable","15":"shipping-taxable","16":"purchasable","17":"product-type-variable"},"yoast_head":"<title>Zlat\u00e9 n\u00e1u\u0161nice ve tvaru mo\u0159sk\u00e9 mu\u0161le - Aurelius Jewelry<\/title>\n<meta name=\"robots\" content=\"index, follow, max-snippet:-1, max-image-preview:large, max-video-preview:-1\" \/>\n<link rel=\"canonical\" href=\"https:\/\/aureliusjewelry.com\/cs\/zlate-nausnice-ve-tvaru-morske-musle\/\" \/>\n<meta property=\"og:locale\" content=\"cs_CZ\" \/>\n<meta property=\"og:type\" content=\"article\" \/>\n<meta property=\"og:title\" content=\"Zlat\u00e9 n\u00e1u\u0161nice ve tvaru mo\u0159sk\u00e9 mu\u0161le - Aurelius Jewelry\" \/>\n<meta property=\"og:description\" content=\"%\" \/>\n<meta property=\"og:url\" content=\"https:\/\/aureliusjewelry.com\/cs\/zlate-nausnice-ve-tvaru-morske-musle\/\" \/>\n<meta property=\"og:site_name\" content=\"Aurelius Jewelry\" \/>\n<meta property=\"article:publisher\" content=\"https:\/\/www.facebook.com\/AureliusJewelry\/\" \/>\n<meta property=\"article:modified_time\" content=\"2026-03-23T17:42:42+00:00\" \/>\n<meta property=\"og:image\" content=\"https:\/\/aureliusjewelry.com\/wp-content\/uploads\/musle-nausnice-nausnice.jpg\" \/>\n\t<meta property=\"og:image:width\" content=\"1920\" \/>\n\t<meta property=\"og:image:height\" content=\"1440\" \/>\n\t<meta property=\"og:image:type\" content=\"image\/jpeg\" \/>\n<meta name=\"twitter:card\" content=\"summary_large_image\" \/>\n<meta name=\"twitter:site\" content=\"@AureliusJewelry\" \/>\n<script type=\"application\/ld+json\" class=\"yoast-schema-graph\">{\"@context\":\"https:\\\/\\\/schema.org\",\"@graph\":[{\"@type\":\"WebPage\",\"@id\":\"https:\\\/\\\/aureliusjewelry.com\\\/cs\\\/zlate-nausnice-ve-tvaru-morske-musle\\\/\",\"url\":\"https:\\\/\\\/aureliusjewelry.com\\\/cs\\\/zlate-nausnice-ve-tvaru-morske-musle\\\/\",\"name\":\"Zlat\u00e9 n\u00e1u\u0161nice ve tvaru mo\u0159sk\u00e9 mu\u0161le - Aurelius Jewelry\",\"isPartOf\":{\"@id\":\"https:\\\/\\\/aureliusjewelry.com\\\/cs\\\/#website\"},\"primaryImageOfPage\":{\"@id\":\"https:\\\/\\\/aureliusjewelry.com\\\/cs\\\/zlate-nausnice-ve-tvaru-morske-musle\\\/#primaryimage\"},\"image\":{\"@id\":\"https:\\\/\\\/aureliusjewelry.com\\\/cs\\\/zlate-nausnice-ve-tvaru-morske-musle\\\/#primaryimage\"},\"thumbnailUrl\":\"https:\\\/\\\/aureliusjewelry.com\\\/wp-content\\\/uploads\\\/musle-nausnice-nausnice.jpg\",\"datePublished\":\"2021-03-12T13:55:31+00:00\",\"dateModified\":\"2026-03-23T17:42:42+00:00\",\"breadcrumb\":{\"@id\":\"https:\\\/\\\/aureliusjewelry.com\\\/cs\\\/zlate-nausnice-ve-tvaru-morske-musle\\\/#breadcrumb\"},\"inLanguage\":\"cs\",\"potentialAction\":[{\"@type\":\"ReadAction\",\"target\":[\"https:\\\/\\\/aureliusjewelry.com\\\/cs\\\/zlate-nausnice-ve-tvaru-morske-musle\\\/\"]}]},{\"@type\":\"ImageObject\",\"inLanguage\":\"cs\",\"@id\":\"https:\\\/\\\/aureliusjewelry.com\\\/cs\\\/zlate-nausnice-ve-tvaru-morske-musle\\\/#primaryimage\",\"url\":\"https:\\\/\\\/aureliusjewelry.com\\\/wp-content\\\/uploads\\\/musle-nausnice-nausnice.jpg\",\"contentUrl\":\"https:\\\/\\\/aureliusjewelry.com\\\/wp-content\\\/uploads\\\/musle-nausnice-nausnice.jpg\",\"width\":1920,\"height\":1440,\"caption\":\"mu\u0161le n\u00e1u\u0161nice n\u00e1u\u0161nice\"},{\"@type\":\"BreadcrumbList\",\"@id\":\"https:\\\/\\\/aureliusjewelry.com\\\/cs\\\/zlate-nausnice-ve-tvaru-morske-musle\\\/#breadcrumb\",\"itemListElement\":[{\"@type\":\"ListItem\",\"position\":1,\"name\":\"Home\",\"item\":\"https:\\\/\\\/aureliusjewelry.com\\\/cs\\\/\"},{\"@type\":\"ListItem\",\"position\":2,\"name\":\"Prodejna\",\"item\":\"https:\\\/\\\/aureliusjewelry.com\\\/cs\\\/prodejna\\\/\"},{\"@type\":\"ListItem\",\"position\":3,\"name\":\"Zlat\u00e9 n\u00e1u\u0161nice ve tvaru mo\u0159sk\u00e9 mu\u0161le\"}]},{\"@type\":\"WebSite\",\"@id\":\"https:\\\/\\\/aureliusjewelry.com\\\/cs\\\/#website\",\"url\":\"https:\\\/\\\/aureliusjewelry.com\\\/cs\\\/\",\"name\":\"Aurelius Jewelry\",\"description\":\"Handmade Fine Gold Jewelry\",\"publisher\":{\"@id\":\"https:\\\/\\\/aureliusjewelry.com\\\/cs\\\/#organization\"},\"potentialAction\":[{\"@type\":\"SearchAction\",\"target\":{\"@type\":\"EntryPoint\",\"urlTemplate\":\"https:\\\/\\\/aureliusjewelry.com\\\/cs\\\/?s={search_term_string}\"},\"query-input\":{\"@type\":\"PropertyValueSpecification\",\"valueRequired\":true,\"valueName\":\"search_term_string\"}}],\"inLanguage\":\"cs\"},{\"@type\":\"Organization\",\"@id\":\"https:\\\/\\\/aureliusjewelry.com\\\/cs\\\/#organization\",\"name\":\"Aurelius Jewelry\",\"url\":\"https:\\\/\\\/aureliusjewelry.com\\\/cs\\\/\",\"logo\":{\"@type\":\"ImageObject\",\"inLanguage\":\"cs\",\"@id\":\"https:\\\/\\\/aureliusjewelry.com\\\/cs\\\/#\\\/schema\\\/logo\\\/image\\\/\",\"url\":\"https:\\\/\\\/aureliusjewelry.com\\\/wp-content\\\/uploads\\\/logo.png\",\"contentUrl\":\"https:\\\/\\\/aureliusjewelry.com\\\/wp-content\\\/uploads\\\/logo.png\",\"width\":400,\"height\":64,\"caption\":\"Aurelius Jewelry\"},\"image\":{\"@id\":\"https:\\\/\\\/aureliusjewelry.com\\\/cs\\\/#\\\/schema\\\/logo\\\/image\\\/\"},\"sameAs\":[\"https:\\\/\\\/www.facebook.com\\\/AureliusJewelry\\\/\",\"https:\\\/\\\/x.com\\\/AureliusJewelry\",\"https:\\\/\\\/instagram.com\\\/aureliusjewelry\",\"https:\\\/\\\/www.pinterest.com\\\/AureliusJewelry\\\/\"],\"email\":\"info@aureliusjewelry.com\",\"foundingDate\":\"2018-10-01\",\"vatID\":\"SI10391070\",\"hasMerchantReturnPolicy\":{\"@type\":\"MerchantReturnPolicy\",\"merchantReturnLink\":\"https:\\\/\\\/aureliusjewelry.com\\\/our-policies\\\/terms-conditions\\\/\"}}]}<\/script>\n<meta property=\"og:availability\" content=\"backorder\" \/>\n<meta property=\"product:availability\" content=\"available for order\" \/>\n<meta property=\"product:retailer_item_id\" content=\"23250\" \/>\n<meta property=\"product:condition\" content=\"new\" \/>","yoast_head_json":{"title":"Zlat\u00e9 n\u00e1u\u0161nice ve tvaru mo\u0159sk\u00e9 mu\u0161le - Aurelius Jewelry","robots":{"index":"index","follow":"follow","max-snippet":"max-snippet:-1","max-image-preview":"max-image-preview:large","max-video-preview":"max-video-preview:-1"},"canonical":"https:\/\/aureliusjewelry.com\/cs\/zlate-nausnice-ve-tvaru-morske-musle\/","og_locale":"cs_CZ","og_type":"article","og_title":"Zlat\u00e9 n\u00e1u\u0161nice ve tvaru mo\u0159sk\u00e9 mu\u0161le - Aurelius Jewelry","og_description":"%","og_url":"https:\/\/aureliusjewelry.com\/cs\/zlate-nausnice-ve-tvaru-morske-musle\/","og_site_name":"Aurelius Jewelry","article_publisher":"https:\/\/www.facebook.com\/AureliusJewelry\/","article_modified_time":"2026-03-23T17:42:42+00:00","og_image":[{"width":1920,"height":1440,"url":"https:\/\/aureliusjewelry.com\/wp-content\/uploads\/musle-nausnice-nausnice.jpg","type":"image\/jpeg"}],"twitter_card":"summary_large_image","twitter_site":"@AureliusJewelry","schema":{"@context":"https:\/\/schema.org","@graph":[{"@type":"WebPage","@id":"https:\/\/aureliusjewelry.com\/cs\/zlate-nausnice-ve-tvaru-morske-musle\/","url":"https:\/\/aureliusjewelry.com\/cs\/zlate-nausnice-ve-tvaru-morske-musle\/","name":"Zlat\u00e9 n\u00e1u\u0161nice ve tvaru mo\u0159sk\u00e9 mu\u0161le - Aurelius Jewelry","isPartOf":{"@id":"https:\/\/aureliusjewelry.com\/cs\/#website"},"primaryImageOfPage":{"@id":"https:\/\/aureliusjewelry.com\/cs\/zlate-nausnice-ve-tvaru-morske-musle\/#primaryimage"},"image":{"@id":"https:\/\/aureliusjewelry.com\/cs\/zlate-nausnice-ve-tvaru-morske-musle\/#primaryimage"},"thumbnailUrl":"https:\/\/aureliusjewelry.com\/wp-content\/uploads\/musle-nausnice-nausnice.jpg","datePublished":"2021-03-12T13:55:31+00:00","dateModified":"2026-03-23T17:42:42+00:00","breadcrumb":{"@id":"https:\/\/aureliusjewelry.com\/cs\/zlate-nausnice-ve-tvaru-morske-musle\/#breadcrumb"},"inLanguage":"cs","potentialAction":[{"@type":"ReadAction","target":["https:\/\/aureliusjewelry.com\/cs\/zlate-nausnice-ve-tvaru-morske-musle\/"]}]},{"@type":"ImageObject","inLanguage":"cs","@id":"https:\/\/aureliusjewelry.com\/cs\/zlate-nausnice-ve-tvaru-morske-musle\/#primaryimage","url":"https:\/\/aureliusjewelry.com\/wp-content\/uploads\/musle-nausnice-nausnice.jpg","contentUrl":"https:\/\/aureliusjewelry.com\/wp-content\/uploads\/musle-nausnice-nausnice.jpg","width":1920,"height":1440,"caption":"mu\u0161le n\u00e1u\u0161nice n\u00e1u\u0161nice"},{"@type":"BreadcrumbList","@id":"https:\/\/aureliusjewelry.com\/cs\/zlate-nausnice-ve-tvaru-morske-musle\/#breadcrumb","itemListElement":[{"@type":"ListItem","position":1,"name":"Home","item":"https:\/\/aureliusjewelry.com\/cs\/"},{"@type":"ListItem","position":2,"name":"Prodejna","item":"https:\/\/aureliusjewelry.com\/cs\/prodejna\/"},{"@type":"ListItem","position":3,"name":"Zlat\u00e9 n\u00e1u\u0161nice ve tvaru mo\u0159sk\u00e9 mu\u0161le"}]},{"@type":"WebSite","@id":"https:\/\/aureliusjewelry.com\/cs\/#website","url":"https:\/\/aureliusjewelry.com\/cs\/","name":"Aurelius Jewelry","description":"Handmade Fine Gold Jewelry","publisher":{"@id":"https:\/\/aureliusjewelry.com\/cs\/#organization"},"potentialAction":[{"@type":"SearchAction","target":{"@type":"EntryPoint","urlTemplate":"https:\/\/aureliusjewelry.com\/cs\/?s={search_term_string}"},"query-input":{"@type":"PropertyValueSpecification","valueRequired":true,"valueName":"search_term_string"}}],"inLanguage":"cs"},{"@type":"Organization","@id":"https:\/\/aureliusjewelry.com\/cs\/#organization","name":"Aurelius Jewelry","url":"https:\/\/aureliusjewelry.com\/cs\/","logo":{"@type":"ImageObject","inLanguage":"cs","@id":"https:\/\/aureliusjewelry.com\/cs\/#\/schema\/logo\/image\/","url":"https:\/\/aureliusjewelry.com\/wp-content\/uploads\/logo.png","contentUrl":"https:\/\/aureliusjewelry.com\/wp-content\/uploads\/logo.png","width":400,"height":64,"caption":"Aurelius Jewelry"},"image":{"@id":"https:\/\/aureliusjewelry.com\/cs\/#\/schema\/logo\/image\/"},"sameAs":["https:\/\/www.facebook.com\/AureliusJewelry\/","https:\/\/x.com\/AureliusJewelry","https:\/\/instagram.com\/aureliusjewelry","https:\/\/www.pinterest.com\/AureliusJewelry\/"],"email":"info@aureliusjewelry.com","foundingDate":"2018-10-01","vatID":"SI10391070","hasMerchantReturnPolicy":{"@type":"MerchantReturnPolicy","merchantReturnLink":"https:\/\/aureliusjewelry.com\/our-policies\/terms-conditions\/"}}]},"og_availability":"backorder","product_availability":"available for order","product_retailer_item_id":"23250","product_condition":"new"},"_links":{"self":[{"href":"https:\/\/aureliusjewelry.com\/cs\/wp-json\/wp\/v2\/product\/25695","targetHints":{"allow":["GET"]}}],"collection":[{"href":"https:\/\/aureliusjewelry.com\/cs\/wp-json\/wp\/v2\/product"}],"about":[{"href":"https:\/\/aureliusjewelry.com\/cs\/wp-json\/wp\/v2\/types\/product"}],"replies":[{"embeddable":true,"href":"https:\/\/aureliusjewelry.com\/cs\/wp-json\/wp\/v2\/comments?post=25695"}],"wp:featuredmedia":[{"embeddable":true,"href":"https:\/\/aureliusjewelry.com\/cs\/wp-json\/wp\/v2\/media\/23255"}],"wp:attachment":[{"href":"https:\/\/aureliusjewelry.com\/cs\/wp-json\/wp\/v2\/media?parent=25695"}],"wp:term":[{"taxonomy":"product_brand","embeddable":true,"href":"https:\/\/aureliusjewelry.com\/cs\/wp-json\/wp\/v2\/product_brand?post=25695"},{"taxonomy":"product_cat","embeddable":true,"href":"https:\/\/aureliusjewelry.com\/cs\/wp-json\/wp\/v2\/product_cat?post=25695"},{"taxonomy":"product_tag","embeddable":true,"href":"https:\/\/aureliusjewelry.com\/cs\/wp-json\/wp\/v2\/product_tag?post=25695"}],"curies":[{"name":"wp","href":"https:\/\/api.w.org\/{rel}","templated":true}]}}