{"id":25632,"date":"2021-03-12T13:37:15","date_gmt":"2021-03-12T11:37:15","guid":{"rendered":"http:\/\/127.0.0.1\/product\/siroky-dvoutonovy-snubni-prsten\/"},"modified":"2026-03-23T19:57:08","modified_gmt":"2026-03-23T17:57:08","slug":"siroky-dvoutonovy-snubni-prsten","status":"publish","type":"product","link":"https:\/\/aureliusjewelry.com\/cs\/siroky-dvoutonovy-snubni-prsten\/","title":{"rendered":"\u0160irok\u00fd dvout\u00f3nov\u00fd snubn\u00ed prsten"},"content":{"rendered":"<p><strong>Velikost a materi\u00e1l prstenu<\/strong><br \/>\n&#8211; 6mm \u0161irok\u00fd (first color 2mm, second color 4mm), 1.5mm siln\u00fd<br \/>\n&#8211; dostupn\u00fd v 585\/1000 (14k) nebo 750\/1000 (18k) \u017elut\u00e9, b\u00edl\u00e9 nebo r\u016f\u017eov\u011b zlat\u00e9 a platinov\u00e9 950\/1000<br \/>\n&#8211; Velikosti US 3-9, men\u0161\u00ed a v\u011bt\u0161\u00ed velikosti d\u011bl\u00e1me na zak\u00e1zku<\/p>\n","protected":false},"excerpt":{"rendered":"<p>Tento stylov\u00fd p\u00e1nsk\u00fd snubn\u00ed prsten je dvout\u00f3nov\u00fd prstene s kontrastn\u00edmi povrchov\u00fdmi \u00fapravami a dr\u00e1\u017ekou, kter\u00e1 se t\u00e1hne po cel\u00e9m obvodu. Existuje mnoho mo\u017enost\u00ed p\u0159izp\u016fsoben\u00ed tohoto prstenu. M\u016f\u017eete si vybrat zlatou barvu jak pro \u0161irokou, tak pro \u00fazkou \u010d\u00e1st prstenu, stejn\u011b jako pro r\u016fzn\u00e9 zbarven\u00ed. Chcete-li, aby tento prsten byl opravdu osobn\u00ed, p\u0159idejte rytinu, kter\u00e1 m\u00e1 pro v\u00e1s jedine\u010dn\u00fd v\u00fdznam. Nebo m\u016f\u017eete m\u00edt uvnit\u0159 sv\u00e9ho prstenu zapu\u0161t\u011bn\u00fd k\u00e1men pro snoubence, abyste vytvo\u0159ili jedine\u010dn\u00fd odkaz, o kter\u00e9m v\u00edte jen vy dva.<\/p>\n","protected":false},"featured_media":22972,"comment_status":"open","ping_status":"closed","template":"","meta":[],"product_brand":[],"product_cat":[648,667,673,665],"product_tag":[1222,709,1246,708],"class_list":{"0":"post-25632","1":"product","2":"type-product","3":"status-publish","4":"has-post-thumbnail","6":"product_cat-gentleman-kolekce","7":"product_cat-panske-snubni-prsteny","8":"product_cat-prsteny","9":"product_cat-snubni-prsteny","10":"product_tag-bez-kamene","11":"product_tag-production_time_3_5-cs","12":"product_tag-prsten","13":"product_tag-rings-cs","15":"first","16":"onbackorder","17":"sold-individually","18":"taxable","19":"shipping-taxable","20":"purchasable","21":"product-type-variable"},"yoast_head":"<title>\u0160irok\u00fd dvout\u00f3nov\u00fd snubn\u00ed prsten - Aurelius Jewelry<\/title>\n<meta name=\"robots\" content=\"index, follow, max-snippet:-1, max-image-preview:large, max-video-preview:-1\" \/>\n<link rel=\"canonical\" href=\"https:\/\/aureliusjewelry.com\/cs\/siroky-dvoutonovy-snubni-prsten\/\" \/>\n<meta property=\"og:locale\" content=\"cs_CZ\" \/>\n<meta property=\"og:type\" content=\"article\" \/>\n<meta property=\"og:title\" content=\"\u0160irok\u00fd dvout\u00f3nov\u00fd snubn\u00ed prsten - Aurelius Jewelry\" \/>\n<meta property=\"og:description\" content=\"%\" \/>\n<meta property=\"og:url\" content=\"https:\/\/aureliusjewelry.com\/cs\/siroky-dvoutonovy-snubni-prsten\/\" \/>\n<meta property=\"og:site_name\" content=\"Aurelius Jewelry\" \/>\n<meta property=\"article:publisher\" content=\"https:\/\/www.facebook.com\/AureliusJewelry\/\" \/>\n<meta property=\"article:modified_time\" content=\"2026-03-23T17:57:08+00:00\" \/>\n<meta property=\"og:image\" content=\"https:\/\/aureliusjewelry.com\/wp-content\/uploads\/dva-ton-svatebni-prsten.jpg\" \/>\n\t<meta property=\"og:image:width\" content=\"1920\" \/>\n\t<meta property=\"og:image:height\" content=\"1440\" \/>\n\t<meta property=\"og:image:type\" content=\"image\/jpeg\" \/>\n<meta name=\"twitter:card\" content=\"summary_large_image\" \/>\n<meta name=\"twitter:site\" content=\"@AureliusJewelry\" \/>\n<script type=\"application\/ld+json\" class=\"yoast-schema-graph\">{\"@context\":\"https:\\\/\\\/schema.org\",\"@graph\":[{\"@type\":\"WebPage\",\"@id\":\"https:\\\/\\\/aureliusjewelry.com\\\/cs\\\/siroky-dvoutonovy-snubni-prsten\\\/\",\"url\":\"https:\\\/\\\/aureliusjewelry.com\\\/cs\\\/siroky-dvoutonovy-snubni-prsten\\\/\",\"name\":\"\u0160irok\u00fd dvout\u00f3nov\u00fd snubn\u00ed prsten - Aurelius Jewelry\",\"isPartOf\":{\"@id\":\"https:\\\/\\\/aureliusjewelry.com\\\/cs\\\/#website\"},\"primaryImageOfPage\":{\"@id\":\"https:\\\/\\\/aureliusjewelry.com\\\/cs\\\/siroky-dvoutonovy-snubni-prsten\\\/#primaryimage\"},\"image\":{\"@id\":\"https:\\\/\\\/aureliusjewelry.com\\\/cs\\\/siroky-dvoutonovy-snubni-prsten\\\/#primaryimage\"},\"thumbnailUrl\":\"https:\\\/\\\/aureliusjewelry.com\\\/wp-content\\\/uploads\\\/dva-ton-svatebni-prsten.jpg\",\"datePublished\":\"2021-03-12T11:37:15+00:00\",\"dateModified\":\"2026-03-23T17:57:08+00:00\",\"breadcrumb\":{\"@id\":\"https:\\\/\\\/aureliusjewelry.com\\\/cs\\\/siroky-dvoutonovy-snubni-prsten\\\/#breadcrumb\"},\"inLanguage\":\"cs\",\"potentialAction\":[{\"@type\":\"ReadAction\",\"target\":[\"https:\\\/\\\/aureliusjewelry.com\\\/cs\\\/siroky-dvoutonovy-snubni-prsten\\\/\"]}]},{\"@type\":\"ImageObject\",\"inLanguage\":\"cs\",\"@id\":\"https:\\\/\\\/aureliusjewelry.com\\\/cs\\\/siroky-dvoutonovy-snubni-prsten\\\/#primaryimage\",\"url\":\"https:\\\/\\\/aureliusjewelry.com\\\/wp-content\\\/uploads\\\/dva-ton-svatebni-prsten.jpg\",\"contentUrl\":\"https:\\\/\\\/aureliusjewelry.com\\\/wp-content\\\/uploads\\\/dva-ton-svatebni-prsten.jpg\",\"width\":1920,\"height\":1440,\"caption\":\"dva t\u00f3n svatebn\u00ed prsten\"},{\"@type\":\"BreadcrumbList\",\"@id\":\"https:\\\/\\\/aureliusjewelry.com\\\/cs\\\/siroky-dvoutonovy-snubni-prsten\\\/#breadcrumb\",\"itemListElement\":[{\"@type\":\"ListItem\",\"position\":1,\"name\":\"Home\",\"item\":\"https:\\\/\\\/aureliusjewelry.com\\\/cs\\\/\"},{\"@type\":\"ListItem\",\"position\":2,\"name\":\"Prodejna\",\"item\":\"https:\\\/\\\/aureliusjewelry.com\\\/cs\\\/prodejna\\\/\"},{\"@type\":\"ListItem\",\"position\":3,\"name\":\"\u0160irok\u00fd dvout\u00f3nov\u00fd snubn\u00ed prsten\"}]},{\"@type\":\"WebSite\",\"@id\":\"https:\\\/\\\/aureliusjewelry.com\\\/cs\\\/#website\",\"url\":\"https:\\\/\\\/aureliusjewelry.com\\\/cs\\\/\",\"name\":\"Aurelius Jewelry\",\"description\":\"Handmade Fine Gold Jewelry\",\"publisher\":{\"@id\":\"https:\\\/\\\/aureliusjewelry.com\\\/cs\\\/#organization\"},\"potentialAction\":[{\"@type\":\"SearchAction\",\"target\":{\"@type\":\"EntryPoint\",\"urlTemplate\":\"https:\\\/\\\/aureliusjewelry.com\\\/cs\\\/?s={search_term_string}\"},\"query-input\":{\"@type\":\"PropertyValueSpecification\",\"valueRequired\":true,\"valueName\":\"search_term_string\"}}],\"inLanguage\":\"cs\"},{\"@type\":\"Organization\",\"@id\":\"https:\\\/\\\/aureliusjewelry.com\\\/cs\\\/#organization\",\"name\":\"Aurelius Jewelry\",\"url\":\"https:\\\/\\\/aureliusjewelry.com\\\/cs\\\/\",\"logo\":{\"@type\":\"ImageObject\",\"inLanguage\":\"cs\",\"@id\":\"https:\\\/\\\/aureliusjewelry.com\\\/cs\\\/#\\\/schema\\\/logo\\\/image\\\/\",\"url\":\"https:\\\/\\\/aureliusjewelry.com\\\/wp-content\\\/uploads\\\/logo.png\",\"contentUrl\":\"https:\\\/\\\/aureliusjewelry.com\\\/wp-content\\\/uploads\\\/logo.png\",\"width\":400,\"height\":64,\"caption\":\"Aurelius Jewelry\"},\"image\":{\"@id\":\"https:\\\/\\\/aureliusjewelry.com\\\/cs\\\/#\\\/schema\\\/logo\\\/image\\\/\"},\"sameAs\":[\"https:\\\/\\\/www.facebook.com\\\/AureliusJewelry\\\/\",\"https:\\\/\\\/x.com\\\/AureliusJewelry\",\"https:\\\/\\\/instagram.com\\\/aureliusjewelry\",\"https:\\\/\\\/www.pinterest.com\\\/AureliusJewelry\\\/\"],\"email\":\"info@aureliusjewelry.com\",\"foundingDate\":\"2018-10-01\",\"vatID\":\"SI10391070\",\"hasMerchantReturnPolicy\":{\"@type\":\"MerchantReturnPolicy\",\"merchantReturnLink\":\"https:\\\/\\\/aureliusjewelry.com\\\/our-policies\\\/terms-conditions\\\/\"}}]}<\/script>\n<meta property=\"og:availability\" content=\"backorder\" \/>\n<meta property=\"product:availability\" content=\"available for order\" \/>\n<meta property=\"product:retailer_item_id\" content=\"22963\" \/>\n<meta property=\"product:condition\" content=\"new\" \/>","yoast_head_json":{"title":"\u0160irok\u00fd dvout\u00f3nov\u00fd snubn\u00ed prsten - Aurelius Jewelry","robots":{"index":"index","follow":"follow","max-snippet":"max-snippet:-1","max-image-preview":"max-image-preview:large","max-video-preview":"max-video-preview:-1"},"canonical":"https:\/\/aureliusjewelry.com\/cs\/siroky-dvoutonovy-snubni-prsten\/","og_locale":"cs_CZ","og_type":"article","og_title":"\u0160irok\u00fd dvout\u00f3nov\u00fd snubn\u00ed prsten - Aurelius Jewelry","og_description":"%","og_url":"https:\/\/aureliusjewelry.com\/cs\/siroky-dvoutonovy-snubni-prsten\/","og_site_name":"Aurelius Jewelry","article_publisher":"https:\/\/www.facebook.com\/AureliusJewelry\/","article_modified_time":"2026-03-23T17:57:08+00:00","og_image":[{"width":1920,"height":1440,"url":"https:\/\/aureliusjewelry.com\/wp-content\/uploads\/dva-ton-svatebni-prsten.jpg","type":"image\/jpeg"}],"twitter_card":"summary_large_image","twitter_site":"@AureliusJewelry","schema":{"@context":"https:\/\/schema.org","@graph":[{"@type":"WebPage","@id":"https:\/\/aureliusjewelry.com\/cs\/siroky-dvoutonovy-snubni-prsten\/","url":"https:\/\/aureliusjewelry.com\/cs\/siroky-dvoutonovy-snubni-prsten\/","name":"\u0160irok\u00fd dvout\u00f3nov\u00fd snubn\u00ed prsten - Aurelius Jewelry","isPartOf":{"@id":"https:\/\/aureliusjewelry.com\/cs\/#website"},"primaryImageOfPage":{"@id":"https:\/\/aureliusjewelry.com\/cs\/siroky-dvoutonovy-snubni-prsten\/#primaryimage"},"image":{"@id":"https:\/\/aureliusjewelry.com\/cs\/siroky-dvoutonovy-snubni-prsten\/#primaryimage"},"thumbnailUrl":"https:\/\/aureliusjewelry.com\/wp-content\/uploads\/dva-ton-svatebni-prsten.jpg","datePublished":"2021-03-12T11:37:15+00:00","dateModified":"2026-03-23T17:57:08+00:00","breadcrumb":{"@id":"https:\/\/aureliusjewelry.com\/cs\/siroky-dvoutonovy-snubni-prsten\/#breadcrumb"},"inLanguage":"cs","potentialAction":[{"@type":"ReadAction","target":["https:\/\/aureliusjewelry.com\/cs\/siroky-dvoutonovy-snubni-prsten\/"]}]},{"@type":"ImageObject","inLanguage":"cs","@id":"https:\/\/aureliusjewelry.com\/cs\/siroky-dvoutonovy-snubni-prsten\/#primaryimage","url":"https:\/\/aureliusjewelry.com\/wp-content\/uploads\/dva-ton-svatebni-prsten.jpg","contentUrl":"https:\/\/aureliusjewelry.com\/wp-content\/uploads\/dva-ton-svatebni-prsten.jpg","width":1920,"height":1440,"caption":"dva t\u00f3n svatebn\u00ed prsten"},{"@type":"BreadcrumbList","@id":"https:\/\/aureliusjewelry.com\/cs\/siroky-dvoutonovy-snubni-prsten\/#breadcrumb","itemListElement":[{"@type":"ListItem","position":1,"name":"Home","item":"https:\/\/aureliusjewelry.com\/cs\/"},{"@type":"ListItem","position":2,"name":"Prodejna","item":"https:\/\/aureliusjewelry.com\/cs\/prodejna\/"},{"@type":"ListItem","position":3,"name":"\u0160irok\u00fd dvout\u00f3nov\u00fd snubn\u00ed prsten"}]},{"@type":"WebSite","@id":"https:\/\/aureliusjewelry.com\/cs\/#website","url":"https:\/\/aureliusjewelry.com\/cs\/","name":"Aurelius Jewelry","description":"Handmade Fine Gold Jewelry","publisher":{"@id":"https:\/\/aureliusjewelry.com\/cs\/#organization"},"potentialAction":[{"@type":"SearchAction","target":{"@type":"EntryPoint","urlTemplate":"https:\/\/aureliusjewelry.com\/cs\/?s={search_term_string}"},"query-input":{"@type":"PropertyValueSpecification","valueRequired":true,"valueName":"search_term_string"}}],"inLanguage":"cs"},{"@type":"Organization","@id":"https:\/\/aureliusjewelry.com\/cs\/#organization","name":"Aurelius Jewelry","url":"https:\/\/aureliusjewelry.com\/cs\/","logo":{"@type":"ImageObject","inLanguage":"cs","@id":"https:\/\/aureliusjewelry.com\/cs\/#\/schema\/logo\/image\/","url":"https:\/\/aureliusjewelry.com\/wp-content\/uploads\/logo.png","contentUrl":"https:\/\/aureliusjewelry.com\/wp-content\/uploads\/logo.png","width":400,"height":64,"caption":"Aurelius Jewelry"},"image":{"@id":"https:\/\/aureliusjewelry.com\/cs\/#\/schema\/logo\/image\/"},"sameAs":["https:\/\/www.facebook.com\/AureliusJewelry\/","https:\/\/x.com\/AureliusJewelry","https:\/\/instagram.com\/aureliusjewelry","https:\/\/www.pinterest.com\/AureliusJewelry\/"],"email":"info@aureliusjewelry.com","foundingDate":"2018-10-01","vatID":"SI10391070","hasMerchantReturnPolicy":{"@type":"MerchantReturnPolicy","merchantReturnLink":"https:\/\/aureliusjewelry.com\/our-policies\/terms-conditions\/"}}]},"og_availability":"backorder","product_availability":"available for order","product_retailer_item_id":"22963","product_condition":"new"},"_links":{"self":[{"href":"https:\/\/aureliusjewelry.com\/cs\/wp-json\/wp\/v2\/product\/25632","targetHints":{"allow":["GET"]}}],"collection":[{"href":"https:\/\/aureliusjewelry.com\/cs\/wp-json\/wp\/v2\/product"}],"about":[{"href":"https:\/\/aureliusjewelry.com\/cs\/wp-json\/wp\/v2\/types\/product"}],"replies":[{"embeddable":true,"href":"https:\/\/aureliusjewelry.com\/cs\/wp-json\/wp\/v2\/comments?post=25632"}],"wp:featuredmedia":[{"embeddable":true,"href":"https:\/\/aureliusjewelry.com\/cs\/wp-json\/wp\/v2\/media\/22972"}],"wp:attachment":[{"href":"https:\/\/aureliusjewelry.com\/cs\/wp-json\/wp\/v2\/media?parent=25632"}],"wp:term":[{"taxonomy":"product_brand","embeddable":true,"href":"https:\/\/aureliusjewelry.com\/cs\/wp-json\/wp\/v2\/product_brand?post=25632"},{"taxonomy":"product_cat","embeddable":true,"href":"https:\/\/aureliusjewelry.com\/cs\/wp-json\/wp\/v2\/product_cat?post=25632"},{"taxonomy":"product_tag","embeddable":true,"href":"https:\/\/aureliusjewelry.com\/cs\/wp-json\/wp\/v2\/product_tag?post=25632"}],"curies":[{"name":"wp","href":"https:\/\/api.w.org\/{rel}","templated":true}]}}