{"id":25624,"date":"2021-03-12T13:30:25","date_gmt":"2021-03-12T11:30:25","guid":{"rendered":"http:\/\/127.0.0.1\/product\/kulaty-snubni-prsten-prizpusobeny-tetovanim-na-prstum\/"},"modified":"2026-03-23T19:57:18","modified_gmt":"2026-03-23T17:57:18","slug":"kulaty-snubni-prsten-prizpusobeny-tetovanim-na-prstum","status":"publish","type":"product","link":"https:\/\/aureliusjewelry.com\/cs\/kulaty-snubni-prsten-prizpusobeny-tetovanim-na-prstum\/","title":{"rendered":"Kulat\u00fd snubn\u00ed prsten p\u0159izp\u016fsoben\u00fd tetov\u00e1n\u00edm na prst\u016fm"},"content":{"rendered":"<p><strong>Velikost a materi\u00e1l prstenu<\/strong><br \/>\n\u2013 oval: approx. 14x10mm<br \/>\n\u2013 1.5mm \u0161irok\u00fd, 1,6mm siln\u00fd<br \/>\n\u2013 dostupn\u00fd v 585\/1000 (14k) nebo 750\/1000 (18k) \u017elut\u00e9, b\u00edl\u00e9 nebo r\u016f\u017eov\u011b zlat\u00e9 a platinov\u00e9 950\/1000<br \/>\n\u2013 Velikosti US 3-9, men\u0161\u00ed a v\u011bt\u0161\u00ed velikosti d\u011bl\u00e1me na zak\u00e1zku<\/p>\n","protected":false},"excerpt":{"rendered":"<p>M\u00e1te tetov\u00e1n\u00ed na prstu, kter\u00e9 nechcete zakr\u00fdt klasick\u00fdm snubn\u00edm prstenem? Pak je tento minimalistick\u00fd kruhov\u00fd prsten tou pravou volbou, kterou m\u016f\u017eete nosit jako symbol jednoty. Hlavn\u00ed tvar lze tak\u00e9 upravit tak, aby l\u00e9pe vyhovoval va\u0161emu tetov\u00e1n\u00ed. Chcete-li to zajistit, kontaktujte n\u00e1s s \u017e\u00e1dost\u00ed o p\u0159izp\u016fsoben\u00ed.<\/p>\n","protected":false},"featured_media":22944,"comment_status":"open","ping_status":"closed","template":"","meta":[],"product_brand":[],"product_cat":[674,1421,673,665],"product_tag":[1222],"class_list":{"0":"post-25624","1":"product","2":"type-product","3":"status-publish","4":"has-post-thumbnail","6":"product_cat-damske-snubni-prsteny","7":"product_cat-jednoduche-snubni-prsteny","8":"product_cat-prsteny","9":"product_cat-snubni-prsteny","10":"product_tag-bez-kamene","12":"first","13":"instock","14":"sold-individually","15":"taxable","16":"shipping-taxable","17":"purchasable","18":"product-type-variable"},"yoast_head":"<title>Kulat\u00fd snubn\u00ed prsten p\u0159izp\u016fsoben\u00fd tetov\u00e1n\u00edm na prst\u016fm - Aurelius Jewelry<\/title>\n<meta name=\"robots\" content=\"index, follow, max-snippet:-1, max-image-preview:large, max-video-preview:-1\" \/>\n<link rel=\"canonical\" href=\"https:\/\/aureliusjewelry.com\/cs\/kulaty-snubni-prsten-prizpusobeny-tetovanim-na-prstum\/\" \/>\n<meta property=\"og:locale\" content=\"cs_CZ\" \/>\n<meta property=\"og:type\" content=\"article\" \/>\n<meta property=\"og:title\" content=\"Kulat\u00fd snubn\u00ed prsten p\u0159izp\u016fsoben\u00fd tetov\u00e1n\u00edm na prst\u016fm - Aurelius Jewelry\" \/>\n<meta property=\"og:description\" content=\"%\" \/>\n<meta property=\"og:url\" content=\"https:\/\/aureliusjewelry.com\/cs\/kulaty-snubni-prsten-prizpusobeny-tetovanim-na-prstum\/\" \/>\n<meta property=\"og:site_name\" content=\"Aurelius Jewelry\" \/>\n<meta property=\"article:publisher\" content=\"https:\/\/www.facebook.com\/AureliusJewelry\/\" \/>\n<meta property=\"article:modified_time\" content=\"2026-03-23T17:57:18+00:00\" \/>\n<meta property=\"og:image\" content=\"https:\/\/aureliusjewelry.com\/wp-content\/uploads\/otevreno-kruh-svatebni-prsten.jpg\" \/>\n\t<meta property=\"og:image:width\" content=\"1920\" \/>\n\t<meta property=\"og:image:height\" content=\"1440\" \/>\n\t<meta property=\"og:image:type\" content=\"image\/jpeg\" \/>\n<meta name=\"twitter:card\" content=\"summary_large_image\" \/>\n<meta name=\"twitter:site\" content=\"@AureliusJewelry\" \/>\n<script type=\"application\/ld+json\" class=\"yoast-schema-graph\">{\"@context\":\"https:\\\/\\\/schema.org\",\"@graph\":[{\"@type\":\"WebPage\",\"@id\":\"https:\\\/\\\/aureliusjewelry.com\\\/cs\\\/kulaty-snubni-prsten-prizpusobeny-tetovanim-na-prstum\\\/\",\"url\":\"https:\\\/\\\/aureliusjewelry.com\\\/cs\\\/kulaty-snubni-prsten-prizpusobeny-tetovanim-na-prstum\\\/\",\"name\":\"Kulat\u00fd snubn\u00ed prsten p\u0159izp\u016fsoben\u00fd tetov\u00e1n\u00edm na prst\u016fm - Aurelius Jewelry\",\"isPartOf\":{\"@id\":\"https:\\\/\\\/aureliusjewelry.com\\\/cs\\\/#website\"},\"primaryImageOfPage\":{\"@id\":\"https:\\\/\\\/aureliusjewelry.com\\\/cs\\\/kulaty-snubni-prsten-prizpusobeny-tetovanim-na-prstum\\\/#primaryimage\"},\"image\":{\"@id\":\"https:\\\/\\\/aureliusjewelry.com\\\/cs\\\/kulaty-snubni-prsten-prizpusobeny-tetovanim-na-prstum\\\/#primaryimage\"},\"thumbnailUrl\":\"https:\\\/\\\/aureliusjewelry.com\\\/wp-content\\\/uploads\\\/otevreno-kruh-svatebni-prsten.jpg\",\"datePublished\":\"2021-03-12T11:30:25+00:00\",\"dateModified\":\"2026-03-23T17:57:18+00:00\",\"breadcrumb\":{\"@id\":\"https:\\\/\\\/aureliusjewelry.com\\\/cs\\\/kulaty-snubni-prsten-prizpusobeny-tetovanim-na-prstum\\\/#breadcrumb\"},\"inLanguage\":\"cs\",\"potentialAction\":[{\"@type\":\"ReadAction\",\"target\":[\"https:\\\/\\\/aureliusjewelry.com\\\/cs\\\/kulaty-snubni-prsten-prizpusobeny-tetovanim-na-prstum\\\/\"]}]},{\"@type\":\"ImageObject\",\"inLanguage\":\"cs\",\"@id\":\"https:\\\/\\\/aureliusjewelry.com\\\/cs\\\/kulaty-snubni-prsten-prizpusobeny-tetovanim-na-prstum\\\/#primaryimage\",\"url\":\"https:\\\/\\\/aureliusjewelry.com\\\/wp-content\\\/uploads\\\/otevreno-kruh-svatebni-prsten.jpg\",\"contentUrl\":\"https:\\\/\\\/aureliusjewelry.com\\\/wp-content\\\/uploads\\\/otevreno-kruh-svatebni-prsten.jpg\",\"width\":1920,\"height\":1440,\"caption\":\"otev\u0159eno kruh svatebn\u00ed prsten\"},{\"@type\":\"BreadcrumbList\",\"@id\":\"https:\\\/\\\/aureliusjewelry.com\\\/cs\\\/kulaty-snubni-prsten-prizpusobeny-tetovanim-na-prstum\\\/#breadcrumb\",\"itemListElement\":[{\"@type\":\"ListItem\",\"position\":1,\"name\":\"Home\",\"item\":\"https:\\\/\\\/aureliusjewelry.com\\\/cs\\\/\"},{\"@type\":\"ListItem\",\"position\":2,\"name\":\"Prodejna\",\"item\":\"https:\\\/\\\/aureliusjewelry.com\\\/cs\\\/prodejna\\\/\"},{\"@type\":\"ListItem\",\"position\":3,\"name\":\"Kulat\u00fd snubn\u00ed prsten p\u0159izp\u016fsoben\u00fd tetov\u00e1n\u00edm na prst\u016fm\"}]},{\"@type\":\"WebSite\",\"@id\":\"https:\\\/\\\/aureliusjewelry.com\\\/cs\\\/#website\",\"url\":\"https:\\\/\\\/aureliusjewelry.com\\\/cs\\\/\",\"name\":\"Aurelius Jewelry\",\"description\":\"Handmade Fine Gold Jewelry\",\"publisher\":{\"@id\":\"https:\\\/\\\/aureliusjewelry.com\\\/cs\\\/#organization\"},\"potentialAction\":[{\"@type\":\"SearchAction\",\"target\":{\"@type\":\"EntryPoint\",\"urlTemplate\":\"https:\\\/\\\/aureliusjewelry.com\\\/cs\\\/?s={search_term_string}\"},\"query-input\":{\"@type\":\"PropertyValueSpecification\",\"valueRequired\":true,\"valueName\":\"search_term_string\"}}],\"inLanguage\":\"cs\"},{\"@type\":\"Organization\",\"@id\":\"https:\\\/\\\/aureliusjewelry.com\\\/cs\\\/#organization\",\"name\":\"Aurelius Jewelry\",\"url\":\"https:\\\/\\\/aureliusjewelry.com\\\/cs\\\/\",\"logo\":{\"@type\":\"ImageObject\",\"inLanguage\":\"cs\",\"@id\":\"https:\\\/\\\/aureliusjewelry.com\\\/cs\\\/#\\\/schema\\\/logo\\\/image\\\/\",\"url\":\"https:\\\/\\\/aureliusjewelry.com\\\/wp-content\\\/uploads\\\/logo.png\",\"contentUrl\":\"https:\\\/\\\/aureliusjewelry.com\\\/wp-content\\\/uploads\\\/logo.png\",\"width\":400,\"height\":64,\"caption\":\"Aurelius Jewelry\"},\"image\":{\"@id\":\"https:\\\/\\\/aureliusjewelry.com\\\/cs\\\/#\\\/schema\\\/logo\\\/image\\\/\"},\"sameAs\":[\"https:\\\/\\\/www.facebook.com\\\/AureliusJewelry\\\/\",\"https:\\\/\\\/x.com\\\/AureliusJewelry\",\"https:\\\/\\\/instagram.com\\\/aureliusjewelry\",\"https:\\\/\\\/www.pinterest.com\\\/AureliusJewelry\\\/\"],\"email\":\"info@aureliusjewelry.com\",\"foundingDate\":\"2018-10-01\",\"vatID\":\"SI10391070\",\"hasMerchantReturnPolicy\":{\"@type\":\"MerchantReturnPolicy\",\"merchantReturnLink\":\"https:\\\/\\\/aureliusjewelry.com\\\/our-policies\\\/terms-conditions\\\/\"}}]}<\/script>\n<meta property=\"og:availability\" content=\"instock\" \/>\n<meta property=\"product:availability\" content=\"instock\" \/>\n<meta property=\"product:retailer_item_id\" content=\"22935\" \/>\n<meta property=\"product:condition\" content=\"new\" \/>","yoast_head_json":{"title":"Kulat\u00fd snubn\u00ed prsten p\u0159izp\u016fsoben\u00fd tetov\u00e1n\u00edm na prst\u016fm - Aurelius Jewelry","robots":{"index":"index","follow":"follow","max-snippet":"max-snippet:-1","max-image-preview":"max-image-preview:large","max-video-preview":"max-video-preview:-1"},"canonical":"https:\/\/aureliusjewelry.com\/cs\/kulaty-snubni-prsten-prizpusobeny-tetovanim-na-prstum\/","og_locale":"cs_CZ","og_type":"article","og_title":"Kulat\u00fd snubn\u00ed prsten p\u0159izp\u016fsoben\u00fd tetov\u00e1n\u00edm na prst\u016fm - Aurelius Jewelry","og_description":"%","og_url":"https:\/\/aureliusjewelry.com\/cs\/kulaty-snubni-prsten-prizpusobeny-tetovanim-na-prstum\/","og_site_name":"Aurelius Jewelry","article_publisher":"https:\/\/www.facebook.com\/AureliusJewelry\/","article_modified_time":"2026-03-23T17:57:18+00:00","og_image":[{"width":1920,"height":1440,"url":"https:\/\/aureliusjewelry.com\/wp-content\/uploads\/otevreno-kruh-svatebni-prsten.jpg","type":"image\/jpeg"}],"twitter_card":"summary_large_image","twitter_site":"@AureliusJewelry","schema":{"@context":"https:\/\/schema.org","@graph":[{"@type":"WebPage","@id":"https:\/\/aureliusjewelry.com\/cs\/kulaty-snubni-prsten-prizpusobeny-tetovanim-na-prstum\/","url":"https:\/\/aureliusjewelry.com\/cs\/kulaty-snubni-prsten-prizpusobeny-tetovanim-na-prstum\/","name":"Kulat\u00fd snubn\u00ed prsten p\u0159izp\u016fsoben\u00fd tetov\u00e1n\u00edm na prst\u016fm - Aurelius Jewelry","isPartOf":{"@id":"https:\/\/aureliusjewelry.com\/cs\/#website"},"primaryImageOfPage":{"@id":"https:\/\/aureliusjewelry.com\/cs\/kulaty-snubni-prsten-prizpusobeny-tetovanim-na-prstum\/#primaryimage"},"image":{"@id":"https:\/\/aureliusjewelry.com\/cs\/kulaty-snubni-prsten-prizpusobeny-tetovanim-na-prstum\/#primaryimage"},"thumbnailUrl":"https:\/\/aureliusjewelry.com\/wp-content\/uploads\/otevreno-kruh-svatebni-prsten.jpg","datePublished":"2021-03-12T11:30:25+00:00","dateModified":"2026-03-23T17:57:18+00:00","breadcrumb":{"@id":"https:\/\/aureliusjewelry.com\/cs\/kulaty-snubni-prsten-prizpusobeny-tetovanim-na-prstum\/#breadcrumb"},"inLanguage":"cs","potentialAction":[{"@type":"ReadAction","target":["https:\/\/aureliusjewelry.com\/cs\/kulaty-snubni-prsten-prizpusobeny-tetovanim-na-prstum\/"]}]},{"@type":"ImageObject","inLanguage":"cs","@id":"https:\/\/aureliusjewelry.com\/cs\/kulaty-snubni-prsten-prizpusobeny-tetovanim-na-prstum\/#primaryimage","url":"https:\/\/aureliusjewelry.com\/wp-content\/uploads\/otevreno-kruh-svatebni-prsten.jpg","contentUrl":"https:\/\/aureliusjewelry.com\/wp-content\/uploads\/otevreno-kruh-svatebni-prsten.jpg","width":1920,"height":1440,"caption":"otev\u0159eno kruh svatebn\u00ed prsten"},{"@type":"BreadcrumbList","@id":"https:\/\/aureliusjewelry.com\/cs\/kulaty-snubni-prsten-prizpusobeny-tetovanim-na-prstum\/#breadcrumb","itemListElement":[{"@type":"ListItem","position":1,"name":"Home","item":"https:\/\/aureliusjewelry.com\/cs\/"},{"@type":"ListItem","position":2,"name":"Prodejna","item":"https:\/\/aureliusjewelry.com\/cs\/prodejna\/"},{"@type":"ListItem","position":3,"name":"Kulat\u00fd snubn\u00ed prsten p\u0159izp\u016fsoben\u00fd tetov\u00e1n\u00edm na prst\u016fm"}]},{"@type":"WebSite","@id":"https:\/\/aureliusjewelry.com\/cs\/#website","url":"https:\/\/aureliusjewelry.com\/cs\/","name":"Aurelius Jewelry","description":"Handmade Fine Gold Jewelry","publisher":{"@id":"https:\/\/aureliusjewelry.com\/cs\/#organization"},"potentialAction":[{"@type":"SearchAction","target":{"@type":"EntryPoint","urlTemplate":"https:\/\/aureliusjewelry.com\/cs\/?s={search_term_string}"},"query-input":{"@type":"PropertyValueSpecification","valueRequired":true,"valueName":"search_term_string"}}],"inLanguage":"cs"},{"@type":"Organization","@id":"https:\/\/aureliusjewelry.com\/cs\/#organization","name":"Aurelius Jewelry","url":"https:\/\/aureliusjewelry.com\/cs\/","logo":{"@type":"ImageObject","inLanguage":"cs","@id":"https:\/\/aureliusjewelry.com\/cs\/#\/schema\/logo\/image\/","url":"https:\/\/aureliusjewelry.com\/wp-content\/uploads\/logo.png","contentUrl":"https:\/\/aureliusjewelry.com\/wp-content\/uploads\/logo.png","width":400,"height":64,"caption":"Aurelius Jewelry"},"image":{"@id":"https:\/\/aureliusjewelry.com\/cs\/#\/schema\/logo\/image\/"},"sameAs":["https:\/\/www.facebook.com\/AureliusJewelry\/","https:\/\/x.com\/AureliusJewelry","https:\/\/instagram.com\/aureliusjewelry","https:\/\/www.pinterest.com\/AureliusJewelry\/"],"email":"info@aureliusjewelry.com","foundingDate":"2018-10-01","vatID":"SI10391070","hasMerchantReturnPolicy":{"@type":"MerchantReturnPolicy","merchantReturnLink":"https:\/\/aureliusjewelry.com\/our-policies\/terms-conditions\/"}}]},"og_availability":"instock","product_availability":"instock","product_retailer_item_id":"22935","product_condition":"new"},"_links":{"self":[{"href":"https:\/\/aureliusjewelry.com\/cs\/wp-json\/wp\/v2\/product\/25624","targetHints":{"allow":["GET"]}}],"collection":[{"href":"https:\/\/aureliusjewelry.com\/cs\/wp-json\/wp\/v2\/product"}],"about":[{"href":"https:\/\/aureliusjewelry.com\/cs\/wp-json\/wp\/v2\/types\/product"}],"replies":[{"embeddable":true,"href":"https:\/\/aureliusjewelry.com\/cs\/wp-json\/wp\/v2\/comments?post=25624"}],"wp:featuredmedia":[{"embeddable":true,"href":"https:\/\/aureliusjewelry.com\/cs\/wp-json\/wp\/v2\/media\/22944"}],"wp:attachment":[{"href":"https:\/\/aureliusjewelry.com\/cs\/wp-json\/wp\/v2\/media?parent=25624"}],"wp:term":[{"taxonomy":"product_brand","embeddable":true,"href":"https:\/\/aureliusjewelry.com\/cs\/wp-json\/wp\/v2\/product_brand?post=25624"},{"taxonomy":"product_cat","embeddable":true,"href":"https:\/\/aureliusjewelry.com\/cs\/wp-json\/wp\/v2\/product_cat?post=25624"},{"taxonomy":"product_tag","embeddable":true,"href":"https:\/\/aureliusjewelry.com\/cs\/wp-json\/wp\/v2\/product_tag?post=25624"}],"curies":[{"name":"wp","href":"https:\/\/api.w.org\/{rel}","templated":true}]}}