{"id":25480,"date":"2021-03-11T22:24:57","date_gmt":"2021-03-11T20:24:57","guid":{"rendered":"http:\/\/127.0.0.1\/product\/snubni-chevronovy-prstynek-s-markyzovymi-diamanty\/"},"modified":"2026-03-23T20:18:26","modified_gmt":"2026-03-23T18:18:26","slug":"snubni-chevronovy-prstynek-s-markyzovymi-diamanty","status":"publish","type":"product","link":"https:\/\/aureliusjewelry.com\/cs\/snubni-chevronovy-prstynek-s-markyzovymi-diamanty\/","title":{"rendered":"Snubn\u00ed chevronov\u00fd prst\u00fdnek s mark\u00fdzov\u00fdmi diamanty"},"content":{"rendered":"<p><strong>Kameny<\/strong><br \/>\n\u2013 mark\u00fdza a kulat\u00e9 diamanty<br \/>\n\u2013 p\u0159ibli\u017en\u011b 3\u00d71.5mm (2), 1.25mm, 1mm (2)<br \/>\n\u2013 F\/G barva, VS kvalita, bezkonfliktn\u00ed a etick\u00e9<\/p>\n<p><strong>Velikost a materi\u00e1l prstenu<\/strong><br \/>\n\u2013 p\u0159ibli\u017en\u011b 1.5mm \u0161irok\u00fd, 1.6mm siln\u00fd<br \/>\n\u2013 dostupn\u00fd v 585\/1000 (14k) nebo 750\/1000 (18k) \u017elut\u00e9, b\u00edl\u00e9 nebo r\u016f\u017eov\u011b zlat\u00e9 a platinov\u00e9 950\/1000<br \/>\n\u2013 Velikosti US 3-9, men\u0161\u00ed a v\u011bt\u0161\u00ed velikosti d\u011bl\u00e1me na zak\u00e1zku<\/p>\n","protected":false},"excerpt":{"rendered":"<p>St\u00e1le v\u00edce nev\u011bst se rozhoduje kombinovat sv\u016fj z\u00e1snubn\u00ed prsten se stohovac\u00edm snubn\u00edm prstenem a vytvo\u0159it tak modern\u00ed svatebn\u00ed prsten s kr\u00e1sn\u00fdm, vrstven\u00fdm vzhledem. Obl\u00edbenou volbou pro na\u0161eho z\u00e1kazn\u00edka je tato mark\u00fdzov\u00fd diamantov\u00fd snubn\u00ed prsten ve tvaru p\u00edsmene V, kter\u00fd m\u00e1 tu spr\u00e1vnou jiskru. Prsten lze tak\u00e9 upravit tak, aby se ve\u0161el na jeden z va\u0161ich prsten\u016f. Chcete-li to zajistit, kontaktujte n\u00e1s s \u017e\u00e1dost\u00ed o p\u0159izp\u016fsoben\u00ed.<\/p>\n","protected":false},"featured_media":22213,"comment_status":"open","ping_status":"closed","template":"","meta":[],"product_brand":[],"product_cat":[674,1390,673,1387,665,647,1425],"product_tag":[1171,709,1246,708],"class_list":{"0":"post-25480","1":"product","2":"type-product","3":"status-publish","4":"has-post-thumbnail","6":"product_cat-damske-snubni-prsteny","7":"product_cat-korunni-snubni-prsten","8":"product_cat-prsteny","9":"product_cat-snubni-prsten-chevron","10":"product_cat-snubni-prsteny","11":"product_cat-stackable-kolekce","12":"product_cat-stohovani-snubni-prsten","13":"product_tag-diamant","14":"product_tag-production_time_3_5-cs","15":"product_tag-prsten","16":"product_tag-rings-cs","18":"first","19":"onbackorder","20":"sold-individually","21":"taxable","22":"shipping-taxable","23":"purchasable","24":"product-type-variable"},"yoast_head":"<title>Snubn\u00ed chevronov\u00fd prst\u00fdnek s mark\u00fdzov\u00fdmi diamanty - Aurelius Jewelry<\/title>\n<meta name=\"robots\" content=\"index, follow, max-snippet:-1, max-image-preview:large, max-video-preview:-1\" \/>\n<link rel=\"canonical\" href=\"https:\/\/aureliusjewelry.com\/cs\/snubni-chevronovy-prstynek-s-markyzovymi-diamanty\/\" \/>\n<meta property=\"og:locale\" content=\"cs_CZ\" \/>\n<meta property=\"og:type\" content=\"article\" \/>\n<meta property=\"og:title\" content=\"Snubn\u00ed chevronov\u00fd prst\u00fdnek s mark\u00fdzov\u00fdmi diamanty - Aurelius Jewelry\" \/>\n<meta property=\"og:description\" content=\"%\" \/>\n<meta property=\"og:url\" content=\"https:\/\/aureliusjewelry.com\/cs\/snubni-chevronovy-prstynek-s-markyzovymi-diamanty\/\" \/>\n<meta property=\"og:site_name\" content=\"Aurelius Jewelry\" \/>\n<meta property=\"article:publisher\" content=\"https:\/\/www.facebook.com\/AureliusJewelry\/\" \/>\n<meta property=\"article:modified_time\" content=\"2026-03-23T18:18:26+00:00\" \/>\n<meta property=\"og:image\" content=\"https:\/\/aureliusjewelry.com\/wp-content\/uploads\/marquise-diamant-krokev-svatebni-prsten.jpg\" \/>\n\t<meta property=\"og:image:width\" content=\"1920\" \/>\n\t<meta property=\"og:image:height\" content=\"1440\" \/>\n\t<meta property=\"og:image:type\" content=\"image\/jpeg\" \/>\n<meta name=\"twitter:card\" content=\"summary_large_image\" \/>\n<meta name=\"twitter:site\" content=\"@AureliusJewelry\" \/>\n<script type=\"application\/ld+json\" class=\"yoast-schema-graph\">{\"@context\":\"https:\\\/\\\/schema.org\",\"@graph\":[{\"@type\":\"WebPage\",\"@id\":\"https:\\\/\\\/aureliusjewelry.com\\\/cs\\\/snubni-chevronovy-prstynek-s-markyzovymi-diamanty\\\/\",\"url\":\"https:\\\/\\\/aureliusjewelry.com\\\/cs\\\/snubni-chevronovy-prstynek-s-markyzovymi-diamanty\\\/\",\"name\":\"Snubn\u00ed chevronov\u00fd prst\u00fdnek s mark\u00fdzov\u00fdmi diamanty - Aurelius Jewelry\",\"isPartOf\":{\"@id\":\"https:\\\/\\\/aureliusjewelry.com\\\/cs\\\/#website\"},\"primaryImageOfPage\":{\"@id\":\"https:\\\/\\\/aureliusjewelry.com\\\/cs\\\/snubni-chevronovy-prstynek-s-markyzovymi-diamanty\\\/#primaryimage\"},\"image\":{\"@id\":\"https:\\\/\\\/aureliusjewelry.com\\\/cs\\\/snubni-chevronovy-prstynek-s-markyzovymi-diamanty\\\/#primaryimage\"},\"thumbnailUrl\":\"https:\\\/\\\/aureliusjewelry.com\\\/wp-content\\\/uploads\\\/marquise-diamant-krokev-svatebni-prsten.jpg\",\"datePublished\":\"2021-03-11T20:24:57+00:00\",\"dateModified\":\"2026-03-23T18:18:26+00:00\",\"breadcrumb\":{\"@id\":\"https:\\\/\\\/aureliusjewelry.com\\\/cs\\\/snubni-chevronovy-prstynek-s-markyzovymi-diamanty\\\/#breadcrumb\"},\"inLanguage\":\"cs\",\"potentialAction\":[{\"@type\":\"ReadAction\",\"target\":[\"https:\\\/\\\/aureliusjewelry.com\\\/cs\\\/snubni-chevronovy-prstynek-s-markyzovymi-diamanty\\\/\"]}]},{\"@type\":\"ImageObject\",\"inLanguage\":\"cs\",\"@id\":\"https:\\\/\\\/aureliusjewelry.com\\\/cs\\\/snubni-chevronovy-prstynek-s-markyzovymi-diamanty\\\/#primaryimage\",\"url\":\"https:\\\/\\\/aureliusjewelry.com\\\/wp-content\\\/uploads\\\/marquise-diamant-krokev-svatebni-prsten.jpg\",\"contentUrl\":\"https:\\\/\\\/aureliusjewelry.com\\\/wp-content\\\/uploads\\\/marquise-diamant-krokev-svatebni-prsten.jpg\",\"width\":1920,\"height\":1440,\"caption\":\"marquise diamant krokev svatebn\u00ed prsten\"},{\"@type\":\"BreadcrumbList\",\"@id\":\"https:\\\/\\\/aureliusjewelry.com\\\/cs\\\/snubni-chevronovy-prstynek-s-markyzovymi-diamanty\\\/#breadcrumb\",\"itemListElement\":[{\"@type\":\"ListItem\",\"position\":1,\"name\":\"Home\",\"item\":\"https:\\\/\\\/aureliusjewelry.com\\\/cs\\\/\"},{\"@type\":\"ListItem\",\"position\":2,\"name\":\"Prodejna\",\"item\":\"https:\\\/\\\/aureliusjewelry.com\\\/cs\\\/prodejna\\\/\"},{\"@type\":\"ListItem\",\"position\":3,\"name\":\"Snubn\u00ed chevronov\u00fd prst\u00fdnek s mark\u00fdzov\u00fdmi diamanty\"}]},{\"@type\":\"WebSite\",\"@id\":\"https:\\\/\\\/aureliusjewelry.com\\\/cs\\\/#website\",\"url\":\"https:\\\/\\\/aureliusjewelry.com\\\/cs\\\/\",\"name\":\"Aurelius Jewelry\",\"description\":\"Handmade Fine Gold Jewelry\",\"publisher\":{\"@id\":\"https:\\\/\\\/aureliusjewelry.com\\\/cs\\\/#organization\"},\"potentialAction\":[{\"@type\":\"SearchAction\",\"target\":{\"@type\":\"EntryPoint\",\"urlTemplate\":\"https:\\\/\\\/aureliusjewelry.com\\\/cs\\\/?s={search_term_string}\"},\"query-input\":{\"@type\":\"PropertyValueSpecification\",\"valueRequired\":true,\"valueName\":\"search_term_string\"}}],\"inLanguage\":\"cs\"},{\"@type\":\"Organization\",\"@id\":\"https:\\\/\\\/aureliusjewelry.com\\\/cs\\\/#organization\",\"name\":\"Aurelius Jewelry\",\"url\":\"https:\\\/\\\/aureliusjewelry.com\\\/cs\\\/\",\"logo\":{\"@type\":\"ImageObject\",\"inLanguage\":\"cs\",\"@id\":\"https:\\\/\\\/aureliusjewelry.com\\\/cs\\\/#\\\/schema\\\/logo\\\/image\\\/\",\"url\":\"https:\\\/\\\/aureliusjewelry.com\\\/wp-content\\\/uploads\\\/logo.png\",\"contentUrl\":\"https:\\\/\\\/aureliusjewelry.com\\\/wp-content\\\/uploads\\\/logo.png\",\"width\":400,\"height\":64,\"caption\":\"Aurelius Jewelry\"},\"image\":{\"@id\":\"https:\\\/\\\/aureliusjewelry.com\\\/cs\\\/#\\\/schema\\\/logo\\\/image\\\/\"},\"sameAs\":[\"https:\\\/\\\/www.facebook.com\\\/AureliusJewelry\\\/\",\"https:\\\/\\\/x.com\\\/AureliusJewelry\",\"https:\\\/\\\/instagram.com\\\/aureliusjewelry\",\"https:\\\/\\\/www.pinterest.com\\\/AureliusJewelry\\\/\"],\"email\":\"info@aureliusjewelry.com\",\"foundingDate\":\"2018-10-01\",\"vatID\":\"SI10391070\",\"hasMerchantReturnPolicy\":{\"@type\":\"MerchantReturnPolicy\",\"merchantReturnLink\":\"https:\\\/\\\/aureliusjewelry.com\\\/our-policies\\\/terms-conditions\\\/\"}}]}<\/script>\n<meta property=\"og:availability\" content=\"backorder\" \/>\n<meta property=\"product:availability\" content=\"available for order\" \/>\n<meta property=\"product:retailer_item_id\" content=\"22204\" \/>\n<meta property=\"product:condition\" content=\"new\" \/>","yoast_head_json":{"title":"Snubn\u00ed chevronov\u00fd prst\u00fdnek s mark\u00fdzov\u00fdmi diamanty - Aurelius Jewelry","robots":{"index":"index","follow":"follow","max-snippet":"max-snippet:-1","max-image-preview":"max-image-preview:large","max-video-preview":"max-video-preview:-1"},"canonical":"https:\/\/aureliusjewelry.com\/cs\/snubni-chevronovy-prstynek-s-markyzovymi-diamanty\/","og_locale":"cs_CZ","og_type":"article","og_title":"Snubn\u00ed chevronov\u00fd prst\u00fdnek s mark\u00fdzov\u00fdmi diamanty - Aurelius Jewelry","og_description":"%","og_url":"https:\/\/aureliusjewelry.com\/cs\/snubni-chevronovy-prstynek-s-markyzovymi-diamanty\/","og_site_name":"Aurelius Jewelry","article_publisher":"https:\/\/www.facebook.com\/AureliusJewelry\/","article_modified_time":"2026-03-23T18:18:26+00:00","og_image":[{"width":1920,"height":1440,"url":"https:\/\/aureliusjewelry.com\/wp-content\/uploads\/marquise-diamant-krokev-svatebni-prsten.jpg","type":"image\/jpeg"}],"twitter_card":"summary_large_image","twitter_site":"@AureliusJewelry","schema":{"@context":"https:\/\/schema.org","@graph":[{"@type":"WebPage","@id":"https:\/\/aureliusjewelry.com\/cs\/snubni-chevronovy-prstynek-s-markyzovymi-diamanty\/","url":"https:\/\/aureliusjewelry.com\/cs\/snubni-chevronovy-prstynek-s-markyzovymi-diamanty\/","name":"Snubn\u00ed chevronov\u00fd prst\u00fdnek s mark\u00fdzov\u00fdmi diamanty - Aurelius Jewelry","isPartOf":{"@id":"https:\/\/aureliusjewelry.com\/cs\/#website"},"primaryImageOfPage":{"@id":"https:\/\/aureliusjewelry.com\/cs\/snubni-chevronovy-prstynek-s-markyzovymi-diamanty\/#primaryimage"},"image":{"@id":"https:\/\/aureliusjewelry.com\/cs\/snubni-chevronovy-prstynek-s-markyzovymi-diamanty\/#primaryimage"},"thumbnailUrl":"https:\/\/aureliusjewelry.com\/wp-content\/uploads\/marquise-diamant-krokev-svatebni-prsten.jpg","datePublished":"2021-03-11T20:24:57+00:00","dateModified":"2026-03-23T18:18:26+00:00","breadcrumb":{"@id":"https:\/\/aureliusjewelry.com\/cs\/snubni-chevronovy-prstynek-s-markyzovymi-diamanty\/#breadcrumb"},"inLanguage":"cs","potentialAction":[{"@type":"ReadAction","target":["https:\/\/aureliusjewelry.com\/cs\/snubni-chevronovy-prstynek-s-markyzovymi-diamanty\/"]}]},{"@type":"ImageObject","inLanguage":"cs","@id":"https:\/\/aureliusjewelry.com\/cs\/snubni-chevronovy-prstynek-s-markyzovymi-diamanty\/#primaryimage","url":"https:\/\/aureliusjewelry.com\/wp-content\/uploads\/marquise-diamant-krokev-svatebni-prsten.jpg","contentUrl":"https:\/\/aureliusjewelry.com\/wp-content\/uploads\/marquise-diamant-krokev-svatebni-prsten.jpg","width":1920,"height":1440,"caption":"marquise diamant krokev svatebn\u00ed prsten"},{"@type":"BreadcrumbList","@id":"https:\/\/aureliusjewelry.com\/cs\/snubni-chevronovy-prstynek-s-markyzovymi-diamanty\/#breadcrumb","itemListElement":[{"@type":"ListItem","position":1,"name":"Home","item":"https:\/\/aureliusjewelry.com\/cs\/"},{"@type":"ListItem","position":2,"name":"Prodejna","item":"https:\/\/aureliusjewelry.com\/cs\/prodejna\/"},{"@type":"ListItem","position":3,"name":"Snubn\u00ed chevronov\u00fd prst\u00fdnek s mark\u00fdzov\u00fdmi diamanty"}]},{"@type":"WebSite","@id":"https:\/\/aureliusjewelry.com\/cs\/#website","url":"https:\/\/aureliusjewelry.com\/cs\/","name":"Aurelius Jewelry","description":"Handmade Fine Gold Jewelry","publisher":{"@id":"https:\/\/aureliusjewelry.com\/cs\/#organization"},"potentialAction":[{"@type":"SearchAction","target":{"@type":"EntryPoint","urlTemplate":"https:\/\/aureliusjewelry.com\/cs\/?s={search_term_string}"},"query-input":{"@type":"PropertyValueSpecification","valueRequired":true,"valueName":"search_term_string"}}],"inLanguage":"cs"},{"@type":"Organization","@id":"https:\/\/aureliusjewelry.com\/cs\/#organization","name":"Aurelius Jewelry","url":"https:\/\/aureliusjewelry.com\/cs\/","logo":{"@type":"ImageObject","inLanguage":"cs","@id":"https:\/\/aureliusjewelry.com\/cs\/#\/schema\/logo\/image\/","url":"https:\/\/aureliusjewelry.com\/wp-content\/uploads\/logo.png","contentUrl":"https:\/\/aureliusjewelry.com\/wp-content\/uploads\/logo.png","width":400,"height":64,"caption":"Aurelius Jewelry"},"image":{"@id":"https:\/\/aureliusjewelry.com\/cs\/#\/schema\/logo\/image\/"},"sameAs":["https:\/\/www.facebook.com\/AureliusJewelry\/","https:\/\/x.com\/AureliusJewelry","https:\/\/instagram.com\/aureliusjewelry","https:\/\/www.pinterest.com\/AureliusJewelry\/"],"email":"info@aureliusjewelry.com","foundingDate":"2018-10-01","vatID":"SI10391070","hasMerchantReturnPolicy":{"@type":"MerchantReturnPolicy","merchantReturnLink":"https:\/\/aureliusjewelry.com\/our-policies\/terms-conditions\/"}}]},"og_availability":"backorder","product_availability":"available for order","product_retailer_item_id":"22204","product_condition":"new"},"_links":{"self":[{"href":"https:\/\/aureliusjewelry.com\/cs\/wp-json\/wp\/v2\/product\/25480","targetHints":{"allow":["GET"]}}],"collection":[{"href":"https:\/\/aureliusjewelry.com\/cs\/wp-json\/wp\/v2\/product"}],"about":[{"href":"https:\/\/aureliusjewelry.com\/cs\/wp-json\/wp\/v2\/types\/product"}],"replies":[{"embeddable":true,"href":"https:\/\/aureliusjewelry.com\/cs\/wp-json\/wp\/v2\/comments?post=25480"}],"wp:featuredmedia":[{"embeddable":true,"href":"https:\/\/aureliusjewelry.com\/cs\/wp-json\/wp\/v2\/media\/22213"}],"wp:attachment":[{"href":"https:\/\/aureliusjewelry.com\/cs\/wp-json\/wp\/v2\/media?parent=25480"}],"wp:term":[{"taxonomy":"product_brand","embeddable":true,"href":"https:\/\/aureliusjewelry.com\/cs\/wp-json\/wp\/v2\/product_brand?post=25480"},{"taxonomy":"product_cat","embeddable":true,"href":"https:\/\/aureliusjewelry.com\/cs\/wp-json\/wp\/v2\/product_cat?post=25480"},{"taxonomy":"product_tag","embeddable":true,"href":"https:\/\/aureliusjewelry.com\/cs\/wp-json\/wp\/v2\/product_tag?post=25480"}],"curies":[{"name":"wp","href":"https:\/\/api.w.org\/{rel}","templated":true}]}}