{"id":25424,"date":"2021-03-11T16:26:31","date_gmt":"2021-03-11T14:26:31","guid":{"rendered":"http:\/\/127.0.0.1\/product\/sada-snubnich-prstenu-s-peridotem-ve-tvaru-hrusky-a-diamanty\/"},"modified":"2026-03-23T20:36:09","modified_gmt":"2026-03-23T18:36:09","slug":"sada-snubnich-prstenu-s-peridotem-ve-tvaru-hrusky-a-diamanty","status":"publish","type":"product","link":"https:\/\/aureliusjewelry.com\/cs\/sada-snubnich-prstenu-s-peridotem-ve-tvaru-hrusky-a-diamanty\/","title":{"rendered":"Sada snubn\u00edch prsten\u016f s peridotem ve tvaru hru\u0161ky a diamanty"},"content":{"rendered":"<p><strong>Z\u00e1snubn\u00ed prsten<\/strong><br \/>\n&#8211; hru\u0161kov\u00fd peridot<br \/>\n&#8211; p\u0159ibli\u017en\u011b 7x5mm<\/p>\n<p><strong>Vedlej\u0161\u00ed kameny<\/strong><br \/>\n&#8211; mark\u00fdza \u0159ezan\u00fd moissanit<br \/>\n&#8211; p\u0159ibli\u017en\u011b 4x2mm (2)<\/p>\n<p><strong>Snubn\u00ed prsten<\/strong><br \/>\n&#8211; hru\u0161kov\u00fd \u0159ez peridot<br \/>\n&#8211; p\u0159ibli\u017en\u011b 3x2mm<br \/>\n&#8211; kulat\u00e9 diamanty<br \/>\n&#8211; p\u0159ibli\u017en\u011b 1.5mm (2), 1.25mm (2), 1mm (2)<br \/>\n&#8211; F\/G barva, VS kvalita, bezkonfliktn\u00ed a etick\u00e9<\/p>\n<p><strong>Velikost a materi\u00e1l prstenu<\/strong><br \/>\n&#8211; 1.5mm \u0161irok\u00fd, 1,6mm siln\u00fd<br \/>\n&#8211; dostupn\u00fd v 585\/1000 (14k) nebo 750\/1000 (18k) \u017elut\u00e9, b\u00edl\u00e9 nebo r\u016f\u017eov\u011b zlat\u00e9 a platinov\u00e9 950\/1000<br \/>\n&#8211; Velikosti US 3-9, men\u0161\u00ed a v\u011bt\u0161\u00ed velikosti d\u011bl\u00e1me na zak\u00e1zku<\/p>\n","protected":false},"excerpt":{"rendered":"<p>Tato rozko\u0161n\u00e1 ru\u010dn\u011b vyr\u00e1b\u011bn\u00e1 sada prsten\u016f obsahuje peridot brou\u0161en\u00fd do hru\u0161kov\u00e9ho \u0159ezu, co\u017e je srpnov\u00fd k\u00e1men. Jeliko\u017e je hru\u0161kovit\u00fd tvar jedine\u010dn\u011bj\u0161\u00ed ne\u017e ostatn\u00ed tvary, \u010dasto p\u0159edstavuje silnou v\u016fli, zmocn\u011bn\u00ed a nez\u00e1vislost sv\u00e9ho nositele. Z\u00e1snubn\u00ed prsten s peridotem je zdoben mark\u00fdzov\u00fdmi moissanit a sp\u00e1rov\u00e1n se zak\u0159iven\u00fdm snubn\u00edm prstenem s peridotem, kter\u00fd mu dod\u00e1v\u00e1 kv\u011btinov\u00fd vzhled.<\/p>\n","protected":false},"featured_media":21870,"comment_status":"open","ping_status":"closed","template":"","meta":[],"product_brand":[],"product_cat":[1424,649,1609,646,673,666],"product_tag":[1234,1240,709,708,1249],"class_list":{"0":"post-25424","1":"product","2":"type-product","3":"status-publish","4":"has-post-thumbnail","6":"product_cat-dvoudilny-snubni-prsten","7":"product_cat-golden-leaf-kolekce","8":"product_cat-nejlepsi-prodejci","9":"product_cat-paired-kolekce","10":"product_cat-prsteny","11":"product_cat-sady-snubnich-prstenu","12":"product_tag-hruska","13":"product_tag-peridot-cs","14":"product_tag-production_time_3_5-cs","15":"product_tag-rings-cs","16":"product_tag-sada-prstenu","18":"first","19":"onbackorder","20":"sold-individually","21":"taxable","22":"shipping-taxable","23":"purchasable","24":"product-type-variable"},"yoast_head":"<title>Sada snubn\u00edch prsten\u016f s peridotem ve tvaru hru\u0161ky a diamanty - Aurelius Jewelry<\/title>\n<meta name=\"robots\" content=\"index, follow, max-snippet:-1, max-image-preview:large, max-video-preview:-1\" \/>\n<link rel=\"canonical\" href=\"https:\/\/aureliusjewelry.com\/cs\/sada-snubnich-prstenu-s-peridotem-ve-tvaru-hrusky-a-diamanty\/\" \/>\n<meta property=\"og:locale\" content=\"cs_CZ\" \/>\n<meta property=\"og:type\" content=\"article\" \/>\n<meta property=\"og:title\" content=\"Sada snubn\u00edch prsten\u016f s peridotem ve tvaru hru\u0161ky a diamanty - Aurelius Jewelry\" \/>\n<meta property=\"og:description\" content=\"%\" \/>\n<meta property=\"og:url\" content=\"https:\/\/aureliusjewelry.com\/cs\/sada-snubnich-prstenu-s-peridotem-ve-tvaru-hrusky-a-diamanty\/\" \/>\n<meta property=\"og:site_name\" content=\"Aurelius Jewelry\" \/>\n<meta property=\"article:publisher\" content=\"https:\/\/www.facebook.com\/AureliusJewelry\/\" \/>\n<meta property=\"article:modified_time\" content=\"2026-03-23T18:36:09+00:00\" \/>\n<meta property=\"og:image\" content=\"https:\/\/aureliusjewelry.com\/wp-content\/uploads\/peridot-svatebni-prsten-sada.jpg\" \/>\n\t<meta property=\"og:image:width\" content=\"1920\" \/>\n\t<meta property=\"og:image:height\" content=\"1440\" \/>\n\t<meta property=\"og:image:type\" content=\"image\/jpeg\" \/>\n<meta name=\"twitter:card\" content=\"summary_large_image\" \/>\n<meta name=\"twitter:site\" content=\"@AureliusJewelry\" \/>\n<script type=\"application\/ld+json\" class=\"yoast-schema-graph\">{\"@context\":\"https:\\\/\\\/schema.org\",\"@graph\":[{\"@type\":\"WebPage\",\"@id\":\"https:\\\/\\\/aureliusjewelry.com\\\/cs\\\/sada-snubnich-prstenu-s-peridotem-ve-tvaru-hrusky-a-diamanty\\\/\",\"url\":\"https:\\\/\\\/aureliusjewelry.com\\\/cs\\\/sada-snubnich-prstenu-s-peridotem-ve-tvaru-hrusky-a-diamanty\\\/\",\"name\":\"Sada snubn\u00edch prsten\u016f s peridotem ve tvaru hru\u0161ky a diamanty - Aurelius Jewelry\",\"isPartOf\":{\"@id\":\"https:\\\/\\\/aureliusjewelry.com\\\/cs\\\/#website\"},\"primaryImageOfPage\":{\"@id\":\"https:\\\/\\\/aureliusjewelry.com\\\/cs\\\/sada-snubnich-prstenu-s-peridotem-ve-tvaru-hrusky-a-diamanty\\\/#primaryimage\"},\"image\":{\"@id\":\"https:\\\/\\\/aureliusjewelry.com\\\/cs\\\/sada-snubnich-prstenu-s-peridotem-ve-tvaru-hrusky-a-diamanty\\\/#primaryimage\"},\"thumbnailUrl\":\"https:\\\/\\\/aureliusjewelry.com\\\/wp-content\\\/uploads\\\/peridot-svatebni-prsten-sada.jpg\",\"datePublished\":\"2021-03-11T14:26:31+00:00\",\"dateModified\":\"2026-03-23T18:36:09+00:00\",\"breadcrumb\":{\"@id\":\"https:\\\/\\\/aureliusjewelry.com\\\/cs\\\/sada-snubnich-prstenu-s-peridotem-ve-tvaru-hrusky-a-diamanty\\\/#breadcrumb\"},\"inLanguage\":\"cs\",\"potentialAction\":[{\"@type\":\"ReadAction\",\"target\":[\"https:\\\/\\\/aureliusjewelry.com\\\/cs\\\/sada-snubnich-prstenu-s-peridotem-ve-tvaru-hrusky-a-diamanty\\\/\"]}]},{\"@type\":\"ImageObject\",\"inLanguage\":\"cs\",\"@id\":\"https:\\\/\\\/aureliusjewelry.com\\\/cs\\\/sada-snubnich-prstenu-s-peridotem-ve-tvaru-hrusky-a-diamanty\\\/#primaryimage\",\"url\":\"https:\\\/\\\/aureliusjewelry.com\\\/wp-content\\\/uploads\\\/peridot-svatebni-prsten-sada.jpg\",\"contentUrl\":\"https:\\\/\\\/aureliusjewelry.com\\\/wp-content\\\/uploads\\\/peridot-svatebni-prsten-sada.jpg\",\"width\":1920,\"height\":1440,\"caption\":\"peridot svatebn\u00ed prsten sada\"},{\"@type\":\"BreadcrumbList\",\"@id\":\"https:\\\/\\\/aureliusjewelry.com\\\/cs\\\/sada-snubnich-prstenu-s-peridotem-ve-tvaru-hrusky-a-diamanty\\\/#breadcrumb\",\"itemListElement\":[{\"@type\":\"ListItem\",\"position\":1,\"name\":\"Home\",\"item\":\"https:\\\/\\\/aureliusjewelry.com\\\/cs\\\/\"},{\"@type\":\"ListItem\",\"position\":2,\"name\":\"Prodejna\",\"item\":\"https:\\\/\\\/aureliusjewelry.com\\\/cs\\\/prodejna\\\/\"},{\"@type\":\"ListItem\",\"position\":3,\"name\":\"Sada snubn\u00edch prsten\u016f s peridotem ve tvaru hru\u0161ky a diamanty\"}]},{\"@type\":\"WebSite\",\"@id\":\"https:\\\/\\\/aureliusjewelry.com\\\/cs\\\/#website\",\"url\":\"https:\\\/\\\/aureliusjewelry.com\\\/cs\\\/\",\"name\":\"Aurelius Jewelry\",\"description\":\"Handmade Fine Gold Jewelry\",\"publisher\":{\"@id\":\"https:\\\/\\\/aureliusjewelry.com\\\/cs\\\/#organization\"},\"potentialAction\":[{\"@type\":\"SearchAction\",\"target\":{\"@type\":\"EntryPoint\",\"urlTemplate\":\"https:\\\/\\\/aureliusjewelry.com\\\/cs\\\/?s={search_term_string}\"},\"query-input\":{\"@type\":\"PropertyValueSpecification\",\"valueRequired\":true,\"valueName\":\"search_term_string\"}}],\"inLanguage\":\"cs\"},{\"@type\":\"Organization\",\"@id\":\"https:\\\/\\\/aureliusjewelry.com\\\/cs\\\/#organization\",\"name\":\"Aurelius Jewelry\",\"url\":\"https:\\\/\\\/aureliusjewelry.com\\\/cs\\\/\",\"logo\":{\"@type\":\"ImageObject\",\"inLanguage\":\"cs\",\"@id\":\"https:\\\/\\\/aureliusjewelry.com\\\/cs\\\/#\\\/schema\\\/logo\\\/image\\\/\",\"url\":\"https:\\\/\\\/aureliusjewelry.com\\\/wp-content\\\/uploads\\\/logo.png\",\"contentUrl\":\"https:\\\/\\\/aureliusjewelry.com\\\/wp-content\\\/uploads\\\/logo.png\",\"width\":400,\"height\":64,\"caption\":\"Aurelius Jewelry\"},\"image\":{\"@id\":\"https:\\\/\\\/aureliusjewelry.com\\\/cs\\\/#\\\/schema\\\/logo\\\/image\\\/\"},\"sameAs\":[\"https:\\\/\\\/www.facebook.com\\\/AureliusJewelry\\\/\",\"https:\\\/\\\/x.com\\\/AureliusJewelry\",\"https:\\\/\\\/instagram.com\\\/aureliusjewelry\",\"https:\\\/\\\/www.pinterest.com\\\/AureliusJewelry\\\/\"],\"email\":\"info@aureliusjewelry.com\",\"foundingDate\":\"2018-10-01\",\"vatID\":\"SI10391070\",\"hasMerchantReturnPolicy\":{\"@type\":\"MerchantReturnPolicy\",\"merchantReturnLink\":\"https:\\\/\\\/aureliusjewelry.com\\\/our-policies\\\/terms-conditions\\\/\"}}]}<\/script>\n<meta property=\"og:availability\" content=\"backorder\" \/>\n<meta property=\"product:availability\" content=\"available for order\" \/>\n<meta property=\"product:retailer_item_id\" content=\"21861\" \/>\n<meta property=\"product:condition\" content=\"new\" \/>","yoast_head_json":{"title":"Sada snubn\u00edch prsten\u016f s peridotem ve tvaru hru\u0161ky a diamanty - Aurelius Jewelry","robots":{"index":"index","follow":"follow","max-snippet":"max-snippet:-1","max-image-preview":"max-image-preview:large","max-video-preview":"max-video-preview:-1"},"canonical":"https:\/\/aureliusjewelry.com\/cs\/sada-snubnich-prstenu-s-peridotem-ve-tvaru-hrusky-a-diamanty\/","og_locale":"cs_CZ","og_type":"article","og_title":"Sada snubn\u00edch prsten\u016f s peridotem ve tvaru hru\u0161ky a diamanty - Aurelius Jewelry","og_description":"%","og_url":"https:\/\/aureliusjewelry.com\/cs\/sada-snubnich-prstenu-s-peridotem-ve-tvaru-hrusky-a-diamanty\/","og_site_name":"Aurelius Jewelry","article_publisher":"https:\/\/www.facebook.com\/AureliusJewelry\/","article_modified_time":"2026-03-23T18:36:09+00:00","og_image":[{"width":1920,"height":1440,"url":"https:\/\/aureliusjewelry.com\/wp-content\/uploads\/peridot-svatebni-prsten-sada.jpg","type":"image\/jpeg"}],"twitter_card":"summary_large_image","twitter_site":"@AureliusJewelry","schema":{"@context":"https:\/\/schema.org","@graph":[{"@type":"WebPage","@id":"https:\/\/aureliusjewelry.com\/cs\/sada-snubnich-prstenu-s-peridotem-ve-tvaru-hrusky-a-diamanty\/","url":"https:\/\/aureliusjewelry.com\/cs\/sada-snubnich-prstenu-s-peridotem-ve-tvaru-hrusky-a-diamanty\/","name":"Sada snubn\u00edch prsten\u016f s peridotem ve tvaru hru\u0161ky a diamanty - Aurelius Jewelry","isPartOf":{"@id":"https:\/\/aureliusjewelry.com\/cs\/#website"},"primaryImageOfPage":{"@id":"https:\/\/aureliusjewelry.com\/cs\/sada-snubnich-prstenu-s-peridotem-ve-tvaru-hrusky-a-diamanty\/#primaryimage"},"image":{"@id":"https:\/\/aureliusjewelry.com\/cs\/sada-snubnich-prstenu-s-peridotem-ve-tvaru-hrusky-a-diamanty\/#primaryimage"},"thumbnailUrl":"https:\/\/aureliusjewelry.com\/wp-content\/uploads\/peridot-svatebni-prsten-sada.jpg","datePublished":"2021-03-11T14:26:31+00:00","dateModified":"2026-03-23T18:36:09+00:00","breadcrumb":{"@id":"https:\/\/aureliusjewelry.com\/cs\/sada-snubnich-prstenu-s-peridotem-ve-tvaru-hrusky-a-diamanty\/#breadcrumb"},"inLanguage":"cs","potentialAction":[{"@type":"ReadAction","target":["https:\/\/aureliusjewelry.com\/cs\/sada-snubnich-prstenu-s-peridotem-ve-tvaru-hrusky-a-diamanty\/"]}]},{"@type":"ImageObject","inLanguage":"cs","@id":"https:\/\/aureliusjewelry.com\/cs\/sada-snubnich-prstenu-s-peridotem-ve-tvaru-hrusky-a-diamanty\/#primaryimage","url":"https:\/\/aureliusjewelry.com\/wp-content\/uploads\/peridot-svatebni-prsten-sada.jpg","contentUrl":"https:\/\/aureliusjewelry.com\/wp-content\/uploads\/peridot-svatebni-prsten-sada.jpg","width":1920,"height":1440,"caption":"peridot svatebn\u00ed prsten sada"},{"@type":"BreadcrumbList","@id":"https:\/\/aureliusjewelry.com\/cs\/sada-snubnich-prstenu-s-peridotem-ve-tvaru-hrusky-a-diamanty\/#breadcrumb","itemListElement":[{"@type":"ListItem","position":1,"name":"Home","item":"https:\/\/aureliusjewelry.com\/cs\/"},{"@type":"ListItem","position":2,"name":"Prodejna","item":"https:\/\/aureliusjewelry.com\/cs\/prodejna\/"},{"@type":"ListItem","position":3,"name":"Sada snubn\u00edch prsten\u016f s peridotem ve tvaru hru\u0161ky a diamanty"}]},{"@type":"WebSite","@id":"https:\/\/aureliusjewelry.com\/cs\/#website","url":"https:\/\/aureliusjewelry.com\/cs\/","name":"Aurelius Jewelry","description":"Handmade Fine Gold Jewelry","publisher":{"@id":"https:\/\/aureliusjewelry.com\/cs\/#organization"},"potentialAction":[{"@type":"SearchAction","target":{"@type":"EntryPoint","urlTemplate":"https:\/\/aureliusjewelry.com\/cs\/?s={search_term_string}"},"query-input":{"@type":"PropertyValueSpecification","valueRequired":true,"valueName":"search_term_string"}}],"inLanguage":"cs"},{"@type":"Organization","@id":"https:\/\/aureliusjewelry.com\/cs\/#organization","name":"Aurelius Jewelry","url":"https:\/\/aureliusjewelry.com\/cs\/","logo":{"@type":"ImageObject","inLanguage":"cs","@id":"https:\/\/aureliusjewelry.com\/cs\/#\/schema\/logo\/image\/","url":"https:\/\/aureliusjewelry.com\/wp-content\/uploads\/logo.png","contentUrl":"https:\/\/aureliusjewelry.com\/wp-content\/uploads\/logo.png","width":400,"height":64,"caption":"Aurelius Jewelry"},"image":{"@id":"https:\/\/aureliusjewelry.com\/cs\/#\/schema\/logo\/image\/"},"sameAs":["https:\/\/www.facebook.com\/AureliusJewelry\/","https:\/\/x.com\/AureliusJewelry","https:\/\/instagram.com\/aureliusjewelry","https:\/\/www.pinterest.com\/AureliusJewelry\/"],"email":"info@aureliusjewelry.com","foundingDate":"2018-10-01","vatID":"SI10391070","hasMerchantReturnPolicy":{"@type":"MerchantReturnPolicy","merchantReturnLink":"https:\/\/aureliusjewelry.com\/our-policies\/terms-conditions\/"}}]},"og_availability":"backorder","product_availability":"available for order","product_retailer_item_id":"21861","product_condition":"new"},"_links":{"self":[{"href":"https:\/\/aureliusjewelry.com\/cs\/wp-json\/wp\/v2\/product\/25424","targetHints":{"allow":["GET"]}}],"collection":[{"href":"https:\/\/aureliusjewelry.com\/cs\/wp-json\/wp\/v2\/product"}],"about":[{"href":"https:\/\/aureliusjewelry.com\/cs\/wp-json\/wp\/v2\/types\/product"}],"replies":[{"embeddable":true,"href":"https:\/\/aureliusjewelry.com\/cs\/wp-json\/wp\/v2\/comments?post=25424"}],"wp:featuredmedia":[{"embeddable":true,"href":"https:\/\/aureliusjewelry.com\/cs\/wp-json\/wp\/v2\/media\/21870"}],"wp:attachment":[{"href":"https:\/\/aureliusjewelry.com\/cs\/wp-json\/wp\/v2\/media?parent=25424"}],"wp:term":[{"taxonomy":"product_brand","embeddable":true,"href":"https:\/\/aureliusjewelry.com\/cs\/wp-json\/wp\/v2\/product_brand?post=25424"},{"taxonomy":"product_cat","embeddable":true,"href":"https:\/\/aureliusjewelry.com\/cs\/wp-json\/wp\/v2\/product_cat?post=25424"},{"taxonomy":"product_tag","embeddable":true,"href":"https:\/\/aureliusjewelry.com\/cs\/wp-json\/wp\/v2\/product_tag?post=25424"}],"curies":[{"name":"wp","href":"https:\/\/api.w.org\/{rel}","templated":true}]}}