{"id":25416,"date":"2021-03-11T21:50:23","date_gmt":"2021-03-11T19:50:23","guid":{"rendered":"http:\/\/127.0.0.1\/product\/prsten-s-peridotem-ve-tvaru-hrusky-a-bilym-markyzovym-safirem\/"},"modified":"2026-03-23T20:25:59","modified_gmt":"2026-03-23T18:25:59","slug":"prsten-s-peridotem-ve-tvaru-hrusky-a-bilym-markyzovym-safirem","status":"publish","type":"product","link":"https:\/\/aureliusjewelry.com\/cs\/prsten-s-peridotem-ve-tvaru-hrusky-a-bilym-markyzovym-safirem\/","title":{"rendered":"Z\u00e1snubn\u00ed prsten s peridotem ve tvaru hru\u0161ky v kv\u011btinov\u00e9m stylu"},"content":{"rendered":"<p><strong>Hlavn\u00ed k\u00e1men<\/strong><br \/>\n&#8211; hru\u0161kov\u00fd \u0159ez peridot<br \/>\n&#8211; p\u0159ibli\u017en\u011b 7x5mm<\/p>\n<p><strong>Vedlej\u0161\u00ed kameny<\/strong><br \/>\n&#8211; mark\u00fdza \u0159ezan\u00fd moissanit<br \/>\n&#8211; p\u0159ibli\u017en\u011b 4x2mm (2)<\/p>\n<p><strong>Velikost a materi\u00e1l prstenu<\/strong><br \/>\n&#8211; 1.5mm \u0161irok\u00fd, 1,6mm siln\u00fd<br \/>\n&#8211; dostupn\u00fd v 585\/1000 (14k) nebo 750\/1000 (18k) \u017elut\u00e9, b\u00edl\u00e9 nebo r\u016f\u017eov\u011b zlat\u00e9 a platinov\u00e9 950\/1000<br \/>\n&#8211; Velikosti US 3-9, men\u0161\u00ed a v\u011bt\u0161\u00ed velikosti d\u011bl\u00e1me na zak\u00e1zku<\/p>\n","protected":false},"excerpt":{"rendered":"<p>Tento rozko\u0161n\u00fd, ru\u010dn\u011b vyr\u00e1b\u011bn\u00fd prsten je vybaven hru\u0161kov\u00fdm brou\u0161en\u00fdm peridotem, kamenem srpna, kter\u00fd m\u016f\u017eete nab\u00eddnout jako z\u00e1snubn\u00ed prsten nebo d\u00e1rek pro ka\u017edou p\u0159\u00edle\u017eitost. Jeliko\u017e je hru\u0161kovit\u00fd tvar jedine\u010dn\u011bj\u0161\u00ed, \u010dasto p\u0159edstavuje silnou v\u016fli, zmocn\u011bn\u00ed a nez\u00e1vislost sv\u00e9ho nositele. Z\u00e1snubn\u00ed prsten s peridotem zdob\u00ed mark\u00fdzov\u00e9 brou\u0161en\u00e9 moissanity, kter\u00e9 mu dod\u00e1vaj\u00ed kv\u011btinov\u00fd vzhled.<\/p>\n","protected":false},"featured_media":22053,"comment_status":"open","ping_status":"closed","template":"","meta":[],"product_brand":[],"product_cat":[649,1415,1410,673,1427,1385,1413,651],"product_tag":[1234,1240,709,1246,708],"class_list":{"0":"post-25416","1":"product","2":"type-product","3":"status-publish","4":"has-post-thumbnail","6":"product_cat-golden-leaf-kolekce","7":"product_cat-peridot-zasnubni-prsten","8":"product_cat-prirodou-inspirovane-zasnubni-prsteny","9":"product_cat-prsteny","10":"product_cat-tri-kameny-zasnubni-prsten","11":"product_cat-zasnubni-prsten-s-nastavenim-ramecku","12":"product_cat-zasnubni-prsten-ve-tvaru-hrusky","13":"product_cat-zasnubni-prsteny","14":"product_tag-hruska","15":"product_tag-peridot-cs","16":"product_tag-production_time_3_5-cs","17":"product_tag-prsten","18":"product_tag-rings-cs","20":"first","21":"onbackorder","22":"sold-individually","23":"taxable","24":"shipping-taxable","25":"purchasable","26":"product-type-variable"},"yoast_head":"<title>Z\u00e1snubn\u00ed prsten s peridotem ve tvaru hru\u0161ky v kv\u011btinov\u00e9m stylu - Aurelius Jewelry<\/title>\n<meta name=\"robots\" content=\"index, follow, max-snippet:-1, max-image-preview:large, max-video-preview:-1\" \/>\n<link rel=\"canonical\" href=\"https:\/\/aureliusjewelry.com\/cs\/prsten-s-peridotem-ve-tvaru-hrusky-a-bilym-markyzovym-safirem\/\" \/>\n<meta property=\"og:locale\" content=\"cs_CZ\" \/>\n<meta property=\"og:type\" content=\"article\" \/>\n<meta property=\"og:title\" content=\"Z\u00e1snubn\u00ed prsten s peridotem ve tvaru hru\u0161ky v kv\u011btinov\u00e9m stylu - Aurelius Jewelry\" \/>\n<meta property=\"og:description\" content=\"%\" \/>\n<meta property=\"og:url\" content=\"https:\/\/aureliusjewelry.com\/cs\/prsten-s-peridotem-ve-tvaru-hrusky-a-bilym-markyzovym-safirem\/\" \/>\n<meta property=\"og:site_name\" content=\"Aurelius Jewelry\" \/>\n<meta property=\"article:publisher\" content=\"https:\/\/www.facebook.com\/AureliusJewelry\/\" \/>\n<meta property=\"article:modified_time\" content=\"2026-03-23T18:25:59+00:00\" \/>\n<meta property=\"og:image\" content=\"https:\/\/aureliusjewelry.com\/wp-content\/uploads\/hruskovy-peridot-zasnubni-prsten-ramecek-nastaveni.jpg\" \/>\n\t<meta property=\"og:image:width\" content=\"1920\" \/>\n\t<meta property=\"og:image:height\" content=\"1440\" \/>\n\t<meta property=\"og:image:type\" content=\"image\/jpeg\" \/>\n<meta name=\"twitter:card\" content=\"summary_large_image\" \/>\n<meta name=\"twitter:site\" content=\"@AureliusJewelry\" \/>\n<script type=\"application\/ld+json\" class=\"yoast-schema-graph\">{\"@context\":\"https:\\\/\\\/schema.org\",\"@graph\":[{\"@type\":\"WebPage\",\"@id\":\"https:\\\/\\\/aureliusjewelry.com\\\/cs\\\/prsten-s-peridotem-ve-tvaru-hrusky-a-bilym-markyzovym-safirem\\\/\",\"url\":\"https:\\\/\\\/aureliusjewelry.com\\\/cs\\\/prsten-s-peridotem-ve-tvaru-hrusky-a-bilym-markyzovym-safirem\\\/\",\"name\":\"Z\u00e1snubn\u00ed prsten s peridotem ve tvaru hru\u0161ky v kv\u011btinov\u00e9m stylu - Aurelius Jewelry\",\"isPartOf\":{\"@id\":\"https:\\\/\\\/aureliusjewelry.com\\\/cs\\\/#website\"},\"primaryImageOfPage\":{\"@id\":\"https:\\\/\\\/aureliusjewelry.com\\\/cs\\\/prsten-s-peridotem-ve-tvaru-hrusky-a-bilym-markyzovym-safirem\\\/#primaryimage\"},\"image\":{\"@id\":\"https:\\\/\\\/aureliusjewelry.com\\\/cs\\\/prsten-s-peridotem-ve-tvaru-hrusky-a-bilym-markyzovym-safirem\\\/#primaryimage\"},\"thumbnailUrl\":\"https:\\\/\\\/aureliusjewelry.com\\\/wp-content\\\/uploads\\\/hruskovy-peridot-zasnubni-prsten-ramecek-nastaveni.jpg\",\"datePublished\":\"2021-03-11T19:50:23+00:00\",\"dateModified\":\"2026-03-23T18:25:59+00:00\",\"breadcrumb\":{\"@id\":\"https:\\\/\\\/aureliusjewelry.com\\\/cs\\\/prsten-s-peridotem-ve-tvaru-hrusky-a-bilym-markyzovym-safirem\\\/#breadcrumb\"},\"inLanguage\":\"cs\",\"potentialAction\":[{\"@type\":\"ReadAction\",\"target\":[\"https:\\\/\\\/aureliusjewelry.com\\\/cs\\\/prsten-s-peridotem-ve-tvaru-hrusky-a-bilym-markyzovym-safirem\\\/\"]}]},{\"@type\":\"ImageObject\",\"inLanguage\":\"cs\",\"@id\":\"https:\\\/\\\/aureliusjewelry.com\\\/cs\\\/prsten-s-peridotem-ve-tvaru-hrusky-a-bilym-markyzovym-safirem\\\/#primaryimage\",\"url\":\"https:\\\/\\\/aureliusjewelry.com\\\/wp-content\\\/uploads\\\/hruskovy-peridot-zasnubni-prsten-ramecek-nastaveni.jpg\",\"contentUrl\":\"https:\\\/\\\/aureliusjewelry.com\\\/wp-content\\\/uploads\\\/hruskovy-peridot-zasnubni-prsten-ramecek-nastaveni.jpg\",\"width\":1920,\"height\":1440,\"caption\":\"hru\u0161kov\u00fd peridot z\u00e1snubn\u00ed prsten r\u00e1me\u010dek nastaven\u00ed\"},{\"@type\":\"BreadcrumbList\",\"@id\":\"https:\\\/\\\/aureliusjewelry.com\\\/cs\\\/prsten-s-peridotem-ve-tvaru-hrusky-a-bilym-markyzovym-safirem\\\/#breadcrumb\",\"itemListElement\":[{\"@type\":\"ListItem\",\"position\":1,\"name\":\"Home\",\"item\":\"https:\\\/\\\/aureliusjewelry.com\\\/cs\\\/\"},{\"@type\":\"ListItem\",\"position\":2,\"name\":\"Prodejna\",\"item\":\"https:\\\/\\\/aureliusjewelry.com\\\/cs\\\/prodejna\\\/\"},{\"@type\":\"ListItem\",\"position\":3,\"name\":\"Z\u00e1snubn\u00ed prsten s peridotem ve tvaru hru\u0161ky v kv\u011btinov\u00e9m stylu\"}]},{\"@type\":\"WebSite\",\"@id\":\"https:\\\/\\\/aureliusjewelry.com\\\/cs\\\/#website\",\"url\":\"https:\\\/\\\/aureliusjewelry.com\\\/cs\\\/\",\"name\":\"Aurelius Jewelry\",\"description\":\"Handmade Fine Gold Jewelry\",\"publisher\":{\"@id\":\"https:\\\/\\\/aureliusjewelry.com\\\/cs\\\/#organization\"},\"potentialAction\":[{\"@type\":\"SearchAction\",\"target\":{\"@type\":\"EntryPoint\",\"urlTemplate\":\"https:\\\/\\\/aureliusjewelry.com\\\/cs\\\/?s={search_term_string}\"},\"query-input\":{\"@type\":\"PropertyValueSpecification\",\"valueRequired\":true,\"valueName\":\"search_term_string\"}}],\"inLanguage\":\"cs\"},{\"@type\":\"Organization\",\"@id\":\"https:\\\/\\\/aureliusjewelry.com\\\/cs\\\/#organization\",\"name\":\"Aurelius Jewelry\",\"url\":\"https:\\\/\\\/aureliusjewelry.com\\\/cs\\\/\",\"logo\":{\"@type\":\"ImageObject\",\"inLanguage\":\"cs\",\"@id\":\"https:\\\/\\\/aureliusjewelry.com\\\/cs\\\/#\\\/schema\\\/logo\\\/image\\\/\",\"url\":\"https:\\\/\\\/aureliusjewelry.com\\\/wp-content\\\/uploads\\\/logo.png\",\"contentUrl\":\"https:\\\/\\\/aureliusjewelry.com\\\/wp-content\\\/uploads\\\/logo.png\",\"width\":400,\"height\":64,\"caption\":\"Aurelius Jewelry\"},\"image\":{\"@id\":\"https:\\\/\\\/aureliusjewelry.com\\\/cs\\\/#\\\/schema\\\/logo\\\/image\\\/\"},\"sameAs\":[\"https:\\\/\\\/www.facebook.com\\\/AureliusJewelry\\\/\",\"https:\\\/\\\/x.com\\\/AureliusJewelry\",\"https:\\\/\\\/instagram.com\\\/aureliusjewelry\",\"https:\\\/\\\/www.pinterest.com\\\/AureliusJewelry\\\/\"],\"email\":\"info@aureliusjewelry.com\",\"foundingDate\":\"2018-10-01\",\"vatID\":\"SI10391070\",\"hasMerchantReturnPolicy\":{\"@type\":\"MerchantReturnPolicy\",\"merchantReturnLink\":\"https:\\\/\\\/aureliusjewelry.com\\\/our-policies\\\/terms-conditions\\\/\"}}]}<\/script>\n<meta property=\"og:availability\" content=\"backorder\" \/>\n<meta property=\"product:availability\" content=\"available for order\" \/>\n<meta property=\"product:retailer_item_id\" content=\"22044\" \/>\n<meta property=\"product:condition\" content=\"new\" \/>","yoast_head_json":{"title":"Z\u00e1snubn\u00ed prsten s peridotem ve tvaru hru\u0161ky v kv\u011btinov\u00e9m stylu - Aurelius Jewelry","robots":{"index":"index","follow":"follow","max-snippet":"max-snippet:-1","max-image-preview":"max-image-preview:large","max-video-preview":"max-video-preview:-1"},"canonical":"https:\/\/aureliusjewelry.com\/cs\/prsten-s-peridotem-ve-tvaru-hrusky-a-bilym-markyzovym-safirem\/","og_locale":"cs_CZ","og_type":"article","og_title":"Z\u00e1snubn\u00ed prsten s peridotem ve tvaru hru\u0161ky v kv\u011btinov\u00e9m stylu - Aurelius Jewelry","og_description":"%","og_url":"https:\/\/aureliusjewelry.com\/cs\/prsten-s-peridotem-ve-tvaru-hrusky-a-bilym-markyzovym-safirem\/","og_site_name":"Aurelius Jewelry","article_publisher":"https:\/\/www.facebook.com\/AureliusJewelry\/","article_modified_time":"2026-03-23T18:25:59+00:00","og_image":[{"width":1920,"height":1440,"url":"https:\/\/aureliusjewelry.com\/wp-content\/uploads\/hruskovy-peridot-zasnubni-prsten-ramecek-nastaveni.jpg","type":"image\/jpeg"}],"twitter_card":"summary_large_image","twitter_site":"@AureliusJewelry","schema":{"@context":"https:\/\/schema.org","@graph":[{"@type":"WebPage","@id":"https:\/\/aureliusjewelry.com\/cs\/prsten-s-peridotem-ve-tvaru-hrusky-a-bilym-markyzovym-safirem\/","url":"https:\/\/aureliusjewelry.com\/cs\/prsten-s-peridotem-ve-tvaru-hrusky-a-bilym-markyzovym-safirem\/","name":"Z\u00e1snubn\u00ed prsten s peridotem ve tvaru hru\u0161ky v kv\u011btinov\u00e9m stylu - Aurelius Jewelry","isPartOf":{"@id":"https:\/\/aureliusjewelry.com\/cs\/#website"},"primaryImageOfPage":{"@id":"https:\/\/aureliusjewelry.com\/cs\/prsten-s-peridotem-ve-tvaru-hrusky-a-bilym-markyzovym-safirem\/#primaryimage"},"image":{"@id":"https:\/\/aureliusjewelry.com\/cs\/prsten-s-peridotem-ve-tvaru-hrusky-a-bilym-markyzovym-safirem\/#primaryimage"},"thumbnailUrl":"https:\/\/aureliusjewelry.com\/wp-content\/uploads\/hruskovy-peridot-zasnubni-prsten-ramecek-nastaveni.jpg","datePublished":"2021-03-11T19:50:23+00:00","dateModified":"2026-03-23T18:25:59+00:00","breadcrumb":{"@id":"https:\/\/aureliusjewelry.com\/cs\/prsten-s-peridotem-ve-tvaru-hrusky-a-bilym-markyzovym-safirem\/#breadcrumb"},"inLanguage":"cs","potentialAction":[{"@type":"ReadAction","target":["https:\/\/aureliusjewelry.com\/cs\/prsten-s-peridotem-ve-tvaru-hrusky-a-bilym-markyzovym-safirem\/"]}]},{"@type":"ImageObject","inLanguage":"cs","@id":"https:\/\/aureliusjewelry.com\/cs\/prsten-s-peridotem-ve-tvaru-hrusky-a-bilym-markyzovym-safirem\/#primaryimage","url":"https:\/\/aureliusjewelry.com\/wp-content\/uploads\/hruskovy-peridot-zasnubni-prsten-ramecek-nastaveni.jpg","contentUrl":"https:\/\/aureliusjewelry.com\/wp-content\/uploads\/hruskovy-peridot-zasnubni-prsten-ramecek-nastaveni.jpg","width":1920,"height":1440,"caption":"hru\u0161kov\u00fd peridot z\u00e1snubn\u00ed prsten r\u00e1me\u010dek nastaven\u00ed"},{"@type":"BreadcrumbList","@id":"https:\/\/aureliusjewelry.com\/cs\/prsten-s-peridotem-ve-tvaru-hrusky-a-bilym-markyzovym-safirem\/#breadcrumb","itemListElement":[{"@type":"ListItem","position":1,"name":"Home","item":"https:\/\/aureliusjewelry.com\/cs\/"},{"@type":"ListItem","position":2,"name":"Prodejna","item":"https:\/\/aureliusjewelry.com\/cs\/prodejna\/"},{"@type":"ListItem","position":3,"name":"Z\u00e1snubn\u00ed prsten s peridotem ve tvaru hru\u0161ky v kv\u011btinov\u00e9m stylu"}]},{"@type":"WebSite","@id":"https:\/\/aureliusjewelry.com\/cs\/#website","url":"https:\/\/aureliusjewelry.com\/cs\/","name":"Aurelius Jewelry","description":"Handmade Fine Gold Jewelry","publisher":{"@id":"https:\/\/aureliusjewelry.com\/cs\/#organization"},"potentialAction":[{"@type":"SearchAction","target":{"@type":"EntryPoint","urlTemplate":"https:\/\/aureliusjewelry.com\/cs\/?s={search_term_string}"},"query-input":{"@type":"PropertyValueSpecification","valueRequired":true,"valueName":"search_term_string"}}],"inLanguage":"cs"},{"@type":"Organization","@id":"https:\/\/aureliusjewelry.com\/cs\/#organization","name":"Aurelius Jewelry","url":"https:\/\/aureliusjewelry.com\/cs\/","logo":{"@type":"ImageObject","inLanguage":"cs","@id":"https:\/\/aureliusjewelry.com\/cs\/#\/schema\/logo\/image\/","url":"https:\/\/aureliusjewelry.com\/wp-content\/uploads\/logo.png","contentUrl":"https:\/\/aureliusjewelry.com\/wp-content\/uploads\/logo.png","width":400,"height":64,"caption":"Aurelius Jewelry"},"image":{"@id":"https:\/\/aureliusjewelry.com\/cs\/#\/schema\/logo\/image\/"},"sameAs":["https:\/\/www.facebook.com\/AureliusJewelry\/","https:\/\/x.com\/AureliusJewelry","https:\/\/instagram.com\/aureliusjewelry","https:\/\/www.pinterest.com\/AureliusJewelry\/"],"email":"info@aureliusjewelry.com","foundingDate":"2018-10-01","vatID":"SI10391070","hasMerchantReturnPolicy":{"@type":"MerchantReturnPolicy","merchantReturnLink":"https:\/\/aureliusjewelry.com\/our-policies\/terms-conditions\/"}}]},"og_availability":"backorder","product_availability":"available for order","product_retailer_item_id":"22044","product_condition":"new"},"_links":{"self":[{"href":"https:\/\/aureliusjewelry.com\/cs\/wp-json\/wp\/v2\/product\/25416","targetHints":{"allow":["GET"]}}],"collection":[{"href":"https:\/\/aureliusjewelry.com\/cs\/wp-json\/wp\/v2\/product"}],"about":[{"href":"https:\/\/aureliusjewelry.com\/cs\/wp-json\/wp\/v2\/types\/product"}],"replies":[{"embeddable":true,"href":"https:\/\/aureliusjewelry.com\/cs\/wp-json\/wp\/v2\/comments?post=25416"}],"wp:featuredmedia":[{"embeddable":true,"href":"https:\/\/aureliusjewelry.com\/cs\/wp-json\/wp\/v2\/media\/22053"}],"wp:attachment":[{"href":"https:\/\/aureliusjewelry.com\/cs\/wp-json\/wp\/v2\/media?parent=25416"}],"wp:term":[{"taxonomy":"product_brand","embeddable":true,"href":"https:\/\/aureliusjewelry.com\/cs\/wp-json\/wp\/v2\/product_brand?post=25416"},{"taxonomy":"product_cat","embeddable":true,"href":"https:\/\/aureliusjewelry.com\/cs\/wp-json\/wp\/v2\/product_cat?post=25416"},{"taxonomy":"product_tag","embeddable":true,"href":"https:\/\/aureliusjewelry.com\/cs\/wp-json\/wp\/v2\/product_tag?post=25416"}],"curies":[{"name":"wp","href":"https:\/\/api.w.org\/{rel}","templated":true}]}}