{"id":25408,"date":"2021-03-11T21:45:44","date_gmt":"2021-03-11T19:45:44","guid":{"rendered":"http:\/\/127.0.0.1\/product\/prsten-s-ovalnym-akvamarinem-a-bilym-safirem-ve-tvaru-hrusky\/"},"modified":"2026-03-23T20:26:26","modified_gmt":"2026-03-23T18:26:26","slug":"prsten-s-ovalnym-akvamarinem-a-bilym-safirem-ve-tvaru-hrusky","status":"publish","type":"product","link":"https:\/\/aureliusjewelry.com\/cs\/prsten-s-ovalnym-akvamarinem-a-bilym-safirem-ve-tvaru-hrusky\/","title":{"rendered":"Prsten s ov\u00e1ln\u00fdm akvamar\u00ednem a b\u00edl\u00fdm saf\u00edrem ve tvaru hru\u0161ky"},"content":{"rendered":"<p><strong>Hlavn\u00ed k\u00e1men<\/strong><br \/>\n&#8211; ov\u00e1ln\u00fd akvamar\u00edn<br \/>\n&#8211; p\u0159ibli\u017en\u011b 7x5mm<\/p>\n<p><strong>Vedlej\u0161\u00ed kameny<\/strong><br \/>\n&#8211; hru\u0161kov\u011b b\u00edl\u00e9 saf\u00edry<br \/>\n&#8211; p\u0159ibli\u017en\u011b 6x4mm (2)<\/p>\n<p><strong>Velikost a materi\u00e1l prstenu<\/strong><br \/>\n&#8211; 1.5mm \u0161irok\u00fd, 1,6mm siln\u00fd<br \/>\n&#8211; dostupn\u00fd v 585\/1000 (14k) nebo 750\/1000 (18k) \u017elut\u00e9, b\u00edl\u00e9 nebo r\u016f\u017eov\u011b zlat\u00e9 a platinov\u00e9 950\/1000<br \/>\n&#8211; Velikosti US 3-9, men\u0161\u00ed a v\u011bt\u0161\u00ed velikosti d\u011bl\u00e1me na zak\u00e1zku<\/p>\n","protected":false},"excerpt":{"rendered":"<p>Akvamar\u00edn zachycuje kr\u00e1su mo\u0159e a ov\u00e1ln\u00fd \u0159ez tohoto n\u00e1dhern\u00e9ho drahokamu nab\u00edz\u00ed luxusn\u00ed \u0161\u00ed\u0159en\u00ed sv\u011btle modr\u00e9 luminiscence. B\u00edl\u00e9 saf\u00edry na ka\u017ed\u00e9 stran\u011b jemn\u011b zd\u016fraz\u0148uj\u00ed nastaven\u00ed r\u00e1me\u010dku uprost\u0159ed. Toto je kr\u00e1sn\u00fd akvamar\u00ednov\u00fd z\u00e1snubn\u00ed prsten se t\u0159pytiv\u00fdmi kameny, kter\u00e9 zachycuj\u00ed sv\u011btlo z ka\u017ed\u00e9ho \u00fahlu.<\/p>\n","protected":false},"featured_media":22020,"comment_status":"open","ping_status":"closed","template":"","meta":[],"product_brand":[],"product_cat":[657,1412,673,645,1427,1385,651],"product_tag":[1159,1231,709,1246,708],"class_list":{"0":"post-25408","1":"product","2":"type-product","3":"status-publish","4":"has-post-thumbnail","6":"product_cat-akvamarinove-zasnubni-prsteny","7":"product_cat-ovalny-zasnubni-prsten","8":"product_cat-prsteny","9":"product_cat-the-classics-kolekce","10":"product_cat-tri-kameny-zasnubni-prsten","11":"product_cat-zasnubni-prsten-s-nastavenim-ramecku","12":"product_cat-zasnubni-prsteny","13":"product_tag-akvamarin","14":"product_tag-oval-cs","15":"product_tag-production_time_3_5-cs","16":"product_tag-prsten","17":"product_tag-rings-cs","19":"first","20":"onbackorder","21":"sold-individually","22":"taxable","23":"shipping-taxable","24":"purchasable","25":"product-type-variable"},"yoast_head":"<title>Prsten s ov\u00e1ln\u00fdm akvamar\u00ednem a b\u00edl\u00fdm saf\u00edrem ve tvaru hru\u0161ky - Aurelius Jewelry<\/title>\n<meta name=\"robots\" content=\"index, follow, max-snippet:-1, max-image-preview:large, max-video-preview:-1\" \/>\n<link rel=\"canonical\" href=\"https:\/\/aureliusjewelry.com\/cs\/prsten-s-ovalnym-akvamarinem-a-bilym-safirem-ve-tvaru-hrusky\/\" \/>\n<meta property=\"og:locale\" content=\"cs_CZ\" \/>\n<meta property=\"og:type\" content=\"article\" \/>\n<meta property=\"og:title\" content=\"Prsten s ov\u00e1ln\u00fdm akvamar\u00ednem a b\u00edl\u00fdm saf\u00edrem ve tvaru hru\u0161ky - Aurelius Jewelry\" \/>\n<meta property=\"og:description\" content=\"%\" \/>\n<meta property=\"og:url\" content=\"https:\/\/aureliusjewelry.com\/cs\/prsten-s-ovalnym-akvamarinem-a-bilym-safirem-ve-tvaru-hrusky\/\" \/>\n<meta property=\"og:site_name\" content=\"Aurelius Jewelry\" \/>\n<meta property=\"article:publisher\" content=\"https:\/\/www.facebook.com\/AureliusJewelry\/\" \/>\n<meta property=\"article:modified_time\" content=\"2026-03-23T18:26:26+00:00\" \/>\n<meta property=\"og:image\" content=\"https:\/\/aureliusjewelry.com\/wp-content\/uploads\/oval-akvamarin-zasnubni-prsten.jpg\" \/>\n\t<meta property=\"og:image:width\" content=\"1920\" \/>\n\t<meta property=\"og:image:height\" content=\"1440\" \/>\n\t<meta property=\"og:image:type\" content=\"image\/jpeg\" \/>\n<meta name=\"twitter:card\" content=\"summary_large_image\" \/>\n<meta name=\"twitter:site\" content=\"@AureliusJewelry\" \/>\n<script type=\"application\/ld+json\" class=\"yoast-schema-graph\">{\"@context\":\"https:\\\/\\\/schema.org\",\"@graph\":[{\"@type\":\"WebPage\",\"@id\":\"https:\\\/\\\/aureliusjewelry.com\\\/cs\\\/prsten-s-ovalnym-akvamarinem-a-bilym-safirem-ve-tvaru-hrusky\\\/\",\"url\":\"https:\\\/\\\/aureliusjewelry.com\\\/cs\\\/prsten-s-ovalnym-akvamarinem-a-bilym-safirem-ve-tvaru-hrusky\\\/\",\"name\":\"Prsten s ov\u00e1ln\u00fdm akvamar\u00ednem a b\u00edl\u00fdm saf\u00edrem ve tvaru hru\u0161ky - Aurelius Jewelry\",\"isPartOf\":{\"@id\":\"https:\\\/\\\/aureliusjewelry.com\\\/cs\\\/#website\"},\"primaryImageOfPage\":{\"@id\":\"https:\\\/\\\/aureliusjewelry.com\\\/cs\\\/prsten-s-ovalnym-akvamarinem-a-bilym-safirem-ve-tvaru-hrusky\\\/#primaryimage\"},\"image\":{\"@id\":\"https:\\\/\\\/aureliusjewelry.com\\\/cs\\\/prsten-s-ovalnym-akvamarinem-a-bilym-safirem-ve-tvaru-hrusky\\\/#primaryimage\"},\"thumbnailUrl\":\"https:\\\/\\\/aureliusjewelry.com\\\/wp-content\\\/uploads\\\/oval-akvamarin-zasnubni-prsten.jpg\",\"datePublished\":\"2021-03-11T19:45:44+00:00\",\"dateModified\":\"2026-03-23T18:26:26+00:00\",\"breadcrumb\":{\"@id\":\"https:\\\/\\\/aureliusjewelry.com\\\/cs\\\/prsten-s-ovalnym-akvamarinem-a-bilym-safirem-ve-tvaru-hrusky\\\/#breadcrumb\"},\"inLanguage\":\"cs\",\"potentialAction\":[{\"@type\":\"ReadAction\",\"target\":[\"https:\\\/\\\/aureliusjewelry.com\\\/cs\\\/prsten-s-ovalnym-akvamarinem-a-bilym-safirem-ve-tvaru-hrusky\\\/\"]}]},{\"@type\":\"ImageObject\",\"inLanguage\":\"cs\",\"@id\":\"https:\\\/\\\/aureliusjewelry.com\\\/cs\\\/prsten-s-ovalnym-akvamarinem-a-bilym-safirem-ve-tvaru-hrusky\\\/#primaryimage\",\"url\":\"https:\\\/\\\/aureliusjewelry.com\\\/wp-content\\\/uploads\\\/oval-akvamarin-zasnubni-prsten.jpg\",\"contentUrl\":\"https:\\\/\\\/aureliusjewelry.com\\\/wp-content\\\/uploads\\\/oval-akvamarin-zasnubni-prsten.jpg\",\"width\":1920,\"height\":1440,\"caption\":\"ov\u00e1l akvamar\u00edn z\u00e1snubn\u00ed prsten\"},{\"@type\":\"BreadcrumbList\",\"@id\":\"https:\\\/\\\/aureliusjewelry.com\\\/cs\\\/prsten-s-ovalnym-akvamarinem-a-bilym-safirem-ve-tvaru-hrusky\\\/#breadcrumb\",\"itemListElement\":[{\"@type\":\"ListItem\",\"position\":1,\"name\":\"Home\",\"item\":\"https:\\\/\\\/aureliusjewelry.com\\\/cs\\\/\"},{\"@type\":\"ListItem\",\"position\":2,\"name\":\"Prodejna\",\"item\":\"https:\\\/\\\/aureliusjewelry.com\\\/cs\\\/prodejna\\\/\"},{\"@type\":\"ListItem\",\"position\":3,\"name\":\"Prsten s ov\u00e1ln\u00fdm akvamar\u00ednem a b\u00edl\u00fdm saf\u00edrem ve tvaru hru\u0161ky\"}]},{\"@type\":\"WebSite\",\"@id\":\"https:\\\/\\\/aureliusjewelry.com\\\/cs\\\/#website\",\"url\":\"https:\\\/\\\/aureliusjewelry.com\\\/cs\\\/\",\"name\":\"Aurelius Jewelry\",\"description\":\"Handmade Fine Gold Jewelry\",\"publisher\":{\"@id\":\"https:\\\/\\\/aureliusjewelry.com\\\/cs\\\/#organization\"},\"potentialAction\":[{\"@type\":\"SearchAction\",\"target\":{\"@type\":\"EntryPoint\",\"urlTemplate\":\"https:\\\/\\\/aureliusjewelry.com\\\/cs\\\/?s={search_term_string}\"},\"query-input\":{\"@type\":\"PropertyValueSpecification\",\"valueRequired\":true,\"valueName\":\"search_term_string\"}}],\"inLanguage\":\"cs\"},{\"@type\":\"Organization\",\"@id\":\"https:\\\/\\\/aureliusjewelry.com\\\/cs\\\/#organization\",\"name\":\"Aurelius Jewelry\",\"url\":\"https:\\\/\\\/aureliusjewelry.com\\\/cs\\\/\",\"logo\":{\"@type\":\"ImageObject\",\"inLanguage\":\"cs\",\"@id\":\"https:\\\/\\\/aureliusjewelry.com\\\/cs\\\/#\\\/schema\\\/logo\\\/image\\\/\",\"url\":\"https:\\\/\\\/aureliusjewelry.com\\\/wp-content\\\/uploads\\\/logo.png\",\"contentUrl\":\"https:\\\/\\\/aureliusjewelry.com\\\/wp-content\\\/uploads\\\/logo.png\",\"width\":400,\"height\":64,\"caption\":\"Aurelius Jewelry\"},\"image\":{\"@id\":\"https:\\\/\\\/aureliusjewelry.com\\\/cs\\\/#\\\/schema\\\/logo\\\/image\\\/\"},\"sameAs\":[\"https:\\\/\\\/www.facebook.com\\\/AureliusJewelry\\\/\",\"https:\\\/\\\/x.com\\\/AureliusJewelry\",\"https:\\\/\\\/instagram.com\\\/aureliusjewelry\",\"https:\\\/\\\/www.pinterest.com\\\/AureliusJewelry\\\/\"],\"email\":\"info@aureliusjewelry.com\",\"foundingDate\":\"2018-10-01\",\"vatID\":\"SI10391070\",\"hasMerchantReturnPolicy\":{\"@type\":\"MerchantReturnPolicy\",\"merchantReturnLink\":\"https:\\\/\\\/aureliusjewelry.com\\\/our-policies\\\/terms-conditions\\\/\"}}]}<\/script>\n<meta property=\"og:availability\" content=\"backorder\" \/>\n<meta property=\"product:availability\" content=\"available for order\" \/>\n<meta property=\"product:retailer_item_id\" content=\"22011\" \/>\n<meta property=\"product:condition\" content=\"new\" \/>","yoast_head_json":{"title":"Prsten s ov\u00e1ln\u00fdm akvamar\u00ednem a b\u00edl\u00fdm saf\u00edrem ve tvaru hru\u0161ky - Aurelius Jewelry","robots":{"index":"index","follow":"follow","max-snippet":"max-snippet:-1","max-image-preview":"max-image-preview:large","max-video-preview":"max-video-preview:-1"},"canonical":"https:\/\/aureliusjewelry.com\/cs\/prsten-s-ovalnym-akvamarinem-a-bilym-safirem-ve-tvaru-hrusky\/","og_locale":"cs_CZ","og_type":"article","og_title":"Prsten s ov\u00e1ln\u00fdm akvamar\u00ednem a b\u00edl\u00fdm saf\u00edrem ve tvaru hru\u0161ky - Aurelius Jewelry","og_description":"%","og_url":"https:\/\/aureliusjewelry.com\/cs\/prsten-s-ovalnym-akvamarinem-a-bilym-safirem-ve-tvaru-hrusky\/","og_site_name":"Aurelius Jewelry","article_publisher":"https:\/\/www.facebook.com\/AureliusJewelry\/","article_modified_time":"2026-03-23T18:26:26+00:00","og_image":[{"width":1920,"height":1440,"url":"https:\/\/aureliusjewelry.com\/wp-content\/uploads\/oval-akvamarin-zasnubni-prsten.jpg","type":"image\/jpeg"}],"twitter_card":"summary_large_image","twitter_site":"@AureliusJewelry","schema":{"@context":"https:\/\/schema.org","@graph":[{"@type":"WebPage","@id":"https:\/\/aureliusjewelry.com\/cs\/prsten-s-ovalnym-akvamarinem-a-bilym-safirem-ve-tvaru-hrusky\/","url":"https:\/\/aureliusjewelry.com\/cs\/prsten-s-ovalnym-akvamarinem-a-bilym-safirem-ve-tvaru-hrusky\/","name":"Prsten s ov\u00e1ln\u00fdm akvamar\u00ednem a b\u00edl\u00fdm saf\u00edrem ve tvaru hru\u0161ky - Aurelius Jewelry","isPartOf":{"@id":"https:\/\/aureliusjewelry.com\/cs\/#website"},"primaryImageOfPage":{"@id":"https:\/\/aureliusjewelry.com\/cs\/prsten-s-ovalnym-akvamarinem-a-bilym-safirem-ve-tvaru-hrusky\/#primaryimage"},"image":{"@id":"https:\/\/aureliusjewelry.com\/cs\/prsten-s-ovalnym-akvamarinem-a-bilym-safirem-ve-tvaru-hrusky\/#primaryimage"},"thumbnailUrl":"https:\/\/aureliusjewelry.com\/wp-content\/uploads\/oval-akvamarin-zasnubni-prsten.jpg","datePublished":"2021-03-11T19:45:44+00:00","dateModified":"2026-03-23T18:26:26+00:00","breadcrumb":{"@id":"https:\/\/aureliusjewelry.com\/cs\/prsten-s-ovalnym-akvamarinem-a-bilym-safirem-ve-tvaru-hrusky\/#breadcrumb"},"inLanguage":"cs","potentialAction":[{"@type":"ReadAction","target":["https:\/\/aureliusjewelry.com\/cs\/prsten-s-ovalnym-akvamarinem-a-bilym-safirem-ve-tvaru-hrusky\/"]}]},{"@type":"ImageObject","inLanguage":"cs","@id":"https:\/\/aureliusjewelry.com\/cs\/prsten-s-ovalnym-akvamarinem-a-bilym-safirem-ve-tvaru-hrusky\/#primaryimage","url":"https:\/\/aureliusjewelry.com\/wp-content\/uploads\/oval-akvamarin-zasnubni-prsten.jpg","contentUrl":"https:\/\/aureliusjewelry.com\/wp-content\/uploads\/oval-akvamarin-zasnubni-prsten.jpg","width":1920,"height":1440,"caption":"ov\u00e1l akvamar\u00edn z\u00e1snubn\u00ed prsten"},{"@type":"BreadcrumbList","@id":"https:\/\/aureliusjewelry.com\/cs\/prsten-s-ovalnym-akvamarinem-a-bilym-safirem-ve-tvaru-hrusky\/#breadcrumb","itemListElement":[{"@type":"ListItem","position":1,"name":"Home","item":"https:\/\/aureliusjewelry.com\/cs\/"},{"@type":"ListItem","position":2,"name":"Prodejna","item":"https:\/\/aureliusjewelry.com\/cs\/prodejna\/"},{"@type":"ListItem","position":3,"name":"Prsten s ov\u00e1ln\u00fdm akvamar\u00ednem a b\u00edl\u00fdm saf\u00edrem ve tvaru hru\u0161ky"}]},{"@type":"WebSite","@id":"https:\/\/aureliusjewelry.com\/cs\/#website","url":"https:\/\/aureliusjewelry.com\/cs\/","name":"Aurelius Jewelry","description":"Handmade Fine Gold Jewelry","publisher":{"@id":"https:\/\/aureliusjewelry.com\/cs\/#organization"},"potentialAction":[{"@type":"SearchAction","target":{"@type":"EntryPoint","urlTemplate":"https:\/\/aureliusjewelry.com\/cs\/?s={search_term_string}"},"query-input":{"@type":"PropertyValueSpecification","valueRequired":true,"valueName":"search_term_string"}}],"inLanguage":"cs"},{"@type":"Organization","@id":"https:\/\/aureliusjewelry.com\/cs\/#organization","name":"Aurelius Jewelry","url":"https:\/\/aureliusjewelry.com\/cs\/","logo":{"@type":"ImageObject","inLanguage":"cs","@id":"https:\/\/aureliusjewelry.com\/cs\/#\/schema\/logo\/image\/","url":"https:\/\/aureliusjewelry.com\/wp-content\/uploads\/logo.png","contentUrl":"https:\/\/aureliusjewelry.com\/wp-content\/uploads\/logo.png","width":400,"height":64,"caption":"Aurelius Jewelry"},"image":{"@id":"https:\/\/aureliusjewelry.com\/cs\/#\/schema\/logo\/image\/"},"sameAs":["https:\/\/www.facebook.com\/AureliusJewelry\/","https:\/\/x.com\/AureliusJewelry","https:\/\/instagram.com\/aureliusjewelry","https:\/\/www.pinterest.com\/AureliusJewelry\/"],"email":"info@aureliusjewelry.com","foundingDate":"2018-10-01","vatID":"SI10391070","hasMerchantReturnPolicy":{"@type":"MerchantReturnPolicy","merchantReturnLink":"https:\/\/aureliusjewelry.com\/our-policies\/terms-conditions\/"}}]},"og_availability":"backorder","product_availability":"available for order","product_retailer_item_id":"22011","product_condition":"new"},"_links":{"self":[{"href":"https:\/\/aureliusjewelry.com\/cs\/wp-json\/wp\/v2\/product\/25408","targetHints":{"allow":["GET"]}}],"collection":[{"href":"https:\/\/aureliusjewelry.com\/cs\/wp-json\/wp\/v2\/product"}],"about":[{"href":"https:\/\/aureliusjewelry.com\/cs\/wp-json\/wp\/v2\/types\/product"}],"replies":[{"embeddable":true,"href":"https:\/\/aureliusjewelry.com\/cs\/wp-json\/wp\/v2\/comments?post=25408"}],"wp:featuredmedia":[{"embeddable":true,"href":"https:\/\/aureliusjewelry.com\/cs\/wp-json\/wp\/v2\/media\/22020"}],"wp:attachment":[{"href":"https:\/\/aureliusjewelry.com\/cs\/wp-json\/wp\/v2\/media?parent=25408"}],"wp:term":[{"taxonomy":"product_brand","embeddable":true,"href":"https:\/\/aureliusjewelry.com\/cs\/wp-json\/wp\/v2\/product_brand?post=25408"},{"taxonomy":"product_cat","embeddable":true,"href":"https:\/\/aureliusjewelry.com\/cs\/wp-json\/wp\/v2\/product_cat?post=25408"},{"taxonomy":"product_tag","embeddable":true,"href":"https:\/\/aureliusjewelry.com\/cs\/wp-json\/wp\/v2\/product_tag?post=25408"}],"curies":[{"name":"wp","href":"https:\/\/api.w.org\/{rel}","templated":true}]}}