{"id":25360,"date":"2021-02-18T21:48:21","date_gmt":"2021-02-18T19:48:21","guid":{"rendered":"http:\/\/127.0.0.1\/product\/zasnubni-prsten-s-cernym-ombre-diamantem\/"},"modified":"2026-03-23T21:16:42","modified_gmt":"2026-03-23T19:16:42","slug":"zasnubni-prsten-s-cernym-ombre-diamantem","status":"publish","type":"product","link":"https:\/\/aureliusjewelry.com\/cs\/zasnubni-prsten-s-cernym-ombre-diamantem\/","title":{"rendered":"Z\u00e1snubn\u00ed prsten s \u010dern\u00fdm ombre diamantem"},"content":{"rendered":"<p><strong>Hlavn\u00ed k\u00e1men<\/strong><br \/>\n&#8211; kulat\u00fd \u010dern\u00fd diamant<br \/>\n&#8211; p\u0159ibli\u017en\u011b 5mm, 0.6ct<\/p>\n<p><strong>Vedlej\u0161\u00ed kameny<\/strong><br \/>\n&#8211; kulat\u00e9 diamanty solen\u00e9 a pep\u0159ov\u00e9<br \/>\n&#8211; p\u0159ibli\u017en\u011b 2mm (2)<\/p>\n<p>&#8211; kulat\u00e9 b\u00edl\u00e9 diamanty<br \/>\n&#8211; p\u0159ibli\u017en\u011b 1.5mm (2)<br \/>\n&#8211; F\/G barva, VS kvalita, bezkonfliktn\u00ed a etick\u00e9<\/p>\n<p><strong>Velikost a materi\u00e1l prstenu<\/strong><br \/>\n&#8211; 1.6mm \u0161irok\u00fd, 1.5mm siln\u00fd<br \/>\n&#8211; dostupn\u00fd v 585\/1000 (14k) nebo 750\/1000 (18k) \u017elut\u00e9, b\u00edl\u00e9 nebo r\u016f\u017eov\u011b zlat\u00e9 a platinov\u00e9 950\/1000<br \/>\n&#8211; Velikosti US 3-9, men\u0161\u00ed a v\u011bt\u0161\u00ed velikosti d\u011bl\u00e1me na zak\u00e1zku<\/p>\n","protected":false},"excerpt":{"rendered":"<p>Ohromuj\u00edc\u00ed z\u00e1snubn\u00ed prsten z \u010dern\u00e9ho diamantu s modern\u00edm n\u00e1dechem. Kameny p\u0159ech\u00e1zej\u00ed z tmav\u00e9ho st\u0159edov\u00e9ho diamantu do sv\u011btlej\u0161\u00edch Salt and Pepper a b\u00edl\u00fdch diamant\u016f a vytv\u00e1\u0159ej\u00ed ombre efekt. \u010cern\u00e9 diamanty jsou skute\u010dn\u011b kr\u00e1sn\u00e9 a tajemn\u00e9 drahokamy, kter\u00e9 p\u0159edstavuj\u00ed vnit\u0159n\u00ed s\u00edlu a nem\u011bnnou l\u00e1sku.<\/p>\n","protected":false},"featured_media":20936,"comment_status":"open","ping_status":"closed","template":"","meta":[],"product_brand":[],"product_cat":[1418,1609,1399,673,645,1401,651,654],"product_tag":[1165,709,1246,708],"class_list":{"0":"post-25360","1":"product","2":"type-product","3":"status-publish","4":"has-post-thumbnail","6":"product_cat-kulaty-zasnubni-prsten","7":"product_cat-nejlepsi-prodejci","8":"product_cat-pet-kamenu-zasnubni-prsten","9":"product_cat-prsteny","10":"product_cat-the-classics-kolekce","11":"product_cat-zasnubni-prsten-s-akcenty-drahokamu","12":"product_cat-zasnubni-prsteny","13":"product_cat-zasnubni-prsteny-s-cernym-diamantem","14":"product_tag-cerny-diamant","15":"product_tag-production_time_3_5-cs","16":"product_tag-prsten","17":"product_tag-rings-cs","19":"first","20":"onbackorder","21":"sold-individually","22":"taxable","23":"shipping-taxable","24":"purchasable","25":"product-type-variable"},"yoast_head":"<title>Z\u00e1snubn\u00ed prsten s \u010dern\u00fdm ombre diamantem - Aurelius Jewelry<\/title>\n<meta name=\"robots\" content=\"index, follow, max-snippet:-1, max-image-preview:large, max-video-preview:-1\" \/>\n<link rel=\"canonical\" href=\"https:\/\/aureliusjewelry.com\/cs\/zasnubni-prsten-s-cernym-ombre-diamantem\/\" \/>\n<meta property=\"og:locale\" content=\"cs_CZ\" \/>\n<meta property=\"og:type\" content=\"article\" \/>\n<meta property=\"og:title\" content=\"Z\u00e1snubn\u00ed prsten s \u010dern\u00fdm ombre diamantem - Aurelius Jewelry\" \/>\n<meta property=\"og:description\" content=\"%\" \/>\n<meta property=\"og:url\" content=\"https:\/\/aureliusjewelry.com\/cs\/zasnubni-prsten-s-cernym-ombre-diamantem\/\" \/>\n<meta property=\"og:site_name\" content=\"Aurelius Jewelry\" \/>\n<meta property=\"article:publisher\" content=\"https:\/\/www.facebook.com\/AureliusJewelry\/\" \/>\n<meta property=\"article:modified_time\" content=\"2026-03-23T19:16:42+00:00\" \/>\n<meta property=\"og:image\" content=\"https:\/\/aureliusjewelry.com\/wp-content\/uploads\/cerna-diamant-zasnubni-prsten-ruze-zlato.jpg\" \/>\n\t<meta property=\"og:image:width\" content=\"1920\" \/>\n\t<meta property=\"og:image:height\" content=\"1440\" \/>\n\t<meta property=\"og:image:type\" content=\"image\/jpeg\" \/>\n<meta name=\"twitter:card\" content=\"summary_large_image\" \/>\n<meta name=\"twitter:site\" content=\"@AureliusJewelry\" \/>\n<script type=\"application\/ld+json\" class=\"yoast-schema-graph\">{\"@context\":\"https:\\\/\\\/schema.org\",\"@graph\":[{\"@type\":\"WebPage\",\"@id\":\"https:\\\/\\\/aureliusjewelry.com\\\/cs\\\/zasnubni-prsten-s-cernym-ombre-diamantem\\\/\",\"url\":\"https:\\\/\\\/aureliusjewelry.com\\\/cs\\\/zasnubni-prsten-s-cernym-ombre-diamantem\\\/\",\"name\":\"Z\u00e1snubn\u00ed prsten s \u010dern\u00fdm ombre diamantem - Aurelius Jewelry\",\"isPartOf\":{\"@id\":\"https:\\\/\\\/aureliusjewelry.com\\\/cs\\\/#website\"},\"primaryImageOfPage\":{\"@id\":\"https:\\\/\\\/aureliusjewelry.com\\\/cs\\\/zasnubni-prsten-s-cernym-ombre-diamantem\\\/#primaryimage\"},\"image\":{\"@id\":\"https:\\\/\\\/aureliusjewelry.com\\\/cs\\\/zasnubni-prsten-s-cernym-ombre-diamantem\\\/#primaryimage\"},\"thumbnailUrl\":\"https:\\\/\\\/aureliusjewelry.com\\\/wp-content\\\/uploads\\\/cerna-diamant-zasnubni-prsten-ruze-zlato.jpg\",\"datePublished\":\"2021-02-18T19:48:21+00:00\",\"dateModified\":\"2026-03-23T19:16:42+00:00\",\"breadcrumb\":{\"@id\":\"https:\\\/\\\/aureliusjewelry.com\\\/cs\\\/zasnubni-prsten-s-cernym-ombre-diamantem\\\/#breadcrumb\"},\"inLanguage\":\"cs\",\"potentialAction\":[{\"@type\":\"ReadAction\",\"target\":[\"https:\\\/\\\/aureliusjewelry.com\\\/cs\\\/zasnubni-prsten-s-cernym-ombre-diamantem\\\/\"]}]},{\"@type\":\"ImageObject\",\"inLanguage\":\"cs\",\"@id\":\"https:\\\/\\\/aureliusjewelry.com\\\/cs\\\/zasnubni-prsten-s-cernym-ombre-diamantem\\\/#primaryimage\",\"url\":\"https:\\\/\\\/aureliusjewelry.com\\\/wp-content\\\/uploads\\\/cerna-diamant-zasnubni-prsten-ruze-zlato.jpg\",\"contentUrl\":\"https:\\\/\\\/aureliusjewelry.com\\\/wp-content\\\/uploads\\\/cerna-diamant-zasnubni-prsten-ruze-zlato.jpg\",\"width\":1920,\"height\":1440,\"caption\":\"\u010cern\u00e1 diamant z\u00e1snubn\u00ed prsten r\u016f\u017ee zlato\"},{\"@type\":\"BreadcrumbList\",\"@id\":\"https:\\\/\\\/aureliusjewelry.com\\\/cs\\\/zasnubni-prsten-s-cernym-ombre-diamantem\\\/#breadcrumb\",\"itemListElement\":[{\"@type\":\"ListItem\",\"position\":1,\"name\":\"Home\",\"item\":\"https:\\\/\\\/aureliusjewelry.com\\\/cs\\\/\"},{\"@type\":\"ListItem\",\"position\":2,\"name\":\"Prodejna\",\"item\":\"https:\\\/\\\/aureliusjewelry.com\\\/cs\\\/prodejna\\\/\"},{\"@type\":\"ListItem\",\"position\":3,\"name\":\"Z\u00e1snubn\u00ed prsten s \u010dern\u00fdm ombre diamantem\"}]},{\"@type\":\"WebSite\",\"@id\":\"https:\\\/\\\/aureliusjewelry.com\\\/cs\\\/#website\",\"url\":\"https:\\\/\\\/aureliusjewelry.com\\\/cs\\\/\",\"name\":\"Aurelius Jewelry\",\"description\":\"Handmade Fine Gold Jewelry\",\"publisher\":{\"@id\":\"https:\\\/\\\/aureliusjewelry.com\\\/cs\\\/#organization\"},\"potentialAction\":[{\"@type\":\"SearchAction\",\"target\":{\"@type\":\"EntryPoint\",\"urlTemplate\":\"https:\\\/\\\/aureliusjewelry.com\\\/cs\\\/?s={search_term_string}\"},\"query-input\":{\"@type\":\"PropertyValueSpecification\",\"valueRequired\":true,\"valueName\":\"search_term_string\"}}],\"inLanguage\":\"cs\"},{\"@type\":\"Organization\",\"@id\":\"https:\\\/\\\/aureliusjewelry.com\\\/cs\\\/#organization\",\"name\":\"Aurelius Jewelry\",\"url\":\"https:\\\/\\\/aureliusjewelry.com\\\/cs\\\/\",\"logo\":{\"@type\":\"ImageObject\",\"inLanguage\":\"cs\",\"@id\":\"https:\\\/\\\/aureliusjewelry.com\\\/cs\\\/#\\\/schema\\\/logo\\\/image\\\/\",\"url\":\"https:\\\/\\\/aureliusjewelry.com\\\/wp-content\\\/uploads\\\/logo.png\",\"contentUrl\":\"https:\\\/\\\/aureliusjewelry.com\\\/wp-content\\\/uploads\\\/logo.png\",\"width\":400,\"height\":64,\"caption\":\"Aurelius Jewelry\"},\"image\":{\"@id\":\"https:\\\/\\\/aureliusjewelry.com\\\/cs\\\/#\\\/schema\\\/logo\\\/image\\\/\"},\"sameAs\":[\"https:\\\/\\\/www.facebook.com\\\/AureliusJewelry\\\/\",\"https:\\\/\\\/x.com\\\/AureliusJewelry\",\"https:\\\/\\\/instagram.com\\\/aureliusjewelry\",\"https:\\\/\\\/www.pinterest.com\\\/AureliusJewelry\\\/\"],\"email\":\"info@aureliusjewelry.com\",\"foundingDate\":\"2018-10-01\",\"vatID\":\"SI10391070\",\"hasMerchantReturnPolicy\":{\"@type\":\"MerchantReturnPolicy\",\"merchantReturnLink\":\"https:\\\/\\\/aureliusjewelry.com\\\/our-policies\\\/terms-conditions\\\/\"}}]}<\/script>\n<meta property=\"og:availability\" content=\"backorder\" \/>\n<meta property=\"product:availability\" content=\"available for order\" \/>\n<meta property=\"product:retailer_item_id\" content=\"20927\" \/>\n<meta property=\"product:condition\" content=\"new\" \/>","yoast_head_json":{"title":"Z\u00e1snubn\u00ed prsten s \u010dern\u00fdm ombre diamantem - Aurelius Jewelry","robots":{"index":"index","follow":"follow","max-snippet":"max-snippet:-1","max-image-preview":"max-image-preview:large","max-video-preview":"max-video-preview:-1"},"canonical":"https:\/\/aureliusjewelry.com\/cs\/zasnubni-prsten-s-cernym-ombre-diamantem\/","og_locale":"cs_CZ","og_type":"article","og_title":"Z\u00e1snubn\u00ed prsten s \u010dern\u00fdm ombre diamantem - Aurelius Jewelry","og_description":"%","og_url":"https:\/\/aureliusjewelry.com\/cs\/zasnubni-prsten-s-cernym-ombre-diamantem\/","og_site_name":"Aurelius Jewelry","article_publisher":"https:\/\/www.facebook.com\/AureliusJewelry\/","article_modified_time":"2026-03-23T19:16:42+00:00","og_image":[{"width":1920,"height":1440,"url":"https:\/\/aureliusjewelry.com\/wp-content\/uploads\/cerna-diamant-zasnubni-prsten-ruze-zlato.jpg","type":"image\/jpeg"}],"twitter_card":"summary_large_image","twitter_site":"@AureliusJewelry","schema":{"@context":"https:\/\/schema.org","@graph":[{"@type":"WebPage","@id":"https:\/\/aureliusjewelry.com\/cs\/zasnubni-prsten-s-cernym-ombre-diamantem\/","url":"https:\/\/aureliusjewelry.com\/cs\/zasnubni-prsten-s-cernym-ombre-diamantem\/","name":"Z\u00e1snubn\u00ed prsten s \u010dern\u00fdm ombre diamantem - Aurelius Jewelry","isPartOf":{"@id":"https:\/\/aureliusjewelry.com\/cs\/#website"},"primaryImageOfPage":{"@id":"https:\/\/aureliusjewelry.com\/cs\/zasnubni-prsten-s-cernym-ombre-diamantem\/#primaryimage"},"image":{"@id":"https:\/\/aureliusjewelry.com\/cs\/zasnubni-prsten-s-cernym-ombre-diamantem\/#primaryimage"},"thumbnailUrl":"https:\/\/aureliusjewelry.com\/wp-content\/uploads\/cerna-diamant-zasnubni-prsten-ruze-zlato.jpg","datePublished":"2021-02-18T19:48:21+00:00","dateModified":"2026-03-23T19:16:42+00:00","breadcrumb":{"@id":"https:\/\/aureliusjewelry.com\/cs\/zasnubni-prsten-s-cernym-ombre-diamantem\/#breadcrumb"},"inLanguage":"cs","potentialAction":[{"@type":"ReadAction","target":["https:\/\/aureliusjewelry.com\/cs\/zasnubni-prsten-s-cernym-ombre-diamantem\/"]}]},{"@type":"ImageObject","inLanguage":"cs","@id":"https:\/\/aureliusjewelry.com\/cs\/zasnubni-prsten-s-cernym-ombre-diamantem\/#primaryimage","url":"https:\/\/aureliusjewelry.com\/wp-content\/uploads\/cerna-diamant-zasnubni-prsten-ruze-zlato.jpg","contentUrl":"https:\/\/aureliusjewelry.com\/wp-content\/uploads\/cerna-diamant-zasnubni-prsten-ruze-zlato.jpg","width":1920,"height":1440,"caption":"\u010cern\u00e1 diamant z\u00e1snubn\u00ed prsten r\u016f\u017ee zlato"},{"@type":"BreadcrumbList","@id":"https:\/\/aureliusjewelry.com\/cs\/zasnubni-prsten-s-cernym-ombre-diamantem\/#breadcrumb","itemListElement":[{"@type":"ListItem","position":1,"name":"Home","item":"https:\/\/aureliusjewelry.com\/cs\/"},{"@type":"ListItem","position":2,"name":"Prodejna","item":"https:\/\/aureliusjewelry.com\/cs\/prodejna\/"},{"@type":"ListItem","position":3,"name":"Z\u00e1snubn\u00ed prsten s \u010dern\u00fdm ombre diamantem"}]},{"@type":"WebSite","@id":"https:\/\/aureliusjewelry.com\/cs\/#website","url":"https:\/\/aureliusjewelry.com\/cs\/","name":"Aurelius Jewelry","description":"Handmade Fine Gold Jewelry","publisher":{"@id":"https:\/\/aureliusjewelry.com\/cs\/#organization"},"potentialAction":[{"@type":"SearchAction","target":{"@type":"EntryPoint","urlTemplate":"https:\/\/aureliusjewelry.com\/cs\/?s={search_term_string}"},"query-input":{"@type":"PropertyValueSpecification","valueRequired":true,"valueName":"search_term_string"}}],"inLanguage":"cs"},{"@type":"Organization","@id":"https:\/\/aureliusjewelry.com\/cs\/#organization","name":"Aurelius Jewelry","url":"https:\/\/aureliusjewelry.com\/cs\/","logo":{"@type":"ImageObject","inLanguage":"cs","@id":"https:\/\/aureliusjewelry.com\/cs\/#\/schema\/logo\/image\/","url":"https:\/\/aureliusjewelry.com\/wp-content\/uploads\/logo.png","contentUrl":"https:\/\/aureliusjewelry.com\/wp-content\/uploads\/logo.png","width":400,"height":64,"caption":"Aurelius Jewelry"},"image":{"@id":"https:\/\/aureliusjewelry.com\/cs\/#\/schema\/logo\/image\/"},"sameAs":["https:\/\/www.facebook.com\/AureliusJewelry\/","https:\/\/x.com\/AureliusJewelry","https:\/\/instagram.com\/aureliusjewelry","https:\/\/www.pinterest.com\/AureliusJewelry\/"],"email":"info@aureliusjewelry.com","foundingDate":"2018-10-01","vatID":"SI10391070","hasMerchantReturnPolicy":{"@type":"MerchantReturnPolicy","merchantReturnLink":"https:\/\/aureliusjewelry.com\/our-policies\/terms-conditions\/"}}]},"og_availability":"backorder","product_availability":"available for order","product_retailer_item_id":"20927","product_condition":"new"},"_links":{"self":[{"href":"https:\/\/aureliusjewelry.com\/cs\/wp-json\/wp\/v2\/product\/25360","targetHints":{"allow":["GET"]}}],"collection":[{"href":"https:\/\/aureliusjewelry.com\/cs\/wp-json\/wp\/v2\/product"}],"about":[{"href":"https:\/\/aureliusjewelry.com\/cs\/wp-json\/wp\/v2\/types\/product"}],"replies":[{"embeddable":true,"href":"https:\/\/aureliusjewelry.com\/cs\/wp-json\/wp\/v2\/comments?post=25360"}],"wp:featuredmedia":[{"embeddable":true,"href":"https:\/\/aureliusjewelry.com\/cs\/wp-json\/wp\/v2\/media\/20936"}],"wp:attachment":[{"href":"https:\/\/aureliusjewelry.com\/cs\/wp-json\/wp\/v2\/media?parent=25360"}],"wp:term":[{"taxonomy":"product_brand","embeddable":true,"href":"https:\/\/aureliusjewelry.com\/cs\/wp-json\/wp\/v2\/product_brand?post=25360"},{"taxonomy":"product_cat","embeddable":true,"href":"https:\/\/aureliusjewelry.com\/cs\/wp-json\/wp\/v2\/product_cat?post=25360"},{"taxonomy":"product_tag","embeddable":true,"href":"https:\/\/aureliusjewelry.com\/cs\/wp-json\/wp\/v2\/product_tag?post=25360"}],"curies":[{"name":"wp","href":"https:\/\/api.w.org\/{rel}","templated":true}]}}