{"id":25318,"date":"2021-02-18T23:20:04","date_gmt":"2021-02-18T21:20:04","guid":{"rendered":"http:\/\/127.0.0.1\/product\/sada-trojiteho-snubniho-prstene-s-modrym-safirem-a-diamantovym-prstenem\/"},"modified":"2026-03-23T20:50:16","modified_gmt":"2026-03-23T18:50:16","slug":"sada-trojiteho-snubniho-prstene-s-modrym-safirem-a-diamantovym-prstenem","status":"publish","type":"product","link":"https:\/\/aureliusjewelry.com\/cs\/sada-trojiteho-snubniho-prstene-s-modrym-safirem-a-diamantovym-prstenem\/","title":{"rendered":"Sada trojit\u00e9ho snubn\u00edho prstene s modr\u00fdm saf\u00edrem a diamantov\u00fdm prstenem"},"content":{"rendered":"<p><strong>Z\u00e1snubn\u00ed prsten<\/strong><br \/>\n&#8211; troj\u00faheln\u00edkov\u00fd modr\u00fd saf\u00edr<br \/>\n&#8211; p\u0159ibli\u017en\u011b 6x5mm, 0.7ct<br \/>\n&#8211; VS kvalita<\/p>\n<p><strong>Vedlej\u0161\u00ed kameny<\/strong><br \/>\n&#8211; kite salt and pepper diamond<br \/>\n&#8211; p\u0159ibli\u017en\u011b 4&#215;2.5mm<\/p>\n<p>&#8211; kulat\u00e9 b\u00edl\u00e9 diamanty<br \/>\n&#8211; p\u0159ibli\u017en\u011b 1mm (2)<br \/>\n&#8211; F\/G barva, VS kvalita, bezkonfliktn\u00ed a etick\u00e9<\/p>\n<p><strong>Snubn\u00ed prsten 1<\/strong><br \/>\n&#8211; mark\u00fdza a kulat\u00e9 diamanty<br \/>\n&#8211; p\u0159ibli\u017en\u011b 3&#215;1.5mm (2), 1.25mm (4)<br \/>\n&#8211; F\/G barva, VS kvalita, bezkonfliktn\u00ed a etick\u00e9<\/p>\n<p><strong>Snubn\u00ed prsten 2<\/strong><br \/>\n&#8211; kulat\u00e9 diamanty<br \/>\n&#8211; p\u0159ibli\u017en\u011b 1mm (15)<br \/>\n&#8211; F\/G barva, VS kvalita, bezkonfliktn\u00ed a etick\u00e9<\/p>\n<p><strong>Velikost a materi\u00e1l prstenu<\/strong><br \/>\n&#8211; 1.5mm \u0161irok\u00fd, 1,6mm siln\u00fd<br \/>\n&#8211; dostupn\u00fd v 585\/1000 (14k) nebo 750\/1000 (18k) \u017elut\u00e9, b\u00edl\u00e9 nebo r\u016f\u017eov\u011b zlat\u00e9 a platinov\u00e9 950\/1000<br \/>\n&#8211; Velikosti US 3-9, men\u0161\u00ed a v\u011bt\u0161\u00ed velikosti d\u011bl\u00e1me na zak\u00e1zku<\/p>\n","protected":false},"excerpt":{"rendered":"<p>V\u0161echny dobr\u00e9 v\u011bci p\u0159ich\u00e1zej\u00ed po t\u0159ech, stejn\u011b jako prsteny v t\u00e9to jedine\u010dn\u00e9 sad\u011b geometrick\u00fdch saf\u00edrov\u00fdch snubn\u00edch prsten\u016f. Indigo modr\u00fd saf\u00edr je vy\u0159ez\u00e1n do troj\u00faheln\u00edkov\u00e9ho tvaru se zkosen\u00fdmi rohy. Je zdoben sv\u011btle r\u016f\u017eov\u00fdm Salt and Pepper diamantem a dv\u011bma kulat\u00fdmi b\u00edl\u00fdmi diamanty. Drahokamy spole\u010dn\u011b tvo\u0159\u00ed design ve tvaru pap\u00edrov\u00e9ho draka. Otev\u0159en\u00e1 mark\u00fdza a zdoben\u00e9 diamantov\u00e9 prsteny vytv\u00e1\u0159ej\u00ed dokonalou svatebn\u00ed sadu pro modern\u00ed nev\u011bstu.<\/p>\n","protected":false},"featured_media":21295,"comment_status":"open","ping_status":"closed","template":"","meta":[],"product_brand":[],"product_cat":[1423,642,646,673,666],"product_tag":[756,708,1249,1265,1280],"class_list":{"0":"post-25318","1":"product","2":"type-product","3":"status-publish","4":"has-post-thumbnail","6":"product_cat-3dilne-sady-snubnich-prstenu","7":"product_cat-contemporary-kolekce","8":"product_cat-paired-kolekce","9":"product_cat-prsteny","10":"product_cat-sady-snubnich-prstenu","11":"product_tag-ready_to_ship-cs","12":"product_tag-rings-cs","13":"product_tag-sada-prstenu","14":"product_tag-safir","15":"product_tag-triliantovy-strih","17":"first","18":"instock","19":"sold-individually","20":"taxable","21":"shipping-taxable","22":"purchasable","23":"product-type-variable"},"yoast_head":"<title>Sada trojit\u00e9ho snubn\u00edho prstene s modr\u00fdm saf\u00edrem a diamantov\u00fdm prstenem - Aurelius Jewelry<\/title>\n<meta name=\"robots\" content=\"index, follow, max-snippet:-1, max-image-preview:large, max-video-preview:-1\" \/>\n<link rel=\"canonical\" href=\"https:\/\/aureliusjewelry.com\/cs\/sada-trojiteho-snubniho-prstene-s-modrym-safirem-a-diamantovym-prstenem\/\" \/>\n<meta property=\"og:locale\" content=\"cs_CZ\" \/>\n<meta property=\"og:type\" content=\"article\" \/>\n<meta property=\"og:title\" content=\"Sada trojit\u00e9ho snubn\u00edho prstene s modr\u00fdm saf\u00edrem a diamantov\u00fdm prstenem - Aurelius Jewelry\" \/>\n<meta property=\"og:description\" content=\"%\" \/>\n<meta property=\"og:url\" content=\"https:\/\/aureliusjewelry.com\/cs\/sada-trojiteho-snubniho-prstene-s-modrym-safirem-a-diamantovym-prstenem\/\" \/>\n<meta property=\"og:site_name\" content=\"Aurelius Jewelry\" \/>\n<meta property=\"article:publisher\" content=\"https:\/\/www.facebook.com\/AureliusJewelry\/\" \/>\n<meta property=\"article:modified_time\" content=\"2026-03-23T18:50:16+00:00\" \/>\n<meta property=\"og:image\" content=\"https:\/\/aureliusjewelry.com\/wp-content\/uploads\/stit-safir-zasnubni-prsten-sada.jpg\" \/>\n\t<meta property=\"og:image:width\" content=\"1920\" \/>\n\t<meta property=\"og:image:height\" content=\"1440\" \/>\n\t<meta property=\"og:image:type\" content=\"image\/jpeg\" \/>\n<meta name=\"twitter:card\" content=\"summary_large_image\" \/>\n<meta name=\"twitter:site\" content=\"@AureliusJewelry\" \/>\n<script type=\"application\/ld+json\" class=\"yoast-schema-graph\">{\"@context\":\"https:\\\/\\\/schema.org\",\"@graph\":[{\"@type\":\"WebPage\",\"@id\":\"https:\\\/\\\/aureliusjewelry.com\\\/cs\\\/sada-trojiteho-snubniho-prstene-s-modrym-safirem-a-diamantovym-prstenem\\\/\",\"url\":\"https:\\\/\\\/aureliusjewelry.com\\\/cs\\\/sada-trojiteho-snubniho-prstene-s-modrym-safirem-a-diamantovym-prstenem\\\/\",\"name\":\"Sada trojit\u00e9ho snubn\u00edho prstene s modr\u00fdm saf\u00edrem a diamantov\u00fdm prstenem - Aurelius Jewelry\",\"isPartOf\":{\"@id\":\"https:\\\/\\\/aureliusjewelry.com\\\/cs\\\/#website\"},\"primaryImageOfPage\":{\"@id\":\"https:\\\/\\\/aureliusjewelry.com\\\/cs\\\/sada-trojiteho-snubniho-prstene-s-modrym-safirem-a-diamantovym-prstenem\\\/#primaryimage\"},\"image\":{\"@id\":\"https:\\\/\\\/aureliusjewelry.com\\\/cs\\\/sada-trojiteho-snubniho-prstene-s-modrym-safirem-a-diamantovym-prstenem\\\/#primaryimage\"},\"thumbnailUrl\":\"https:\\\/\\\/aureliusjewelry.com\\\/wp-content\\\/uploads\\\/stit-safir-zasnubni-prsten-sada.jpg\",\"datePublished\":\"2021-02-18T21:20:04+00:00\",\"dateModified\":\"2026-03-23T18:50:16+00:00\",\"breadcrumb\":{\"@id\":\"https:\\\/\\\/aureliusjewelry.com\\\/cs\\\/sada-trojiteho-snubniho-prstene-s-modrym-safirem-a-diamantovym-prstenem\\\/#breadcrumb\"},\"inLanguage\":\"cs\",\"potentialAction\":[{\"@type\":\"ReadAction\",\"target\":[\"https:\\\/\\\/aureliusjewelry.com\\\/cs\\\/sada-trojiteho-snubniho-prstene-s-modrym-safirem-a-diamantovym-prstenem\\\/\"]}]},{\"@type\":\"ImageObject\",\"inLanguage\":\"cs\",\"@id\":\"https:\\\/\\\/aureliusjewelry.com\\\/cs\\\/sada-trojiteho-snubniho-prstene-s-modrym-safirem-a-diamantovym-prstenem\\\/#primaryimage\",\"url\":\"https:\\\/\\\/aureliusjewelry.com\\\/wp-content\\\/uploads\\\/stit-safir-zasnubni-prsten-sada.jpg\",\"contentUrl\":\"https:\\\/\\\/aureliusjewelry.com\\\/wp-content\\\/uploads\\\/stit-safir-zasnubni-prsten-sada.jpg\",\"width\":1920,\"height\":1440,\"caption\":\"\u0161t\u00edt saf\u00edr z\u00e1snubn\u00ed prsten sada\"},{\"@type\":\"BreadcrumbList\",\"@id\":\"https:\\\/\\\/aureliusjewelry.com\\\/cs\\\/sada-trojiteho-snubniho-prstene-s-modrym-safirem-a-diamantovym-prstenem\\\/#breadcrumb\",\"itemListElement\":[{\"@type\":\"ListItem\",\"position\":1,\"name\":\"Home\",\"item\":\"https:\\\/\\\/aureliusjewelry.com\\\/cs\\\/\"},{\"@type\":\"ListItem\",\"position\":2,\"name\":\"Prodejna\",\"item\":\"https:\\\/\\\/aureliusjewelry.com\\\/cs\\\/prodejna\\\/\"},{\"@type\":\"ListItem\",\"position\":3,\"name\":\"Sada trojit\u00e9ho snubn\u00edho prstene s modr\u00fdm saf\u00edrem a diamantov\u00fdm prstenem\"}]},{\"@type\":\"WebSite\",\"@id\":\"https:\\\/\\\/aureliusjewelry.com\\\/cs\\\/#website\",\"url\":\"https:\\\/\\\/aureliusjewelry.com\\\/cs\\\/\",\"name\":\"Aurelius Jewelry\",\"description\":\"Handmade Fine Gold Jewelry\",\"publisher\":{\"@id\":\"https:\\\/\\\/aureliusjewelry.com\\\/cs\\\/#organization\"},\"potentialAction\":[{\"@type\":\"SearchAction\",\"target\":{\"@type\":\"EntryPoint\",\"urlTemplate\":\"https:\\\/\\\/aureliusjewelry.com\\\/cs\\\/?s={search_term_string}\"},\"query-input\":{\"@type\":\"PropertyValueSpecification\",\"valueRequired\":true,\"valueName\":\"search_term_string\"}}],\"inLanguage\":\"cs\"},{\"@type\":\"Organization\",\"@id\":\"https:\\\/\\\/aureliusjewelry.com\\\/cs\\\/#organization\",\"name\":\"Aurelius Jewelry\",\"url\":\"https:\\\/\\\/aureliusjewelry.com\\\/cs\\\/\",\"logo\":{\"@type\":\"ImageObject\",\"inLanguage\":\"cs\",\"@id\":\"https:\\\/\\\/aureliusjewelry.com\\\/cs\\\/#\\\/schema\\\/logo\\\/image\\\/\",\"url\":\"https:\\\/\\\/aureliusjewelry.com\\\/wp-content\\\/uploads\\\/logo.png\",\"contentUrl\":\"https:\\\/\\\/aureliusjewelry.com\\\/wp-content\\\/uploads\\\/logo.png\",\"width\":400,\"height\":64,\"caption\":\"Aurelius Jewelry\"},\"image\":{\"@id\":\"https:\\\/\\\/aureliusjewelry.com\\\/cs\\\/#\\\/schema\\\/logo\\\/image\\\/\"},\"sameAs\":[\"https:\\\/\\\/www.facebook.com\\\/AureliusJewelry\\\/\",\"https:\\\/\\\/x.com\\\/AureliusJewelry\",\"https:\\\/\\\/instagram.com\\\/aureliusjewelry\",\"https:\\\/\\\/www.pinterest.com\\\/AureliusJewelry\\\/\"],\"email\":\"info@aureliusjewelry.com\",\"foundingDate\":\"2018-10-01\",\"vatID\":\"SI10391070\",\"hasMerchantReturnPolicy\":{\"@type\":\"MerchantReturnPolicy\",\"merchantReturnLink\":\"https:\\\/\\\/aureliusjewelry.com\\\/our-policies\\\/terms-conditions\\\/\"}}]}<\/script>\n<meta property=\"og:availability\" content=\"instock\" \/>\n<meta property=\"product:availability\" content=\"instock\" \/>\n<meta property=\"product:retailer_item_id\" content=\"21292\" \/>\n<meta property=\"product:condition\" content=\"new\" \/>","yoast_head_json":{"title":"Sada trojit\u00e9ho snubn\u00edho prstene s modr\u00fdm saf\u00edrem a diamantov\u00fdm prstenem - Aurelius Jewelry","robots":{"index":"index","follow":"follow","max-snippet":"max-snippet:-1","max-image-preview":"max-image-preview:large","max-video-preview":"max-video-preview:-1"},"canonical":"https:\/\/aureliusjewelry.com\/cs\/sada-trojiteho-snubniho-prstene-s-modrym-safirem-a-diamantovym-prstenem\/","og_locale":"cs_CZ","og_type":"article","og_title":"Sada trojit\u00e9ho snubn\u00edho prstene s modr\u00fdm saf\u00edrem a diamantov\u00fdm prstenem - Aurelius Jewelry","og_description":"%","og_url":"https:\/\/aureliusjewelry.com\/cs\/sada-trojiteho-snubniho-prstene-s-modrym-safirem-a-diamantovym-prstenem\/","og_site_name":"Aurelius Jewelry","article_publisher":"https:\/\/www.facebook.com\/AureliusJewelry\/","article_modified_time":"2026-03-23T18:50:16+00:00","og_image":[{"width":1920,"height":1440,"url":"https:\/\/aureliusjewelry.com\/wp-content\/uploads\/stit-safir-zasnubni-prsten-sada.jpg","type":"image\/jpeg"}],"twitter_card":"summary_large_image","twitter_site":"@AureliusJewelry","schema":{"@context":"https:\/\/schema.org","@graph":[{"@type":"WebPage","@id":"https:\/\/aureliusjewelry.com\/cs\/sada-trojiteho-snubniho-prstene-s-modrym-safirem-a-diamantovym-prstenem\/","url":"https:\/\/aureliusjewelry.com\/cs\/sada-trojiteho-snubniho-prstene-s-modrym-safirem-a-diamantovym-prstenem\/","name":"Sada trojit\u00e9ho snubn\u00edho prstene s modr\u00fdm saf\u00edrem a diamantov\u00fdm prstenem - Aurelius Jewelry","isPartOf":{"@id":"https:\/\/aureliusjewelry.com\/cs\/#website"},"primaryImageOfPage":{"@id":"https:\/\/aureliusjewelry.com\/cs\/sada-trojiteho-snubniho-prstene-s-modrym-safirem-a-diamantovym-prstenem\/#primaryimage"},"image":{"@id":"https:\/\/aureliusjewelry.com\/cs\/sada-trojiteho-snubniho-prstene-s-modrym-safirem-a-diamantovym-prstenem\/#primaryimage"},"thumbnailUrl":"https:\/\/aureliusjewelry.com\/wp-content\/uploads\/stit-safir-zasnubni-prsten-sada.jpg","datePublished":"2021-02-18T21:20:04+00:00","dateModified":"2026-03-23T18:50:16+00:00","breadcrumb":{"@id":"https:\/\/aureliusjewelry.com\/cs\/sada-trojiteho-snubniho-prstene-s-modrym-safirem-a-diamantovym-prstenem\/#breadcrumb"},"inLanguage":"cs","potentialAction":[{"@type":"ReadAction","target":["https:\/\/aureliusjewelry.com\/cs\/sada-trojiteho-snubniho-prstene-s-modrym-safirem-a-diamantovym-prstenem\/"]}]},{"@type":"ImageObject","inLanguage":"cs","@id":"https:\/\/aureliusjewelry.com\/cs\/sada-trojiteho-snubniho-prstene-s-modrym-safirem-a-diamantovym-prstenem\/#primaryimage","url":"https:\/\/aureliusjewelry.com\/wp-content\/uploads\/stit-safir-zasnubni-prsten-sada.jpg","contentUrl":"https:\/\/aureliusjewelry.com\/wp-content\/uploads\/stit-safir-zasnubni-prsten-sada.jpg","width":1920,"height":1440,"caption":"\u0161t\u00edt saf\u00edr z\u00e1snubn\u00ed prsten sada"},{"@type":"BreadcrumbList","@id":"https:\/\/aureliusjewelry.com\/cs\/sada-trojiteho-snubniho-prstene-s-modrym-safirem-a-diamantovym-prstenem\/#breadcrumb","itemListElement":[{"@type":"ListItem","position":1,"name":"Home","item":"https:\/\/aureliusjewelry.com\/cs\/"},{"@type":"ListItem","position":2,"name":"Prodejna","item":"https:\/\/aureliusjewelry.com\/cs\/prodejna\/"},{"@type":"ListItem","position":3,"name":"Sada trojit\u00e9ho snubn\u00edho prstene s modr\u00fdm saf\u00edrem a diamantov\u00fdm prstenem"}]},{"@type":"WebSite","@id":"https:\/\/aureliusjewelry.com\/cs\/#website","url":"https:\/\/aureliusjewelry.com\/cs\/","name":"Aurelius Jewelry","description":"Handmade Fine Gold Jewelry","publisher":{"@id":"https:\/\/aureliusjewelry.com\/cs\/#organization"},"potentialAction":[{"@type":"SearchAction","target":{"@type":"EntryPoint","urlTemplate":"https:\/\/aureliusjewelry.com\/cs\/?s={search_term_string}"},"query-input":{"@type":"PropertyValueSpecification","valueRequired":true,"valueName":"search_term_string"}}],"inLanguage":"cs"},{"@type":"Organization","@id":"https:\/\/aureliusjewelry.com\/cs\/#organization","name":"Aurelius Jewelry","url":"https:\/\/aureliusjewelry.com\/cs\/","logo":{"@type":"ImageObject","inLanguage":"cs","@id":"https:\/\/aureliusjewelry.com\/cs\/#\/schema\/logo\/image\/","url":"https:\/\/aureliusjewelry.com\/wp-content\/uploads\/logo.png","contentUrl":"https:\/\/aureliusjewelry.com\/wp-content\/uploads\/logo.png","width":400,"height":64,"caption":"Aurelius Jewelry"},"image":{"@id":"https:\/\/aureliusjewelry.com\/cs\/#\/schema\/logo\/image\/"},"sameAs":["https:\/\/www.facebook.com\/AureliusJewelry\/","https:\/\/x.com\/AureliusJewelry","https:\/\/instagram.com\/aureliusjewelry","https:\/\/www.pinterest.com\/AureliusJewelry\/"],"email":"info@aureliusjewelry.com","foundingDate":"2018-10-01","vatID":"SI10391070","hasMerchantReturnPolicy":{"@type":"MerchantReturnPolicy","merchantReturnLink":"https:\/\/aureliusjewelry.com\/our-policies\/terms-conditions\/"}}]},"og_availability":"instock","product_availability":"instock","product_retailer_item_id":"21292","product_condition":"new"},"_links":{"self":[{"href":"https:\/\/aureliusjewelry.com\/cs\/wp-json\/wp\/v2\/product\/25318","targetHints":{"allow":["GET"]}}],"collection":[{"href":"https:\/\/aureliusjewelry.com\/cs\/wp-json\/wp\/v2\/product"}],"about":[{"href":"https:\/\/aureliusjewelry.com\/cs\/wp-json\/wp\/v2\/types\/product"}],"replies":[{"embeddable":true,"href":"https:\/\/aureliusjewelry.com\/cs\/wp-json\/wp\/v2\/comments?post=25318"}],"wp:featuredmedia":[{"embeddable":true,"href":"https:\/\/aureliusjewelry.com\/cs\/wp-json\/wp\/v2\/media\/21295"}],"wp:attachment":[{"href":"https:\/\/aureliusjewelry.com\/cs\/wp-json\/wp\/v2\/media?parent=25318"}],"wp:term":[{"taxonomy":"product_brand","embeddable":true,"href":"https:\/\/aureliusjewelry.com\/cs\/wp-json\/wp\/v2\/product_brand?post=25318"},{"taxonomy":"product_cat","embeddable":true,"href":"https:\/\/aureliusjewelry.com\/cs\/wp-json\/wp\/v2\/product_cat?post=25318"},{"taxonomy":"product_tag","embeddable":true,"href":"https:\/\/aureliusjewelry.com\/cs\/wp-json\/wp\/v2\/product_tag?post=25318"}],"curies":[{"name":"wp","href":"https:\/\/api.w.org\/{rel}","templated":true}]}}