{"id":25288,"date":"2021-02-14T00:11:00","date_gmt":"2021-02-13T22:11:00","guid":{"rendered":"http:\/\/127.0.0.1\/product\/prsten-s-ovalnym-diamantem-a-tremi-tyrkysovymi-safiry\/"},"modified":"2026-04-14T07:19:48","modified_gmt":"2026-04-14T05:19:48","slug":"prsten-s-ovalnym-diamantem-a-tremi-tyrkysovymi-safiry","status":"publish","type":"product","link":"https:\/\/aureliusjewelry.com\/cs\/prsten-s-ovalnym-diamantem-a-tremi-tyrkysovymi-safiry\/","title":{"rendered":"Prsten s ov\u00e1ln\u00fdm diamantem a t\u0159emi tyrkysov\u00fdmi saf\u00edry"},"content":{"rendered":"<p><strong>Hlavn\u00ed k\u00e1men<\/strong><br \/>\n&#8211; kulat\u00fd \u0161edozelen\u00fd saf\u00edr<br \/>\n&#8211; p\u0159ibli\u017en\u011b 5mm, 0.5-0.6ct<br \/>\n&#8211; VS kvalita<\/p>\n<p><strong>Vedlej\u0161\u00ed kameny<\/strong><br \/>\n&#8211; hru\u0161kov\u011b b\u00edl\u00e9 diamanty<br \/>\n&#8211; p\u0159ibli\u017en\u011b 3x2mm (2)<br \/>\n&#8211; F\/G barva, VS kvalita, bezkonfliktn\u00ed a etick\u00e9<\/p>\n<p><strong>Velikost a materi\u00e1l prstenu<\/strong><br \/>\n&#8211; 1.5mm \u0161irok\u00fd, 1,6mm siln\u00fd<br \/>\n&#8211; dostupn\u00fd v 585\/1000 (14k) nebo 750\/1000 (18k) \u017elut\u00e9, b\u00edl\u00e9 nebo r\u016f\u017eov\u011b zlat\u00e9 a platinov\u00e9 950\/1000<br \/>\n&#8211; Velikosti US 3-9, men\u0161\u00ed a v\u011bt\u0161\u00ed velikosti d\u011bl\u00e1me na zak\u00e1zku<\/p>\n","protected":false},"excerpt":{"rendered":"<p>V\u0161echny dobr\u00e9 v\u011bci p\u0159ich\u00e1zej\u00ed ve t\u0159ech, stejn\u011b jako drahokam v tomto \u0161edozelen\u00e9m saf\u00edrov\u00e9m z\u00e1snubn\u00edm prstenu. Odst\u00edny ka\u017ed\u00e9ho \u0161edozelen\u00e9ho saf\u00edru se mohou li\u0161it a d\u00edky dv\u011bma jisk\u0159iv\u00fdm postrann\u00edm diamant\u016fm ve tvaru hru\u0161ky opravdu vyniknou! V z\u00e1snubn\u00edm prstenu symbolizuje saf\u00edr v\u011brnost a up\u0159\u00edmnost, co\u017e z n\u011bj \u010din\u00ed ide\u00e1ln\u00ed volbu pro tuto zvl\u00e1\u0161tn\u00ed p\u0159\u00edle\u017eitost.<\/p>\n","protected":false},"featured_media":20006,"comment_status":"open","ping_status":"closed","template":"","meta":[],"product_brand":[],"product_cat":[1418,673,656,645,1427,651],"product_tag":[1253,709,1246,708,1265],"class_list":{"0":"post-25288","1":"product","2":"type-product","3":"status-publish","4":"has-post-thumbnail","6":"product_cat-kulaty-zasnubni-prsten","7":"product_cat-prsteny","8":"product_cat-safirove-zasnubni-prsteny","9":"product_cat-the-classics-kolekce","10":"product_cat-tri-kameny-zasnubni-prsten","11":"product_cat-zasnubni-prsteny","12":"product_tag-kulaty","13":"product_tag-production_time_3_5-cs","14":"product_tag-prsten","15":"product_tag-rings-cs","16":"product_tag-safir","18":"first","19":"onbackorder","20":"sold-individually","21":"taxable","22":"shipping-taxable","23":"purchasable","24":"product-type-variable"},"yoast_head":"<title>Prsten s ov\u00e1ln\u00fdm diamantem a t\u0159emi tyrkysov\u00fdmi saf\u00edry - Aurelius Jewelry<\/title>\n<meta name=\"robots\" content=\"index, follow, max-snippet:-1, max-image-preview:large, max-video-preview:-1\" \/>\n<link rel=\"canonical\" href=\"https:\/\/aureliusjewelry.com\/cs\/prsten-s-ovalnym-diamantem-a-tremi-tyrkysovymi-safiry\/\" \/>\n<meta property=\"og:locale\" content=\"cs_CZ\" \/>\n<meta property=\"og:type\" content=\"article\" \/>\n<meta property=\"og:title\" content=\"Prsten s ov\u00e1ln\u00fdm diamantem a t\u0159emi tyrkysov\u00fdmi saf\u00edry - Aurelius Jewelry\" \/>\n<meta property=\"og:description\" content=\"%\" \/>\n<meta property=\"og:url\" content=\"https:\/\/aureliusjewelry.com\/cs\/prsten-s-ovalnym-diamantem-a-tremi-tyrkysovymi-safiry\/\" \/>\n<meta property=\"og:site_name\" content=\"Aurelius Jewelry\" \/>\n<meta property=\"article:publisher\" content=\"https:\/\/www.facebook.com\/AureliusJewelry\/\" \/>\n<meta property=\"article:modified_time\" content=\"2026-04-14T05:19:48+00:00\" \/>\n<meta property=\"og:image\" content=\"https:\/\/aureliusjewelry.com\/wp-content\/uploads\/round-teal-sapphire-ring.jpg\" \/>\n\t<meta property=\"og:image:width\" content=\"1920\" \/>\n\t<meta property=\"og:image:height\" content=\"1440\" \/>\n\t<meta property=\"og:image:type\" content=\"image\/jpeg\" \/>\n<meta name=\"twitter:card\" content=\"summary_large_image\" \/>\n<meta name=\"twitter:site\" content=\"@AureliusJewelry\" \/>\n<script type=\"application\/ld+json\" class=\"yoast-schema-graph\">{\"@context\":\"https:\\\/\\\/schema.org\",\"@graph\":[{\"@type\":\"WebPage\",\"@id\":\"https:\\\/\\\/aureliusjewelry.com\\\/cs\\\/prsten-s-ovalnym-diamantem-a-tremi-tyrkysovymi-safiry\\\/\",\"url\":\"https:\\\/\\\/aureliusjewelry.com\\\/cs\\\/prsten-s-ovalnym-diamantem-a-tremi-tyrkysovymi-safiry\\\/\",\"name\":\"Prsten s ov\u00e1ln\u00fdm diamantem a t\u0159emi tyrkysov\u00fdmi saf\u00edry - Aurelius Jewelry\",\"isPartOf\":{\"@id\":\"https:\\\/\\\/aureliusjewelry.com\\\/cs\\\/#website\"},\"primaryImageOfPage\":{\"@id\":\"https:\\\/\\\/aureliusjewelry.com\\\/cs\\\/prsten-s-ovalnym-diamantem-a-tremi-tyrkysovymi-safiry\\\/#primaryimage\"},\"image\":{\"@id\":\"https:\\\/\\\/aureliusjewelry.com\\\/cs\\\/prsten-s-ovalnym-diamantem-a-tremi-tyrkysovymi-safiry\\\/#primaryimage\"},\"thumbnailUrl\":\"https:\\\/\\\/aureliusjewelry.com\\\/wp-content\\\/uploads\\\/round-teal-sapphire-ring.jpg\",\"datePublished\":\"2021-02-13T22:11:00+00:00\",\"dateModified\":\"2026-04-14T05:19:48+00:00\",\"breadcrumb\":{\"@id\":\"https:\\\/\\\/aureliusjewelry.com\\\/cs\\\/prsten-s-ovalnym-diamantem-a-tremi-tyrkysovymi-safiry\\\/#breadcrumb\"},\"inLanguage\":\"cs\",\"potentialAction\":[{\"@type\":\"ReadAction\",\"target\":[\"https:\\\/\\\/aureliusjewelry.com\\\/cs\\\/prsten-s-ovalnym-diamantem-a-tremi-tyrkysovymi-safiry\\\/\"]}]},{\"@type\":\"ImageObject\",\"inLanguage\":\"cs\",\"@id\":\"https:\\\/\\\/aureliusjewelry.com\\\/cs\\\/prsten-s-ovalnym-diamantem-a-tremi-tyrkysovymi-safiry\\\/#primaryimage\",\"url\":\"https:\\\/\\\/aureliusjewelry.com\\\/wp-content\\\/uploads\\\/round-teal-sapphire-ring.jpg\",\"contentUrl\":\"https:\\\/\\\/aureliusjewelry.com\\\/wp-content\\\/uploads\\\/round-teal-sapphire-ring.jpg\",\"width\":1920,\"height\":1440,\"caption\":\"kolo \u0161edozelen\u00e1 saf\u00edr prsten\"},{\"@type\":\"BreadcrumbList\",\"@id\":\"https:\\\/\\\/aureliusjewelry.com\\\/cs\\\/prsten-s-ovalnym-diamantem-a-tremi-tyrkysovymi-safiry\\\/#breadcrumb\",\"itemListElement\":[{\"@type\":\"ListItem\",\"position\":1,\"name\":\"Home\",\"item\":\"https:\\\/\\\/aureliusjewelry.com\\\/cs\\\/\"},{\"@type\":\"ListItem\",\"position\":2,\"name\":\"Prodejna\",\"item\":\"https:\\\/\\\/aureliusjewelry.com\\\/cs\\\/prodejna\\\/\"},{\"@type\":\"ListItem\",\"position\":3,\"name\":\"Prsten s ov\u00e1ln\u00fdm diamantem a t\u0159emi tyrkysov\u00fdmi saf\u00edry\"}]},{\"@type\":\"WebSite\",\"@id\":\"https:\\\/\\\/aureliusjewelry.com\\\/cs\\\/#website\",\"url\":\"https:\\\/\\\/aureliusjewelry.com\\\/cs\\\/\",\"name\":\"Aurelius Jewelry\",\"description\":\"Handmade Fine Gold Jewelry\",\"publisher\":{\"@id\":\"https:\\\/\\\/aureliusjewelry.com\\\/cs\\\/#organization\"},\"potentialAction\":[{\"@type\":\"SearchAction\",\"target\":{\"@type\":\"EntryPoint\",\"urlTemplate\":\"https:\\\/\\\/aureliusjewelry.com\\\/cs\\\/?s={search_term_string}\"},\"query-input\":{\"@type\":\"PropertyValueSpecification\",\"valueRequired\":true,\"valueName\":\"search_term_string\"}}],\"inLanguage\":\"cs\"},{\"@type\":\"Organization\",\"@id\":\"https:\\\/\\\/aureliusjewelry.com\\\/cs\\\/#organization\",\"name\":\"Aurelius Jewelry\",\"url\":\"https:\\\/\\\/aureliusjewelry.com\\\/cs\\\/\",\"logo\":{\"@type\":\"ImageObject\",\"inLanguage\":\"cs\",\"@id\":\"https:\\\/\\\/aureliusjewelry.com\\\/cs\\\/#\\\/schema\\\/logo\\\/image\\\/\",\"url\":\"https:\\\/\\\/aureliusjewelry.com\\\/wp-content\\\/uploads\\\/logo.png\",\"contentUrl\":\"https:\\\/\\\/aureliusjewelry.com\\\/wp-content\\\/uploads\\\/logo.png\",\"width\":400,\"height\":64,\"caption\":\"Aurelius Jewelry\"},\"image\":{\"@id\":\"https:\\\/\\\/aureliusjewelry.com\\\/cs\\\/#\\\/schema\\\/logo\\\/image\\\/\"},\"sameAs\":[\"https:\\\/\\\/www.facebook.com\\\/AureliusJewelry\\\/\",\"https:\\\/\\\/x.com\\\/AureliusJewelry\",\"https:\\\/\\\/instagram.com\\\/aureliusjewelry\",\"https:\\\/\\\/www.pinterest.com\\\/AureliusJewelry\\\/\"],\"email\":\"info@aureliusjewelry.com\",\"foundingDate\":\"2018-10-01\",\"vatID\":\"SI10391070\",\"hasMerchantReturnPolicy\":{\"@type\":\"MerchantReturnPolicy\",\"merchantReturnLink\":\"https:\\\/\\\/aureliusjewelry.com\\\/our-policies\\\/terms-conditions\\\/\"}}]}<\/script>\n<meta property=\"og:availability\" content=\"backorder\" \/>\n<meta property=\"product:availability\" content=\"available for order\" \/>\n<meta property=\"product:retailer_item_id\" content=\"19997\" \/>\n<meta property=\"product:condition\" content=\"new\" \/>","yoast_head_json":{"title":"Prsten s ov\u00e1ln\u00fdm diamantem a t\u0159emi tyrkysov\u00fdmi saf\u00edry - Aurelius Jewelry","robots":{"index":"index","follow":"follow","max-snippet":"max-snippet:-1","max-image-preview":"max-image-preview:large","max-video-preview":"max-video-preview:-1"},"canonical":"https:\/\/aureliusjewelry.com\/cs\/prsten-s-ovalnym-diamantem-a-tremi-tyrkysovymi-safiry\/","og_locale":"cs_CZ","og_type":"article","og_title":"Prsten s ov\u00e1ln\u00fdm diamantem a t\u0159emi tyrkysov\u00fdmi saf\u00edry - Aurelius Jewelry","og_description":"%","og_url":"https:\/\/aureliusjewelry.com\/cs\/prsten-s-ovalnym-diamantem-a-tremi-tyrkysovymi-safiry\/","og_site_name":"Aurelius Jewelry","article_publisher":"https:\/\/www.facebook.com\/AureliusJewelry\/","article_modified_time":"2026-04-14T05:19:48+00:00","og_image":[{"width":1920,"height":1440,"url":"https:\/\/aureliusjewelry.com\/wp-content\/uploads\/round-teal-sapphire-ring.jpg","type":"image\/jpeg"}],"twitter_card":"summary_large_image","twitter_site":"@AureliusJewelry","schema":{"@context":"https:\/\/schema.org","@graph":[{"@type":"WebPage","@id":"https:\/\/aureliusjewelry.com\/cs\/prsten-s-ovalnym-diamantem-a-tremi-tyrkysovymi-safiry\/","url":"https:\/\/aureliusjewelry.com\/cs\/prsten-s-ovalnym-diamantem-a-tremi-tyrkysovymi-safiry\/","name":"Prsten s ov\u00e1ln\u00fdm diamantem a t\u0159emi tyrkysov\u00fdmi saf\u00edry - Aurelius Jewelry","isPartOf":{"@id":"https:\/\/aureliusjewelry.com\/cs\/#website"},"primaryImageOfPage":{"@id":"https:\/\/aureliusjewelry.com\/cs\/prsten-s-ovalnym-diamantem-a-tremi-tyrkysovymi-safiry\/#primaryimage"},"image":{"@id":"https:\/\/aureliusjewelry.com\/cs\/prsten-s-ovalnym-diamantem-a-tremi-tyrkysovymi-safiry\/#primaryimage"},"thumbnailUrl":"https:\/\/aureliusjewelry.com\/wp-content\/uploads\/round-teal-sapphire-ring.jpg","datePublished":"2021-02-13T22:11:00+00:00","dateModified":"2026-04-14T05:19:48+00:00","breadcrumb":{"@id":"https:\/\/aureliusjewelry.com\/cs\/prsten-s-ovalnym-diamantem-a-tremi-tyrkysovymi-safiry\/#breadcrumb"},"inLanguage":"cs","potentialAction":[{"@type":"ReadAction","target":["https:\/\/aureliusjewelry.com\/cs\/prsten-s-ovalnym-diamantem-a-tremi-tyrkysovymi-safiry\/"]}]},{"@type":"ImageObject","inLanguage":"cs","@id":"https:\/\/aureliusjewelry.com\/cs\/prsten-s-ovalnym-diamantem-a-tremi-tyrkysovymi-safiry\/#primaryimage","url":"https:\/\/aureliusjewelry.com\/wp-content\/uploads\/round-teal-sapphire-ring.jpg","contentUrl":"https:\/\/aureliusjewelry.com\/wp-content\/uploads\/round-teal-sapphire-ring.jpg","width":1920,"height":1440,"caption":"kolo \u0161edozelen\u00e1 saf\u00edr prsten"},{"@type":"BreadcrumbList","@id":"https:\/\/aureliusjewelry.com\/cs\/prsten-s-ovalnym-diamantem-a-tremi-tyrkysovymi-safiry\/#breadcrumb","itemListElement":[{"@type":"ListItem","position":1,"name":"Home","item":"https:\/\/aureliusjewelry.com\/cs\/"},{"@type":"ListItem","position":2,"name":"Prodejna","item":"https:\/\/aureliusjewelry.com\/cs\/prodejna\/"},{"@type":"ListItem","position":3,"name":"Prsten s ov\u00e1ln\u00fdm diamantem a t\u0159emi tyrkysov\u00fdmi saf\u00edry"}]},{"@type":"WebSite","@id":"https:\/\/aureliusjewelry.com\/cs\/#website","url":"https:\/\/aureliusjewelry.com\/cs\/","name":"Aurelius Jewelry","description":"Handmade Fine Gold Jewelry","publisher":{"@id":"https:\/\/aureliusjewelry.com\/cs\/#organization"},"potentialAction":[{"@type":"SearchAction","target":{"@type":"EntryPoint","urlTemplate":"https:\/\/aureliusjewelry.com\/cs\/?s={search_term_string}"},"query-input":{"@type":"PropertyValueSpecification","valueRequired":true,"valueName":"search_term_string"}}],"inLanguage":"cs"},{"@type":"Organization","@id":"https:\/\/aureliusjewelry.com\/cs\/#organization","name":"Aurelius Jewelry","url":"https:\/\/aureliusjewelry.com\/cs\/","logo":{"@type":"ImageObject","inLanguage":"cs","@id":"https:\/\/aureliusjewelry.com\/cs\/#\/schema\/logo\/image\/","url":"https:\/\/aureliusjewelry.com\/wp-content\/uploads\/logo.png","contentUrl":"https:\/\/aureliusjewelry.com\/wp-content\/uploads\/logo.png","width":400,"height":64,"caption":"Aurelius Jewelry"},"image":{"@id":"https:\/\/aureliusjewelry.com\/cs\/#\/schema\/logo\/image\/"},"sameAs":["https:\/\/www.facebook.com\/AureliusJewelry\/","https:\/\/x.com\/AureliusJewelry","https:\/\/instagram.com\/aureliusjewelry","https:\/\/www.pinterest.com\/AureliusJewelry\/"],"email":"info@aureliusjewelry.com","foundingDate":"2018-10-01","vatID":"SI10391070","hasMerchantReturnPolicy":{"@type":"MerchantReturnPolicy","merchantReturnLink":"https:\/\/aureliusjewelry.com\/our-policies\/terms-conditions\/"}}]},"og_availability":"backorder","product_availability":"available for order","product_retailer_item_id":"19997","product_condition":"new"},"_links":{"self":[{"href":"https:\/\/aureliusjewelry.com\/cs\/wp-json\/wp\/v2\/product\/25288","targetHints":{"allow":["GET"]}}],"collection":[{"href":"https:\/\/aureliusjewelry.com\/cs\/wp-json\/wp\/v2\/product"}],"about":[{"href":"https:\/\/aureliusjewelry.com\/cs\/wp-json\/wp\/v2\/types\/product"}],"replies":[{"embeddable":true,"href":"https:\/\/aureliusjewelry.com\/cs\/wp-json\/wp\/v2\/comments?post=25288"}],"wp:featuredmedia":[{"embeddable":true,"href":"https:\/\/aureliusjewelry.com\/cs\/wp-json\/wp\/v2\/media\/20006"}],"wp:attachment":[{"href":"https:\/\/aureliusjewelry.com\/cs\/wp-json\/wp\/v2\/media?parent=25288"}],"wp:term":[{"taxonomy":"product_brand","embeddable":true,"href":"https:\/\/aureliusjewelry.com\/cs\/wp-json\/wp\/v2\/product_brand?post=25288"},{"taxonomy":"product_cat","embeddable":true,"href":"https:\/\/aureliusjewelry.com\/cs\/wp-json\/wp\/v2\/product_cat?post=25288"},{"taxonomy":"product_tag","embeddable":true,"href":"https:\/\/aureliusjewelry.com\/cs\/wp-json\/wp\/v2\/product_tag?post=25288"}],"curies":[{"name":"wp","href":"https:\/\/api.w.org\/{rel}","templated":true}]}}