{"id":25240,"date":"2021-02-18T22:44:51","date_gmt":"2021-02-18T20:44:51","guid":{"rendered":"http:\/\/127.0.0.1\/product\/sada-snubnich-prstenu-s-diamanty-a-sestihrannym-labradoritem\/"},"modified":"2026-04-14T06:52:33","modified_gmt":"2026-04-14T04:52:33","slug":"sada-snubnich-prstenu-s-diamanty-a-sestihrannym-labradoritem","status":"publish","type":"product","link":"https:\/\/aureliusjewelry.com\/cs\/sada-snubnich-prstenu-s-diamanty-a-sestihrannym-labradoritem\/","title":{"rendered":"Sada snubn\u00edch prsten\u016f s diamanty a \u0161estihrann\u00fdm labradoritem"},"content":{"rendered":"<p><strong>Hlavn\u00ed k\u00e1men<\/strong><br \/>\n\u2013 \u0161estihrann\u00fd labradorit<br \/>\n\u2013 p\u0159ibli\u017en\u011b 7mm<\/p>\n<p><strong>Vedlej\u0161\u00ed kameny<\/strong><br \/>\n\u2013 kulat\u00e9 diamanty<br \/>\n\u2013 p\u0159ibli\u017en\u011b 2mm (2)<br \/>\n\u2013 F\/G barva, VS kvalita, bezkonfliktn\u00ed a etick\u00e9<\/p>\n<p><strong>Velikost a materi\u00e1l prstenu<\/strong><br \/>\n\u2013 1.5mm \u0161irok\u00fd, 1,6mm siln\u00fd<br \/>\n\u2013 dostupn\u00fd v 585\/1000 (14k) nebo 750\/1000 (18k) \u017elut\u00e9, b\u00edl\u00e9 nebo r\u016f\u017eov\u011b zlat\u00e9 a platinov\u00e9 950\/1000<br \/>\n\u2013 Velikosti US 3-9, men\u0161\u00ed a v\u011bt\u0161\u00ed velikosti d\u011bl\u00e1me na zak\u00e1zku<\/p>\n","protected":false},"excerpt":{"rendered":"<p>Duhov\u00e9 modr\u00e9 t\u00f3ny dod\u00e1vaj\u00ed tomuto \u0161estihrann\u00e9mu labradoritov\u00e9mu z\u00e1snubn\u00edmu prstenu n\u00e1dech hravosti a elegance. Sp\u00e1rovali jsme hlavn\u00ed prsten s elegantn\u00edm chevronov\u00fdm snubn\u00edm prstenem. Skute\u010dnou kr\u00e1su labradoritu lze ocenit na slune\u010dn\u00edm sv\u011btle, kter\u00e9 p\u0159in\u00e1\u0161\u00ed magii kamene. Nen\u00ed \u017e\u00e1dn\u00fdm p\u0159ekvapen\u00edm, \u017ee Inuit\u00e9 v\u011b\u0159ili, \u017ee t\u00edm kamenem je pol\u00e1rn\u00ed z\u00e1\u0159e zachycen\u00e1 ve skal\u00e1ch. Pro p\u00e1ry, kter\u00e9 cht\u011bj\u00ed n\u011bco modern\u00edho a jedine\u010dn\u00e9ho, doporu\u010dujeme sadu snubn\u00edch prsten\u016f s labradoritem.<br \/>\nZ\u00e1snubn\u00ed prsten s diamanty a gran\u00e1tem<\/p>\n","protected":false},"featured_media":21128,"comment_status":"open","ping_status":"closed","template":"","meta":[],"product_brand":[],"product_cat":[642,1424,646,673,666],"product_tag":[1195,709,708,1249,1186],"class_list":{"0":"post-25240","1":"product","2":"type-product","3":"status-publish","4":"has-post-thumbnail","6":"product_cat-contemporary-kolekce","7":"product_cat-dvoudilny-snubni-prsten","8":"product_cat-paired-kolekce","9":"product_cat-prsteny","10":"product_cat-sady-snubnich-prstenu","11":"product_tag-labradorit","12":"product_tag-production_time_3_5-cs","13":"product_tag-rings-cs","14":"product_tag-sada-prstenu","15":"product_tag-sestiuhelnik","17":"first","18":"onbackorder","19":"sold-individually","20":"taxable","21":"shipping-taxable","22":"purchasable","23":"product-type-variable"},"yoast_head":"<title>Sada snubn\u00edch prsten\u016f s diamanty a \u0161estihrann\u00fdm labradoritem - Aurelius Jewelry<\/title>\n<meta name=\"robots\" content=\"index, follow, max-snippet:-1, max-image-preview:large, max-video-preview:-1\" \/>\n<link rel=\"canonical\" href=\"https:\/\/aureliusjewelry.com\/cs\/sada-snubnich-prstenu-s-diamanty-a-sestihrannym-labradoritem\/\" \/>\n<meta property=\"og:locale\" content=\"cs_CZ\" \/>\n<meta property=\"og:type\" content=\"article\" \/>\n<meta property=\"og:title\" content=\"Sada snubn\u00edch prsten\u016f s diamanty a \u0161estihrann\u00fdm labradoritem - Aurelius Jewelry\" \/>\n<meta property=\"og:description\" content=\"%\" \/>\n<meta property=\"og:url\" content=\"https:\/\/aureliusjewelry.com\/cs\/sada-snubnich-prstenu-s-diamanty-a-sestihrannym-labradoritem\/\" \/>\n<meta property=\"og:site_name\" content=\"Aurelius Jewelry\" \/>\n<meta property=\"article:publisher\" content=\"https:\/\/www.facebook.com\/AureliusJewelry\/\" \/>\n<meta property=\"article:modified_time\" content=\"2026-04-14T04:52:33+00:00\" \/>\n<meta property=\"og:image\" content=\"https:\/\/aureliusjewelry.com\/wp-content\/uploads\/labradorit-zasnubni-prsten-sada.jpg\" \/>\n\t<meta property=\"og:image:width\" content=\"1920\" \/>\n\t<meta property=\"og:image:height\" content=\"1440\" \/>\n\t<meta property=\"og:image:type\" content=\"image\/jpeg\" \/>\n<meta name=\"twitter:card\" content=\"summary_large_image\" \/>\n<meta name=\"twitter:site\" content=\"@AureliusJewelry\" \/>\n<script type=\"application\/ld+json\" class=\"yoast-schema-graph\">{\"@context\":\"https:\\\/\\\/schema.org\",\"@graph\":[{\"@type\":\"WebPage\",\"@id\":\"https:\\\/\\\/aureliusjewelry.com\\\/cs\\\/sada-snubnich-prstenu-s-diamanty-a-sestihrannym-labradoritem\\\/\",\"url\":\"https:\\\/\\\/aureliusjewelry.com\\\/cs\\\/sada-snubnich-prstenu-s-diamanty-a-sestihrannym-labradoritem\\\/\",\"name\":\"Sada snubn\u00edch prsten\u016f s diamanty a \u0161estihrann\u00fdm labradoritem - Aurelius Jewelry\",\"isPartOf\":{\"@id\":\"https:\\\/\\\/aureliusjewelry.com\\\/cs\\\/#website\"},\"primaryImageOfPage\":{\"@id\":\"https:\\\/\\\/aureliusjewelry.com\\\/cs\\\/sada-snubnich-prstenu-s-diamanty-a-sestihrannym-labradoritem\\\/#primaryimage\"},\"image\":{\"@id\":\"https:\\\/\\\/aureliusjewelry.com\\\/cs\\\/sada-snubnich-prstenu-s-diamanty-a-sestihrannym-labradoritem\\\/#primaryimage\"},\"thumbnailUrl\":\"https:\\\/\\\/aureliusjewelry.com\\\/wp-content\\\/uploads\\\/labradorit-zasnubni-prsten-sada.jpg\",\"datePublished\":\"2021-02-18T20:44:51+00:00\",\"dateModified\":\"2026-04-14T04:52:33+00:00\",\"breadcrumb\":{\"@id\":\"https:\\\/\\\/aureliusjewelry.com\\\/cs\\\/sada-snubnich-prstenu-s-diamanty-a-sestihrannym-labradoritem\\\/#breadcrumb\"},\"inLanguage\":\"cs\",\"potentialAction\":[{\"@type\":\"ReadAction\",\"target\":[\"https:\\\/\\\/aureliusjewelry.com\\\/cs\\\/sada-snubnich-prstenu-s-diamanty-a-sestihrannym-labradoritem\\\/\"]}]},{\"@type\":\"ImageObject\",\"inLanguage\":\"cs\",\"@id\":\"https:\\\/\\\/aureliusjewelry.com\\\/cs\\\/sada-snubnich-prstenu-s-diamanty-a-sestihrannym-labradoritem\\\/#primaryimage\",\"url\":\"https:\\\/\\\/aureliusjewelry.com\\\/wp-content\\\/uploads\\\/labradorit-zasnubni-prsten-sada.jpg\",\"contentUrl\":\"https:\\\/\\\/aureliusjewelry.com\\\/wp-content\\\/uploads\\\/labradorit-zasnubni-prsten-sada.jpg\",\"width\":1920,\"height\":1440,\"caption\":\"labradorit z\u00e1snubn\u00ed prsten sada\"},{\"@type\":\"BreadcrumbList\",\"@id\":\"https:\\\/\\\/aureliusjewelry.com\\\/cs\\\/sada-snubnich-prstenu-s-diamanty-a-sestihrannym-labradoritem\\\/#breadcrumb\",\"itemListElement\":[{\"@type\":\"ListItem\",\"position\":1,\"name\":\"Home\",\"item\":\"https:\\\/\\\/aureliusjewelry.com\\\/cs\\\/\"},{\"@type\":\"ListItem\",\"position\":2,\"name\":\"Prodejna\",\"item\":\"https:\\\/\\\/aureliusjewelry.com\\\/cs\\\/prodejna\\\/\"},{\"@type\":\"ListItem\",\"position\":3,\"name\":\"Sada snubn\u00edch prsten\u016f s diamanty a \u0161estihrann\u00fdm labradoritem\"}]},{\"@type\":\"WebSite\",\"@id\":\"https:\\\/\\\/aureliusjewelry.com\\\/cs\\\/#website\",\"url\":\"https:\\\/\\\/aureliusjewelry.com\\\/cs\\\/\",\"name\":\"Aurelius Jewelry\",\"description\":\"Handmade Fine Gold Jewelry\",\"publisher\":{\"@id\":\"https:\\\/\\\/aureliusjewelry.com\\\/cs\\\/#organization\"},\"potentialAction\":[{\"@type\":\"SearchAction\",\"target\":{\"@type\":\"EntryPoint\",\"urlTemplate\":\"https:\\\/\\\/aureliusjewelry.com\\\/cs\\\/?s={search_term_string}\"},\"query-input\":{\"@type\":\"PropertyValueSpecification\",\"valueRequired\":true,\"valueName\":\"search_term_string\"}}],\"inLanguage\":\"cs\"},{\"@type\":\"Organization\",\"@id\":\"https:\\\/\\\/aureliusjewelry.com\\\/cs\\\/#organization\",\"name\":\"Aurelius Jewelry\",\"url\":\"https:\\\/\\\/aureliusjewelry.com\\\/cs\\\/\",\"logo\":{\"@type\":\"ImageObject\",\"inLanguage\":\"cs\",\"@id\":\"https:\\\/\\\/aureliusjewelry.com\\\/cs\\\/#\\\/schema\\\/logo\\\/image\\\/\",\"url\":\"https:\\\/\\\/aureliusjewelry.com\\\/wp-content\\\/uploads\\\/logo.png\",\"contentUrl\":\"https:\\\/\\\/aureliusjewelry.com\\\/wp-content\\\/uploads\\\/logo.png\",\"width\":400,\"height\":64,\"caption\":\"Aurelius Jewelry\"},\"image\":{\"@id\":\"https:\\\/\\\/aureliusjewelry.com\\\/cs\\\/#\\\/schema\\\/logo\\\/image\\\/\"},\"sameAs\":[\"https:\\\/\\\/www.facebook.com\\\/AureliusJewelry\\\/\",\"https:\\\/\\\/x.com\\\/AureliusJewelry\",\"https:\\\/\\\/instagram.com\\\/aureliusjewelry\",\"https:\\\/\\\/www.pinterest.com\\\/AureliusJewelry\\\/\"],\"email\":\"info@aureliusjewelry.com\",\"foundingDate\":\"2018-10-01\",\"vatID\":\"SI10391070\",\"hasMerchantReturnPolicy\":{\"@type\":\"MerchantReturnPolicy\",\"merchantReturnLink\":\"https:\\\/\\\/aureliusjewelry.com\\\/our-policies\\\/terms-conditions\\\/\"}}]}<\/script>\n<meta property=\"og:availability\" content=\"backorder\" \/>\n<meta property=\"product:availability\" content=\"available for order\" \/>\n<meta property=\"product:retailer_item_id\" content=\"21119\" \/>\n<meta property=\"product:condition\" content=\"new\" \/>","yoast_head_json":{"title":"Sada snubn\u00edch prsten\u016f s diamanty a \u0161estihrann\u00fdm labradoritem - Aurelius Jewelry","robots":{"index":"index","follow":"follow","max-snippet":"max-snippet:-1","max-image-preview":"max-image-preview:large","max-video-preview":"max-video-preview:-1"},"canonical":"https:\/\/aureliusjewelry.com\/cs\/sada-snubnich-prstenu-s-diamanty-a-sestihrannym-labradoritem\/","og_locale":"cs_CZ","og_type":"article","og_title":"Sada snubn\u00edch prsten\u016f s diamanty a \u0161estihrann\u00fdm labradoritem - Aurelius Jewelry","og_description":"%","og_url":"https:\/\/aureliusjewelry.com\/cs\/sada-snubnich-prstenu-s-diamanty-a-sestihrannym-labradoritem\/","og_site_name":"Aurelius Jewelry","article_publisher":"https:\/\/www.facebook.com\/AureliusJewelry\/","article_modified_time":"2026-04-14T04:52:33+00:00","og_image":[{"width":1920,"height":1440,"url":"https:\/\/aureliusjewelry.com\/wp-content\/uploads\/labradorit-zasnubni-prsten-sada.jpg","type":"image\/jpeg"}],"twitter_card":"summary_large_image","twitter_site":"@AureliusJewelry","schema":{"@context":"https:\/\/schema.org","@graph":[{"@type":"WebPage","@id":"https:\/\/aureliusjewelry.com\/cs\/sada-snubnich-prstenu-s-diamanty-a-sestihrannym-labradoritem\/","url":"https:\/\/aureliusjewelry.com\/cs\/sada-snubnich-prstenu-s-diamanty-a-sestihrannym-labradoritem\/","name":"Sada snubn\u00edch prsten\u016f s diamanty a \u0161estihrann\u00fdm labradoritem - Aurelius Jewelry","isPartOf":{"@id":"https:\/\/aureliusjewelry.com\/cs\/#website"},"primaryImageOfPage":{"@id":"https:\/\/aureliusjewelry.com\/cs\/sada-snubnich-prstenu-s-diamanty-a-sestihrannym-labradoritem\/#primaryimage"},"image":{"@id":"https:\/\/aureliusjewelry.com\/cs\/sada-snubnich-prstenu-s-diamanty-a-sestihrannym-labradoritem\/#primaryimage"},"thumbnailUrl":"https:\/\/aureliusjewelry.com\/wp-content\/uploads\/labradorit-zasnubni-prsten-sada.jpg","datePublished":"2021-02-18T20:44:51+00:00","dateModified":"2026-04-14T04:52:33+00:00","breadcrumb":{"@id":"https:\/\/aureliusjewelry.com\/cs\/sada-snubnich-prstenu-s-diamanty-a-sestihrannym-labradoritem\/#breadcrumb"},"inLanguage":"cs","potentialAction":[{"@type":"ReadAction","target":["https:\/\/aureliusjewelry.com\/cs\/sada-snubnich-prstenu-s-diamanty-a-sestihrannym-labradoritem\/"]}]},{"@type":"ImageObject","inLanguage":"cs","@id":"https:\/\/aureliusjewelry.com\/cs\/sada-snubnich-prstenu-s-diamanty-a-sestihrannym-labradoritem\/#primaryimage","url":"https:\/\/aureliusjewelry.com\/wp-content\/uploads\/labradorit-zasnubni-prsten-sada.jpg","contentUrl":"https:\/\/aureliusjewelry.com\/wp-content\/uploads\/labradorit-zasnubni-prsten-sada.jpg","width":1920,"height":1440,"caption":"labradorit z\u00e1snubn\u00ed prsten sada"},{"@type":"BreadcrumbList","@id":"https:\/\/aureliusjewelry.com\/cs\/sada-snubnich-prstenu-s-diamanty-a-sestihrannym-labradoritem\/#breadcrumb","itemListElement":[{"@type":"ListItem","position":1,"name":"Home","item":"https:\/\/aureliusjewelry.com\/cs\/"},{"@type":"ListItem","position":2,"name":"Prodejna","item":"https:\/\/aureliusjewelry.com\/cs\/prodejna\/"},{"@type":"ListItem","position":3,"name":"Sada snubn\u00edch prsten\u016f s diamanty a \u0161estihrann\u00fdm labradoritem"}]},{"@type":"WebSite","@id":"https:\/\/aureliusjewelry.com\/cs\/#website","url":"https:\/\/aureliusjewelry.com\/cs\/","name":"Aurelius Jewelry","description":"Handmade Fine Gold Jewelry","publisher":{"@id":"https:\/\/aureliusjewelry.com\/cs\/#organization"},"potentialAction":[{"@type":"SearchAction","target":{"@type":"EntryPoint","urlTemplate":"https:\/\/aureliusjewelry.com\/cs\/?s={search_term_string}"},"query-input":{"@type":"PropertyValueSpecification","valueRequired":true,"valueName":"search_term_string"}}],"inLanguage":"cs"},{"@type":"Organization","@id":"https:\/\/aureliusjewelry.com\/cs\/#organization","name":"Aurelius Jewelry","url":"https:\/\/aureliusjewelry.com\/cs\/","logo":{"@type":"ImageObject","inLanguage":"cs","@id":"https:\/\/aureliusjewelry.com\/cs\/#\/schema\/logo\/image\/","url":"https:\/\/aureliusjewelry.com\/wp-content\/uploads\/logo.png","contentUrl":"https:\/\/aureliusjewelry.com\/wp-content\/uploads\/logo.png","width":400,"height":64,"caption":"Aurelius Jewelry"},"image":{"@id":"https:\/\/aureliusjewelry.com\/cs\/#\/schema\/logo\/image\/"},"sameAs":["https:\/\/www.facebook.com\/AureliusJewelry\/","https:\/\/x.com\/AureliusJewelry","https:\/\/instagram.com\/aureliusjewelry","https:\/\/www.pinterest.com\/AureliusJewelry\/"],"email":"info@aureliusjewelry.com","foundingDate":"2018-10-01","vatID":"SI10391070","hasMerchantReturnPolicy":{"@type":"MerchantReturnPolicy","merchantReturnLink":"https:\/\/aureliusjewelry.com\/our-policies\/terms-conditions\/"}}]},"og_availability":"backorder","product_availability":"available for order","product_retailer_item_id":"21119","product_condition":"new"},"_links":{"self":[{"href":"https:\/\/aureliusjewelry.com\/cs\/wp-json\/wp\/v2\/product\/25240","targetHints":{"allow":["GET"]}}],"collection":[{"href":"https:\/\/aureliusjewelry.com\/cs\/wp-json\/wp\/v2\/product"}],"about":[{"href":"https:\/\/aureliusjewelry.com\/cs\/wp-json\/wp\/v2\/types\/product"}],"replies":[{"embeddable":true,"href":"https:\/\/aureliusjewelry.com\/cs\/wp-json\/wp\/v2\/comments?post=25240"}],"wp:featuredmedia":[{"embeddable":true,"href":"https:\/\/aureliusjewelry.com\/cs\/wp-json\/wp\/v2\/media\/21128"}],"wp:attachment":[{"href":"https:\/\/aureliusjewelry.com\/cs\/wp-json\/wp\/v2\/media?parent=25240"}],"wp:term":[{"taxonomy":"product_brand","embeddable":true,"href":"https:\/\/aureliusjewelry.com\/cs\/wp-json\/wp\/v2\/product_brand?post=25240"},{"taxonomy":"product_cat","embeddable":true,"href":"https:\/\/aureliusjewelry.com\/cs\/wp-json\/wp\/v2\/product_cat?post=25240"},{"taxonomy":"product_tag","embeddable":true,"href":"https:\/\/aureliusjewelry.com\/cs\/wp-json\/wp\/v2\/product_tag?post=25240"}],"curies":[{"name":"wp","href":"https:\/\/api.w.org\/{rel}","templated":true}]}}