{"id":20696,"date":"2021-02-03T23:43:01","date_gmt":"2021-02-03T21:43:01","guid":{"rendered":"http:\/\/127.0.0.1\/product\/ohnivy-zivel-prsten-s-kabosonem-a-se-slunecnim-kamenem-a-snubni-prsten-s-oranzovym-safirem\/"},"modified":"2026-03-23T21:33:31","modified_gmt":"2026-03-23T19:33:31","slug":"ohnivy-zivel-prsten-s-kabosonem-a-se-slunecnim-kamenem-a-snubni-prsten-s-oranzovym-safirem","status":"publish","type":"product","link":"https:\/\/aureliusjewelry.com\/cs\/product\/ohnivy-zivel-prsten-s-kabosonem-a-se-slunecnim-kamenem-a-snubni-prsten-s-oranzovym-safirem\/","title":{"rendered":"Ohniv\u00fd \u017eivel &#8211; Prsten s kabo\u0161onem a se slune\u010dn\u00edm kamenem a snubn\u00ed prsten s oran\u017eov\u00fdm saf\u00edrem"},"content":{"rendered":"<p><strong>Z\u00e1snubn\u00ed prsten<\/strong><br \/>\n&#8211; pear cabochon sunstone<br \/>\n&#8211; p\u0159ibli\u017en\u011b 7x5mm<\/p>\n<p>&#8211; mark\u00fdzov\u011b oran\u017eov\u00fd saf\u00edr<br \/>\n&#8211; p\u0159ibli\u017en\u011b 4x2mm<\/p>\n<p>&#8211; mark\u00fdzov\u011b \u017elut\u00fd saf\u00edr<br \/>\n&#8211; p\u0159ibli\u017en\u011b 4x2mm<\/p>\n<p>&#8211; mark\u00fdzov\u00fd diamant<br \/>\n&#8211; p\u0159ibli\u017en\u011b 3&#215;1.5mm<br \/>\n&#8211; F\/G barva, VS kvalita, bezkonfliktn\u00ed a etick\u00e9<\/p>\n<p><strong>Snubn\u00ed prsten<\/strong><br \/>\n&#8211; kulat\u00e9 oran\u017eov\u00e9 saf\u00edry<br \/>\n&#8211; p\u0159ibli\u017en\u011b 2mm, 1.75mm (2), 1.5mm (2), 1.25mm (4)<\/p>\n<p><strong>Velikost a materi\u00e1l prstenu<\/strong><br \/>\n&#8211; 1.5mm \u0161irok\u00fd, 1,6mm siln\u00fd<br \/>\n&#8211; dostupn\u00fd v 585\/1000 (14k) nebo 750\/1000 (18k) \u017elut\u00e9, b\u00edl\u00e9 nebo r\u016f\u017eov\u011b zlat\u00e9 a platinov\u00e9 950\/1000<br \/>\n&#8211; Velikosti US 3-9, men\u0161\u00ed a v\u011bt\u0161\u00ed velikosti d\u011bl\u00e1me na zak\u00e1zku<\/p>\n","protected":false},"excerpt":{"rendered":"<p>Sada prsten\u016f z kolekce Element s ov\u00e1ln\u00fdm oran\u017eov\u00fdm saf\u00edrem uprost\u0159ed a mark\u00fdzov\u00fdm diamantem se saf\u00edrem jako postrann\u00ed kameny jako plameny, pro divokou a v\u00e1\u0161nivou modern\u00ed budouc\u00ed nev\u011bstu. Alternativn\u00ed z\u00e1snubn\u00ed prsten se symbolem plamene je prod\u00e1v\u00e1n v sad\u011b se zak\u0159iven\u00fdm oran\u017eov\u00fdm saf\u00edrov\u00fdm snubn\u00edm prstenem.<\/p>\n<p>Tato sada je origin\u00e1ln\u00edm Aurelius designem a je sou\u010d\u00e1st\u00ed na\u0161\u00ed kolekce Elemental se \u010dty\u0159mi jedine\u010dn\u00fdmi sadami prsten\u016f inspirovan\u00fdch \u010dty\u0159mi prvky &#8211; ohn\u011bm, vodou, zem\u00ed a vzduchem. Znamen\u00ed zv\u011brokruhu spojen\u00e1 s ohniv\u00fdm prvkem jsou Beran, Lev a St\u0159elec.<\/p>\n","protected":false},"featured_media":18436,"comment_status":"open","ping_status":"closed","template":"","meta":[],"product_brand":[],"product_cat":[1424,641,673,666],"product_tag":[1234,756,708,1249,1206],"class_list":{"0":"post-20696","1":"product","2":"type-product","3":"status-publish","4":"has-post-thumbnail","6":"product_cat-dvoudilny-snubni-prsten","7":"product_cat-elemental-kolekce","8":"product_cat-prsteny","9":"product_cat-sady-snubnich-prstenu","10":"product_tag-hruska","11":"product_tag-ready_to_ship-cs","12":"product_tag-rings-cs","13":"product_tag-sada-prstenu","14":"product_tag-smisene-kameny","16":"first","17":"instock","18":"sold-individually","19":"taxable","20":"shipping-taxable","21":"purchasable","22":"product-type-variable"},"yoast_head":"<title>Ohniv\u00fd \u017eivel - Prsten s kabo\u0161onem a se slune\u010dn\u00edm kamenem a snubn\u00ed prsten s oran\u017eov\u00fdm saf\u00edrem - Aurelius Jewelry<\/title>\n<meta name=\"robots\" content=\"index, follow, max-snippet:-1, max-image-preview:large, max-video-preview:-1\" \/>\n<link rel=\"canonical\" href=\"https:\/\/aureliusjewelry.com\/cs\/product\/ohnivy-zivel-prsten-s-kabosonem-a-se-slunecnim-kamenem-a-snubni-prsten-s-oranzovym-safirem\/\" \/>\n<meta property=\"og:locale\" content=\"cs_CZ\" \/>\n<meta property=\"og:type\" content=\"article\" \/>\n<meta property=\"og:title\" content=\"Ohniv\u00fd \u017eivel - Prsten s kabo\u0161onem a se slune\u010dn\u00edm kamenem a snubn\u00ed prsten s oran\u017eov\u00fdm saf\u00edrem - Aurelius Jewelry\" \/>\n<meta property=\"og:description\" content=\"%\" \/>\n<meta property=\"og:url\" content=\"https:\/\/aureliusjewelry.com\/cs\/product\/ohnivy-zivel-prsten-s-kabosonem-a-se-slunecnim-kamenem-a-snubni-prsten-s-oranzovym-safirem\/\" \/>\n<meta property=\"og:site_name\" content=\"Aurelius Jewelry\" \/>\n<meta property=\"article:publisher\" content=\"https:\/\/www.facebook.com\/AureliusJewelry\/\" \/>\n<meta property=\"article:modified_time\" content=\"2026-03-23T19:33:31+00:00\" \/>\n<meta property=\"og:image\" content=\"https:\/\/aureliusjewelry.com\/wp-content\/uploads\/slunecni-kamen-zasnubni-prsten-sada.jpg\" \/>\n\t<meta property=\"og:image:width\" content=\"1920\" \/>\n\t<meta property=\"og:image:height\" content=\"1440\" \/>\n\t<meta property=\"og:image:type\" content=\"image\/jpeg\" \/>\n<meta name=\"twitter:card\" content=\"summary_large_image\" \/>\n<meta name=\"twitter:site\" content=\"@AureliusJewelry\" \/>\n<script type=\"application\/ld+json\" class=\"yoast-schema-graph\">{\"@context\":\"https:\\\/\\\/schema.org\",\"@graph\":[{\"@type\":\"WebPage\",\"@id\":\"https:\\\/\\\/aureliusjewelry.com\\\/cs\\\/product\\\/ohnivy-zivel-prsten-s-kabosonem-a-se-slunecnim-kamenem-a-snubni-prsten-s-oranzovym-safirem\\\/\",\"url\":\"https:\\\/\\\/aureliusjewelry.com\\\/cs\\\/product\\\/ohnivy-zivel-prsten-s-kabosonem-a-se-slunecnim-kamenem-a-snubni-prsten-s-oranzovym-safirem\\\/\",\"name\":\"Ohniv\u00fd \u017eivel - Prsten s kabo\u0161onem a se slune\u010dn\u00edm kamenem a snubn\u00ed prsten s oran\u017eov\u00fdm saf\u00edrem - Aurelius Jewelry\",\"isPartOf\":{\"@id\":\"https:\\\/\\\/aureliusjewelry.com\\\/cs\\\/#website\"},\"primaryImageOfPage\":{\"@id\":\"https:\\\/\\\/aureliusjewelry.com\\\/cs\\\/product\\\/ohnivy-zivel-prsten-s-kabosonem-a-se-slunecnim-kamenem-a-snubni-prsten-s-oranzovym-safirem\\\/#primaryimage\"},\"image\":{\"@id\":\"https:\\\/\\\/aureliusjewelry.com\\\/cs\\\/product\\\/ohnivy-zivel-prsten-s-kabosonem-a-se-slunecnim-kamenem-a-snubni-prsten-s-oranzovym-safirem\\\/#primaryimage\"},\"thumbnailUrl\":\"https:\\\/\\\/aureliusjewelry.com\\\/wp-content\\\/uploads\\\/slunecni-kamen-zasnubni-prsten-sada.jpg\",\"datePublished\":\"2021-02-03T21:43:01+00:00\",\"dateModified\":\"2026-03-23T19:33:31+00:00\",\"breadcrumb\":{\"@id\":\"https:\\\/\\\/aureliusjewelry.com\\\/cs\\\/product\\\/ohnivy-zivel-prsten-s-kabosonem-a-se-slunecnim-kamenem-a-snubni-prsten-s-oranzovym-safirem\\\/#breadcrumb\"},\"inLanguage\":\"cs\",\"potentialAction\":[{\"@type\":\"ReadAction\",\"target\":[\"https:\\\/\\\/aureliusjewelry.com\\\/cs\\\/product\\\/ohnivy-zivel-prsten-s-kabosonem-a-se-slunecnim-kamenem-a-snubni-prsten-s-oranzovym-safirem\\\/\"]}]},{\"@type\":\"ImageObject\",\"inLanguage\":\"cs\",\"@id\":\"https:\\\/\\\/aureliusjewelry.com\\\/cs\\\/product\\\/ohnivy-zivel-prsten-s-kabosonem-a-se-slunecnim-kamenem-a-snubni-prsten-s-oranzovym-safirem\\\/#primaryimage\",\"url\":\"https:\\\/\\\/aureliusjewelry.com\\\/wp-content\\\/uploads\\\/slunecni-kamen-zasnubni-prsten-sada.jpg\",\"contentUrl\":\"https:\\\/\\\/aureliusjewelry.com\\\/wp-content\\\/uploads\\\/slunecni-kamen-zasnubni-prsten-sada.jpg\",\"width\":1920,\"height\":1440,\"caption\":\"slune\u010dn\u00ed k\u00e1men z\u00e1snubn\u00ed prsten sada\"},{\"@type\":\"BreadcrumbList\",\"@id\":\"https:\\\/\\\/aureliusjewelry.com\\\/cs\\\/product\\\/ohnivy-zivel-prsten-s-kabosonem-a-se-slunecnim-kamenem-a-snubni-prsten-s-oranzovym-safirem\\\/#breadcrumb\",\"itemListElement\":[{\"@type\":\"ListItem\",\"position\":1,\"name\":\"Home\",\"item\":\"https:\\\/\\\/aureliusjewelry.com\\\/cs\\\/\"},{\"@type\":\"ListItem\",\"position\":2,\"name\":\"Prodejna\",\"item\":\"https:\\\/\\\/aureliusjewelry.com\\\/cs\\\/prodejna\\\/\"},{\"@type\":\"ListItem\",\"position\":3,\"name\":\"Ohniv\u00fd \u017eivel &#8211; Prsten s kabo\u0161onem a se slune\u010dn\u00edm kamenem a snubn\u00ed prsten s oran\u017eov\u00fdm saf\u00edrem\"}]},{\"@type\":\"WebSite\",\"@id\":\"https:\\\/\\\/aureliusjewelry.com\\\/cs\\\/#website\",\"url\":\"https:\\\/\\\/aureliusjewelry.com\\\/cs\\\/\",\"name\":\"Aurelius Jewelry\",\"description\":\"Handmade Fine Gold Jewelry\",\"publisher\":{\"@id\":\"https:\\\/\\\/aureliusjewelry.com\\\/cs\\\/#organization\"},\"potentialAction\":[{\"@type\":\"SearchAction\",\"target\":{\"@type\":\"EntryPoint\",\"urlTemplate\":\"https:\\\/\\\/aureliusjewelry.com\\\/cs\\\/?s={search_term_string}\"},\"query-input\":{\"@type\":\"PropertyValueSpecification\",\"valueRequired\":true,\"valueName\":\"search_term_string\"}}],\"inLanguage\":\"cs\"},{\"@type\":\"Organization\",\"@id\":\"https:\\\/\\\/aureliusjewelry.com\\\/cs\\\/#organization\",\"name\":\"Aurelius Jewelry\",\"url\":\"https:\\\/\\\/aureliusjewelry.com\\\/cs\\\/\",\"logo\":{\"@type\":\"ImageObject\",\"inLanguage\":\"cs\",\"@id\":\"https:\\\/\\\/aureliusjewelry.com\\\/cs\\\/#\\\/schema\\\/logo\\\/image\\\/\",\"url\":\"https:\\\/\\\/aureliusjewelry.com\\\/wp-content\\\/uploads\\\/logo.png\",\"contentUrl\":\"https:\\\/\\\/aureliusjewelry.com\\\/wp-content\\\/uploads\\\/logo.png\",\"width\":400,\"height\":64,\"caption\":\"Aurelius Jewelry\"},\"image\":{\"@id\":\"https:\\\/\\\/aureliusjewelry.com\\\/cs\\\/#\\\/schema\\\/logo\\\/image\\\/\"},\"sameAs\":[\"https:\\\/\\\/www.facebook.com\\\/AureliusJewelry\\\/\",\"https:\\\/\\\/x.com\\\/AureliusJewelry\",\"https:\\\/\\\/instagram.com\\\/aureliusjewelry\",\"https:\\\/\\\/www.pinterest.com\\\/AureliusJewelry\\\/\"],\"email\":\"info@aureliusjewelry.com\",\"foundingDate\":\"2018-10-01\",\"vatID\":\"SI10391070\",\"hasMerchantReturnPolicy\":{\"@type\":\"MerchantReturnPolicy\",\"merchantReturnLink\":\"https:\\\/\\\/aureliusjewelry.com\\\/our-policies\\\/terms-conditions\\\/\"}}]}<\/script>\n<meta property=\"og:availability\" content=\"instock\" \/>\n<meta property=\"product:availability\" content=\"instock\" \/>\n<meta property=\"product:retailer_item_id\" content=\"18433\" \/>\n<meta property=\"product:condition\" content=\"new\" \/>","yoast_head_json":{"title":"Ohniv\u00fd \u017eivel - Prsten s kabo\u0161onem a se slune\u010dn\u00edm kamenem a snubn\u00ed prsten s oran\u017eov\u00fdm saf\u00edrem - Aurelius Jewelry","robots":{"index":"index","follow":"follow","max-snippet":"max-snippet:-1","max-image-preview":"max-image-preview:large","max-video-preview":"max-video-preview:-1"},"canonical":"https:\/\/aureliusjewelry.com\/cs\/product\/ohnivy-zivel-prsten-s-kabosonem-a-se-slunecnim-kamenem-a-snubni-prsten-s-oranzovym-safirem\/","og_locale":"cs_CZ","og_type":"article","og_title":"Ohniv\u00fd \u017eivel - Prsten s kabo\u0161onem a se slune\u010dn\u00edm kamenem a snubn\u00ed prsten s oran\u017eov\u00fdm saf\u00edrem - Aurelius Jewelry","og_description":"%","og_url":"https:\/\/aureliusjewelry.com\/cs\/product\/ohnivy-zivel-prsten-s-kabosonem-a-se-slunecnim-kamenem-a-snubni-prsten-s-oranzovym-safirem\/","og_site_name":"Aurelius Jewelry","article_publisher":"https:\/\/www.facebook.com\/AureliusJewelry\/","article_modified_time":"2026-03-23T19:33:31+00:00","og_image":[{"width":1920,"height":1440,"url":"https:\/\/aureliusjewelry.com\/wp-content\/uploads\/slunecni-kamen-zasnubni-prsten-sada.jpg","type":"image\/jpeg"}],"twitter_card":"summary_large_image","twitter_site":"@AureliusJewelry","schema":{"@context":"https:\/\/schema.org","@graph":[{"@type":"WebPage","@id":"https:\/\/aureliusjewelry.com\/cs\/product\/ohnivy-zivel-prsten-s-kabosonem-a-se-slunecnim-kamenem-a-snubni-prsten-s-oranzovym-safirem\/","url":"https:\/\/aureliusjewelry.com\/cs\/product\/ohnivy-zivel-prsten-s-kabosonem-a-se-slunecnim-kamenem-a-snubni-prsten-s-oranzovym-safirem\/","name":"Ohniv\u00fd \u017eivel - Prsten s kabo\u0161onem a se slune\u010dn\u00edm kamenem a snubn\u00ed prsten s oran\u017eov\u00fdm saf\u00edrem - Aurelius Jewelry","isPartOf":{"@id":"https:\/\/aureliusjewelry.com\/cs\/#website"},"primaryImageOfPage":{"@id":"https:\/\/aureliusjewelry.com\/cs\/product\/ohnivy-zivel-prsten-s-kabosonem-a-se-slunecnim-kamenem-a-snubni-prsten-s-oranzovym-safirem\/#primaryimage"},"image":{"@id":"https:\/\/aureliusjewelry.com\/cs\/product\/ohnivy-zivel-prsten-s-kabosonem-a-se-slunecnim-kamenem-a-snubni-prsten-s-oranzovym-safirem\/#primaryimage"},"thumbnailUrl":"https:\/\/aureliusjewelry.com\/wp-content\/uploads\/slunecni-kamen-zasnubni-prsten-sada.jpg","datePublished":"2021-02-03T21:43:01+00:00","dateModified":"2026-03-23T19:33:31+00:00","breadcrumb":{"@id":"https:\/\/aureliusjewelry.com\/cs\/product\/ohnivy-zivel-prsten-s-kabosonem-a-se-slunecnim-kamenem-a-snubni-prsten-s-oranzovym-safirem\/#breadcrumb"},"inLanguage":"cs","potentialAction":[{"@type":"ReadAction","target":["https:\/\/aureliusjewelry.com\/cs\/product\/ohnivy-zivel-prsten-s-kabosonem-a-se-slunecnim-kamenem-a-snubni-prsten-s-oranzovym-safirem\/"]}]},{"@type":"ImageObject","inLanguage":"cs","@id":"https:\/\/aureliusjewelry.com\/cs\/product\/ohnivy-zivel-prsten-s-kabosonem-a-se-slunecnim-kamenem-a-snubni-prsten-s-oranzovym-safirem\/#primaryimage","url":"https:\/\/aureliusjewelry.com\/wp-content\/uploads\/slunecni-kamen-zasnubni-prsten-sada.jpg","contentUrl":"https:\/\/aureliusjewelry.com\/wp-content\/uploads\/slunecni-kamen-zasnubni-prsten-sada.jpg","width":1920,"height":1440,"caption":"slune\u010dn\u00ed k\u00e1men z\u00e1snubn\u00ed prsten sada"},{"@type":"BreadcrumbList","@id":"https:\/\/aureliusjewelry.com\/cs\/product\/ohnivy-zivel-prsten-s-kabosonem-a-se-slunecnim-kamenem-a-snubni-prsten-s-oranzovym-safirem\/#breadcrumb","itemListElement":[{"@type":"ListItem","position":1,"name":"Home","item":"https:\/\/aureliusjewelry.com\/cs\/"},{"@type":"ListItem","position":2,"name":"Prodejna","item":"https:\/\/aureliusjewelry.com\/cs\/prodejna\/"},{"@type":"ListItem","position":3,"name":"Ohniv\u00fd \u017eivel &#8211; Prsten s kabo\u0161onem a se slune\u010dn\u00edm kamenem a snubn\u00ed prsten s oran\u017eov\u00fdm saf\u00edrem"}]},{"@type":"WebSite","@id":"https:\/\/aureliusjewelry.com\/cs\/#website","url":"https:\/\/aureliusjewelry.com\/cs\/","name":"Aurelius Jewelry","description":"Handmade Fine Gold Jewelry","publisher":{"@id":"https:\/\/aureliusjewelry.com\/cs\/#organization"},"potentialAction":[{"@type":"SearchAction","target":{"@type":"EntryPoint","urlTemplate":"https:\/\/aureliusjewelry.com\/cs\/?s={search_term_string}"},"query-input":{"@type":"PropertyValueSpecification","valueRequired":true,"valueName":"search_term_string"}}],"inLanguage":"cs"},{"@type":"Organization","@id":"https:\/\/aureliusjewelry.com\/cs\/#organization","name":"Aurelius Jewelry","url":"https:\/\/aureliusjewelry.com\/cs\/","logo":{"@type":"ImageObject","inLanguage":"cs","@id":"https:\/\/aureliusjewelry.com\/cs\/#\/schema\/logo\/image\/","url":"https:\/\/aureliusjewelry.com\/wp-content\/uploads\/logo.png","contentUrl":"https:\/\/aureliusjewelry.com\/wp-content\/uploads\/logo.png","width":400,"height":64,"caption":"Aurelius Jewelry"},"image":{"@id":"https:\/\/aureliusjewelry.com\/cs\/#\/schema\/logo\/image\/"},"sameAs":["https:\/\/www.facebook.com\/AureliusJewelry\/","https:\/\/x.com\/AureliusJewelry","https:\/\/instagram.com\/aureliusjewelry","https:\/\/www.pinterest.com\/AureliusJewelry\/"],"email":"info@aureliusjewelry.com","foundingDate":"2018-10-01","vatID":"SI10391070","hasMerchantReturnPolicy":{"@type":"MerchantReturnPolicy","merchantReturnLink":"https:\/\/aureliusjewelry.com\/our-policies\/terms-conditions\/"}}]},"og_availability":"instock","product_availability":"instock","product_retailer_item_id":"18433","product_condition":"new"},"_links":{"self":[{"href":"https:\/\/aureliusjewelry.com\/cs\/wp-json\/wp\/v2\/product\/20696","targetHints":{"allow":["GET"]}}],"collection":[{"href":"https:\/\/aureliusjewelry.com\/cs\/wp-json\/wp\/v2\/product"}],"about":[{"href":"https:\/\/aureliusjewelry.com\/cs\/wp-json\/wp\/v2\/types\/product"}],"replies":[{"embeddable":true,"href":"https:\/\/aureliusjewelry.com\/cs\/wp-json\/wp\/v2\/comments?post=20696"}],"wp:featuredmedia":[{"embeddable":true,"href":"https:\/\/aureliusjewelry.com\/cs\/wp-json\/wp\/v2\/media\/18436"}],"wp:attachment":[{"href":"https:\/\/aureliusjewelry.com\/cs\/wp-json\/wp\/v2\/media?parent=20696"}],"wp:term":[{"taxonomy":"product_brand","embeddable":true,"href":"https:\/\/aureliusjewelry.com\/cs\/wp-json\/wp\/v2\/product_brand?post=20696"},{"taxonomy":"product_cat","embeddable":true,"href":"https:\/\/aureliusjewelry.com\/cs\/wp-json\/wp\/v2\/product_cat?post=20696"},{"taxonomy":"product_tag","embeddable":true,"href":"https:\/\/aureliusjewelry.com\/cs\/wp-json\/wp\/v2\/product_tag?post=20696"}],"curies":[{"name":"wp","href":"https:\/\/api.w.org\/{rel}","templated":true}]}}