{"id":20632,"date":"2021-02-01T23:19:23","date_gmt":"2021-02-01T21:19:23","guid":{"rendered":"http:\/\/127.0.0.1\/product\/sada-labradoritoveho-prstenu-a-prstenu-zdobeneho-diamanty\/"},"modified":"2026-03-23T22:01:53","modified_gmt":"2026-03-23T20:01:53","slug":"sada-labradoritoveho-prstenu-a-prstenu-zdobeneho-diamanty","status":"publish","type":"product","link":"https:\/\/aureliusjewelry.com\/cs\/product\/sada-labradoritoveho-prstenu-a-prstenu-zdobeneho-diamanty\/","title":{"rendered":"Sada labradoritov\u00e9ho prstenu a prstenu zdoben\u00e9ho diamanty"},"content":{"rendered":"<p><strong>Z\u00e1snubn\u00ed prsten<\/strong><br \/>\n&#8211; drak labradorit<br \/>\n&#8211; p\u0159ibli\u017en\u011b 13x8xm<\/p>\n<p><strong>Snubn\u00ed prsten<\/strong><br \/>\n&#8211; kulat\u00e9 diamanty<br \/>\n&#8211; p\u0159ibli\u017en\u011b 1mm (15)<br \/>\n&#8211; F\/G barva, VS kvalita, bezkonfliktn\u00ed a etick\u00e9<\/p>\n<p><strong>Velikost a materi\u00e1l prstenu<\/strong><br \/>\n&#8211; 1.5mm \u0161irok\u00fd, 1,6mm siln\u00fd<br \/>\n&#8211; dostupn\u00fd v 585\/1000 (14k) nebo 750\/1000 (18k) \u017elut\u00e9, b\u00edl\u00e9 nebo r\u016f\u017eov\u011b zlat\u00e9 a platinov\u00e9 950\/1000<br \/>\n&#8211; Velikosti US 3-9, men\u0161\u00ed a v\u011bt\u0161\u00ed velikosti d\u011bl\u00e1me na zak\u00e1zku<\/p>\n","protected":false},"excerpt":{"rendered":"<p>Labradorit vytv\u00e1\u0159\u00ed oslniv\u00fd optick\u00fd jev modrozelen\u00e9ho a\u017e tmavomodr\u00e9ho lesku, kter\u00fd se t\u0159pyt\u00ed ve sv\u011btle. Je zn\u00e1m jako k\u00e1men transformace a vnit\u0159n\u00ed s\u00edly. Labradoritov\u00fd k\u00e1men v na\u0161em z\u00e1snubn\u00edm prstenu je zasazen do ochrann\u00e9ho r\u00e1me\u010dku pro pohodln\u00e9 no\u0161en\u00ed. Pokud jsou va\u0161\u00edm stylem geometrick\u00e9 prsteny, pak je pro v\u00e1s tento z\u00e1snubn\u00ed prsten s labradoritem vhodn\u00fd. Tento z\u00e1snubn\u00ed prsten jsme zkombinovali s diamantov\u00fdm snubn\u00edm prstenem ve tvaru p\u00edsmene V a vytv\u00e1\u0159\u00ed tak modern\u00ed a propracovanou sadu prsten\u016f.<\/p>\n","protected":false},"featured_media":17961,"comment_status":"open","ping_status":"closed","template":"","meta":[],"product_brand":[],"product_cat":[642,1424,646,673,666],"product_tag":[1194,1195,709,708,1249],"class_list":{"0":"post-20632","1":"product","2":"type-product","3":"status-publish","4":"has-post-thumbnail","6":"product_cat-contemporary-kolekce","7":"product_cat-dvoudilny-snubni-prsten","8":"product_cat-paired-kolekce","9":"product_cat-prsteny","10":"product_cat-sady-snubnich-prstenu","11":"product_tag-drak","12":"product_tag-labradorit","13":"product_tag-production_time_3_5-cs","14":"product_tag-rings-cs","15":"product_tag-sada-prstenu","17":"first","18":"onbackorder","19":"sold-individually","20":"taxable","21":"shipping-taxable","22":"purchasable","23":"product-type-variable"},"yoast_head":"<title>Sada labradoritov\u00e9ho prstenu a prstenu zdoben\u00e9ho diamanty - Aurelius Jewelry<\/title>\n<meta name=\"robots\" content=\"index, follow, max-snippet:-1, max-image-preview:large, max-video-preview:-1\" \/>\n<link rel=\"canonical\" href=\"https:\/\/aureliusjewelry.com\/cs\/product\/sada-labradoritoveho-prstenu-a-prstenu-zdobeneho-diamanty\/\" \/>\n<meta property=\"og:locale\" content=\"cs_CZ\" \/>\n<meta property=\"og:type\" content=\"article\" \/>\n<meta property=\"og:title\" content=\"Sada labradoritov\u00e9ho prstenu a prstenu zdoben\u00e9ho diamanty - Aurelius Jewelry\" \/>\n<meta property=\"og:description\" content=\"%\" \/>\n<meta property=\"og:url\" content=\"https:\/\/aureliusjewelry.com\/cs\/product\/sada-labradoritoveho-prstenu-a-prstenu-zdobeneho-diamanty\/\" \/>\n<meta property=\"og:site_name\" content=\"Aurelius Jewelry\" \/>\n<meta property=\"article:publisher\" content=\"https:\/\/www.facebook.com\/AureliusJewelry\/\" \/>\n<meta property=\"article:modified_time\" content=\"2026-03-23T20:01:53+00:00\" \/>\n<meta property=\"og:image\" content=\"https:\/\/aureliusjewelry.com\/wp-content\/uploads\/labradorit-zasnubni-prsten-sada-bily-zlato.jpg\" \/>\n\t<meta property=\"og:image:width\" content=\"1920\" \/>\n\t<meta property=\"og:image:height\" content=\"1440\" \/>\n\t<meta property=\"og:image:type\" content=\"image\/jpeg\" \/>\n<meta name=\"twitter:card\" content=\"summary_large_image\" \/>\n<meta name=\"twitter:site\" content=\"@AureliusJewelry\" \/>\n<script type=\"application\/ld+json\" class=\"yoast-schema-graph\">{\"@context\":\"https:\\\/\\\/schema.org\",\"@graph\":[{\"@type\":\"WebPage\",\"@id\":\"https:\\\/\\\/aureliusjewelry.com\\\/cs\\\/product\\\/sada-labradoritoveho-prstenu-a-prstenu-zdobeneho-diamanty\\\/\",\"url\":\"https:\\\/\\\/aureliusjewelry.com\\\/cs\\\/product\\\/sada-labradoritoveho-prstenu-a-prstenu-zdobeneho-diamanty\\\/\",\"name\":\"Sada labradoritov\u00e9ho prstenu a prstenu zdoben\u00e9ho diamanty - Aurelius Jewelry\",\"isPartOf\":{\"@id\":\"https:\\\/\\\/aureliusjewelry.com\\\/cs\\\/#website\"},\"primaryImageOfPage\":{\"@id\":\"https:\\\/\\\/aureliusjewelry.com\\\/cs\\\/product\\\/sada-labradoritoveho-prstenu-a-prstenu-zdobeneho-diamanty\\\/#primaryimage\"},\"image\":{\"@id\":\"https:\\\/\\\/aureliusjewelry.com\\\/cs\\\/product\\\/sada-labradoritoveho-prstenu-a-prstenu-zdobeneho-diamanty\\\/#primaryimage\"},\"thumbnailUrl\":\"https:\\\/\\\/aureliusjewelry.com\\\/wp-content\\\/uploads\\\/labradorit-zasnubni-prsten-sada-bily-zlato.jpg\",\"datePublished\":\"2021-02-01T21:19:23+00:00\",\"dateModified\":\"2026-03-23T20:01:53+00:00\",\"breadcrumb\":{\"@id\":\"https:\\\/\\\/aureliusjewelry.com\\\/cs\\\/product\\\/sada-labradoritoveho-prstenu-a-prstenu-zdobeneho-diamanty\\\/#breadcrumb\"},\"inLanguage\":\"cs\",\"potentialAction\":[{\"@type\":\"ReadAction\",\"target\":[\"https:\\\/\\\/aureliusjewelry.com\\\/cs\\\/product\\\/sada-labradoritoveho-prstenu-a-prstenu-zdobeneho-diamanty\\\/\"]}]},{\"@type\":\"ImageObject\",\"inLanguage\":\"cs\",\"@id\":\"https:\\\/\\\/aureliusjewelry.com\\\/cs\\\/product\\\/sada-labradoritoveho-prstenu-a-prstenu-zdobeneho-diamanty\\\/#primaryimage\",\"url\":\"https:\\\/\\\/aureliusjewelry.com\\\/wp-content\\\/uploads\\\/labradorit-zasnubni-prsten-sada-bily-zlato.jpg\",\"contentUrl\":\"https:\\\/\\\/aureliusjewelry.com\\\/wp-content\\\/uploads\\\/labradorit-zasnubni-prsten-sada-bily-zlato.jpg\",\"width\":1920,\"height\":1440,\"caption\":\"labradorit z\u00e1snubn\u00ed prsten sada b\u00edl\u00fd zlato\"},{\"@type\":\"BreadcrumbList\",\"@id\":\"https:\\\/\\\/aureliusjewelry.com\\\/cs\\\/product\\\/sada-labradoritoveho-prstenu-a-prstenu-zdobeneho-diamanty\\\/#breadcrumb\",\"itemListElement\":[{\"@type\":\"ListItem\",\"position\":1,\"name\":\"Home\",\"item\":\"https:\\\/\\\/aureliusjewelry.com\\\/cs\\\/\"},{\"@type\":\"ListItem\",\"position\":2,\"name\":\"Prodejna\",\"item\":\"https:\\\/\\\/aureliusjewelry.com\\\/cs\\\/prodejna\\\/\"},{\"@type\":\"ListItem\",\"position\":3,\"name\":\"Sada labradoritov\u00e9ho prstenu a prstenu zdoben\u00e9ho diamanty\"}]},{\"@type\":\"WebSite\",\"@id\":\"https:\\\/\\\/aureliusjewelry.com\\\/cs\\\/#website\",\"url\":\"https:\\\/\\\/aureliusjewelry.com\\\/cs\\\/\",\"name\":\"Aurelius Jewelry\",\"description\":\"Handmade Fine Gold Jewelry\",\"publisher\":{\"@id\":\"https:\\\/\\\/aureliusjewelry.com\\\/cs\\\/#organization\"},\"potentialAction\":[{\"@type\":\"SearchAction\",\"target\":{\"@type\":\"EntryPoint\",\"urlTemplate\":\"https:\\\/\\\/aureliusjewelry.com\\\/cs\\\/?s={search_term_string}\"},\"query-input\":{\"@type\":\"PropertyValueSpecification\",\"valueRequired\":true,\"valueName\":\"search_term_string\"}}],\"inLanguage\":\"cs\"},{\"@type\":\"Organization\",\"@id\":\"https:\\\/\\\/aureliusjewelry.com\\\/cs\\\/#organization\",\"name\":\"Aurelius Jewelry\",\"url\":\"https:\\\/\\\/aureliusjewelry.com\\\/cs\\\/\",\"logo\":{\"@type\":\"ImageObject\",\"inLanguage\":\"cs\",\"@id\":\"https:\\\/\\\/aureliusjewelry.com\\\/cs\\\/#\\\/schema\\\/logo\\\/image\\\/\",\"url\":\"https:\\\/\\\/aureliusjewelry.com\\\/wp-content\\\/uploads\\\/logo.png\",\"contentUrl\":\"https:\\\/\\\/aureliusjewelry.com\\\/wp-content\\\/uploads\\\/logo.png\",\"width\":400,\"height\":64,\"caption\":\"Aurelius Jewelry\"},\"image\":{\"@id\":\"https:\\\/\\\/aureliusjewelry.com\\\/cs\\\/#\\\/schema\\\/logo\\\/image\\\/\"},\"sameAs\":[\"https:\\\/\\\/www.facebook.com\\\/AureliusJewelry\\\/\",\"https:\\\/\\\/x.com\\\/AureliusJewelry\",\"https:\\\/\\\/instagram.com\\\/aureliusjewelry\",\"https:\\\/\\\/www.pinterest.com\\\/AureliusJewelry\\\/\"],\"email\":\"info@aureliusjewelry.com\",\"foundingDate\":\"2018-10-01\",\"vatID\":\"SI10391070\",\"hasMerchantReturnPolicy\":{\"@type\":\"MerchantReturnPolicy\",\"merchantReturnLink\":\"https:\\\/\\\/aureliusjewelry.com\\\/our-policies\\\/terms-conditions\\\/\"}}]}<\/script>\n<meta property=\"og:availability\" content=\"backorder\" \/>\n<meta property=\"product:availability\" content=\"available for order\" \/>\n<meta property=\"product:retailer_item_id\" content=\"17952\" \/>\n<meta property=\"product:condition\" content=\"new\" \/>","yoast_head_json":{"title":"Sada labradoritov\u00e9ho prstenu a prstenu zdoben\u00e9ho diamanty - Aurelius Jewelry","robots":{"index":"index","follow":"follow","max-snippet":"max-snippet:-1","max-image-preview":"max-image-preview:large","max-video-preview":"max-video-preview:-1"},"canonical":"https:\/\/aureliusjewelry.com\/cs\/product\/sada-labradoritoveho-prstenu-a-prstenu-zdobeneho-diamanty\/","og_locale":"cs_CZ","og_type":"article","og_title":"Sada labradoritov\u00e9ho prstenu a prstenu zdoben\u00e9ho diamanty - Aurelius Jewelry","og_description":"%","og_url":"https:\/\/aureliusjewelry.com\/cs\/product\/sada-labradoritoveho-prstenu-a-prstenu-zdobeneho-diamanty\/","og_site_name":"Aurelius Jewelry","article_publisher":"https:\/\/www.facebook.com\/AureliusJewelry\/","article_modified_time":"2026-03-23T20:01:53+00:00","og_image":[{"width":1920,"height":1440,"url":"https:\/\/aureliusjewelry.com\/wp-content\/uploads\/labradorit-zasnubni-prsten-sada-bily-zlato.jpg","type":"image\/jpeg"}],"twitter_card":"summary_large_image","twitter_site":"@AureliusJewelry","schema":{"@context":"https:\/\/schema.org","@graph":[{"@type":"WebPage","@id":"https:\/\/aureliusjewelry.com\/cs\/product\/sada-labradoritoveho-prstenu-a-prstenu-zdobeneho-diamanty\/","url":"https:\/\/aureliusjewelry.com\/cs\/product\/sada-labradoritoveho-prstenu-a-prstenu-zdobeneho-diamanty\/","name":"Sada labradoritov\u00e9ho prstenu a prstenu zdoben\u00e9ho diamanty - Aurelius Jewelry","isPartOf":{"@id":"https:\/\/aureliusjewelry.com\/cs\/#website"},"primaryImageOfPage":{"@id":"https:\/\/aureliusjewelry.com\/cs\/product\/sada-labradoritoveho-prstenu-a-prstenu-zdobeneho-diamanty\/#primaryimage"},"image":{"@id":"https:\/\/aureliusjewelry.com\/cs\/product\/sada-labradoritoveho-prstenu-a-prstenu-zdobeneho-diamanty\/#primaryimage"},"thumbnailUrl":"https:\/\/aureliusjewelry.com\/wp-content\/uploads\/labradorit-zasnubni-prsten-sada-bily-zlato.jpg","datePublished":"2021-02-01T21:19:23+00:00","dateModified":"2026-03-23T20:01:53+00:00","breadcrumb":{"@id":"https:\/\/aureliusjewelry.com\/cs\/product\/sada-labradoritoveho-prstenu-a-prstenu-zdobeneho-diamanty\/#breadcrumb"},"inLanguage":"cs","potentialAction":[{"@type":"ReadAction","target":["https:\/\/aureliusjewelry.com\/cs\/product\/sada-labradoritoveho-prstenu-a-prstenu-zdobeneho-diamanty\/"]}]},{"@type":"ImageObject","inLanguage":"cs","@id":"https:\/\/aureliusjewelry.com\/cs\/product\/sada-labradoritoveho-prstenu-a-prstenu-zdobeneho-diamanty\/#primaryimage","url":"https:\/\/aureliusjewelry.com\/wp-content\/uploads\/labradorit-zasnubni-prsten-sada-bily-zlato.jpg","contentUrl":"https:\/\/aureliusjewelry.com\/wp-content\/uploads\/labradorit-zasnubni-prsten-sada-bily-zlato.jpg","width":1920,"height":1440,"caption":"labradorit z\u00e1snubn\u00ed prsten sada b\u00edl\u00fd zlato"},{"@type":"BreadcrumbList","@id":"https:\/\/aureliusjewelry.com\/cs\/product\/sada-labradoritoveho-prstenu-a-prstenu-zdobeneho-diamanty\/#breadcrumb","itemListElement":[{"@type":"ListItem","position":1,"name":"Home","item":"https:\/\/aureliusjewelry.com\/cs\/"},{"@type":"ListItem","position":2,"name":"Prodejna","item":"https:\/\/aureliusjewelry.com\/cs\/prodejna\/"},{"@type":"ListItem","position":3,"name":"Sada labradoritov\u00e9ho prstenu a prstenu zdoben\u00e9ho diamanty"}]},{"@type":"WebSite","@id":"https:\/\/aureliusjewelry.com\/cs\/#website","url":"https:\/\/aureliusjewelry.com\/cs\/","name":"Aurelius Jewelry","description":"Handmade Fine Gold Jewelry","publisher":{"@id":"https:\/\/aureliusjewelry.com\/cs\/#organization"},"potentialAction":[{"@type":"SearchAction","target":{"@type":"EntryPoint","urlTemplate":"https:\/\/aureliusjewelry.com\/cs\/?s={search_term_string}"},"query-input":{"@type":"PropertyValueSpecification","valueRequired":true,"valueName":"search_term_string"}}],"inLanguage":"cs"},{"@type":"Organization","@id":"https:\/\/aureliusjewelry.com\/cs\/#organization","name":"Aurelius Jewelry","url":"https:\/\/aureliusjewelry.com\/cs\/","logo":{"@type":"ImageObject","inLanguage":"cs","@id":"https:\/\/aureliusjewelry.com\/cs\/#\/schema\/logo\/image\/","url":"https:\/\/aureliusjewelry.com\/wp-content\/uploads\/logo.png","contentUrl":"https:\/\/aureliusjewelry.com\/wp-content\/uploads\/logo.png","width":400,"height":64,"caption":"Aurelius Jewelry"},"image":{"@id":"https:\/\/aureliusjewelry.com\/cs\/#\/schema\/logo\/image\/"},"sameAs":["https:\/\/www.facebook.com\/AureliusJewelry\/","https:\/\/x.com\/AureliusJewelry","https:\/\/instagram.com\/aureliusjewelry","https:\/\/www.pinterest.com\/AureliusJewelry\/"],"email":"info@aureliusjewelry.com","foundingDate":"2018-10-01","vatID":"SI10391070","hasMerchantReturnPolicy":{"@type":"MerchantReturnPolicy","merchantReturnLink":"https:\/\/aureliusjewelry.com\/our-policies\/terms-conditions\/"}}]},"og_availability":"backorder","product_availability":"available for order","product_retailer_item_id":"17952","product_condition":"new"},"_links":{"self":[{"href":"https:\/\/aureliusjewelry.com\/cs\/wp-json\/wp\/v2\/product\/20632","targetHints":{"allow":["GET"]}}],"collection":[{"href":"https:\/\/aureliusjewelry.com\/cs\/wp-json\/wp\/v2\/product"}],"about":[{"href":"https:\/\/aureliusjewelry.com\/cs\/wp-json\/wp\/v2\/types\/product"}],"replies":[{"embeddable":true,"href":"https:\/\/aureliusjewelry.com\/cs\/wp-json\/wp\/v2\/comments?post=20632"}],"wp:featuredmedia":[{"embeddable":true,"href":"https:\/\/aureliusjewelry.com\/cs\/wp-json\/wp\/v2\/media\/17961"}],"wp:attachment":[{"href":"https:\/\/aureliusjewelry.com\/cs\/wp-json\/wp\/v2\/media?parent=20632"}],"wp:term":[{"taxonomy":"product_brand","embeddable":true,"href":"https:\/\/aureliusjewelry.com\/cs\/wp-json\/wp\/v2\/product_brand?post=20632"},{"taxonomy":"product_cat","embeddable":true,"href":"https:\/\/aureliusjewelry.com\/cs\/wp-json\/wp\/v2\/product_cat?post=20632"},{"taxonomy":"product_tag","embeddable":true,"href":"https:\/\/aureliusjewelry.com\/cs\/wp-json\/wp\/v2\/product_tag?post=20632"}],"curies":[{"name":"wp","href":"https:\/\/api.w.org\/{rel}","templated":true}]}}