{"id":20595,"date":"2020-10-16T11:12:45","date_gmt":"2020-10-16T09:12:45","guid":{"rendered":"http:\/\/127.0.0.1\/product\/pansky-zlaty-a-platinovy-snubni-prsten-s-drcenym-cernym-spinelem\/"},"modified":"2026-03-24T13:16:15","modified_gmt":"2026-03-24T11:16:15","slug":"pansky-zlaty-a-platinovy-snubni-prsten-s-drcenym-cernym-spinelem","status":"publish","type":"product","link":"https:\/\/aureliusjewelry.com\/cs\/pansky-zlaty-a-platinovy-snubni-prsten-s-drcenym-cernym-spinelem\/","title":{"rendered":"P\u00e1nsk\u00fd zlat\u00fd a platinov\u00fd snubn\u00ed prsten s drcen\u00fdm \u010dern\u00fdm spinelem"},"content":{"rendered":"<p><strong>Stone<\/strong><br \/>\n&#8211; crushed black spinel<\/p>\n<p><strong>Band Measurements and Material<\/strong><br \/>\n&#8211; 5mm wide, 1.5mm thick<br \/>\n&#8211; Available in 585\/1000 (14k) or 750\/1000 (18k) Yellow or Rose Gold soldered with a 950\/1000 Platinum band<br \/>\n&#8211; US ring size 3-9, smaller or larger sizes available per request<\/p>\n","protected":false},"excerpt":{"rendered":"<p>N\u00e1\u0161 \u0161irok\u00fd p\u00e1nsk\u00fd nebo unisex snubn\u00ed prsten s drcen\u00fdm \u010dern\u00fdm spinelem na tenk\u00e9m platinov\u00e9m prstenu. D\u00edky p\u0159\u00edm\u00fdm lini\u00edm je tento prsten elegantn\u00ed a modern\u00ed. Tento design m\u016f\u017ee b\u00fdt vyroben s \u0161ir\u0161\u00edm prstenem, v z\u00e1vislosti na va\u0161ich preferenc\u00edch, a \u0161\u00ed\u0159ku pruhu na prsteni lze tak\u00e9 upravit nebo vyrobit pomoc\u00ed r\u016fzn\u00fdch drcen\u00fdch drahokam\u016f.<\/p>\n","protected":false},"featured_media":19327,"comment_status":"open","ping_status":"closed","template":"","meta":[],"product_brand":[],"product_cat":[648,667,665],"product_tag":[1222,709,1246,708],"class_list":{"0":"post-20595","1":"product","2":"type-product","3":"status-publish","4":"has-post-thumbnail","6":"product_cat-gentleman-kolekce","7":"product_cat-panske-snubni-prsteny","8":"product_cat-snubni-prsteny","9":"product_tag-bez-kamene","10":"product_tag-production_time_3_5-cs","11":"product_tag-prsten","12":"product_tag-rings-cs","14":"first","15":"onbackorder","16":"sold-individually","17":"taxable","18":"shipping-taxable","19":"purchasable","20":"product-type-variable"},"yoast_head":"<title>P\u00e1nsk\u00fd zlat\u00fd a platinov\u00fd snubn\u00ed prsten s drcen\u00fdm \u010dern\u00fdm spinelem - Aurelius Jewelry<\/title>\n<meta name=\"robots\" content=\"index, follow, max-snippet:-1, max-image-preview:large, max-video-preview:-1\" \/>\n<link rel=\"canonical\" href=\"https:\/\/aureliusjewelry.com\/cs\/pansky-zlaty-a-platinovy-snubni-prsten-s-drcenym-cernym-spinelem\/\" \/>\n<meta property=\"og:locale\" content=\"cs_CZ\" \/>\n<meta property=\"og:type\" content=\"article\" \/>\n<meta property=\"og:title\" content=\"P\u00e1nsk\u00fd zlat\u00fd a platinov\u00fd snubn\u00ed prsten s drcen\u00fdm \u010dern\u00fdm spinelem - Aurelius Jewelry\" \/>\n<meta property=\"og:description\" content=\"%\" \/>\n<meta property=\"og:url\" content=\"https:\/\/aureliusjewelry.com\/cs\/pansky-zlaty-a-platinovy-snubni-prsten-s-drcenym-cernym-spinelem\/\" \/>\n<meta property=\"og:site_name\" content=\"Aurelius Jewelry\" \/>\n<meta property=\"article:publisher\" content=\"https:\/\/www.facebook.com\/AureliusJewelry\/\" \/>\n<meta property=\"article:modified_time\" content=\"2026-03-24T11:16:15+00:00\" \/>\n<meta property=\"og:image\" content=\"https:\/\/aureliusjewelry.com\/wp-content\/uploads\/svatebni-prsten-muz-cerna-spinel.jpg\" \/>\n\t<meta property=\"og:image:width\" content=\"1920\" \/>\n\t<meta property=\"og:image:height\" content=\"1440\" \/>\n\t<meta property=\"og:image:type\" content=\"image\/jpeg\" \/>\n<meta name=\"twitter:card\" content=\"summary_large_image\" \/>\n<meta name=\"twitter:site\" content=\"@AureliusJewelry\" \/>\n<script type=\"application\/ld+json\" class=\"yoast-schema-graph\">{\"@context\":\"https:\\\/\\\/schema.org\",\"@graph\":[{\"@type\":\"WebPage\",\"@id\":\"https:\\\/\\\/aureliusjewelry.com\\\/cs\\\/pansky-zlaty-a-platinovy-snubni-prsten-s-drcenym-cernym-spinelem\\\/\",\"url\":\"https:\\\/\\\/aureliusjewelry.com\\\/cs\\\/pansky-zlaty-a-platinovy-snubni-prsten-s-drcenym-cernym-spinelem\\\/\",\"name\":\"P\u00e1nsk\u00fd zlat\u00fd a platinov\u00fd snubn\u00ed prsten s drcen\u00fdm \u010dern\u00fdm spinelem - Aurelius Jewelry\",\"isPartOf\":{\"@id\":\"https:\\\/\\\/aureliusjewelry.com\\\/cs\\\/#website\"},\"primaryImageOfPage\":{\"@id\":\"https:\\\/\\\/aureliusjewelry.com\\\/cs\\\/pansky-zlaty-a-platinovy-snubni-prsten-s-drcenym-cernym-spinelem\\\/#primaryimage\"},\"image\":{\"@id\":\"https:\\\/\\\/aureliusjewelry.com\\\/cs\\\/pansky-zlaty-a-platinovy-snubni-prsten-s-drcenym-cernym-spinelem\\\/#primaryimage\"},\"thumbnailUrl\":\"https:\\\/\\\/aureliusjewelry.com\\\/wp-content\\\/uploads\\\/svatebni-prsten-muz-cerna-spinel.jpg\",\"datePublished\":\"2020-10-16T09:12:45+00:00\",\"dateModified\":\"2026-03-24T11:16:15+00:00\",\"breadcrumb\":{\"@id\":\"https:\\\/\\\/aureliusjewelry.com\\\/cs\\\/pansky-zlaty-a-platinovy-snubni-prsten-s-drcenym-cernym-spinelem\\\/#breadcrumb\"},\"inLanguage\":\"cs\",\"potentialAction\":[{\"@type\":\"ReadAction\",\"target\":[\"https:\\\/\\\/aureliusjewelry.com\\\/cs\\\/pansky-zlaty-a-platinovy-snubni-prsten-s-drcenym-cernym-spinelem\\\/\"]}]},{\"@type\":\"ImageObject\",\"inLanguage\":\"cs\",\"@id\":\"https:\\\/\\\/aureliusjewelry.com\\\/cs\\\/pansky-zlaty-a-platinovy-snubni-prsten-s-drcenym-cernym-spinelem\\\/#primaryimage\",\"url\":\"https:\\\/\\\/aureliusjewelry.com\\\/wp-content\\\/uploads\\\/svatebni-prsten-muz-cerna-spinel.jpg\",\"contentUrl\":\"https:\\\/\\\/aureliusjewelry.com\\\/wp-content\\\/uploads\\\/svatebni-prsten-muz-cerna-spinel.jpg\",\"width\":1920,\"height\":1440,\"caption\":\"svatebn\u00ed prsten mu\u017e \u010cern\u00e1 spinel\"},{\"@type\":\"BreadcrumbList\",\"@id\":\"https:\\\/\\\/aureliusjewelry.com\\\/cs\\\/pansky-zlaty-a-platinovy-snubni-prsten-s-drcenym-cernym-spinelem\\\/#breadcrumb\",\"itemListElement\":[{\"@type\":\"ListItem\",\"position\":1,\"name\":\"Home\",\"item\":\"https:\\\/\\\/aureliusjewelry.com\\\/cs\\\/\"},{\"@type\":\"ListItem\",\"position\":2,\"name\":\"Prodejna\",\"item\":\"https:\\\/\\\/aureliusjewelry.com\\\/cs\\\/prodejna\\\/\"},{\"@type\":\"ListItem\",\"position\":3,\"name\":\"P\u00e1nsk\u00fd zlat\u00fd a platinov\u00fd snubn\u00ed prsten s drcen\u00fdm \u010dern\u00fdm spinelem\"}]},{\"@type\":\"WebSite\",\"@id\":\"https:\\\/\\\/aureliusjewelry.com\\\/cs\\\/#website\",\"url\":\"https:\\\/\\\/aureliusjewelry.com\\\/cs\\\/\",\"name\":\"Aurelius Jewelry\",\"description\":\"Handmade Fine Gold Jewelry\",\"publisher\":{\"@id\":\"https:\\\/\\\/aureliusjewelry.com\\\/cs\\\/#organization\"},\"potentialAction\":[{\"@type\":\"SearchAction\",\"target\":{\"@type\":\"EntryPoint\",\"urlTemplate\":\"https:\\\/\\\/aureliusjewelry.com\\\/cs\\\/?s={search_term_string}\"},\"query-input\":{\"@type\":\"PropertyValueSpecification\",\"valueRequired\":true,\"valueName\":\"search_term_string\"}}],\"inLanguage\":\"cs\"},{\"@type\":\"Organization\",\"@id\":\"https:\\\/\\\/aureliusjewelry.com\\\/cs\\\/#organization\",\"name\":\"Aurelius Jewelry\",\"url\":\"https:\\\/\\\/aureliusjewelry.com\\\/cs\\\/\",\"logo\":{\"@type\":\"ImageObject\",\"inLanguage\":\"cs\",\"@id\":\"https:\\\/\\\/aureliusjewelry.com\\\/cs\\\/#\\\/schema\\\/logo\\\/image\\\/\",\"url\":\"https:\\\/\\\/aureliusjewelry.com\\\/wp-content\\\/uploads\\\/logo.png\",\"contentUrl\":\"https:\\\/\\\/aureliusjewelry.com\\\/wp-content\\\/uploads\\\/logo.png\",\"width\":400,\"height\":64,\"caption\":\"Aurelius Jewelry\"},\"image\":{\"@id\":\"https:\\\/\\\/aureliusjewelry.com\\\/cs\\\/#\\\/schema\\\/logo\\\/image\\\/\"},\"sameAs\":[\"https:\\\/\\\/www.facebook.com\\\/AureliusJewelry\\\/\",\"https:\\\/\\\/x.com\\\/AureliusJewelry\",\"https:\\\/\\\/instagram.com\\\/aureliusjewelry\",\"https:\\\/\\\/www.pinterest.com\\\/AureliusJewelry\\\/\"],\"email\":\"info@aureliusjewelry.com\",\"foundingDate\":\"2018-10-01\",\"vatID\":\"SI10391070\",\"hasMerchantReturnPolicy\":{\"@type\":\"MerchantReturnPolicy\",\"merchantReturnLink\":\"https:\\\/\\\/aureliusjewelry.com\\\/our-policies\\\/terms-conditions\\\/\"}}]}<\/script>\n<meta property=\"og:availability\" content=\"backorder\" \/>\n<meta property=\"product:availability\" content=\"available for order\" \/>\n<meta property=\"product:retailer_item_id\" content=\"11797\" \/>\n<meta property=\"product:condition\" content=\"new\" \/>","yoast_head_json":{"title":"P\u00e1nsk\u00fd zlat\u00fd a platinov\u00fd snubn\u00ed prsten s drcen\u00fdm \u010dern\u00fdm spinelem - Aurelius Jewelry","robots":{"index":"index","follow":"follow","max-snippet":"max-snippet:-1","max-image-preview":"max-image-preview:large","max-video-preview":"max-video-preview:-1"},"canonical":"https:\/\/aureliusjewelry.com\/cs\/pansky-zlaty-a-platinovy-snubni-prsten-s-drcenym-cernym-spinelem\/","og_locale":"cs_CZ","og_type":"article","og_title":"P\u00e1nsk\u00fd zlat\u00fd a platinov\u00fd snubn\u00ed prsten s drcen\u00fdm \u010dern\u00fdm spinelem - Aurelius Jewelry","og_description":"%","og_url":"https:\/\/aureliusjewelry.com\/cs\/pansky-zlaty-a-platinovy-snubni-prsten-s-drcenym-cernym-spinelem\/","og_site_name":"Aurelius Jewelry","article_publisher":"https:\/\/www.facebook.com\/AureliusJewelry\/","article_modified_time":"2026-03-24T11:16:15+00:00","og_image":[{"width":1920,"height":1440,"url":"https:\/\/aureliusjewelry.com\/wp-content\/uploads\/svatebni-prsten-muz-cerna-spinel.jpg","type":"image\/jpeg"}],"twitter_card":"summary_large_image","twitter_site":"@AureliusJewelry","schema":{"@context":"https:\/\/schema.org","@graph":[{"@type":"WebPage","@id":"https:\/\/aureliusjewelry.com\/cs\/pansky-zlaty-a-platinovy-snubni-prsten-s-drcenym-cernym-spinelem\/","url":"https:\/\/aureliusjewelry.com\/cs\/pansky-zlaty-a-platinovy-snubni-prsten-s-drcenym-cernym-spinelem\/","name":"P\u00e1nsk\u00fd zlat\u00fd a platinov\u00fd snubn\u00ed prsten s drcen\u00fdm \u010dern\u00fdm spinelem - Aurelius Jewelry","isPartOf":{"@id":"https:\/\/aureliusjewelry.com\/cs\/#website"},"primaryImageOfPage":{"@id":"https:\/\/aureliusjewelry.com\/cs\/pansky-zlaty-a-platinovy-snubni-prsten-s-drcenym-cernym-spinelem\/#primaryimage"},"image":{"@id":"https:\/\/aureliusjewelry.com\/cs\/pansky-zlaty-a-platinovy-snubni-prsten-s-drcenym-cernym-spinelem\/#primaryimage"},"thumbnailUrl":"https:\/\/aureliusjewelry.com\/wp-content\/uploads\/svatebni-prsten-muz-cerna-spinel.jpg","datePublished":"2020-10-16T09:12:45+00:00","dateModified":"2026-03-24T11:16:15+00:00","breadcrumb":{"@id":"https:\/\/aureliusjewelry.com\/cs\/pansky-zlaty-a-platinovy-snubni-prsten-s-drcenym-cernym-spinelem\/#breadcrumb"},"inLanguage":"cs","potentialAction":[{"@type":"ReadAction","target":["https:\/\/aureliusjewelry.com\/cs\/pansky-zlaty-a-platinovy-snubni-prsten-s-drcenym-cernym-spinelem\/"]}]},{"@type":"ImageObject","inLanguage":"cs","@id":"https:\/\/aureliusjewelry.com\/cs\/pansky-zlaty-a-platinovy-snubni-prsten-s-drcenym-cernym-spinelem\/#primaryimage","url":"https:\/\/aureliusjewelry.com\/wp-content\/uploads\/svatebni-prsten-muz-cerna-spinel.jpg","contentUrl":"https:\/\/aureliusjewelry.com\/wp-content\/uploads\/svatebni-prsten-muz-cerna-spinel.jpg","width":1920,"height":1440,"caption":"svatebn\u00ed prsten mu\u017e \u010cern\u00e1 spinel"},{"@type":"BreadcrumbList","@id":"https:\/\/aureliusjewelry.com\/cs\/pansky-zlaty-a-platinovy-snubni-prsten-s-drcenym-cernym-spinelem\/#breadcrumb","itemListElement":[{"@type":"ListItem","position":1,"name":"Home","item":"https:\/\/aureliusjewelry.com\/cs\/"},{"@type":"ListItem","position":2,"name":"Prodejna","item":"https:\/\/aureliusjewelry.com\/cs\/prodejna\/"},{"@type":"ListItem","position":3,"name":"P\u00e1nsk\u00fd zlat\u00fd a platinov\u00fd snubn\u00ed prsten s drcen\u00fdm \u010dern\u00fdm spinelem"}]},{"@type":"WebSite","@id":"https:\/\/aureliusjewelry.com\/cs\/#website","url":"https:\/\/aureliusjewelry.com\/cs\/","name":"Aurelius Jewelry","description":"Handmade Fine Gold Jewelry","publisher":{"@id":"https:\/\/aureliusjewelry.com\/cs\/#organization"},"potentialAction":[{"@type":"SearchAction","target":{"@type":"EntryPoint","urlTemplate":"https:\/\/aureliusjewelry.com\/cs\/?s={search_term_string}"},"query-input":{"@type":"PropertyValueSpecification","valueRequired":true,"valueName":"search_term_string"}}],"inLanguage":"cs"},{"@type":"Organization","@id":"https:\/\/aureliusjewelry.com\/cs\/#organization","name":"Aurelius Jewelry","url":"https:\/\/aureliusjewelry.com\/cs\/","logo":{"@type":"ImageObject","inLanguage":"cs","@id":"https:\/\/aureliusjewelry.com\/cs\/#\/schema\/logo\/image\/","url":"https:\/\/aureliusjewelry.com\/wp-content\/uploads\/logo.png","contentUrl":"https:\/\/aureliusjewelry.com\/wp-content\/uploads\/logo.png","width":400,"height":64,"caption":"Aurelius Jewelry"},"image":{"@id":"https:\/\/aureliusjewelry.com\/cs\/#\/schema\/logo\/image\/"},"sameAs":["https:\/\/www.facebook.com\/AureliusJewelry\/","https:\/\/x.com\/AureliusJewelry","https:\/\/instagram.com\/aureliusjewelry","https:\/\/www.pinterest.com\/AureliusJewelry\/"],"email":"info@aureliusjewelry.com","foundingDate":"2018-10-01","vatID":"SI10391070","hasMerchantReturnPolicy":{"@type":"MerchantReturnPolicy","merchantReturnLink":"https:\/\/aureliusjewelry.com\/our-policies\/terms-conditions\/"}}]},"og_availability":"backorder","product_availability":"available for order","product_retailer_item_id":"11797","product_condition":"new"},"_links":{"self":[{"href":"https:\/\/aureliusjewelry.com\/cs\/wp-json\/wp\/v2\/product\/20595","targetHints":{"allow":["GET"]}}],"collection":[{"href":"https:\/\/aureliusjewelry.com\/cs\/wp-json\/wp\/v2\/product"}],"about":[{"href":"https:\/\/aureliusjewelry.com\/cs\/wp-json\/wp\/v2\/types\/product"}],"replies":[{"embeddable":true,"href":"https:\/\/aureliusjewelry.com\/cs\/wp-json\/wp\/v2\/comments?post=20595"}],"wp:featuredmedia":[{"embeddable":true,"href":"https:\/\/aureliusjewelry.com\/cs\/wp-json\/wp\/v2\/media\/19327"}],"wp:attachment":[{"href":"https:\/\/aureliusjewelry.com\/cs\/wp-json\/wp\/v2\/media?parent=20595"}],"wp:term":[{"taxonomy":"product_brand","embeddable":true,"href":"https:\/\/aureliusjewelry.com\/cs\/wp-json\/wp\/v2\/product_brand?post=20595"},{"taxonomy":"product_cat","embeddable":true,"href":"https:\/\/aureliusjewelry.com\/cs\/wp-json\/wp\/v2\/product_cat?post=20595"},{"taxonomy":"product_tag","embeddable":true,"href":"https:\/\/aureliusjewelry.com\/cs\/wp-json\/wp\/v2\/product_tag?post=20595"}],"curies":[{"name":"wp","href":"https:\/\/api.w.org\/{rel}","templated":true}]}}