{"id":20571,"date":"2021-02-01T21:48:36","date_gmt":"2021-02-01T19:48:36","guid":{"rendered":"http:\/\/127.0.0.1\/product\/prsten-s-diamantem-a-sestihrannym-cernym-rutilovym-kremenem-na-prstenci-ve-tvaru-v\/"},"modified":"2026-04-14T07:21:02","modified_gmt":"2026-04-14T05:21:02","slug":"prsten-s-diamantem-a-sestihrannym-cernym-rutilovym-kremenem-na-prstenci-ve-tvaru-v","status":"publish","type":"product","link":"https:\/\/aureliusjewelry.com\/cs\/product\/prsten-s-diamantem-a-sestihrannym-cernym-rutilovym-kremenem-na-prstenci-ve-tvaru-v\/","title":{"rendered":"Prsten s diamantem a \u0161estihrann\u00fdm \u010dern\u00fdm rutilov\u00fdm k\u0159emenem na prstenci ve tvaru V"},"content":{"rendered":"<p><strong>Hlavn\u00ed k\u00e1men<\/strong><br \/>\n&#8211; \u0161estihrann\u00fd rutilovan\u00fd k\u0159emen<br \/>\n&#8211; p\u0159ibli\u017en\u011b 7mm<\/p>\n<p><strong>Vedlej\u0161\u00ed kameny<\/strong><br \/>\n&#8211; kulat\u00e9 diamanty<br \/>\n&#8211; p\u0159ibli\u017en\u011b 1.5mm (2), 1.25mm (2), 1mm (2)<br \/>\n&#8211; F\/G barva, VS kvalita, bezkonfliktn\u00ed a etick\u00e9<\/p>\n<p><strong>Velikost a materi\u00e1l prstenu<\/strong><br \/>\n&#8211; 1.5mm \u0161irok\u00fd, 1,6mm siln\u00fd<br \/>\n&#8211; dostupn\u00fd v 585\/1000 (14k) nebo 750\/1000 (18k) \u017elut\u00e9, b\u00edl\u00e9 nebo r\u016f\u017eov\u011b zlat\u00e9 a platinov\u00e9 950\/1000<br \/>\n&#8211; Velikosti US 3-9, men\u0161\u00ed a v\u011bt\u0161\u00ed velikosti d\u011bl\u00e1me na zak\u00e1zku<\/p>\n","protected":false},"excerpt":{"rendered":"<p>Vytvo\u0159ili jsme n\u00e1\u0161 jedine\u010dn\u00fd \u0161esti\u00faheln\u00edkov\u00fd design ve tvaru p\u00edsmene V s mnoha r\u016fzn\u00fdmi drahokamy, ale na \u010dern\u00e9m rutilovan\u00e9m k\u0159emenu je n\u011bco zvl\u00e1\u0161tn\u00edho. Jehlovit\u00e9 inkluze rutilu vytv\u00e1\u0159ej\u00ed jedine\u010dn\u00fd vzor, tak\u017ee \u017e\u00e1dn\u00e9 dva drahokamy nejsou \u00fapln\u011b stejn\u00e9. Ka\u017ed\u00fd \u0161estihrann\u00fd \u010dern\u00fd k\u0159emen je pro tento design vy\u0159ez\u00e1n na m\u00edru a budete si moci vybrat jeden pro sv\u016fj modern\u00ed geometrick\u00fd prsten!<\/p>\n","protected":false},"featured_media":17756,"comment_status":"open","ping_status":"closed","template":"","meta":[],"product_brand":[],"product_cat":[1403,673,1293,1419,643,1405,651],"product_tag":[709,1246,708,1259,1186],"class_list":{"0":"post-20571","1":"product","2":"type-product","3":"status-publish","4":"has-post-thumbnail","6":"product_cat-geometricke-zasnubni-prsteny","7":"product_cat-prsteny","8":"product_cat-rutilated-quartz-zasnubni-prsteny","9":"product_cat-sedm-kamenu-zasnubni-prsten","10":"product_cat-singularity-kolekce","11":"product_cat-zasnubni-prsten-se-sestihranem","12":"product_cat-zasnubni-prsteny","13":"product_tag-production_time_3_5-cs","14":"product_tag-prsten","15":"product_tag-rings-cs","16":"product_tag-rutilizovany-kremen","17":"product_tag-sestiuhelnik","19":"first","20":"onbackorder","21":"sold-individually","22":"taxable","23":"shipping-taxable","24":"purchasable","25":"product-type-variable"},"yoast_head":"<title>Prsten s diamantem a \u0161estihrann\u00fdm \u010dern\u00fdm rutilov\u00fdm k\u0159emenem na prstenci ve tvaru V - Aurelius Jewelry<\/title>\n<meta name=\"robots\" content=\"index, follow, max-snippet:-1, max-image-preview:large, max-video-preview:-1\" \/>\n<link rel=\"canonical\" href=\"https:\/\/aureliusjewelry.com\/cs\/product\/prsten-s-diamantem-a-sestihrannym-cernym-rutilovym-kremenem-na-prstenci-ve-tvaru-v\/\" \/>\n<meta property=\"og:locale\" content=\"cs_CZ\" \/>\n<meta property=\"og:type\" content=\"article\" \/>\n<meta property=\"og:title\" content=\"Prsten s diamantem a \u0161estihrann\u00fdm \u010dern\u00fdm rutilov\u00fdm k\u0159emenem na prstenci ve tvaru V - Aurelius Jewelry\" \/>\n<meta property=\"og:description\" content=\"%\" \/>\n<meta property=\"og:url\" content=\"https:\/\/aureliusjewelry.com\/cs\/product\/prsten-s-diamantem-a-sestihrannym-cernym-rutilovym-kremenem-na-prstenci-ve-tvaru-v\/\" \/>\n<meta property=\"og:site_name\" content=\"Aurelius Jewelry\" \/>\n<meta property=\"article:publisher\" content=\"https:\/\/www.facebook.com\/AureliusJewelry\/\" \/>\n<meta property=\"article:modified_time\" content=\"2026-04-14T05:21:02+00:00\" \/>\n<meta property=\"og:image\" content=\"https:\/\/aureliusjewelry.com\/wp-content\/uploads\/sestiuhelnik-rutilated-kremen-prsten-predni.jpg\" \/>\n\t<meta property=\"og:image:width\" content=\"1920\" \/>\n\t<meta property=\"og:image:height\" content=\"1440\" \/>\n\t<meta property=\"og:image:type\" content=\"image\/jpeg\" \/>\n<meta name=\"twitter:card\" content=\"summary_large_image\" \/>\n<meta name=\"twitter:site\" content=\"@AureliusJewelry\" \/>\n<script type=\"application\/ld+json\" class=\"yoast-schema-graph\">{\"@context\":\"https:\\\/\\\/schema.org\",\"@graph\":[{\"@type\":\"WebPage\",\"@id\":\"https:\\\/\\\/aureliusjewelry.com\\\/cs\\\/product\\\/prsten-s-diamantem-a-sestihrannym-cernym-rutilovym-kremenem-na-prstenci-ve-tvaru-v\\\/\",\"url\":\"https:\\\/\\\/aureliusjewelry.com\\\/cs\\\/product\\\/prsten-s-diamantem-a-sestihrannym-cernym-rutilovym-kremenem-na-prstenci-ve-tvaru-v\\\/\",\"name\":\"Prsten s diamantem a \u0161estihrann\u00fdm \u010dern\u00fdm rutilov\u00fdm k\u0159emenem na prstenci ve tvaru V - Aurelius Jewelry\",\"isPartOf\":{\"@id\":\"https:\\\/\\\/aureliusjewelry.com\\\/cs\\\/#website\"},\"primaryImageOfPage\":{\"@id\":\"https:\\\/\\\/aureliusjewelry.com\\\/cs\\\/product\\\/prsten-s-diamantem-a-sestihrannym-cernym-rutilovym-kremenem-na-prstenci-ve-tvaru-v\\\/#primaryimage\"},\"image\":{\"@id\":\"https:\\\/\\\/aureliusjewelry.com\\\/cs\\\/product\\\/prsten-s-diamantem-a-sestihrannym-cernym-rutilovym-kremenem-na-prstenci-ve-tvaru-v\\\/#primaryimage\"},\"thumbnailUrl\":\"https:\\\/\\\/aureliusjewelry.com\\\/wp-content\\\/uploads\\\/sestiuhelnik-rutilated-kremen-prsten-predni.jpg\",\"datePublished\":\"2021-02-01T19:48:36+00:00\",\"dateModified\":\"2026-04-14T05:21:02+00:00\",\"breadcrumb\":{\"@id\":\"https:\\\/\\\/aureliusjewelry.com\\\/cs\\\/product\\\/prsten-s-diamantem-a-sestihrannym-cernym-rutilovym-kremenem-na-prstenci-ve-tvaru-v\\\/#breadcrumb\"},\"inLanguage\":\"cs\",\"potentialAction\":[{\"@type\":\"ReadAction\",\"target\":[\"https:\\\/\\\/aureliusjewelry.com\\\/cs\\\/product\\\/prsten-s-diamantem-a-sestihrannym-cernym-rutilovym-kremenem-na-prstenci-ve-tvaru-v\\\/\"]}]},{\"@type\":\"ImageObject\",\"inLanguage\":\"cs\",\"@id\":\"https:\\\/\\\/aureliusjewelry.com\\\/cs\\\/product\\\/prsten-s-diamantem-a-sestihrannym-cernym-rutilovym-kremenem-na-prstenci-ve-tvaru-v\\\/#primaryimage\",\"url\":\"https:\\\/\\\/aureliusjewelry.com\\\/wp-content\\\/uploads\\\/sestiuhelnik-rutilated-kremen-prsten-predni.jpg\",\"contentUrl\":\"https:\\\/\\\/aureliusjewelry.com\\\/wp-content\\\/uploads\\\/sestiuhelnik-rutilated-kremen-prsten-predni.jpg\",\"width\":1920,\"height\":1440,\"caption\":\"\u0161esti\u00faheln\u00edk rutilated k\u0159emen prsten p\u0159edn\u00ed\"},{\"@type\":\"BreadcrumbList\",\"@id\":\"https:\\\/\\\/aureliusjewelry.com\\\/cs\\\/product\\\/prsten-s-diamantem-a-sestihrannym-cernym-rutilovym-kremenem-na-prstenci-ve-tvaru-v\\\/#breadcrumb\",\"itemListElement\":[{\"@type\":\"ListItem\",\"position\":1,\"name\":\"Home\",\"item\":\"https:\\\/\\\/aureliusjewelry.com\\\/cs\\\/\"},{\"@type\":\"ListItem\",\"position\":2,\"name\":\"Prodejna\",\"item\":\"https:\\\/\\\/aureliusjewelry.com\\\/cs\\\/prodejna\\\/\"},{\"@type\":\"ListItem\",\"position\":3,\"name\":\"Prsten s diamantem a \u0161estihrann\u00fdm \u010dern\u00fdm rutilov\u00fdm k\u0159emenem na prstenci ve tvaru V\"}]},{\"@type\":\"WebSite\",\"@id\":\"https:\\\/\\\/aureliusjewelry.com\\\/cs\\\/#website\",\"url\":\"https:\\\/\\\/aureliusjewelry.com\\\/cs\\\/\",\"name\":\"Aurelius Jewelry\",\"description\":\"Handmade Fine Gold Jewelry\",\"publisher\":{\"@id\":\"https:\\\/\\\/aureliusjewelry.com\\\/cs\\\/#organization\"},\"potentialAction\":[{\"@type\":\"SearchAction\",\"target\":{\"@type\":\"EntryPoint\",\"urlTemplate\":\"https:\\\/\\\/aureliusjewelry.com\\\/cs\\\/?s={search_term_string}\"},\"query-input\":{\"@type\":\"PropertyValueSpecification\",\"valueRequired\":true,\"valueName\":\"search_term_string\"}}],\"inLanguage\":\"cs\"},{\"@type\":\"Organization\",\"@id\":\"https:\\\/\\\/aureliusjewelry.com\\\/cs\\\/#organization\",\"name\":\"Aurelius Jewelry\",\"url\":\"https:\\\/\\\/aureliusjewelry.com\\\/cs\\\/\",\"logo\":{\"@type\":\"ImageObject\",\"inLanguage\":\"cs\",\"@id\":\"https:\\\/\\\/aureliusjewelry.com\\\/cs\\\/#\\\/schema\\\/logo\\\/image\\\/\",\"url\":\"https:\\\/\\\/aureliusjewelry.com\\\/wp-content\\\/uploads\\\/logo.png\",\"contentUrl\":\"https:\\\/\\\/aureliusjewelry.com\\\/wp-content\\\/uploads\\\/logo.png\",\"width\":400,\"height\":64,\"caption\":\"Aurelius Jewelry\"},\"image\":{\"@id\":\"https:\\\/\\\/aureliusjewelry.com\\\/cs\\\/#\\\/schema\\\/logo\\\/image\\\/\"},\"sameAs\":[\"https:\\\/\\\/www.facebook.com\\\/AureliusJewelry\\\/\",\"https:\\\/\\\/x.com\\\/AureliusJewelry\",\"https:\\\/\\\/instagram.com\\\/aureliusjewelry\",\"https:\\\/\\\/www.pinterest.com\\\/AureliusJewelry\\\/\"],\"email\":\"info@aureliusjewelry.com\",\"foundingDate\":\"2018-10-01\",\"vatID\":\"SI10391070\",\"hasMerchantReturnPolicy\":{\"@type\":\"MerchantReturnPolicy\",\"merchantReturnLink\":\"https:\\\/\\\/aureliusjewelry.com\\\/our-policies\\\/terms-conditions\\\/\"}}]}<\/script>\n<meta property=\"og:availability\" content=\"backorder\" \/>\n<meta property=\"product:availability\" content=\"available for order\" \/>\n<meta property=\"product:retailer_item_id\" content=\"17747\" \/>\n<meta property=\"product:condition\" content=\"new\" \/>","yoast_head_json":{"title":"Prsten s diamantem a \u0161estihrann\u00fdm \u010dern\u00fdm rutilov\u00fdm k\u0159emenem na prstenci ve tvaru V - Aurelius Jewelry","robots":{"index":"index","follow":"follow","max-snippet":"max-snippet:-1","max-image-preview":"max-image-preview:large","max-video-preview":"max-video-preview:-1"},"canonical":"https:\/\/aureliusjewelry.com\/cs\/product\/prsten-s-diamantem-a-sestihrannym-cernym-rutilovym-kremenem-na-prstenci-ve-tvaru-v\/","og_locale":"cs_CZ","og_type":"article","og_title":"Prsten s diamantem a \u0161estihrann\u00fdm \u010dern\u00fdm rutilov\u00fdm k\u0159emenem na prstenci ve tvaru V - Aurelius Jewelry","og_description":"%","og_url":"https:\/\/aureliusjewelry.com\/cs\/product\/prsten-s-diamantem-a-sestihrannym-cernym-rutilovym-kremenem-na-prstenci-ve-tvaru-v\/","og_site_name":"Aurelius Jewelry","article_publisher":"https:\/\/www.facebook.com\/AureliusJewelry\/","article_modified_time":"2026-04-14T05:21:02+00:00","og_image":[{"width":1920,"height":1440,"url":"https:\/\/aureliusjewelry.com\/wp-content\/uploads\/sestiuhelnik-rutilated-kremen-prsten-predni.jpg","type":"image\/jpeg"}],"twitter_card":"summary_large_image","twitter_site":"@AureliusJewelry","schema":{"@context":"https:\/\/schema.org","@graph":[{"@type":"WebPage","@id":"https:\/\/aureliusjewelry.com\/cs\/product\/prsten-s-diamantem-a-sestihrannym-cernym-rutilovym-kremenem-na-prstenci-ve-tvaru-v\/","url":"https:\/\/aureliusjewelry.com\/cs\/product\/prsten-s-diamantem-a-sestihrannym-cernym-rutilovym-kremenem-na-prstenci-ve-tvaru-v\/","name":"Prsten s diamantem a \u0161estihrann\u00fdm \u010dern\u00fdm rutilov\u00fdm k\u0159emenem na prstenci ve tvaru V - Aurelius Jewelry","isPartOf":{"@id":"https:\/\/aureliusjewelry.com\/cs\/#website"},"primaryImageOfPage":{"@id":"https:\/\/aureliusjewelry.com\/cs\/product\/prsten-s-diamantem-a-sestihrannym-cernym-rutilovym-kremenem-na-prstenci-ve-tvaru-v\/#primaryimage"},"image":{"@id":"https:\/\/aureliusjewelry.com\/cs\/product\/prsten-s-diamantem-a-sestihrannym-cernym-rutilovym-kremenem-na-prstenci-ve-tvaru-v\/#primaryimage"},"thumbnailUrl":"https:\/\/aureliusjewelry.com\/wp-content\/uploads\/sestiuhelnik-rutilated-kremen-prsten-predni.jpg","datePublished":"2021-02-01T19:48:36+00:00","dateModified":"2026-04-14T05:21:02+00:00","breadcrumb":{"@id":"https:\/\/aureliusjewelry.com\/cs\/product\/prsten-s-diamantem-a-sestihrannym-cernym-rutilovym-kremenem-na-prstenci-ve-tvaru-v\/#breadcrumb"},"inLanguage":"cs","potentialAction":[{"@type":"ReadAction","target":["https:\/\/aureliusjewelry.com\/cs\/product\/prsten-s-diamantem-a-sestihrannym-cernym-rutilovym-kremenem-na-prstenci-ve-tvaru-v\/"]}]},{"@type":"ImageObject","inLanguage":"cs","@id":"https:\/\/aureliusjewelry.com\/cs\/product\/prsten-s-diamantem-a-sestihrannym-cernym-rutilovym-kremenem-na-prstenci-ve-tvaru-v\/#primaryimage","url":"https:\/\/aureliusjewelry.com\/wp-content\/uploads\/sestiuhelnik-rutilated-kremen-prsten-predni.jpg","contentUrl":"https:\/\/aureliusjewelry.com\/wp-content\/uploads\/sestiuhelnik-rutilated-kremen-prsten-predni.jpg","width":1920,"height":1440,"caption":"\u0161esti\u00faheln\u00edk rutilated k\u0159emen prsten p\u0159edn\u00ed"},{"@type":"BreadcrumbList","@id":"https:\/\/aureliusjewelry.com\/cs\/product\/prsten-s-diamantem-a-sestihrannym-cernym-rutilovym-kremenem-na-prstenci-ve-tvaru-v\/#breadcrumb","itemListElement":[{"@type":"ListItem","position":1,"name":"Home","item":"https:\/\/aureliusjewelry.com\/cs\/"},{"@type":"ListItem","position":2,"name":"Prodejna","item":"https:\/\/aureliusjewelry.com\/cs\/prodejna\/"},{"@type":"ListItem","position":3,"name":"Prsten s diamantem a \u0161estihrann\u00fdm \u010dern\u00fdm rutilov\u00fdm k\u0159emenem na prstenci ve tvaru V"}]},{"@type":"WebSite","@id":"https:\/\/aureliusjewelry.com\/cs\/#website","url":"https:\/\/aureliusjewelry.com\/cs\/","name":"Aurelius Jewelry","description":"Handmade Fine Gold Jewelry","publisher":{"@id":"https:\/\/aureliusjewelry.com\/cs\/#organization"},"potentialAction":[{"@type":"SearchAction","target":{"@type":"EntryPoint","urlTemplate":"https:\/\/aureliusjewelry.com\/cs\/?s={search_term_string}"},"query-input":{"@type":"PropertyValueSpecification","valueRequired":true,"valueName":"search_term_string"}}],"inLanguage":"cs"},{"@type":"Organization","@id":"https:\/\/aureliusjewelry.com\/cs\/#organization","name":"Aurelius Jewelry","url":"https:\/\/aureliusjewelry.com\/cs\/","logo":{"@type":"ImageObject","inLanguage":"cs","@id":"https:\/\/aureliusjewelry.com\/cs\/#\/schema\/logo\/image\/","url":"https:\/\/aureliusjewelry.com\/wp-content\/uploads\/logo.png","contentUrl":"https:\/\/aureliusjewelry.com\/wp-content\/uploads\/logo.png","width":400,"height":64,"caption":"Aurelius Jewelry"},"image":{"@id":"https:\/\/aureliusjewelry.com\/cs\/#\/schema\/logo\/image\/"},"sameAs":["https:\/\/www.facebook.com\/AureliusJewelry\/","https:\/\/x.com\/AureliusJewelry","https:\/\/instagram.com\/aureliusjewelry","https:\/\/www.pinterest.com\/AureliusJewelry\/"],"email":"info@aureliusjewelry.com","foundingDate":"2018-10-01","vatID":"SI10391070","hasMerchantReturnPolicy":{"@type":"MerchantReturnPolicy","merchantReturnLink":"https:\/\/aureliusjewelry.com\/our-policies\/terms-conditions\/"}}]},"og_availability":"backorder","product_availability":"available for order","product_retailer_item_id":"17747","product_condition":"new"},"_links":{"self":[{"href":"https:\/\/aureliusjewelry.com\/cs\/wp-json\/wp\/v2\/product\/20571","targetHints":{"allow":["GET"]}}],"collection":[{"href":"https:\/\/aureliusjewelry.com\/cs\/wp-json\/wp\/v2\/product"}],"about":[{"href":"https:\/\/aureliusjewelry.com\/cs\/wp-json\/wp\/v2\/types\/product"}],"replies":[{"embeddable":true,"href":"https:\/\/aureliusjewelry.com\/cs\/wp-json\/wp\/v2\/comments?post=20571"}],"wp:featuredmedia":[{"embeddable":true,"href":"https:\/\/aureliusjewelry.com\/cs\/wp-json\/wp\/v2\/media\/17756"}],"wp:attachment":[{"href":"https:\/\/aureliusjewelry.com\/cs\/wp-json\/wp\/v2\/media?parent=20571"}],"wp:term":[{"taxonomy":"product_brand","embeddable":true,"href":"https:\/\/aureliusjewelry.com\/cs\/wp-json\/wp\/v2\/product_brand?post=20571"},{"taxonomy":"product_cat","embeddable":true,"href":"https:\/\/aureliusjewelry.com\/cs\/wp-json\/wp\/v2\/product_cat?post=20571"},{"taxonomy":"product_tag","embeddable":true,"href":"https:\/\/aureliusjewelry.com\/cs\/wp-json\/wp\/v2\/product_tag?post=20571"}],"curies":[{"name":"wp","href":"https:\/\/api.w.org\/{rel}","templated":true}]}}