{"id":18788,"date":"2021-01-30T00:09:21","date_gmt":"2021-01-29T22:09:21","guid":{"rendered":"http:\/\/127.0.0.1\/product\/sada-svatebniho-prstenu-se-salt-and-pepper-diamantem-a-siroky-snubni-prsten\/"},"modified":"2026-03-23T22:15:52","modified_gmt":"2026-03-23T20:15:52","slug":"sada-svatebniho-prstenu-se-salt-and-pepper-diamantem-a-siroky-snubni-prsten","status":"publish","type":"product","link":"https:\/\/aureliusjewelry.com\/cs\/product\/sada-svatebniho-prstenu-se-salt-and-pepper-diamantem-a-siroky-snubni-prsten\/","title":{"rendered":"Sada svatebn\u00edho prstenu se Salt and Pepper diamantem a \u0161irok\u00fd snubn\u00ed prsten"},"content":{"rendered":"<p>K\u00e1men<br \/>\n&#8211; rose cut Salt and Pepper diamant ve tvaru \u0161t\u00edtu<br \/>\n&#8211; p\u0159ibli\u017en\u011b 6x5mm<\/p>\n<p>&#8211; p\u0159ibli\u017en\u011b 1,5mm \u0161irok\u00fd, 1,6mm siln\u00fd (z\u00e1snubn\u00ed prsten)<br \/>\n&#8211; p\u0159ibli\u017en\u011b 4mm \u0161irok\u00fd, 1,6mm siln\u00fd (snubn\u00ed prsten)<\/p>\n<p><strong>Velikost a materi\u00e1l prstenu<\/strong><br \/>\n&#8211; 1,5mm \u0161irok\u00fd, 1,6mm siln\u00fd<br \/>\n&#8211; dostupn\u00fd v 585\/1000 (14k) nebo 750\/1000 (18k) \u017elut\u00e9, b\u00edl\u00e9 nebo r\u016f\u017eov\u011b zlat\u00e9 a platinov\u00e9 950\/1000<br \/>\n&#8211; Velikosti US 3-9, men\u0161\u00ed a v\u011bt\u0161\u00ed velikosti d\u011bl\u00e1me na zak\u00e1zku<\/p>\n","protected":false},"excerpt":{"rendered":"<p>Pokud hled\u00e1te jedine\u010dnou sadu snubn\u00edch prsten\u016f, je to pro v\u00e1s to prav\u00e9! Tento jednoduch\u00fd, ale rozko\u0161n\u00fd geometrick\u00fd z\u00e1snubn\u00ed prsten s p\u0159\u00edrodn\u00edm brou\u0161en\u00fdm Salt and Pepper diamantem, vsazen\u00fd do masivn\u00edho zlat\u00e9ho prstenu s asymetrick\u00fdmi dr\u00e1pov\u00fdmi hroty, kter\u00fd ur\u010dit\u011b ud\u011bl\u00e1 dojem. Je kombinov\u00e1n s \u0161irok\u00fdm prstenem se sat\u00e9nov\u00fdm povrchem. K dispozici je tak\u00e9 le\u0161t\u011bn\u00fd, matn\u00fd, kart\u00e1\u010dovan\u00fd a tepan\u00fd povrch. Ka\u017ed\u00fd diamant ve tvaru \u0161t\u00edtu je jedine\u010dn\u00fd sv\u00e9ho druhu a chcete-li si vybrat jeden pro sv\u016fj prsten, kontaktujte n\u00e1s!<\/p>\n","protected":false},"featured_media":16672,"comment_status":"open","ping_status":"closed","template":"","meta":[],"product_brand":[],"product_cat":[1424,1609,646,673,666,643,1072],"product_tag":[1262,709,708,1268],"class_list":{"0":"post-18788","1":"product","2":"type-product","3":"status-publish","4":"has-post-thumbnail","6":"product_cat-dvoudilny-snubni-prsten","7":"product_cat-nejlepsi-prodejci","8":"product_cat-paired-kolekce","9":"product_cat-prsteny","10":"product_cat-sady-snubnich-prstenu","11":"product_cat-singularity-kolekce","12":"product_cat-snubni-prsten-se-soli-a-peprem","13":"product_tag-diamant-se-soli-a-peprem","14":"product_tag-production_time_3_5-cs","15":"product_tag-rings-cs","16":"product_tag-stit","18":"first","19":"onbackorder","20":"featured","21":"sold-individually","22":"taxable","23":"shipping-taxable","24":"purchasable","25":"product-type-variable"},"yoast_head":"<title>Sada svatebn\u00edho prstenu se Salt and Pepper diamantem a \u0161irok\u00fd snubn\u00ed prsten - Aurelius Jewelry<\/title>\n<meta name=\"robots\" content=\"index, follow, max-snippet:-1, max-image-preview:large, max-video-preview:-1\" \/>\n<link rel=\"canonical\" href=\"https:\/\/aureliusjewelry.com\/cs\/product\/sada-svatebniho-prstenu-se-salt-and-pepper-diamantem-a-siroky-snubni-prsten\/\" \/>\n<meta property=\"og:locale\" content=\"cs_CZ\" \/>\n<meta property=\"og:type\" content=\"article\" \/>\n<meta property=\"og:title\" content=\"Sada svatebn\u00edho prstenu se Salt and Pepper diamantem a \u0161irok\u00fd snubn\u00ed prsten - Aurelius Jewelry\" \/>\n<meta property=\"og:description\" content=\"%\" \/>\n<meta property=\"og:url\" content=\"https:\/\/aureliusjewelry.com\/cs\/product\/sada-svatebniho-prstenu-se-salt-and-pepper-diamantem-a-siroky-snubni-prsten\/\" \/>\n<meta property=\"og:site_name\" content=\"Aurelius Jewelry\" \/>\n<meta property=\"article:publisher\" content=\"https:\/\/www.facebook.com\/AureliusJewelry\/\" \/>\n<meta property=\"article:modified_time\" content=\"2026-03-23T20:15:52+00:00\" \/>\n<meta property=\"og:image\" content=\"https:\/\/aureliusjewelry.com\/wp-content\/uploads\/stit-sul-a-pepr-diamant-prsten-sada-siroky-prsten.jpg\" \/>\n\t<meta property=\"og:image:width\" content=\"1920\" \/>\n\t<meta property=\"og:image:height\" content=\"1440\" \/>\n\t<meta property=\"og:image:type\" content=\"image\/jpeg\" \/>\n<meta name=\"twitter:card\" content=\"summary_large_image\" \/>\n<meta name=\"twitter:site\" content=\"@AureliusJewelry\" \/>\n<script type=\"application\/ld+json\" class=\"yoast-schema-graph\">{\"@context\":\"https:\\\/\\\/schema.org\",\"@graph\":[{\"@type\":\"WebPage\",\"@id\":\"https:\\\/\\\/aureliusjewelry.com\\\/cs\\\/product\\\/sada-svatebniho-prstenu-se-salt-and-pepper-diamantem-a-siroky-snubni-prsten\\\/\",\"url\":\"https:\\\/\\\/aureliusjewelry.com\\\/cs\\\/product\\\/sada-svatebniho-prstenu-se-salt-and-pepper-diamantem-a-siroky-snubni-prsten\\\/\",\"name\":\"Sada svatebn\u00edho prstenu se Salt and Pepper diamantem a \u0161irok\u00fd snubn\u00ed prsten - Aurelius Jewelry\",\"isPartOf\":{\"@id\":\"https:\\\/\\\/aureliusjewelry.com\\\/cs\\\/#website\"},\"primaryImageOfPage\":{\"@id\":\"https:\\\/\\\/aureliusjewelry.com\\\/cs\\\/product\\\/sada-svatebniho-prstenu-se-salt-and-pepper-diamantem-a-siroky-snubni-prsten\\\/#primaryimage\"},\"image\":{\"@id\":\"https:\\\/\\\/aureliusjewelry.com\\\/cs\\\/product\\\/sada-svatebniho-prstenu-se-salt-and-pepper-diamantem-a-siroky-snubni-prsten\\\/#primaryimage\"},\"thumbnailUrl\":\"https:\\\/\\\/aureliusjewelry.com\\\/wp-content\\\/uploads\\\/stit-sul-a-pepr-diamant-prsten-sada-siroky-prsten.jpg\",\"datePublished\":\"2021-01-29T22:09:21+00:00\",\"dateModified\":\"2026-03-23T20:15:52+00:00\",\"breadcrumb\":{\"@id\":\"https:\\\/\\\/aureliusjewelry.com\\\/cs\\\/product\\\/sada-svatebniho-prstenu-se-salt-and-pepper-diamantem-a-siroky-snubni-prsten\\\/#breadcrumb\"},\"inLanguage\":\"cs\",\"potentialAction\":[{\"@type\":\"ReadAction\",\"target\":[\"https:\\\/\\\/aureliusjewelry.com\\\/cs\\\/product\\\/sada-svatebniho-prstenu-se-salt-and-pepper-diamantem-a-siroky-snubni-prsten\\\/\"]}]},{\"@type\":\"ImageObject\",\"inLanguage\":\"cs\",\"@id\":\"https:\\\/\\\/aureliusjewelry.com\\\/cs\\\/product\\\/sada-svatebniho-prstenu-se-salt-and-pepper-diamantem-a-siroky-snubni-prsten\\\/#primaryimage\",\"url\":\"https:\\\/\\\/aureliusjewelry.com\\\/wp-content\\\/uploads\\\/stit-sul-a-pepr-diamant-prsten-sada-siroky-prsten.jpg\",\"contentUrl\":\"https:\\\/\\\/aureliusjewelry.com\\\/wp-content\\\/uploads\\\/stit-sul-a-pepr-diamant-prsten-sada-siroky-prsten.jpg\",\"width\":1920,\"height\":1440,\"caption\":\"\u0161t\u00edt s\u016fl a pep\u0159 diamant prsten sada \u0161irok\u00fd prsten\"},{\"@type\":\"BreadcrumbList\",\"@id\":\"https:\\\/\\\/aureliusjewelry.com\\\/cs\\\/product\\\/sada-svatebniho-prstenu-se-salt-and-pepper-diamantem-a-siroky-snubni-prsten\\\/#breadcrumb\",\"itemListElement\":[{\"@type\":\"ListItem\",\"position\":1,\"name\":\"Home\",\"item\":\"https:\\\/\\\/aureliusjewelry.com\\\/cs\\\/\"},{\"@type\":\"ListItem\",\"position\":2,\"name\":\"Prodejna\",\"item\":\"https:\\\/\\\/aureliusjewelry.com\\\/cs\\\/prodejna\\\/\"},{\"@type\":\"ListItem\",\"position\":3,\"name\":\"Sada svatebn\u00edho prstenu se Salt and Pepper diamantem a \u0161irok\u00fd snubn\u00ed prsten\"}]},{\"@type\":\"WebSite\",\"@id\":\"https:\\\/\\\/aureliusjewelry.com\\\/cs\\\/#website\",\"url\":\"https:\\\/\\\/aureliusjewelry.com\\\/cs\\\/\",\"name\":\"Aurelius Jewelry\",\"description\":\"Handmade Fine Gold Jewelry\",\"publisher\":{\"@id\":\"https:\\\/\\\/aureliusjewelry.com\\\/cs\\\/#organization\"},\"potentialAction\":[{\"@type\":\"SearchAction\",\"target\":{\"@type\":\"EntryPoint\",\"urlTemplate\":\"https:\\\/\\\/aureliusjewelry.com\\\/cs\\\/?s={search_term_string}\"},\"query-input\":{\"@type\":\"PropertyValueSpecification\",\"valueRequired\":true,\"valueName\":\"search_term_string\"}}],\"inLanguage\":\"cs\"},{\"@type\":\"Organization\",\"@id\":\"https:\\\/\\\/aureliusjewelry.com\\\/cs\\\/#organization\",\"name\":\"Aurelius Jewelry\",\"url\":\"https:\\\/\\\/aureliusjewelry.com\\\/cs\\\/\",\"logo\":{\"@type\":\"ImageObject\",\"inLanguage\":\"cs\",\"@id\":\"https:\\\/\\\/aureliusjewelry.com\\\/cs\\\/#\\\/schema\\\/logo\\\/image\\\/\",\"url\":\"https:\\\/\\\/aureliusjewelry.com\\\/wp-content\\\/uploads\\\/logo.png\",\"contentUrl\":\"https:\\\/\\\/aureliusjewelry.com\\\/wp-content\\\/uploads\\\/logo.png\",\"width\":400,\"height\":64,\"caption\":\"Aurelius Jewelry\"},\"image\":{\"@id\":\"https:\\\/\\\/aureliusjewelry.com\\\/cs\\\/#\\\/schema\\\/logo\\\/image\\\/\"},\"sameAs\":[\"https:\\\/\\\/www.facebook.com\\\/AureliusJewelry\\\/\",\"https:\\\/\\\/x.com\\\/AureliusJewelry\",\"https:\\\/\\\/instagram.com\\\/aureliusjewelry\",\"https:\\\/\\\/www.pinterest.com\\\/AureliusJewelry\\\/\"],\"email\":\"info@aureliusjewelry.com\",\"foundingDate\":\"2018-10-01\",\"vatID\":\"SI10391070\",\"hasMerchantReturnPolicy\":{\"@type\":\"MerchantReturnPolicy\",\"merchantReturnLink\":\"https:\\\/\\\/aureliusjewelry.com\\\/our-policies\\\/terms-conditions\\\/\"}}]}<\/script>\n<meta property=\"og:availability\" content=\"backorder\" \/>\n<meta property=\"product:availability\" content=\"available for order\" \/>\n<meta property=\"product:retailer_item_id\" content=\"16663\" \/>\n<meta property=\"product:condition\" content=\"new\" \/>","yoast_head_json":{"title":"Sada svatebn\u00edho prstenu se Salt and Pepper diamantem a \u0161irok\u00fd snubn\u00ed prsten - Aurelius Jewelry","robots":{"index":"index","follow":"follow","max-snippet":"max-snippet:-1","max-image-preview":"max-image-preview:large","max-video-preview":"max-video-preview:-1"},"canonical":"https:\/\/aureliusjewelry.com\/cs\/product\/sada-svatebniho-prstenu-se-salt-and-pepper-diamantem-a-siroky-snubni-prsten\/","og_locale":"cs_CZ","og_type":"article","og_title":"Sada svatebn\u00edho prstenu se Salt and Pepper diamantem a \u0161irok\u00fd snubn\u00ed prsten - Aurelius Jewelry","og_description":"%","og_url":"https:\/\/aureliusjewelry.com\/cs\/product\/sada-svatebniho-prstenu-se-salt-and-pepper-diamantem-a-siroky-snubni-prsten\/","og_site_name":"Aurelius Jewelry","article_publisher":"https:\/\/www.facebook.com\/AureliusJewelry\/","article_modified_time":"2026-03-23T20:15:52+00:00","og_image":[{"width":1920,"height":1440,"url":"https:\/\/aureliusjewelry.com\/wp-content\/uploads\/stit-sul-a-pepr-diamant-prsten-sada-siroky-prsten.jpg","type":"image\/jpeg"}],"twitter_card":"summary_large_image","twitter_site":"@AureliusJewelry","schema":{"@context":"https:\/\/schema.org","@graph":[{"@type":"WebPage","@id":"https:\/\/aureliusjewelry.com\/cs\/product\/sada-svatebniho-prstenu-se-salt-and-pepper-diamantem-a-siroky-snubni-prsten\/","url":"https:\/\/aureliusjewelry.com\/cs\/product\/sada-svatebniho-prstenu-se-salt-and-pepper-diamantem-a-siroky-snubni-prsten\/","name":"Sada svatebn\u00edho prstenu se Salt and Pepper diamantem a \u0161irok\u00fd snubn\u00ed prsten - Aurelius Jewelry","isPartOf":{"@id":"https:\/\/aureliusjewelry.com\/cs\/#website"},"primaryImageOfPage":{"@id":"https:\/\/aureliusjewelry.com\/cs\/product\/sada-svatebniho-prstenu-se-salt-and-pepper-diamantem-a-siroky-snubni-prsten\/#primaryimage"},"image":{"@id":"https:\/\/aureliusjewelry.com\/cs\/product\/sada-svatebniho-prstenu-se-salt-and-pepper-diamantem-a-siroky-snubni-prsten\/#primaryimage"},"thumbnailUrl":"https:\/\/aureliusjewelry.com\/wp-content\/uploads\/stit-sul-a-pepr-diamant-prsten-sada-siroky-prsten.jpg","datePublished":"2021-01-29T22:09:21+00:00","dateModified":"2026-03-23T20:15:52+00:00","breadcrumb":{"@id":"https:\/\/aureliusjewelry.com\/cs\/product\/sada-svatebniho-prstenu-se-salt-and-pepper-diamantem-a-siroky-snubni-prsten\/#breadcrumb"},"inLanguage":"cs","potentialAction":[{"@type":"ReadAction","target":["https:\/\/aureliusjewelry.com\/cs\/product\/sada-svatebniho-prstenu-se-salt-and-pepper-diamantem-a-siroky-snubni-prsten\/"]}]},{"@type":"ImageObject","inLanguage":"cs","@id":"https:\/\/aureliusjewelry.com\/cs\/product\/sada-svatebniho-prstenu-se-salt-and-pepper-diamantem-a-siroky-snubni-prsten\/#primaryimage","url":"https:\/\/aureliusjewelry.com\/wp-content\/uploads\/stit-sul-a-pepr-diamant-prsten-sada-siroky-prsten.jpg","contentUrl":"https:\/\/aureliusjewelry.com\/wp-content\/uploads\/stit-sul-a-pepr-diamant-prsten-sada-siroky-prsten.jpg","width":1920,"height":1440,"caption":"\u0161t\u00edt s\u016fl a pep\u0159 diamant prsten sada \u0161irok\u00fd prsten"},{"@type":"BreadcrumbList","@id":"https:\/\/aureliusjewelry.com\/cs\/product\/sada-svatebniho-prstenu-se-salt-and-pepper-diamantem-a-siroky-snubni-prsten\/#breadcrumb","itemListElement":[{"@type":"ListItem","position":1,"name":"Home","item":"https:\/\/aureliusjewelry.com\/cs\/"},{"@type":"ListItem","position":2,"name":"Prodejna","item":"https:\/\/aureliusjewelry.com\/cs\/prodejna\/"},{"@type":"ListItem","position":3,"name":"Sada svatebn\u00edho prstenu se Salt and Pepper diamantem a \u0161irok\u00fd snubn\u00ed prsten"}]},{"@type":"WebSite","@id":"https:\/\/aureliusjewelry.com\/cs\/#website","url":"https:\/\/aureliusjewelry.com\/cs\/","name":"Aurelius Jewelry","description":"Handmade Fine Gold Jewelry","publisher":{"@id":"https:\/\/aureliusjewelry.com\/cs\/#organization"},"potentialAction":[{"@type":"SearchAction","target":{"@type":"EntryPoint","urlTemplate":"https:\/\/aureliusjewelry.com\/cs\/?s={search_term_string}"},"query-input":{"@type":"PropertyValueSpecification","valueRequired":true,"valueName":"search_term_string"}}],"inLanguage":"cs"},{"@type":"Organization","@id":"https:\/\/aureliusjewelry.com\/cs\/#organization","name":"Aurelius Jewelry","url":"https:\/\/aureliusjewelry.com\/cs\/","logo":{"@type":"ImageObject","inLanguage":"cs","@id":"https:\/\/aureliusjewelry.com\/cs\/#\/schema\/logo\/image\/","url":"https:\/\/aureliusjewelry.com\/wp-content\/uploads\/logo.png","contentUrl":"https:\/\/aureliusjewelry.com\/wp-content\/uploads\/logo.png","width":400,"height":64,"caption":"Aurelius Jewelry"},"image":{"@id":"https:\/\/aureliusjewelry.com\/cs\/#\/schema\/logo\/image\/"},"sameAs":["https:\/\/www.facebook.com\/AureliusJewelry\/","https:\/\/x.com\/AureliusJewelry","https:\/\/instagram.com\/aureliusjewelry","https:\/\/www.pinterest.com\/AureliusJewelry\/"],"email":"info@aureliusjewelry.com","foundingDate":"2018-10-01","vatID":"SI10391070","hasMerchantReturnPolicy":{"@type":"MerchantReturnPolicy","merchantReturnLink":"https:\/\/aureliusjewelry.com\/our-policies\/terms-conditions\/"}}]},"og_availability":"backorder","product_availability":"available for order","product_retailer_item_id":"16663","product_condition":"new"},"_links":{"self":[{"href":"https:\/\/aureliusjewelry.com\/cs\/wp-json\/wp\/v2\/product\/18788","targetHints":{"allow":["GET"]}}],"collection":[{"href":"https:\/\/aureliusjewelry.com\/cs\/wp-json\/wp\/v2\/product"}],"about":[{"href":"https:\/\/aureliusjewelry.com\/cs\/wp-json\/wp\/v2\/types\/product"}],"replies":[{"embeddable":true,"href":"https:\/\/aureliusjewelry.com\/cs\/wp-json\/wp\/v2\/comments?post=18788"}],"wp:featuredmedia":[{"embeddable":true,"href":"https:\/\/aureliusjewelry.com\/cs\/wp-json\/wp\/v2\/media\/16672"}],"wp:attachment":[{"href":"https:\/\/aureliusjewelry.com\/cs\/wp-json\/wp\/v2\/media?parent=18788"}],"wp:term":[{"taxonomy":"product_brand","embeddable":true,"href":"https:\/\/aureliusjewelry.com\/cs\/wp-json\/wp\/v2\/product_brand?post=18788"},{"taxonomy":"product_cat","embeddable":true,"href":"https:\/\/aureliusjewelry.com\/cs\/wp-json\/wp\/v2\/product_cat?post=18788"},{"taxonomy":"product_tag","embeddable":true,"href":"https:\/\/aureliusjewelry.com\/cs\/wp-json\/wp\/v2\/product_tag?post=18788"}],"curies":[{"name":"wp","href":"https:\/\/api.w.org\/{rel}","templated":true}]}}