{"id":18738,"date":"2021-01-29T12:22:38","date_gmt":"2021-01-29T10:22:38","guid":{"rendered":"http:\/\/127.0.0.1\/product\/salt-and-pepper-diamant-v-sestihrannem-ramecku-se-zlatym-prstencem\/"},"modified":"2026-03-23T22:33:24","modified_gmt":"2026-03-23T20:33:24","slug":"salt-and-pepper-diamant-v-sestihrannem-ramecku-se-zlatym-prstencem","status":"publish","type":"product","link":"https:\/\/aureliusjewelry.com\/cs\/salt-and-pepper-diamant-v-sestihrannem-ramecku-se-zlatym-prstencem\/","title":{"rendered":"Salt and Pepper diamant v \u0161estihrann\u00e9m r\u00e1me\u010dku se zlat\u00fdm prstencem"},"content":{"rendered":"<p><strong>Hlavn\u00ed k\u00e1men<\/strong><br \/>\n&#8211; kulat\u00fd brilliant cut Salt and Pepper diamant<br \/>\n&#8211; p\u0159ibli\u017en\u011b 5mm, 0,5-0,6ct<\/p>\n<p><strong>Vedlej\u0161\u00ed kameny<\/strong><br \/>\n&#8211; kulat\u00e9 diamanty<br \/>\n&#8211; p\u0159ibli\u017en\u011b 1,25mm (6)<br \/>\n&#8211; F\/G barva, VS \u010distota, bezkonfliktn\u00ed a etick\u00e9<\/p>\n<p><strong>Velikost a materi\u00e1l prstenu<\/strong><br \/>\n&#8211; p\u0159ibli\u017en\u011b 2,5mm \u0161irok\u00fd, 1,4mm siln\u00fd (z\u00e1snubn\u00ed prsten)<br \/>\n&#8211; 1,5mm \u0161irok\u00fd, 1,6mm siln\u00fd (snubn\u00edm prsten)<br \/>\n&#8211; dostupn\u00fd v 585\/1000 (14k) nebo 750\/1000 (18k) \u017elut\u00e9, b\u00edl\u00e9 nebo r\u016f\u017eov\u011b zlat\u00e9 a platinov\u00e9 950\/1000<br \/>\n&#8211; Velikosti US 3-9, men\u0161\u00ed a v\u011bt\u0161\u00ed velikosti d\u011bl\u00e1me na zak\u00e1zku<\/p>\n","protected":false},"excerpt":{"rendered":"<p>N\u00e1dhern\u00fd a elegantn\u00ed z\u00e1snubn\u00ed prsten ze Salt and Pepper diamantem v \u0161estihrann\u00e9m r\u00e1me\u010dku a milgrainov\u00fdmi detaily, kter\u00e9 mu dod\u00e1vaj\u00ed vintage vzhled, v kombinaci s jednoduch\u00fdm zlat\u00fdm snubn\u00edm prstenem. Nastaven\u00ed hlavn\u00edho kamene je zv\u00fd\u0161eno, co\u017e umo\u017e\u0148uje, aby prsteny zapadly do jedn\u00e9 roviny. Ka\u017ed\u00fd hlavn\u00ed diamant je jedine\u010dn\u00fd a chcete-li si vybrat jeden pro sv\u016fj prsten, kontaktujte n\u00e1s!<\/p>\n","protected":false},"featured_media":16110,"comment_status":"open","ping_status":"closed","template":"","meta":[],"product_brand":[],"product_cat":[1424,646,673,666,643,1072],"product_tag":[1262,1253,709,708],"class_list":{"0":"post-18738","1":"product","2":"type-product","3":"status-publish","4":"has-post-thumbnail","6":"product_cat-dvoudilny-snubni-prsten","7":"product_cat-paired-kolekce","8":"product_cat-prsteny","9":"product_cat-sady-snubnich-prstenu","10":"product_cat-singularity-kolekce","11":"product_cat-snubni-prsten-se-soli-a-peprem","12":"product_tag-diamant-se-soli-a-peprem","13":"product_tag-kulaty","14":"product_tag-production_time_3_5-cs","15":"product_tag-rings-cs","17":"first","18":"onbackorder","19":"sold-individually","20":"taxable","21":"shipping-taxable","22":"purchasable","23":"product-type-variable"},"yoast_head":"<title>Salt and Pepper diamant v \u0161estihrann\u00e9m r\u00e1me\u010dku se zlat\u00fdm prstencem - Aurelius Jewelry<\/title>\n<meta name=\"robots\" content=\"index, follow, max-snippet:-1, max-image-preview:large, max-video-preview:-1\" \/>\n<link rel=\"canonical\" href=\"https:\/\/aureliusjewelry.com\/cs\/salt-and-pepper-diamant-v-sestihrannem-ramecku-se-zlatym-prstencem\/\" \/>\n<meta property=\"og:locale\" content=\"cs_CZ\" \/>\n<meta property=\"og:type\" content=\"article\" \/>\n<meta property=\"og:title\" content=\"Salt and Pepper diamant v \u0161estihrann\u00e9m r\u00e1me\u010dku se zlat\u00fdm prstencem - Aurelius Jewelry\" \/>\n<meta property=\"og:description\" content=\"%\" \/>\n<meta property=\"og:url\" content=\"https:\/\/aureliusjewelry.com\/cs\/salt-and-pepper-diamant-v-sestihrannem-ramecku-se-zlatym-prstencem\/\" \/>\n<meta property=\"og:site_name\" content=\"Aurelius Jewelry\" \/>\n<meta property=\"article:publisher\" content=\"https:\/\/www.facebook.com\/AureliusJewelry\/\" \/>\n<meta property=\"article:modified_time\" content=\"2026-03-23T20:33:24+00:00\" \/>\n<meta property=\"og:image\" content=\"https:\/\/aureliusjewelry.com\/wp-content\/uploads\/kolo-sul-a-pepr-diamant-prsten-sada.jpg\" \/>\n\t<meta property=\"og:image:width\" content=\"1920\" \/>\n\t<meta property=\"og:image:height\" content=\"1440\" \/>\n\t<meta property=\"og:image:type\" content=\"image\/jpeg\" \/>\n<meta name=\"twitter:card\" content=\"summary_large_image\" \/>\n<meta name=\"twitter:site\" content=\"@AureliusJewelry\" \/>\n<script type=\"application\/ld+json\" class=\"yoast-schema-graph\">{\"@context\":\"https:\\\/\\\/schema.org\",\"@graph\":[{\"@type\":\"WebPage\",\"@id\":\"https:\\\/\\\/aureliusjewelry.com\\\/cs\\\/salt-and-pepper-diamant-v-sestihrannem-ramecku-se-zlatym-prstencem\\\/\",\"url\":\"https:\\\/\\\/aureliusjewelry.com\\\/cs\\\/salt-and-pepper-diamant-v-sestihrannem-ramecku-se-zlatym-prstencem\\\/\",\"name\":\"Salt and Pepper diamant v \u0161estihrann\u00e9m r\u00e1me\u010dku se zlat\u00fdm prstencem - Aurelius Jewelry\",\"isPartOf\":{\"@id\":\"https:\\\/\\\/aureliusjewelry.com\\\/cs\\\/#website\"},\"primaryImageOfPage\":{\"@id\":\"https:\\\/\\\/aureliusjewelry.com\\\/cs\\\/salt-and-pepper-diamant-v-sestihrannem-ramecku-se-zlatym-prstencem\\\/#primaryimage\"},\"image\":{\"@id\":\"https:\\\/\\\/aureliusjewelry.com\\\/cs\\\/salt-and-pepper-diamant-v-sestihrannem-ramecku-se-zlatym-prstencem\\\/#primaryimage\"},\"thumbnailUrl\":\"https:\\\/\\\/aureliusjewelry.com\\\/wp-content\\\/uploads\\\/kolo-sul-a-pepr-diamant-prsten-sada.jpg\",\"datePublished\":\"2021-01-29T10:22:38+00:00\",\"dateModified\":\"2026-03-23T20:33:24+00:00\",\"breadcrumb\":{\"@id\":\"https:\\\/\\\/aureliusjewelry.com\\\/cs\\\/salt-and-pepper-diamant-v-sestihrannem-ramecku-se-zlatym-prstencem\\\/#breadcrumb\"},\"inLanguage\":\"cs\",\"potentialAction\":[{\"@type\":\"ReadAction\",\"target\":[\"https:\\\/\\\/aureliusjewelry.com\\\/cs\\\/salt-and-pepper-diamant-v-sestihrannem-ramecku-se-zlatym-prstencem\\\/\"]}]},{\"@type\":\"ImageObject\",\"inLanguage\":\"cs\",\"@id\":\"https:\\\/\\\/aureliusjewelry.com\\\/cs\\\/salt-and-pepper-diamant-v-sestihrannem-ramecku-se-zlatym-prstencem\\\/#primaryimage\",\"url\":\"https:\\\/\\\/aureliusjewelry.com\\\/wp-content\\\/uploads\\\/kolo-sul-a-pepr-diamant-prsten-sada.jpg\",\"contentUrl\":\"https:\\\/\\\/aureliusjewelry.com\\\/wp-content\\\/uploads\\\/kolo-sul-a-pepr-diamant-prsten-sada.jpg\",\"width\":1920,\"height\":1440,\"caption\":\"kolo s\u016fl a pep\u0159 diamant prsten sada\"},{\"@type\":\"BreadcrumbList\",\"@id\":\"https:\\\/\\\/aureliusjewelry.com\\\/cs\\\/salt-and-pepper-diamant-v-sestihrannem-ramecku-se-zlatym-prstencem\\\/#breadcrumb\",\"itemListElement\":[{\"@type\":\"ListItem\",\"position\":1,\"name\":\"Home\",\"item\":\"https:\\\/\\\/aureliusjewelry.com\\\/cs\\\/\"},{\"@type\":\"ListItem\",\"position\":2,\"name\":\"Prodejna\",\"item\":\"https:\\\/\\\/aureliusjewelry.com\\\/cs\\\/prodejna\\\/\"},{\"@type\":\"ListItem\",\"position\":3,\"name\":\"Salt and Pepper diamant v \u0161estihrann\u00e9m r\u00e1me\u010dku se zlat\u00fdm prstencem\"}]},{\"@type\":\"WebSite\",\"@id\":\"https:\\\/\\\/aureliusjewelry.com\\\/cs\\\/#website\",\"url\":\"https:\\\/\\\/aureliusjewelry.com\\\/cs\\\/\",\"name\":\"Aurelius Jewelry\",\"description\":\"Handmade Fine Gold Jewelry\",\"publisher\":{\"@id\":\"https:\\\/\\\/aureliusjewelry.com\\\/cs\\\/#organization\"},\"potentialAction\":[{\"@type\":\"SearchAction\",\"target\":{\"@type\":\"EntryPoint\",\"urlTemplate\":\"https:\\\/\\\/aureliusjewelry.com\\\/cs\\\/?s={search_term_string}\"},\"query-input\":{\"@type\":\"PropertyValueSpecification\",\"valueRequired\":true,\"valueName\":\"search_term_string\"}}],\"inLanguage\":\"cs\"},{\"@type\":\"Organization\",\"@id\":\"https:\\\/\\\/aureliusjewelry.com\\\/cs\\\/#organization\",\"name\":\"Aurelius Jewelry\",\"url\":\"https:\\\/\\\/aureliusjewelry.com\\\/cs\\\/\",\"logo\":{\"@type\":\"ImageObject\",\"inLanguage\":\"cs\",\"@id\":\"https:\\\/\\\/aureliusjewelry.com\\\/cs\\\/#\\\/schema\\\/logo\\\/image\\\/\",\"url\":\"https:\\\/\\\/aureliusjewelry.com\\\/wp-content\\\/uploads\\\/logo.png\",\"contentUrl\":\"https:\\\/\\\/aureliusjewelry.com\\\/wp-content\\\/uploads\\\/logo.png\",\"width\":400,\"height\":64,\"caption\":\"Aurelius Jewelry\"},\"image\":{\"@id\":\"https:\\\/\\\/aureliusjewelry.com\\\/cs\\\/#\\\/schema\\\/logo\\\/image\\\/\"},\"sameAs\":[\"https:\\\/\\\/www.facebook.com\\\/AureliusJewelry\\\/\",\"https:\\\/\\\/x.com\\\/AureliusJewelry\",\"https:\\\/\\\/instagram.com\\\/aureliusjewelry\",\"https:\\\/\\\/www.pinterest.com\\\/AureliusJewelry\\\/\"],\"email\":\"info@aureliusjewelry.com\",\"foundingDate\":\"2018-10-01\",\"vatID\":\"SI10391070\",\"hasMerchantReturnPolicy\":{\"@type\":\"MerchantReturnPolicy\",\"merchantReturnLink\":\"https:\\\/\\\/aureliusjewelry.com\\\/our-policies\\\/terms-conditions\\\/\"}}]}<\/script>\n<meta property=\"og:availability\" content=\"backorder\" \/>\n<meta property=\"product:availability\" content=\"available for order\" \/>\n<meta property=\"product:retailer_item_id\" content=\"16101\" \/>\n<meta property=\"product:condition\" content=\"new\" \/>","yoast_head_json":{"title":"Salt and Pepper diamant v \u0161estihrann\u00e9m r\u00e1me\u010dku se zlat\u00fdm prstencem - Aurelius Jewelry","robots":{"index":"index","follow":"follow","max-snippet":"max-snippet:-1","max-image-preview":"max-image-preview:large","max-video-preview":"max-video-preview:-1"},"canonical":"https:\/\/aureliusjewelry.com\/cs\/salt-and-pepper-diamant-v-sestihrannem-ramecku-se-zlatym-prstencem\/","og_locale":"cs_CZ","og_type":"article","og_title":"Salt and Pepper diamant v \u0161estihrann\u00e9m r\u00e1me\u010dku se zlat\u00fdm prstencem - Aurelius Jewelry","og_description":"%","og_url":"https:\/\/aureliusjewelry.com\/cs\/salt-and-pepper-diamant-v-sestihrannem-ramecku-se-zlatym-prstencem\/","og_site_name":"Aurelius Jewelry","article_publisher":"https:\/\/www.facebook.com\/AureliusJewelry\/","article_modified_time":"2026-03-23T20:33:24+00:00","og_image":[{"width":1920,"height":1440,"url":"https:\/\/aureliusjewelry.com\/wp-content\/uploads\/kolo-sul-a-pepr-diamant-prsten-sada.jpg","type":"image\/jpeg"}],"twitter_card":"summary_large_image","twitter_site":"@AureliusJewelry","schema":{"@context":"https:\/\/schema.org","@graph":[{"@type":"WebPage","@id":"https:\/\/aureliusjewelry.com\/cs\/salt-and-pepper-diamant-v-sestihrannem-ramecku-se-zlatym-prstencem\/","url":"https:\/\/aureliusjewelry.com\/cs\/salt-and-pepper-diamant-v-sestihrannem-ramecku-se-zlatym-prstencem\/","name":"Salt and Pepper diamant v \u0161estihrann\u00e9m r\u00e1me\u010dku se zlat\u00fdm prstencem - Aurelius Jewelry","isPartOf":{"@id":"https:\/\/aureliusjewelry.com\/cs\/#website"},"primaryImageOfPage":{"@id":"https:\/\/aureliusjewelry.com\/cs\/salt-and-pepper-diamant-v-sestihrannem-ramecku-se-zlatym-prstencem\/#primaryimage"},"image":{"@id":"https:\/\/aureliusjewelry.com\/cs\/salt-and-pepper-diamant-v-sestihrannem-ramecku-se-zlatym-prstencem\/#primaryimage"},"thumbnailUrl":"https:\/\/aureliusjewelry.com\/wp-content\/uploads\/kolo-sul-a-pepr-diamant-prsten-sada.jpg","datePublished":"2021-01-29T10:22:38+00:00","dateModified":"2026-03-23T20:33:24+00:00","breadcrumb":{"@id":"https:\/\/aureliusjewelry.com\/cs\/salt-and-pepper-diamant-v-sestihrannem-ramecku-se-zlatym-prstencem\/#breadcrumb"},"inLanguage":"cs","potentialAction":[{"@type":"ReadAction","target":["https:\/\/aureliusjewelry.com\/cs\/salt-and-pepper-diamant-v-sestihrannem-ramecku-se-zlatym-prstencem\/"]}]},{"@type":"ImageObject","inLanguage":"cs","@id":"https:\/\/aureliusjewelry.com\/cs\/salt-and-pepper-diamant-v-sestihrannem-ramecku-se-zlatym-prstencem\/#primaryimage","url":"https:\/\/aureliusjewelry.com\/wp-content\/uploads\/kolo-sul-a-pepr-diamant-prsten-sada.jpg","contentUrl":"https:\/\/aureliusjewelry.com\/wp-content\/uploads\/kolo-sul-a-pepr-diamant-prsten-sada.jpg","width":1920,"height":1440,"caption":"kolo s\u016fl a pep\u0159 diamant prsten sada"},{"@type":"BreadcrumbList","@id":"https:\/\/aureliusjewelry.com\/cs\/salt-and-pepper-diamant-v-sestihrannem-ramecku-se-zlatym-prstencem\/#breadcrumb","itemListElement":[{"@type":"ListItem","position":1,"name":"Home","item":"https:\/\/aureliusjewelry.com\/cs\/"},{"@type":"ListItem","position":2,"name":"Prodejna","item":"https:\/\/aureliusjewelry.com\/cs\/prodejna\/"},{"@type":"ListItem","position":3,"name":"Salt and Pepper diamant v \u0161estihrann\u00e9m r\u00e1me\u010dku se zlat\u00fdm prstencem"}]},{"@type":"WebSite","@id":"https:\/\/aureliusjewelry.com\/cs\/#website","url":"https:\/\/aureliusjewelry.com\/cs\/","name":"Aurelius Jewelry","description":"Handmade Fine Gold Jewelry","publisher":{"@id":"https:\/\/aureliusjewelry.com\/cs\/#organization"},"potentialAction":[{"@type":"SearchAction","target":{"@type":"EntryPoint","urlTemplate":"https:\/\/aureliusjewelry.com\/cs\/?s={search_term_string}"},"query-input":{"@type":"PropertyValueSpecification","valueRequired":true,"valueName":"search_term_string"}}],"inLanguage":"cs"},{"@type":"Organization","@id":"https:\/\/aureliusjewelry.com\/cs\/#organization","name":"Aurelius Jewelry","url":"https:\/\/aureliusjewelry.com\/cs\/","logo":{"@type":"ImageObject","inLanguage":"cs","@id":"https:\/\/aureliusjewelry.com\/cs\/#\/schema\/logo\/image\/","url":"https:\/\/aureliusjewelry.com\/wp-content\/uploads\/logo.png","contentUrl":"https:\/\/aureliusjewelry.com\/wp-content\/uploads\/logo.png","width":400,"height":64,"caption":"Aurelius Jewelry"},"image":{"@id":"https:\/\/aureliusjewelry.com\/cs\/#\/schema\/logo\/image\/"},"sameAs":["https:\/\/www.facebook.com\/AureliusJewelry\/","https:\/\/x.com\/AureliusJewelry","https:\/\/instagram.com\/aureliusjewelry","https:\/\/www.pinterest.com\/AureliusJewelry\/"],"email":"info@aureliusjewelry.com","foundingDate":"2018-10-01","vatID":"SI10391070","hasMerchantReturnPolicy":{"@type":"MerchantReturnPolicy","merchantReturnLink":"https:\/\/aureliusjewelry.com\/our-policies\/terms-conditions\/"}}]},"og_availability":"backorder","product_availability":"available for order","product_retailer_item_id":"16101","product_condition":"new"},"_links":{"self":[{"href":"https:\/\/aureliusjewelry.com\/cs\/wp-json\/wp\/v2\/product\/18738","targetHints":{"allow":["GET"]}}],"collection":[{"href":"https:\/\/aureliusjewelry.com\/cs\/wp-json\/wp\/v2\/product"}],"about":[{"href":"https:\/\/aureliusjewelry.com\/cs\/wp-json\/wp\/v2\/types\/product"}],"replies":[{"embeddable":true,"href":"https:\/\/aureliusjewelry.com\/cs\/wp-json\/wp\/v2\/comments?post=18738"}],"wp:featuredmedia":[{"embeddable":true,"href":"https:\/\/aureliusjewelry.com\/cs\/wp-json\/wp\/v2\/media\/16110"}],"wp:attachment":[{"href":"https:\/\/aureliusjewelry.com\/cs\/wp-json\/wp\/v2\/media?parent=18738"}],"wp:term":[{"taxonomy":"product_brand","embeddable":true,"href":"https:\/\/aureliusjewelry.com\/cs\/wp-json\/wp\/v2\/product_brand?post=18738"},{"taxonomy":"product_cat","embeddable":true,"href":"https:\/\/aureliusjewelry.com\/cs\/wp-json\/wp\/v2\/product_cat?post=18738"},{"taxonomy":"product_tag","embeddable":true,"href":"https:\/\/aureliusjewelry.com\/cs\/wp-json\/wp\/v2\/product_tag?post=18738"}],"curies":[{"name":"wp","href":"https:\/\/api.w.org\/{rel}","templated":true}]}}