{"id":18550,"date":"2021-01-26T18:53:06","date_gmt":"2021-01-26T16:53:06","guid":{"rendered":"http:\/\/127.0.0.1\/product\/zasnubni-prsten-s-rose-gold-salt-and-pepper-diamantem-zdobeny-markyzovymi-diamanty\/"},"modified":"2026-04-02T20:31:26","modified_gmt":"2026-04-02T18:31:26","slug":"zasnubni-prsten-s-rose-gold-salt-and-pepper-diamantem-zdobeny-markyzovymi-diamanty","status":"publish","type":"product","link":"https:\/\/aureliusjewelry.com\/cs\/zasnubni-prsten-s-rose-gold-salt-and-pepper-diamantem-zdobeny-markyzovymi-diamanty\/","title":{"rendered":"Z\u00e1snubn\u00ed prsten s rose gold Salt and Pepper diamantem zdoben\u00fd mark\u00fdzov\u00fdmi diamanty"},"content":{"rendered":"<p><strong>Vedlej\u0161\u00ed kameny<\/strong><br \/>\n&#8211; Rose gold Salt and Pepper diamanty<br \/>\n&#8211; p\u0159ibli\u017en\u011b 8x6mm<\/p>\n<p><strong>Vedlej\u0161\u00ed kameny<\/strong><br \/>\n&#8211; mark\u00fdzov\u00e9 a kulat\u00e9 diamanty<br \/>\n&#8211; p\u0159ibli\u017en\u011b 3&#215;1,5mm (2), 1,25 (4)<br \/>\n&#8211; F\/G barva, VS \u010distota, bezkonfliktn\u00ed a etick\u00e9<\/p>\n<p><strong>Velikost a materi\u00e1l prstenu<\/strong><br \/>\n&#8211; 1,5mm \u0161irok\u00fd, 1,6mm siln\u00fd<br \/>\n&#8211; dostupn\u00fd v 585\/1000 (14k) nebo 750\/1000 (18k) \u017elut\u00e9, b\u00edl\u00e9 nebo r\u016f\u017eov\u011b zlat\u00e9 a platinov\u00e9 950\/1000<br \/>\n&#8211; Velikosti US 3-9, men\u0161\u00ed a v\u011bt\u0161\u00ed velikosti d\u011bl\u00e1me na zak\u00e1zku<\/p>\n","protected":false},"excerpt":{"rendered":"<p>Tento kr\u00e1sn\u00fd z\u00e1snubn\u00ed prsten s n\u00edzk\u00fdm profilem je vybaven p\u0159\u00edrodn\u00edm polopr\u016fhledn\u00fdm Salt and Pepper diamantem zasazen\u00fdm do rose gold prstence, kter\u00fd je zdoben\u00fd mark\u00fdzov\u00fdmi diamanty. \u0160pi\u010dka dr\u00e1pu chr\u00e1n\u00ed ostr\u00fd hrot diamantu pro pohodln\u00e9 no\u0161en\u00ed. Ka\u017ed\u00fd hlavn\u00ed diamant je jedine\u010dn\u00fd a chcete-li si vybrat jeden pro sv\u016fj prsten, kontaktujte n\u00e1s!<\/p>\n","protected":false},"featured_media":14472,"comment_status":"open","ping_status":"closed","template":"","meta":[],"product_brand":[],"product_cat":[1403,1609,673,1419,643,1406,651,652],"product_tag":[1262,1194,709,1246,708],"class_list":{"0":"post-18550","1":"product","2":"type-product","3":"status-publish","4":"has-post-thumbnail","6":"product_cat-geometricke-zasnubni-prsteny","7":"product_cat-nejlepsi-prodejci","8":"product_cat-prsteny","9":"product_cat-sedm-kamenu-zasnubni-prsten","10":"product_cat-singularity-kolekce","11":"product_cat-zasnubni-prsten-kite","12":"product_cat-zasnubni-prsteny","13":"product_cat-zasnubni-prsteny-s-diamanty-salt-and-pepper","14":"product_tag-diamant-se-soli-a-peprem","15":"product_tag-drak","16":"product_tag-production_time_3_5-cs","17":"product_tag-prsten","18":"product_tag-rings-cs","20":"first","21":"onbackorder","22":"sold-individually","23":"taxable","24":"shipping-taxable","25":"purchasable","26":"product-type-variable"},"yoast_head":"<title>Z\u00e1snubn\u00ed prsten s rose gold Salt and Pepper diamantem zdoben\u00fd mark\u00fdzov\u00fdmi diamanty - Aurelius Jewelry<\/title>\n<meta name=\"robots\" content=\"index, follow, max-snippet:-1, max-image-preview:large, max-video-preview:-1\" \/>\n<link rel=\"canonical\" href=\"https:\/\/aureliusjewelry.com\/cs\/zasnubni-prsten-s-rose-gold-salt-and-pepper-diamantem-zdobeny-markyzovymi-diamanty\/\" \/>\n<meta property=\"og:locale\" content=\"cs_CZ\" \/>\n<meta property=\"og:type\" content=\"article\" \/>\n<meta property=\"og:title\" content=\"Z\u00e1snubn\u00ed prsten s rose gold Salt and Pepper diamantem zdoben\u00fd mark\u00fdzov\u00fdmi diamanty - Aurelius Jewelry\" \/>\n<meta property=\"og:description\" content=\"%\" \/>\n<meta property=\"og:url\" content=\"https:\/\/aureliusjewelry.com\/cs\/zasnubni-prsten-s-rose-gold-salt-and-pepper-diamantem-zdobeny-markyzovymi-diamanty\/\" \/>\n<meta property=\"og:site_name\" content=\"Aurelius Jewelry\" \/>\n<meta property=\"article:publisher\" content=\"https:\/\/www.facebook.com\/AureliusJewelry\/\" \/>\n<meta property=\"article:modified_time\" content=\"2026-04-02T18:31:26+00:00\" \/>\n<meta property=\"og:image\" content=\"https:\/\/aureliusjewelry.com\/wp-content\/uploads\/ruze-zlato-drak-diamant-prsten.jpg\" \/>\n\t<meta property=\"og:image:width\" content=\"1920\" \/>\n\t<meta property=\"og:image:height\" content=\"1440\" \/>\n\t<meta property=\"og:image:type\" content=\"image\/jpeg\" \/>\n<meta name=\"twitter:card\" content=\"summary_large_image\" \/>\n<meta name=\"twitter:site\" content=\"@AureliusJewelry\" \/>\n<script type=\"application\/ld+json\" class=\"yoast-schema-graph\">{\"@context\":\"https:\\\/\\\/schema.org\",\"@graph\":[{\"@type\":\"WebPage\",\"@id\":\"https:\\\/\\\/aureliusjewelry.com\\\/cs\\\/zasnubni-prsten-s-rose-gold-salt-and-pepper-diamantem-zdobeny-markyzovymi-diamanty\\\/\",\"url\":\"https:\\\/\\\/aureliusjewelry.com\\\/cs\\\/zasnubni-prsten-s-rose-gold-salt-and-pepper-diamantem-zdobeny-markyzovymi-diamanty\\\/\",\"name\":\"Z\u00e1snubn\u00ed prsten s rose gold Salt and Pepper diamantem zdoben\u00fd mark\u00fdzov\u00fdmi diamanty - Aurelius Jewelry\",\"isPartOf\":{\"@id\":\"https:\\\/\\\/aureliusjewelry.com\\\/cs\\\/#website\"},\"primaryImageOfPage\":{\"@id\":\"https:\\\/\\\/aureliusjewelry.com\\\/cs\\\/zasnubni-prsten-s-rose-gold-salt-and-pepper-diamantem-zdobeny-markyzovymi-diamanty\\\/#primaryimage\"},\"image\":{\"@id\":\"https:\\\/\\\/aureliusjewelry.com\\\/cs\\\/zasnubni-prsten-s-rose-gold-salt-and-pepper-diamantem-zdobeny-markyzovymi-diamanty\\\/#primaryimage\"},\"thumbnailUrl\":\"https:\\\/\\\/aureliusjewelry.com\\\/wp-content\\\/uploads\\\/ruze-zlato-drak-diamant-prsten.jpg\",\"datePublished\":\"2021-01-26T16:53:06+00:00\",\"dateModified\":\"2026-04-02T18:31:26+00:00\",\"breadcrumb\":{\"@id\":\"https:\\\/\\\/aureliusjewelry.com\\\/cs\\\/zasnubni-prsten-s-rose-gold-salt-and-pepper-diamantem-zdobeny-markyzovymi-diamanty\\\/#breadcrumb\"},\"inLanguage\":\"cs\",\"potentialAction\":[{\"@type\":\"ReadAction\",\"target\":[\"https:\\\/\\\/aureliusjewelry.com\\\/cs\\\/zasnubni-prsten-s-rose-gold-salt-and-pepper-diamantem-zdobeny-markyzovymi-diamanty\\\/\"]}]},{\"@type\":\"ImageObject\",\"inLanguage\":\"cs\",\"@id\":\"https:\\\/\\\/aureliusjewelry.com\\\/cs\\\/zasnubni-prsten-s-rose-gold-salt-and-pepper-diamantem-zdobeny-markyzovymi-diamanty\\\/#primaryimage\",\"url\":\"https:\\\/\\\/aureliusjewelry.com\\\/wp-content\\\/uploads\\\/ruze-zlato-drak-diamant-prsten.jpg\",\"contentUrl\":\"https:\\\/\\\/aureliusjewelry.com\\\/wp-content\\\/uploads\\\/ruze-zlato-drak-diamant-prsten.jpg\",\"width\":1920,\"height\":1440,\"caption\":\"r\u016f\u017ee zlato drak diamant prsten\"},{\"@type\":\"BreadcrumbList\",\"@id\":\"https:\\\/\\\/aureliusjewelry.com\\\/cs\\\/zasnubni-prsten-s-rose-gold-salt-and-pepper-diamantem-zdobeny-markyzovymi-diamanty\\\/#breadcrumb\",\"itemListElement\":[{\"@type\":\"ListItem\",\"position\":1,\"name\":\"Home\",\"item\":\"https:\\\/\\\/aureliusjewelry.com\\\/cs\\\/\"},{\"@type\":\"ListItem\",\"position\":2,\"name\":\"Prodejna\",\"item\":\"https:\\\/\\\/aureliusjewelry.com\\\/cs\\\/prodejna\\\/\"},{\"@type\":\"ListItem\",\"position\":3,\"name\":\"Z\u00e1snubn\u00ed prsten s rose gold Salt and Pepper diamantem zdoben\u00fd mark\u00fdzov\u00fdmi diamanty\"}]},{\"@type\":\"WebSite\",\"@id\":\"https:\\\/\\\/aureliusjewelry.com\\\/cs\\\/#website\",\"url\":\"https:\\\/\\\/aureliusjewelry.com\\\/cs\\\/\",\"name\":\"Aurelius Jewelry\",\"description\":\"Handmade Fine Gold Jewelry\",\"publisher\":{\"@id\":\"https:\\\/\\\/aureliusjewelry.com\\\/cs\\\/#organization\"},\"potentialAction\":[{\"@type\":\"SearchAction\",\"target\":{\"@type\":\"EntryPoint\",\"urlTemplate\":\"https:\\\/\\\/aureliusjewelry.com\\\/cs\\\/?s={search_term_string}\"},\"query-input\":{\"@type\":\"PropertyValueSpecification\",\"valueRequired\":true,\"valueName\":\"search_term_string\"}}],\"inLanguage\":\"cs\"},{\"@type\":\"Organization\",\"@id\":\"https:\\\/\\\/aureliusjewelry.com\\\/cs\\\/#organization\",\"name\":\"Aurelius Jewelry\",\"url\":\"https:\\\/\\\/aureliusjewelry.com\\\/cs\\\/\",\"logo\":{\"@type\":\"ImageObject\",\"inLanguage\":\"cs\",\"@id\":\"https:\\\/\\\/aureliusjewelry.com\\\/cs\\\/#\\\/schema\\\/logo\\\/image\\\/\",\"url\":\"https:\\\/\\\/aureliusjewelry.com\\\/wp-content\\\/uploads\\\/logo.png\",\"contentUrl\":\"https:\\\/\\\/aureliusjewelry.com\\\/wp-content\\\/uploads\\\/logo.png\",\"width\":400,\"height\":64,\"caption\":\"Aurelius Jewelry\"},\"image\":{\"@id\":\"https:\\\/\\\/aureliusjewelry.com\\\/cs\\\/#\\\/schema\\\/logo\\\/image\\\/\"},\"sameAs\":[\"https:\\\/\\\/www.facebook.com\\\/AureliusJewelry\\\/\",\"https:\\\/\\\/x.com\\\/AureliusJewelry\",\"https:\\\/\\\/instagram.com\\\/aureliusjewelry\",\"https:\\\/\\\/www.pinterest.com\\\/AureliusJewelry\\\/\"],\"email\":\"info@aureliusjewelry.com\",\"foundingDate\":\"2018-10-01\",\"vatID\":\"SI10391070\",\"hasMerchantReturnPolicy\":{\"@type\":\"MerchantReturnPolicy\",\"merchantReturnLink\":\"https:\\\/\\\/aureliusjewelry.com\\\/our-policies\\\/terms-conditions\\\/\"}}]}<\/script>\n<meta property=\"og:availability\" content=\"backorder\" \/>\n<meta property=\"product:availability\" content=\"available for order\" \/>\n<meta property=\"product:retailer_item_id\" content=\"14463\" \/>\n<meta property=\"product:condition\" content=\"new\" \/>","yoast_head_json":{"title":"Z\u00e1snubn\u00ed prsten s rose gold Salt and Pepper diamantem zdoben\u00fd mark\u00fdzov\u00fdmi diamanty - Aurelius Jewelry","robots":{"index":"index","follow":"follow","max-snippet":"max-snippet:-1","max-image-preview":"max-image-preview:large","max-video-preview":"max-video-preview:-1"},"canonical":"https:\/\/aureliusjewelry.com\/cs\/zasnubni-prsten-s-rose-gold-salt-and-pepper-diamantem-zdobeny-markyzovymi-diamanty\/","og_locale":"cs_CZ","og_type":"article","og_title":"Z\u00e1snubn\u00ed prsten s rose gold Salt and Pepper diamantem zdoben\u00fd mark\u00fdzov\u00fdmi diamanty - Aurelius Jewelry","og_description":"%","og_url":"https:\/\/aureliusjewelry.com\/cs\/zasnubni-prsten-s-rose-gold-salt-and-pepper-diamantem-zdobeny-markyzovymi-diamanty\/","og_site_name":"Aurelius Jewelry","article_publisher":"https:\/\/www.facebook.com\/AureliusJewelry\/","article_modified_time":"2026-04-02T18:31:26+00:00","og_image":[{"width":1920,"height":1440,"url":"https:\/\/aureliusjewelry.com\/wp-content\/uploads\/ruze-zlato-drak-diamant-prsten.jpg","type":"image\/jpeg"}],"twitter_card":"summary_large_image","twitter_site":"@AureliusJewelry","schema":{"@context":"https:\/\/schema.org","@graph":[{"@type":"WebPage","@id":"https:\/\/aureliusjewelry.com\/cs\/zasnubni-prsten-s-rose-gold-salt-and-pepper-diamantem-zdobeny-markyzovymi-diamanty\/","url":"https:\/\/aureliusjewelry.com\/cs\/zasnubni-prsten-s-rose-gold-salt-and-pepper-diamantem-zdobeny-markyzovymi-diamanty\/","name":"Z\u00e1snubn\u00ed prsten s rose gold Salt and Pepper diamantem zdoben\u00fd mark\u00fdzov\u00fdmi diamanty - Aurelius Jewelry","isPartOf":{"@id":"https:\/\/aureliusjewelry.com\/cs\/#website"},"primaryImageOfPage":{"@id":"https:\/\/aureliusjewelry.com\/cs\/zasnubni-prsten-s-rose-gold-salt-and-pepper-diamantem-zdobeny-markyzovymi-diamanty\/#primaryimage"},"image":{"@id":"https:\/\/aureliusjewelry.com\/cs\/zasnubni-prsten-s-rose-gold-salt-and-pepper-diamantem-zdobeny-markyzovymi-diamanty\/#primaryimage"},"thumbnailUrl":"https:\/\/aureliusjewelry.com\/wp-content\/uploads\/ruze-zlato-drak-diamant-prsten.jpg","datePublished":"2021-01-26T16:53:06+00:00","dateModified":"2026-04-02T18:31:26+00:00","breadcrumb":{"@id":"https:\/\/aureliusjewelry.com\/cs\/zasnubni-prsten-s-rose-gold-salt-and-pepper-diamantem-zdobeny-markyzovymi-diamanty\/#breadcrumb"},"inLanguage":"cs","potentialAction":[{"@type":"ReadAction","target":["https:\/\/aureliusjewelry.com\/cs\/zasnubni-prsten-s-rose-gold-salt-and-pepper-diamantem-zdobeny-markyzovymi-diamanty\/"]}]},{"@type":"ImageObject","inLanguage":"cs","@id":"https:\/\/aureliusjewelry.com\/cs\/zasnubni-prsten-s-rose-gold-salt-and-pepper-diamantem-zdobeny-markyzovymi-diamanty\/#primaryimage","url":"https:\/\/aureliusjewelry.com\/wp-content\/uploads\/ruze-zlato-drak-diamant-prsten.jpg","contentUrl":"https:\/\/aureliusjewelry.com\/wp-content\/uploads\/ruze-zlato-drak-diamant-prsten.jpg","width":1920,"height":1440,"caption":"r\u016f\u017ee zlato drak diamant prsten"},{"@type":"BreadcrumbList","@id":"https:\/\/aureliusjewelry.com\/cs\/zasnubni-prsten-s-rose-gold-salt-and-pepper-diamantem-zdobeny-markyzovymi-diamanty\/#breadcrumb","itemListElement":[{"@type":"ListItem","position":1,"name":"Home","item":"https:\/\/aureliusjewelry.com\/cs\/"},{"@type":"ListItem","position":2,"name":"Prodejna","item":"https:\/\/aureliusjewelry.com\/cs\/prodejna\/"},{"@type":"ListItem","position":3,"name":"Z\u00e1snubn\u00ed prsten s rose gold Salt and Pepper diamantem zdoben\u00fd mark\u00fdzov\u00fdmi diamanty"}]},{"@type":"WebSite","@id":"https:\/\/aureliusjewelry.com\/cs\/#website","url":"https:\/\/aureliusjewelry.com\/cs\/","name":"Aurelius Jewelry","description":"Handmade Fine Gold Jewelry","publisher":{"@id":"https:\/\/aureliusjewelry.com\/cs\/#organization"},"potentialAction":[{"@type":"SearchAction","target":{"@type":"EntryPoint","urlTemplate":"https:\/\/aureliusjewelry.com\/cs\/?s={search_term_string}"},"query-input":{"@type":"PropertyValueSpecification","valueRequired":true,"valueName":"search_term_string"}}],"inLanguage":"cs"},{"@type":"Organization","@id":"https:\/\/aureliusjewelry.com\/cs\/#organization","name":"Aurelius Jewelry","url":"https:\/\/aureliusjewelry.com\/cs\/","logo":{"@type":"ImageObject","inLanguage":"cs","@id":"https:\/\/aureliusjewelry.com\/cs\/#\/schema\/logo\/image\/","url":"https:\/\/aureliusjewelry.com\/wp-content\/uploads\/logo.png","contentUrl":"https:\/\/aureliusjewelry.com\/wp-content\/uploads\/logo.png","width":400,"height":64,"caption":"Aurelius Jewelry"},"image":{"@id":"https:\/\/aureliusjewelry.com\/cs\/#\/schema\/logo\/image\/"},"sameAs":["https:\/\/www.facebook.com\/AureliusJewelry\/","https:\/\/x.com\/AureliusJewelry","https:\/\/instagram.com\/aureliusjewelry","https:\/\/www.pinterest.com\/AureliusJewelry\/"],"email":"info@aureliusjewelry.com","foundingDate":"2018-10-01","vatID":"SI10391070","hasMerchantReturnPolicy":{"@type":"MerchantReturnPolicy","merchantReturnLink":"https:\/\/aureliusjewelry.com\/our-policies\/terms-conditions\/"}}]},"og_availability":"backorder","product_availability":"available for order","product_retailer_item_id":"14463","product_condition":"new"},"_links":{"self":[{"href":"https:\/\/aureliusjewelry.com\/cs\/wp-json\/wp\/v2\/product\/18550","targetHints":{"allow":["GET"]}}],"collection":[{"href":"https:\/\/aureliusjewelry.com\/cs\/wp-json\/wp\/v2\/product"}],"about":[{"href":"https:\/\/aureliusjewelry.com\/cs\/wp-json\/wp\/v2\/types\/product"}],"replies":[{"embeddable":true,"href":"https:\/\/aureliusjewelry.com\/cs\/wp-json\/wp\/v2\/comments?post=18550"}],"wp:featuredmedia":[{"embeddable":true,"href":"https:\/\/aureliusjewelry.com\/cs\/wp-json\/wp\/v2\/media\/14472"}],"wp:attachment":[{"href":"https:\/\/aureliusjewelry.com\/cs\/wp-json\/wp\/v2\/media?parent=18550"}],"wp:term":[{"taxonomy":"product_brand","embeddable":true,"href":"https:\/\/aureliusjewelry.com\/cs\/wp-json\/wp\/v2\/product_brand?post=18550"},{"taxonomy":"product_cat","embeddable":true,"href":"https:\/\/aureliusjewelry.com\/cs\/wp-json\/wp\/v2\/product_cat?post=18550"},{"taxonomy":"product_tag","embeddable":true,"href":"https:\/\/aureliusjewelry.com\/cs\/wp-json\/wp\/v2\/product_tag?post=18550"}],"curies":[{"name":"wp","href":"https:\/\/api.w.org\/{rel}","templated":true}]}}