{"id":17646,"date":"2020-12-28T02:42:21","date_gmt":"2020-12-28T00:42:21","guid":{"rendered":"http:\/\/127.0.0.1\/product\/snubni-prsten-verona-s-mechovym-achatem-zdobeny-diamanty\/"},"modified":"2026-04-02T20:31:46","modified_gmt":"2026-04-02T18:31:46","slug":"sada-zasnubniho-prstenu-s-mechovym-achatem-a-chevronovy-snubni-prsten","status":"publish","type":"product","link":"https:\/\/aureliusjewelry.com\/cs\/sada-zasnubniho-prstenu-s-mechovym-achatem-a-chevronovy-snubni-prsten\/","title":{"rendered":"Sada z\u00e1snubn\u00edho prstenu s mechov\u00fdm ach\u00e1tem a chevronov\u00fd snubn\u00ed prsten"},"content":{"rendered":"<p><strong>Engagement ring<\/strong><br \/>\n&#8211; hexagon moss agate<br \/>\n&#8211; approx. 7mm<\/p>\n<p>&#8211; round diamonds<br \/>\n&#8211; approx. 2mm (2)<br \/>\n&#8211; F\/G color, VS clarity, conflict-free<\/p>\n<p><strong>Wedding band<\/strong><br \/>\n&#8211; round diamonds<br \/>\n&#8211; approx. 1mm (15)<br \/>\n&#8211; F\/G color, VS clarity, conflict-free<\/p>\n<p><strong>Band Measurements and Material<\/strong><br \/>\n&#8211; 1.5mm wide, 1.6mm thick<br \/>\n&#8211; available in 585\/1000 (14k) or 750\/1000 (18k) Yellow, White, or Rose Gold and 950\/1000 Platinum and platinum<br \/>\n&#8211; US ring size 3-9, smaller or larger sizes available per request<\/p>\n","protected":false},"excerpt":{"rendered":"<p>Verde que te quiero &#8230; Verona. Tento \u0161estihrann\u00fd z\u00e1snubn\u00ed prsten z mechov\u00e9ho ach\u00e1tu s kulat\u00fdmi diamanty je skv\u011bl\u00fdm p\u0159\u00edkladem toho, \u017ee m\u00e9n\u011b je n\u011bkdy v\u00edce a \u017ee n\u011bco jednoduch\u00e9ho m\u016f\u017ee b\u00fdt tak\u00e9 neuv\u011b\u0159iteln\u011b jedine\u010dn\u00e9. Je prod\u00e1v\u00e1n v sad\u011b s odpov\u00eddaj\u00edc\u00edm chevronov\u00fdm snubn\u00edm prstenem. Ka\u017ed\u00fd mechov\u00fd ach\u00e1t je pro tento design \u0159ez\u00e1n na m\u00edru a budete si moci vybrat jeden pro sv\u016fj modern\u00ed geometrick\u00fd prsten!<\/p>\n","protected":false},"featured_media":27107,"comment_status":"open","ping_status":"closed","template":"","meta":[],"product_brand":[],"product_cat":[1424,1113,646,673,666],"product_tag":[1219,709,708,1186],"class_list":{"0":"post-17646","1":"product","2":"type-product","3":"status-publish","4":"has-post-thumbnail","6":"product_cat-dvoudilny-snubni-prsten","7":"product_cat-mechovy-achatovy-snubni-prsten","8":"product_cat-paired-kolekce","9":"product_cat-prsteny","10":"product_cat-sady-snubnich-prstenu","11":"product_tag-mechovy-achat","12":"product_tag-production_time_3_5-cs","13":"product_tag-rings-cs","14":"product_tag-sestiuhelnik","16":"first","17":"onbackorder","18":"sold-individually","19":"taxable","20":"shipping-taxable","21":"purchasable","22":"product-type-variable"},"yoast_head":"<title>Sada z\u00e1snubn\u00edho prstenu s mechov\u00fdm ach\u00e1tem a chevronov\u00fd snubn\u00ed prsten - Aurelius Jewelry<\/title>\n<meta name=\"robots\" content=\"index, follow, max-snippet:-1, max-image-preview:large, max-video-preview:-1\" \/>\n<link rel=\"canonical\" href=\"https:\/\/aureliusjewelry.com\/cs\/sada-zasnubniho-prstenu-s-mechovym-achatem-a-chevronovy-snubni-prsten\/\" \/>\n<meta property=\"og:locale\" content=\"cs_CZ\" \/>\n<meta property=\"og:type\" content=\"article\" \/>\n<meta property=\"og:title\" content=\"Sada z\u00e1snubn\u00edho prstenu s mechov\u00fdm ach\u00e1tem a chevronov\u00fd snubn\u00ed prsten - Aurelius Jewelry\" \/>\n<meta property=\"og:description\" content=\"%\" \/>\n<meta property=\"og:url\" content=\"https:\/\/aureliusjewelry.com\/cs\/sada-zasnubniho-prstenu-s-mechovym-achatem-a-chevronovy-snubni-prsten\/\" \/>\n<meta property=\"og:site_name\" content=\"Aurelius Jewelry\" \/>\n<meta property=\"article:publisher\" content=\"https:\/\/www.facebook.com\/AureliusJewelry\/\" \/>\n<meta property=\"article:modified_time\" content=\"2026-04-02T18:31:46+00:00\" \/>\n<meta property=\"og:image\" content=\"https:\/\/aureliusjewelry.com\/wp-content\/uploads\/hexagon-green-moss-agate-diamond-bridal-ring-set.jpg\" \/>\n\t<meta property=\"og:image:width\" content=\"1920\" \/>\n\t<meta property=\"og:image:height\" content=\"1440\" \/>\n\t<meta property=\"og:image:type\" content=\"image\/jpeg\" \/>\n<meta name=\"twitter:card\" content=\"summary_large_image\" \/>\n<meta name=\"twitter:site\" content=\"@AureliusJewelry\" \/>\n<script type=\"application\/ld+json\" class=\"yoast-schema-graph\">{\"@context\":\"https:\\\/\\\/schema.org\",\"@graph\":[{\"@type\":\"WebPage\",\"@id\":\"https:\\\/\\\/aureliusjewelry.com\\\/cs\\\/sada-zasnubniho-prstenu-s-mechovym-achatem-a-chevronovy-snubni-prsten\\\/\",\"url\":\"https:\\\/\\\/aureliusjewelry.com\\\/cs\\\/sada-zasnubniho-prstenu-s-mechovym-achatem-a-chevronovy-snubni-prsten\\\/\",\"name\":\"Sada z\u00e1snubn\u00edho prstenu s mechov\u00fdm ach\u00e1tem a chevronov\u00fd snubn\u00ed prsten - Aurelius Jewelry\",\"isPartOf\":{\"@id\":\"https:\\\/\\\/aureliusjewelry.com\\\/cs\\\/#website\"},\"primaryImageOfPage\":{\"@id\":\"https:\\\/\\\/aureliusjewelry.com\\\/cs\\\/sada-zasnubniho-prstenu-s-mechovym-achatem-a-chevronovy-snubni-prsten\\\/#primaryimage\"},\"image\":{\"@id\":\"https:\\\/\\\/aureliusjewelry.com\\\/cs\\\/sada-zasnubniho-prstenu-s-mechovym-achatem-a-chevronovy-snubni-prsten\\\/#primaryimage\"},\"thumbnailUrl\":\"https:\\\/\\\/aureliusjewelry.com\\\/wp-content\\\/uploads\\\/hexagon-green-moss-agate-diamond-bridal-ring-set.jpg\",\"datePublished\":\"2020-12-28T00:42:21+00:00\",\"dateModified\":\"2026-04-02T18:31:46+00:00\",\"breadcrumb\":{\"@id\":\"https:\\\/\\\/aureliusjewelry.com\\\/cs\\\/sada-zasnubniho-prstenu-s-mechovym-achatem-a-chevronovy-snubni-prsten\\\/#breadcrumb\"},\"inLanguage\":\"cs\",\"potentialAction\":[{\"@type\":\"ReadAction\",\"target\":[\"https:\\\/\\\/aureliusjewelry.com\\\/cs\\\/sada-zasnubniho-prstenu-s-mechovym-achatem-a-chevronovy-snubni-prsten\\\/\"]}]},{\"@type\":\"ImageObject\",\"inLanguage\":\"cs\",\"@id\":\"https:\\\/\\\/aureliusjewelry.com\\\/cs\\\/sada-zasnubniho-prstenu-s-mechovym-achatem-a-chevronovy-snubni-prsten\\\/#primaryimage\",\"url\":\"https:\\\/\\\/aureliusjewelry.com\\\/wp-content\\\/uploads\\\/hexagon-green-moss-agate-diamond-bridal-ring-set.jpg\",\"contentUrl\":\"https:\\\/\\\/aureliusjewelry.com\\\/wp-content\\\/uploads\\\/hexagon-green-moss-agate-diamond-bridal-ring-set.jpg\",\"width\":1920,\"height\":1440},{\"@type\":\"BreadcrumbList\",\"@id\":\"https:\\\/\\\/aureliusjewelry.com\\\/cs\\\/sada-zasnubniho-prstenu-s-mechovym-achatem-a-chevronovy-snubni-prsten\\\/#breadcrumb\",\"itemListElement\":[{\"@type\":\"ListItem\",\"position\":1,\"name\":\"Home\",\"item\":\"https:\\\/\\\/aureliusjewelry.com\\\/cs\\\/\"},{\"@type\":\"ListItem\",\"position\":2,\"name\":\"Prodejna\",\"item\":\"https:\\\/\\\/aureliusjewelry.com\\\/cs\\\/prodejna\\\/\"},{\"@type\":\"ListItem\",\"position\":3,\"name\":\"Sada z\u00e1snubn\u00edho prstenu s mechov\u00fdm ach\u00e1tem a chevronov\u00fd snubn\u00ed prsten\"}]},{\"@type\":\"WebSite\",\"@id\":\"https:\\\/\\\/aureliusjewelry.com\\\/cs\\\/#website\",\"url\":\"https:\\\/\\\/aureliusjewelry.com\\\/cs\\\/\",\"name\":\"Aurelius Jewelry\",\"description\":\"Handmade Fine Gold Jewelry\",\"publisher\":{\"@id\":\"https:\\\/\\\/aureliusjewelry.com\\\/cs\\\/#organization\"},\"potentialAction\":[{\"@type\":\"SearchAction\",\"target\":{\"@type\":\"EntryPoint\",\"urlTemplate\":\"https:\\\/\\\/aureliusjewelry.com\\\/cs\\\/?s={search_term_string}\"},\"query-input\":{\"@type\":\"PropertyValueSpecification\",\"valueRequired\":true,\"valueName\":\"search_term_string\"}}],\"inLanguage\":\"cs\"},{\"@type\":\"Organization\",\"@id\":\"https:\\\/\\\/aureliusjewelry.com\\\/cs\\\/#organization\",\"name\":\"Aurelius Jewelry\",\"url\":\"https:\\\/\\\/aureliusjewelry.com\\\/cs\\\/\",\"logo\":{\"@type\":\"ImageObject\",\"inLanguage\":\"cs\",\"@id\":\"https:\\\/\\\/aureliusjewelry.com\\\/cs\\\/#\\\/schema\\\/logo\\\/image\\\/\",\"url\":\"https:\\\/\\\/aureliusjewelry.com\\\/wp-content\\\/uploads\\\/logo.png\",\"contentUrl\":\"https:\\\/\\\/aureliusjewelry.com\\\/wp-content\\\/uploads\\\/logo.png\",\"width\":400,\"height\":64,\"caption\":\"Aurelius Jewelry\"},\"image\":{\"@id\":\"https:\\\/\\\/aureliusjewelry.com\\\/cs\\\/#\\\/schema\\\/logo\\\/image\\\/\"},\"sameAs\":[\"https:\\\/\\\/www.facebook.com\\\/AureliusJewelry\\\/\",\"https:\\\/\\\/x.com\\\/AureliusJewelry\",\"https:\\\/\\\/instagram.com\\\/aureliusjewelry\",\"https:\\\/\\\/www.pinterest.com\\\/AureliusJewelry\\\/\"],\"email\":\"info@aureliusjewelry.com\",\"foundingDate\":\"2018-10-01\",\"vatID\":\"SI10391070\",\"hasMerchantReturnPolicy\":{\"@type\":\"MerchantReturnPolicy\",\"merchantReturnLink\":\"https:\\\/\\\/aureliusjewelry.com\\\/our-policies\\\/terms-conditions\\\/\"}}]}<\/script>\n<meta property=\"og:availability\" content=\"backorder\" \/>\n<meta property=\"product:availability\" content=\"available for order\" \/>\n<meta property=\"product:retailer_item_id\" content=\"13981\" \/>\n<meta property=\"product:condition\" content=\"new\" \/>","yoast_head_json":{"title":"Sada z\u00e1snubn\u00edho prstenu s mechov\u00fdm ach\u00e1tem a chevronov\u00fd snubn\u00ed prsten - Aurelius Jewelry","robots":{"index":"index","follow":"follow","max-snippet":"max-snippet:-1","max-image-preview":"max-image-preview:large","max-video-preview":"max-video-preview:-1"},"canonical":"https:\/\/aureliusjewelry.com\/cs\/sada-zasnubniho-prstenu-s-mechovym-achatem-a-chevronovy-snubni-prsten\/","og_locale":"cs_CZ","og_type":"article","og_title":"Sada z\u00e1snubn\u00edho prstenu s mechov\u00fdm ach\u00e1tem a chevronov\u00fd snubn\u00ed prsten - Aurelius Jewelry","og_description":"%","og_url":"https:\/\/aureliusjewelry.com\/cs\/sada-zasnubniho-prstenu-s-mechovym-achatem-a-chevronovy-snubni-prsten\/","og_site_name":"Aurelius Jewelry","article_publisher":"https:\/\/www.facebook.com\/AureliusJewelry\/","article_modified_time":"2026-04-02T18:31:46+00:00","og_image":[{"width":1920,"height":1440,"url":"https:\/\/aureliusjewelry.com\/wp-content\/uploads\/hexagon-green-moss-agate-diamond-bridal-ring-set.jpg","type":"image\/jpeg"}],"twitter_card":"summary_large_image","twitter_site":"@AureliusJewelry","schema":{"@context":"https:\/\/schema.org","@graph":[{"@type":"WebPage","@id":"https:\/\/aureliusjewelry.com\/cs\/sada-zasnubniho-prstenu-s-mechovym-achatem-a-chevronovy-snubni-prsten\/","url":"https:\/\/aureliusjewelry.com\/cs\/sada-zasnubniho-prstenu-s-mechovym-achatem-a-chevronovy-snubni-prsten\/","name":"Sada z\u00e1snubn\u00edho prstenu s mechov\u00fdm ach\u00e1tem a chevronov\u00fd snubn\u00ed prsten - Aurelius Jewelry","isPartOf":{"@id":"https:\/\/aureliusjewelry.com\/cs\/#website"},"primaryImageOfPage":{"@id":"https:\/\/aureliusjewelry.com\/cs\/sada-zasnubniho-prstenu-s-mechovym-achatem-a-chevronovy-snubni-prsten\/#primaryimage"},"image":{"@id":"https:\/\/aureliusjewelry.com\/cs\/sada-zasnubniho-prstenu-s-mechovym-achatem-a-chevronovy-snubni-prsten\/#primaryimage"},"thumbnailUrl":"https:\/\/aureliusjewelry.com\/wp-content\/uploads\/hexagon-green-moss-agate-diamond-bridal-ring-set.jpg","datePublished":"2020-12-28T00:42:21+00:00","dateModified":"2026-04-02T18:31:46+00:00","breadcrumb":{"@id":"https:\/\/aureliusjewelry.com\/cs\/sada-zasnubniho-prstenu-s-mechovym-achatem-a-chevronovy-snubni-prsten\/#breadcrumb"},"inLanguage":"cs","potentialAction":[{"@type":"ReadAction","target":["https:\/\/aureliusjewelry.com\/cs\/sada-zasnubniho-prstenu-s-mechovym-achatem-a-chevronovy-snubni-prsten\/"]}]},{"@type":"ImageObject","inLanguage":"cs","@id":"https:\/\/aureliusjewelry.com\/cs\/sada-zasnubniho-prstenu-s-mechovym-achatem-a-chevronovy-snubni-prsten\/#primaryimage","url":"https:\/\/aureliusjewelry.com\/wp-content\/uploads\/hexagon-green-moss-agate-diamond-bridal-ring-set.jpg","contentUrl":"https:\/\/aureliusjewelry.com\/wp-content\/uploads\/hexagon-green-moss-agate-diamond-bridal-ring-set.jpg","width":1920,"height":1440},{"@type":"BreadcrumbList","@id":"https:\/\/aureliusjewelry.com\/cs\/sada-zasnubniho-prstenu-s-mechovym-achatem-a-chevronovy-snubni-prsten\/#breadcrumb","itemListElement":[{"@type":"ListItem","position":1,"name":"Home","item":"https:\/\/aureliusjewelry.com\/cs\/"},{"@type":"ListItem","position":2,"name":"Prodejna","item":"https:\/\/aureliusjewelry.com\/cs\/prodejna\/"},{"@type":"ListItem","position":3,"name":"Sada z\u00e1snubn\u00edho prstenu s mechov\u00fdm ach\u00e1tem a chevronov\u00fd snubn\u00ed prsten"}]},{"@type":"WebSite","@id":"https:\/\/aureliusjewelry.com\/cs\/#website","url":"https:\/\/aureliusjewelry.com\/cs\/","name":"Aurelius Jewelry","description":"Handmade Fine Gold Jewelry","publisher":{"@id":"https:\/\/aureliusjewelry.com\/cs\/#organization"},"potentialAction":[{"@type":"SearchAction","target":{"@type":"EntryPoint","urlTemplate":"https:\/\/aureliusjewelry.com\/cs\/?s={search_term_string}"},"query-input":{"@type":"PropertyValueSpecification","valueRequired":true,"valueName":"search_term_string"}}],"inLanguage":"cs"},{"@type":"Organization","@id":"https:\/\/aureliusjewelry.com\/cs\/#organization","name":"Aurelius Jewelry","url":"https:\/\/aureliusjewelry.com\/cs\/","logo":{"@type":"ImageObject","inLanguage":"cs","@id":"https:\/\/aureliusjewelry.com\/cs\/#\/schema\/logo\/image\/","url":"https:\/\/aureliusjewelry.com\/wp-content\/uploads\/logo.png","contentUrl":"https:\/\/aureliusjewelry.com\/wp-content\/uploads\/logo.png","width":400,"height":64,"caption":"Aurelius Jewelry"},"image":{"@id":"https:\/\/aureliusjewelry.com\/cs\/#\/schema\/logo\/image\/"},"sameAs":["https:\/\/www.facebook.com\/AureliusJewelry\/","https:\/\/x.com\/AureliusJewelry","https:\/\/instagram.com\/aureliusjewelry","https:\/\/www.pinterest.com\/AureliusJewelry\/"],"email":"info@aureliusjewelry.com","foundingDate":"2018-10-01","vatID":"SI10391070","hasMerchantReturnPolicy":{"@type":"MerchantReturnPolicy","merchantReturnLink":"https:\/\/aureliusjewelry.com\/our-policies\/terms-conditions\/"}}]},"og_availability":"backorder","product_availability":"available for order","product_retailer_item_id":"13981","product_condition":"new"},"_links":{"self":[{"href":"https:\/\/aureliusjewelry.com\/cs\/wp-json\/wp\/v2\/product\/17646","targetHints":{"allow":["GET"]}}],"collection":[{"href":"https:\/\/aureliusjewelry.com\/cs\/wp-json\/wp\/v2\/product"}],"about":[{"href":"https:\/\/aureliusjewelry.com\/cs\/wp-json\/wp\/v2\/types\/product"}],"replies":[{"embeddable":true,"href":"https:\/\/aureliusjewelry.com\/cs\/wp-json\/wp\/v2\/comments?post=17646"}],"wp:featuredmedia":[{"embeddable":true,"href":"https:\/\/aureliusjewelry.com\/cs\/wp-json\/wp\/v2\/media\/27107"}],"wp:attachment":[{"href":"https:\/\/aureliusjewelry.com\/cs\/wp-json\/wp\/v2\/media?parent=17646"}],"wp:term":[{"taxonomy":"product_brand","embeddable":true,"href":"https:\/\/aureliusjewelry.com\/cs\/wp-json\/wp\/v2\/product_brand?post=17646"},{"taxonomy":"product_cat","embeddable":true,"href":"https:\/\/aureliusjewelry.com\/cs\/wp-json\/wp\/v2\/product_cat?post=17646"},{"taxonomy":"product_tag","embeddable":true,"href":"https:\/\/aureliusjewelry.com\/cs\/wp-json\/wp\/v2\/product_tag?post=17646"}],"curies":[{"name":"wp","href":"https:\/\/api.w.org\/{rel}","templated":true}]}}