{"id":17581,"date":"2020-12-28T00:23:01","date_gmt":"2020-12-27T22:23:01","guid":{"rendered":"http:\/\/127.0.0.1\/product\/kosoctvercovy-mechovy-achat-s-diamanty-zasazeny-do-snubniho-prstenu-ve-tvaru-pismene-v\/"},"modified":"2026-04-02T20:32:12","modified_gmt":"2026-04-02T18:32:12","slug":"sada-diamantoveho-prstenu-s-mechovym-achatem-a-snubniho-prstenu-ve-tvaru-pismene-v","status":"publish","type":"product","link":"https:\/\/aureliusjewelry.com\/cs\/sada-diamantoveho-prstenu-s-mechovym-achatem-a-snubniho-prstenu-ve-tvaru-pismene-v\/","title":{"rendered":"Sada diamantov\u00e9ho prstenu s mechov\u00fdm ach\u00e1tem a snubn\u00edho prstenu ve tvaru p\u00edsmene V"},"content":{"rendered":"<p><strong>Z\u00e1snubn\u00ed prsten<\/strong><\/p>\n<ul>\n<li>pastilka\/kite mechov\u00fd ach\u00e1t<\/li>\n<li>Cca. 10x7mm<\/li>\n<\/ul>\n<p><strong>Snubn\u00ed prsten<\/strong><\/p>\n<ul>\n<li>mark\u00fdza a kulat\u00e9 diamanty<\/li>\n<li>Cca. 3&#215;1.5mm (2), 1.25mm, 1mm (2)<\/li>\n<li>F\/G barva, VS jasnost, bezkonfliktn\u00ed<\/li>\n<\/ul>\n<p><strong>M\u011b\u0159en\u00ed a materi\u00e1l p\u00e1sma<\/strong><\/p>\n<ul>\n<li>1.5mm \u0161irok\u00fd, 1.6mm tlust\u00fd<\/li>\n<li>k dispozici ve 585\/1000 (14k) nebo 750\/1000 (18k) \u017elut\u00e9, b\u00edl\u00e9 nebo r\u016f\u017eov\u011b zlat\u00e9 a platinov\u00e9 950\/1000<\/li>\n<li>Velikost prstenu USA 3-9, men\u0161\u00ed nebo v\u011bt\u0161\u00ed velikosti dostupn\u00e9 na vy\u017e\u00e1d\u00e1n\u00ed<\/li>\n<\/ul>\n","protected":false},"excerpt":{"rendered":"<p>Modern\u00ed geometrick\u00fd prsten z solit\u00e9r mechov\u00e9ho ach\u00e1tu ve tvaru koso\u010dtverce zkombinovan\u00fd s mark\u00fdzov\u00fdm diamantov\u00fdm snubn\u00edm prstenem ve tvaru V. Mechov\u00e9 ach\u00e1ty jsou pova\u017eov\u00e1ny za kameny hojnosti, kter\u00e9 maj\u00ed l\u00e9\u010div\u00e9 vlastnosti. Hlavn\u00ed k\u00e1men je zasazen do na\u0161eho jedine\u010dn\u00e9ho asymetrick\u00e9ho hrotu. Ka\u017ed\u00fd mechov\u00fd ach\u00e1t je pro na\u0161e designy brou\u0161en na zak\u00e1zku a proto\u017ee jsou jedine\u010dn\u00e9, budete si moci vybrat ten prav\u00fd pro sv\u016fj prsten!<\/p>\n","protected":false},"featured_media":17582,"comment_status":"open","ping_status":"closed","template":"","meta":[],"product_brand":[],"product_cat":[1424,1113,646,673,666],"product_tag":[1200,1219,709,708],"class_list":{"0":"post-17581","1":"product","2":"type-product","3":"status-publish","4":"has-post-thumbnail","6":"product_cat-dvoudilny-snubni-prsten","7":"product_cat-mechovy-achatovy-snubni-prsten","8":"product_cat-paired-kolekce","9":"product_cat-prsteny","10":"product_cat-sady-snubnich-prstenu","11":"product_tag-kosoctverec","12":"product_tag-mechovy-achat","13":"product_tag-production_time_3_5-cs","14":"product_tag-rings-cs","16":"first","17":"onbackorder","18":"sold-individually","19":"taxable","20":"shipping-taxable","21":"purchasable","22":"product-type-variable"},"yoast_head":"<title>Sada diamantov\u00e9ho prstenu s mechov\u00fdm ach\u00e1tem a snubn\u00edho prstenu ve tvaru p\u00edsmene V - Aurelius Jewelry<\/title>\n<meta name=\"robots\" content=\"index, follow, max-snippet:-1, max-image-preview:large, max-video-preview:-1\" \/>\n<link rel=\"canonical\" href=\"https:\/\/aureliusjewelry.com\/cs\/sada-diamantoveho-prstenu-s-mechovym-achatem-a-snubniho-prstenu-ve-tvaru-pismene-v\/\" \/>\n<meta property=\"og:locale\" content=\"cs_CZ\" \/>\n<meta property=\"og:type\" content=\"article\" \/>\n<meta property=\"og:title\" content=\"Sada diamantov\u00e9ho prstenu s mechov\u00fdm ach\u00e1tem a snubn\u00edho prstenu ve tvaru p\u00edsmene V - Aurelius Jewelry\" \/>\n<meta property=\"og:description\" content=\"%\" \/>\n<meta property=\"og:url\" content=\"https:\/\/aureliusjewelry.com\/cs\/sada-diamantoveho-prstenu-s-mechovym-achatem-a-snubniho-prstenu-ve-tvaru-pismene-v\/\" \/>\n<meta property=\"og:site_name\" content=\"Aurelius Jewelry\" \/>\n<meta property=\"article:publisher\" content=\"https:\/\/www.facebook.com\/AureliusJewelry\/\" \/>\n<meta property=\"article:modified_time\" content=\"2026-04-02T18:32:12+00:00\" \/>\n<meta property=\"og:image\" content=\"https:\/\/aureliusjewelry.com\/wp-content\/uploads\/kite-moss-agate-diamond-chevron-ring-set.jpg\" \/>\n\t<meta property=\"og:image:width\" content=\"1920\" \/>\n\t<meta property=\"og:image:height\" content=\"1440\" \/>\n\t<meta property=\"og:image:type\" content=\"image\/jpeg\" \/>\n<meta name=\"twitter:card\" content=\"summary_large_image\" \/>\n<meta name=\"twitter:site\" content=\"@AureliusJewelry\" \/>\n<script type=\"application\/ld+json\" class=\"yoast-schema-graph\">{\"@context\":\"https:\\\/\\\/schema.org\",\"@graph\":[{\"@type\":\"WebPage\",\"@id\":\"https:\\\/\\\/aureliusjewelry.com\\\/cs\\\/sada-diamantoveho-prstenu-s-mechovym-achatem-a-snubniho-prstenu-ve-tvaru-pismene-v\\\/\",\"url\":\"https:\\\/\\\/aureliusjewelry.com\\\/cs\\\/sada-diamantoveho-prstenu-s-mechovym-achatem-a-snubniho-prstenu-ve-tvaru-pismene-v\\\/\",\"name\":\"Sada diamantov\u00e9ho prstenu s mechov\u00fdm ach\u00e1tem a snubn\u00edho prstenu ve tvaru p\u00edsmene V - Aurelius Jewelry\",\"isPartOf\":{\"@id\":\"https:\\\/\\\/aureliusjewelry.com\\\/cs\\\/#website\"},\"primaryImageOfPage\":{\"@id\":\"https:\\\/\\\/aureliusjewelry.com\\\/cs\\\/sada-diamantoveho-prstenu-s-mechovym-achatem-a-snubniho-prstenu-ve-tvaru-pismene-v\\\/#primaryimage\"},\"image\":{\"@id\":\"https:\\\/\\\/aureliusjewelry.com\\\/cs\\\/sada-diamantoveho-prstenu-s-mechovym-achatem-a-snubniho-prstenu-ve-tvaru-pismene-v\\\/#primaryimage\"},\"thumbnailUrl\":\"https:\\\/\\\/aureliusjewelry.com\\\/wp-content\\\/uploads\\\/kite-moss-agate-diamond-chevron-ring-set.jpg\",\"datePublished\":\"2020-12-27T22:23:01+00:00\",\"dateModified\":\"2026-04-02T18:32:12+00:00\",\"breadcrumb\":{\"@id\":\"https:\\\/\\\/aureliusjewelry.com\\\/cs\\\/sada-diamantoveho-prstenu-s-mechovym-achatem-a-snubniho-prstenu-ve-tvaru-pismene-v\\\/#breadcrumb\"},\"inLanguage\":\"cs\",\"potentialAction\":[{\"@type\":\"ReadAction\",\"target\":[\"https:\\\/\\\/aureliusjewelry.com\\\/cs\\\/sada-diamantoveho-prstenu-s-mechovym-achatem-a-snubniho-prstenu-ve-tvaru-pismene-v\\\/\"]}]},{\"@type\":\"ImageObject\",\"inLanguage\":\"cs\",\"@id\":\"https:\\\/\\\/aureliusjewelry.com\\\/cs\\\/sada-diamantoveho-prstenu-s-mechovym-achatem-a-snubniho-prstenu-ve-tvaru-pismene-v\\\/#primaryimage\",\"url\":\"https:\\\/\\\/aureliusjewelry.com\\\/wp-content\\\/uploads\\\/kite-moss-agate-diamond-chevron-ring-set.jpg\",\"contentUrl\":\"https:\\\/\\\/aureliusjewelry.com\\\/wp-content\\\/uploads\\\/kite-moss-agate-diamond-chevron-ring-set.jpg\",\"width\":1920,\"height\":1440},{\"@type\":\"BreadcrumbList\",\"@id\":\"https:\\\/\\\/aureliusjewelry.com\\\/cs\\\/sada-diamantoveho-prstenu-s-mechovym-achatem-a-snubniho-prstenu-ve-tvaru-pismene-v\\\/#breadcrumb\",\"itemListElement\":[{\"@type\":\"ListItem\",\"position\":1,\"name\":\"Home\",\"item\":\"https:\\\/\\\/aureliusjewelry.com\\\/cs\\\/\"},{\"@type\":\"ListItem\",\"position\":2,\"name\":\"Prodejna\",\"item\":\"https:\\\/\\\/aureliusjewelry.com\\\/cs\\\/prodejna\\\/\"},{\"@type\":\"ListItem\",\"position\":3,\"name\":\"Sada diamantov\u00e9ho prstenu s mechov\u00fdm ach\u00e1tem a snubn\u00edho prstenu ve tvaru p\u00edsmene V\"}]},{\"@type\":\"WebSite\",\"@id\":\"https:\\\/\\\/aureliusjewelry.com\\\/cs\\\/#website\",\"url\":\"https:\\\/\\\/aureliusjewelry.com\\\/cs\\\/\",\"name\":\"Aurelius Jewelry\",\"description\":\"Handmade Fine Gold Jewelry\",\"publisher\":{\"@id\":\"https:\\\/\\\/aureliusjewelry.com\\\/cs\\\/#organization\"},\"potentialAction\":[{\"@type\":\"SearchAction\",\"target\":{\"@type\":\"EntryPoint\",\"urlTemplate\":\"https:\\\/\\\/aureliusjewelry.com\\\/cs\\\/?s={search_term_string}\"},\"query-input\":{\"@type\":\"PropertyValueSpecification\",\"valueRequired\":true,\"valueName\":\"search_term_string\"}}],\"inLanguage\":\"cs\"},{\"@type\":\"Organization\",\"@id\":\"https:\\\/\\\/aureliusjewelry.com\\\/cs\\\/#organization\",\"name\":\"Aurelius Jewelry\",\"url\":\"https:\\\/\\\/aureliusjewelry.com\\\/cs\\\/\",\"logo\":{\"@type\":\"ImageObject\",\"inLanguage\":\"cs\",\"@id\":\"https:\\\/\\\/aureliusjewelry.com\\\/cs\\\/#\\\/schema\\\/logo\\\/image\\\/\",\"url\":\"https:\\\/\\\/aureliusjewelry.com\\\/wp-content\\\/uploads\\\/logo.png\",\"contentUrl\":\"https:\\\/\\\/aureliusjewelry.com\\\/wp-content\\\/uploads\\\/logo.png\",\"width\":400,\"height\":64,\"caption\":\"Aurelius Jewelry\"},\"image\":{\"@id\":\"https:\\\/\\\/aureliusjewelry.com\\\/cs\\\/#\\\/schema\\\/logo\\\/image\\\/\"},\"sameAs\":[\"https:\\\/\\\/www.facebook.com\\\/AureliusJewelry\\\/\",\"https:\\\/\\\/x.com\\\/AureliusJewelry\",\"https:\\\/\\\/instagram.com\\\/aureliusjewelry\",\"https:\\\/\\\/www.pinterest.com\\\/AureliusJewelry\\\/\"],\"email\":\"info@aureliusjewelry.com\",\"foundingDate\":\"2018-10-01\",\"vatID\":\"SI10391070\",\"hasMerchantReturnPolicy\":{\"@type\":\"MerchantReturnPolicy\",\"merchantReturnLink\":\"https:\\\/\\\/aureliusjewelry.com\\\/our-policies\\\/terms-conditions\\\/\"}}]}<\/script>\n<meta property=\"og:availability\" content=\"backorder\" \/>\n<meta property=\"product:availability\" content=\"available for order\" \/>\n<meta property=\"product:retailer_item_id\" content=\"13691\" \/>\n<meta property=\"product:condition\" content=\"new\" \/>","yoast_head_json":{"title":"Sada diamantov\u00e9ho prstenu s mechov\u00fdm ach\u00e1tem a snubn\u00edho prstenu ve tvaru p\u00edsmene V - Aurelius Jewelry","robots":{"index":"index","follow":"follow","max-snippet":"max-snippet:-1","max-image-preview":"max-image-preview:large","max-video-preview":"max-video-preview:-1"},"canonical":"https:\/\/aureliusjewelry.com\/cs\/sada-diamantoveho-prstenu-s-mechovym-achatem-a-snubniho-prstenu-ve-tvaru-pismene-v\/","og_locale":"cs_CZ","og_type":"article","og_title":"Sada diamantov\u00e9ho prstenu s mechov\u00fdm ach\u00e1tem a snubn\u00edho prstenu ve tvaru p\u00edsmene V - Aurelius Jewelry","og_description":"%","og_url":"https:\/\/aureliusjewelry.com\/cs\/sada-diamantoveho-prstenu-s-mechovym-achatem-a-snubniho-prstenu-ve-tvaru-pismene-v\/","og_site_name":"Aurelius Jewelry","article_publisher":"https:\/\/www.facebook.com\/AureliusJewelry\/","article_modified_time":"2026-04-02T18:32:12+00:00","og_image":[{"width":1920,"height":1440,"url":"https:\/\/aureliusjewelry.com\/wp-content\/uploads\/kite-moss-agate-diamond-chevron-ring-set.jpg","type":"image\/jpeg"}],"twitter_card":"summary_large_image","twitter_site":"@AureliusJewelry","schema":{"@context":"https:\/\/schema.org","@graph":[{"@type":"WebPage","@id":"https:\/\/aureliusjewelry.com\/cs\/sada-diamantoveho-prstenu-s-mechovym-achatem-a-snubniho-prstenu-ve-tvaru-pismene-v\/","url":"https:\/\/aureliusjewelry.com\/cs\/sada-diamantoveho-prstenu-s-mechovym-achatem-a-snubniho-prstenu-ve-tvaru-pismene-v\/","name":"Sada diamantov\u00e9ho prstenu s mechov\u00fdm ach\u00e1tem a snubn\u00edho prstenu ve tvaru p\u00edsmene V - Aurelius Jewelry","isPartOf":{"@id":"https:\/\/aureliusjewelry.com\/cs\/#website"},"primaryImageOfPage":{"@id":"https:\/\/aureliusjewelry.com\/cs\/sada-diamantoveho-prstenu-s-mechovym-achatem-a-snubniho-prstenu-ve-tvaru-pismene-v\/#primaryimage"},"image":{"@id":"https:\/\/aureliusjewelry.com\/cs\/sada-diamantoveho-prstenu-s-mechovym-achatem-a-snubniho-prstenu-ve-tvaru-pismene-v\/#primaryimage"},"thumbnailUrl":"https:\/\/aureliusjewelry.com\/wp-content\/uploads\/kite-moss-agate-diamond-chevron-ring-set.jpg","datePublished":"2020-12-27T22:23:01+00:00","dateModified":"2026-04-02T18:32:12+00:00","breadcrumb":{"@id":"https:\/\/aureliusjewelry.com\/cs\/sada-diamantoveho-prstenu-s-mechovym-achatem-a-snubniho-prstenu-ve-tvaru-pismene-v\/#breadcrumb"},"inLanguage":"cs","potentialAction":[{"@type":"ReadAction","target":["https:\/\/aureliusjewelry.com\/cs\/sada-diamantoveho-prstenu-s-mechovym-achatem-a-snubniho-prstenu-ve-tvaru-pismene-v\/"]}]},{"@type":"ImageObject","inLanguage":"cs","@id":"https:\/\/aureliusjewelry.com\/cs\/sada-diamantoveho-prstenu-s-mechovym-achatem-a-snubniho-prstenu-ve-tvaru-pismene-v\/#primaryimage","url":"https:\/\/aureliusjewelry.com\/wp-content\/uploads\/kite-moss-agate-diamond-chevron-ring-set.jpg","contentUrl":"https:\/\/aureliusjewelry.com\/wp-content\/uploads\/kite-moss-agate-diamond-chevron-ring-set.jpg","width":1920,"height":1440},{"@type":"BreadcrumbList","@id":"https:\/\/aureliusjewelry.com\/cs\/sada-diamantoveho-prstenu-s-mechovym-achatem-a-snubniho-prstenu-ve-tvaru-pismene-v\/#breadcrumb","itemListElement":[{"@type":"ListItem","position":1,"name":"Home","item":"https:\/\/aureliusjewelry.com\/cs\/"},{"@type":"ListItem","position":2,"name":"Prodejna","item":"https:\/\/aureliusjewelry.com\/cs\/prodejna\/"},{"@type":"ListItem","position":3,"name":"Sada diamantov\u00e9ho prstenu s mechov\u00fdm ach\u00e1tem a snubn\u00edho prstenu ve tvaru p\u00edsmene V"}]},{"@type":"WebSite","@id":"https:\/\/aureliusjewelry.com\/cs\/#website","url":"https:\/\/aureliusjewelry.com\/cs\/","name":"Aurelius Jewelry","description":"Handmade Fine Gold Jewelry","publisher":{"@id":"https:\/\/aureliusjewelry.com\/cs\/#organization"},"potentialAction":[{"@type":"SearchAction","target":{"@type":"EntryPoint","urlTemplate":"https:\/\/aureliusjewelry.com\/cs\/?s={search_term_string}"},"query-input":{"@type":"PropertyValueSpecification","valueRequired":true,"valueName":"search_term_string"}}],"inLanguage":"cs"},{"@type":"Organization","@id":"https:\/\/aureliusjewelry.com\/cs\/#organization","name":"Aurelius Jewelry","url":"https:\/\/aureliusjewelry.com\/cs\/","logo":{"@type":"ImageObject","inLanguage":"cs","@id":"https:\/\/aureliusjewelry.com\/cs\/#\/schema\/logo\/image\/","url":"https:\/\/aureliusjewelry.com\/wp-content\/uploads\/logo.png","contentUrl":"https:\/\/aureliusjewelry.com\/wp-content\/uploads\/logo.png","width":400,"height":64,"caption":"Aurelius Jewelry"},"image":{"@id":"https:\/\/aureliusjewelry.com\/cs\/#\/schema\/logo\/image\/"},"sameAs":["https:\/\/www.facebook.com\/AureliusJewelry\/","https:\/\/x.com\/AureliusJewelry","https:\/\/instagram.com\/aureliusjewelry","https:\/\/www.pinterest.com\/AureliusJewelry\/"],"email":"info@aureliusjewelry.com","foundingDate":"2018-10-01","vatID":"SI10391070","hasMerchantReturnPolicy":{"@type":"MerchantReturnPolicy","merchantReturnLink":"https:\/\/aureliusjewelry.com\/our-policies\/terms-conditions\/"}}]},"og_availability":"backorder","product_availability":"available for order","product_retailer_item_id":"13691","product_condition":"new"},"_links":{"self":[{"href":"https:\/\/aureliusjewelry.com\/cs\/wp-json\/wp\/v2\/product\/17581","targetHints":{"allow":["GET"]}}],"collection":[{"href":"https:\/\/aureliusjewelry.com\/cs\/wp-json\/wp\/v2\/product"}],"about":[{"href":"https:\/\/aureliusjewelry.com\/cs\/wp-json\/wp\/v2\/types\/product"}],"replies":[{"embeddable":true,"href":"https:\/\/aureliusjewelry.com\/cs\/wp-json\/wp\/v2\/comments?post=17581"}],"wp:featuredmedia":[{"embeddable":true,"href":"https:\/\/aureliusjewelry.com\/cs\/wp-json\/wp\/v2\/media\/17582"}],"wp:attachment":[{"href":"https:\/\/aureliusjewelry.com\/cs\/wp-json\/wp\/v2\/media?parent=17581"}],"wp:term":[{"taxonomy":"product_brand","embeddable":true,"href":"https:\/\/aureliusjewelry.com\/cs\/wp-json\/wp\/v2\/product_brand?post=17581"},{"taxonomy":"product_cat","embeddable":true,"href":"https:\/\/aureliusjewelry.com\/cs\/wp-json\/wp\/v2\/product_cat?post=17581"},{"taxonomy":"product_tag","embeddable":true,"href":"https:\/\/aureliusjewelry.com\/cs\/wp-json\/wp\/v2\/product_tag?post=17581"}],"curies":[{"name":"wp","href":"https:\/\/api.w.org\/{rel}","templated":true}]}}