{"id":17300,"date":"2020-12-26T16:33:28","date_gmt":"2020-12-26T14:33:28","guid":{"rendered":"http:\/\/127.0.0.1\/product\/art-deco-petihranny-zasnubni-prsten-s-mechovym-achatem-a-diamanty\/"},"modified":"2026-03-24T12:33:35","modified_gmt":"2026-03-24T10:33:35","slug":"art-deco-petihranny-zasnubni-prsten-s-mechovym-achatem-a-diamanty-se-zakrivenym-snubnim-prstenem","status":"publish","type":"product","link":"https:\/\/aureliusjewelry.com\/cs\/art-deco-petihranny-zasnubni-prsten-s-mechovym-achatem-a-diamanty-se-zakrivenym-snubnim-prstenem\/","title":{"rendered":"Art Deco p\u011btihrann\u00fd z\u00e1snubn\u00ed prsten s mechov\u00fdm ach\u00e1tem a diamanty se zak\u0159iven\u00fdm snubn\u00edm prstenem"},"content":{"rendered":"<p><strong>Hlavn\u00ed k\u00e1men<\/strong><\/p>\n<ul>\n<li>p\u011bti\u00faheln\u00edkov\u00fd mechov\u00fd ach\u00e1t<\/li>\n<li>Cca. 8mm<\/li>\n<\/ul>\n<p><strong>Postrann\u00ed kameny<\/strong><\/p>\n<ul>\n<li>bageta a kulat\u00e9 diamanty<\/li>\n<li>Cca. 3&#215;1.5mm (2), 1.5mm (2)<\/li>\n<li>F\/G barva, VS jasnost, bezkonfliktn\u00ed<\/li>\n<\/ul>\n<p><strong>M\u011b\u0159en\u00ed a materi\u00e1l p\u00e1sma<\/strong><\/p>\n<ul>\n<li>1.5mm \u0161irok\u00fd, 1.6mm tlust\u00fd<\/li>\n<li>k dispozici ve 585\/1000 (14k) nebo 750\/1000 (18k) \u017elut\u00e9, b\u00edl\u00e9 nebo r\u016f\u017eov\u011b zlat\u00e9 a platinov\u00e9 950\/1000<\/li>\n<li>Velikost prstenu USA 3-9, men\u0161\u00ed nebo v\u011bt\u0161\u00ed velikosti dostupn\u00e9 na vy\u017e\u00e1d\u00e1n\u00ed<\/li>\n<\/ul>\n","protected":false},"excerpt":{"rendered":"<p>Tato jedine\u010dn\u00e1 kombinace prsten\u016f obsahuje st\u0159edov\u00fd k\u00e1men z p\u011bti\u00faheln\u00edkov\u00e9ho ach\u00e1tu a diamanty na stran\u011b. Je prod\u00e1v\u00e1n s jednoduch\u00fdm zak\u0159iven\u00fdm snubn\u00edm prstenem, kter\u00fd obrysuje z\u00e1kladnu p\u011bti\u00faheln\u00edku. N\u00e1\u0161 certifikovan\u00fd design inspirovan\u00fd Art-Deco je stejn\u011b kr\u00e1sn\u00fd a jedine\u010dn\u00fd jako V\u00e1\u0161 milostn\u00fd p\u0159\u00edb\u011bh. Ka\u017ed\u00fd mechov\u00fd ach\u00e1t je pro na\u0161e vzory brou\u0161en na m\u00edru a proto\u017ee jsou jedine\u010dn\u00e9, budete si moci vybrat ten prav\u00fd pro sv\u016fj prsten!<\/p>\n","protected":false},"featured_media":17301,"comment_status":"open","ping_status":"closed","template":"","meta":[],"product_brand":[],"product_cat":[1403,1609,1399,673,643,1414,651,658],"product_tag":[1219,1237,709,1246,708],"class_list":{"0":"post-17300","1":"product","2":"type-product","3":"status-publish","4":"has-post-thumbnail","6":"product_cat-geometricke-zasnubni-prsteny","7":"product_cat-nejlepsi-prodejci","8":"product_cat-pet-kamenu-zasnubni-prsten","9":"product_cat-prsteny","10":"product_cat-singularity-kolekce","11":"product_cat-zasnubni-prsten-pentagon","12":"product_cat-zasnubni-prsteny","13":"product_cat-zasnubni-prsteny-s-mechovym-achatem","14":"product_tag-mechovy-achat","15":"product_tag-pentagon-cs","16":"product_tag-production_time_3_5-cs","17":"product_tag-prsten","18":"product_tag-rings-cs","20":"first","21":"onbackorder","22":"sold-individually","23":"taxable","24":"shipping-taxable","25":"purchasable","26":"product-type-variable"},"yoast_head":"<title>Art Deco p\u011btihrann\u00fd z\u00e1snubn\u00ed prsten s mechov\u00fdm ach\u00e1tem a diamanty se zak\u0159iven\u00fdm snubn\u00edm prstenem - Aurelius Jewelry<\/title>\n<meta name=\"robots\" content=\"index, follow, max-snippet:-1, max-image-preview:large, max-video-preview:-1\" \/>\n<link rel=\"canonical\" href=\"https:\/\/aureliusjewelry.com\/cs\/art-deco-petihranny-zasnubni-prsten-s-mechovym-achatem-a-diamanty-se-zakrivenym-snubnim-prstenem\/\" \/>\n<meta property=\"og:locale\" content=\"cs_CZ\" \/>\n<meta property=\"og:type\" content=\"article\" \/>\n<meta property=\"og:title\" content=\"Art Deco p\u011btihrann\u00fd z\u00e1snubn\u00ed prsten s mechov\u00fdm ach\u00e1tem a diamanty se zak\u0159iven\u00fdm snubn\u00edm prstenem - Aurelius Jewelry\" \/>\n<meta property=\"og:description\" content=\"%\" \/>\n<meta property=\"og:url\" content=\"https:\/\/aureliusjewelry.com\/cs\/art-deco-petihranny-zasnubni-prsten-s-mechovym-achatem-a-diamanty-se-zakrivenym-snubnim-prstenem\/\" \/>\n<meta property=\"og:site_name\" content=\"Aurelius Jewelry\" \/>\n<meta property=\"article:publisher\" content=\"https:\/\/www.facebook.com\/AureliusJewelry\/\" \/>\n<meta property=\"article:modified_time\" content=\"2026-03-24T10:33:35+00:00\" \/>\n<meta property=\"og:image\" content=\"https:\/\/aureliusjewelry.com\/wp-content\/uploads\/pentagon-moss-agate-ring-front.jpg\" \/>\n\t<meta property=\"og:image:width\" content=\"1920\" \/>\n\t<meta property=\"og:image:height\" content=\"1440\" \/>\n\t<meta property=\"og:image:type\" content=\"image\/jpeg\" \/>\n<meta name=\"twitter:card\" content=\"summary_large_image\" \/>\n<meta name=\"twitter:site\" content=\"@AureliusJewelry\" \/>\n<script type=\"application\/ld+json\" class=\"yoast-schema-graph\">{\"@context\":\"https:\\\/\\\/schema.org\",\"@graph\":[{\"@type\":\"WebPage\",\"@id\":\"https:\\\/\\\/aureliusjewelry.com\\\/cs\\\/art-deco-petihranny-zasnubni-prsten-s-mechovym-achatem-a-diamanty-se-zakrivenym-snubnim-prstenem\\\/\",\"url\":\"https:\\\/\\\/aureliusjewelry.com\\\/cs\\\/art-deco-petihranny-zasnubni-prsten-s-mechovym-achatem-a-diamanty-se-zakrivenym-snubnim-prstenem\\\/\",\"name\":\"Art Deco p\u011btihrann\u00fd z\u00e1snubn\u00ed prsten s mechov\u00fdm ach\u00e1tem a diamanty se zak\u0159iven\u00fdm snubn\u00edm prstenem - Aurelius Jewelry\",\"isPartOf\":{\"@id\":\"https:\\\/\\\/aureliusjewelry.com\\\/cs\\\/#website\"},\"primaryImageOfPage\":{\"@id\":\"https:\\\/\\\/aureliusjewelry.com\\\/cs\\\/art-deco-petihranny-zasnubni-prsten-s-mechovym-achatem-a-diamanty-se-zakrivenym-snubnim-prstenem\\\/#primaryimage\"},\"image\":{\"@id\":\"https:\\\/\\\/aureliusjewelry.com\\\/cs\\\/art-deco-petihranny-zasnubni-prsten-s-mechovym-achatem-a-diamanty-se-zakrivenym-snubnim-prstenem\\\/#primaryimage\"},\"thumbnailUrl\":\"https:\\\/\\\/aureliusjewelry.com\\\/wp-content\\\/uploads\\\/pentagon-moss-agate-ring-front.jpg\",\"datePublished\":\"2020-12-26T14:33:28+00:00\",\"dateModified\":\"2026-03-24T10:33:35+00:00\",\"breadcrumb\":{\"@id\":\"https:\\\/\\\/aureliusjewelry.com\\\/cs\\\/art-deco-petihranny-zasnubni-prsten-s-mechovym-achatem-a-diamanty-se-zakrivenym-snubnim-prstenem\\\/#breadcrumb\"},\"inLanguage\":\"cs\",\"potentialAction\":[{\"@type\":\"ReadAction\",\"target\":[\"https:\\\/\\\/aureliusjewelry.com\\\/cs\\\/art-deco-petihranny-zasnubni-prsten-s-mechovym-achatem-a-diamanty-se-zakrivenym-snubnim-prstenem\\\/\"]}]},{\"@type\":\"ImageObject\",\"inLanguage\":\"cs\",\"@id\":\"https:\\\/\\\/aureliusjewelry.com\\\/cs\\\/art-deco-petihranny-zasnubni-prsten-s-mechovym-achatem-a-diamanty-se-zakrivenym-snubnim-prstenem\\\/#primaryimage\",\"url\":\"https:\\\/\\\/aureliusjewelry.com\\\/wp-content\\\/uploads\\\/pentagon-moss-agate-ring-front.jpg\",\"contentUrl\":\"https:\\\/\\\/aureliusjewelry.com\\\/wp-content\\\/uploads\\\/pentagon-moss-agate-ring-front.jpg\",\"width\":1920,\"height\":1440},{\"@type\":\"BreadcrumbList\",\"@id\":\"https:\\\/\\\/aureliusjewelry.com\\\/cs\\\/art-deco-petihranny-zasnubni-prsten-s-mechovym-achatem-a-diamanty-se-zakrivenym-snubnim-prstenem\\\/#breadcrumb\",\"itemListElement\":[{\"@type\":\"ListItem\",\"position\":1,\"name\":\"Home\",\"item\":\"https:\\\/\\\/aureliusjewelry.com\\\/cs\\\/\"},{\"@type\":\"ListItem\",\"position\":2,\"name\":\"Prodejna\",\"item\":\"https:\\\/\\\/aureliusjewelry.com\\\/cs\\\/prodejna\\\/\"},{\"@type\":\"ListItem\",\"position\":3,\"name\":\"Art Deco p\u011btihrann\u00fd z\u00e1snubn\u00ed prsten s mechov\u00fdm ach\u00e1tem a diamanty se zak\u0159iven\u00fdm snubn\u00edm prstenem\"}]},{\"@type\":\"WebSite\",\"@id\":\"https:\\\/\\\/aureliusjewelry.com\\\/cs\\\/#website\",\"url\":\"https:\\\/\\\/aureliusjewelry.com\\\/cs\\\/\",\"name\":\"Aurelius Jewelry\",\"description\":\"Handmade Fine Gold Jewelry\",\"publisher\":{\"@id\":\"https:\\\/\\\/aureliusjewelry.com\\\/cs\\\/#organization\"},\"potentialAction\":[{\"@type\":\"SearchAction\",\"target\":{\"@type\":\"EntryPoint\",\"urlTemplate\":\"https:\\\/\\\/aureliusjewelry.com\\\/cs\\\/?s={search_term_string}\"},\"query-input\":{\"@type\":\"PropertyValueSpecification\",\"valueRequired\":true,\"valueName\":\"search_term_string\"}}],\"inLanguage\":\"cs\"},{\"@type\":\"Organization\",\"@id\":\"https:\\\/\\\/aureliusjewelry.com\\\/cs\\\/#organization\",\"name\":\"Aurelius Jewelry\",\"url\":\"https:\\\/\\\/aureliusjewelry.com\\\/cs\\\/\",\"logo\":{\"@type\":\"ImageObject\",\"inLanguage\":\"cs\",\"@id\":\"https:\\\/\\\/aureliusjewelry.com\\\/cs\\\/#\\\/schema\\\/logo\\\/image\\\/\",\"url\":\"https:\\\/\\\/aureliusjewelry.com\\\/wp-content\\\/uploads\\\/logo.png\",\"contentUrl\":\"https:\\\/\\\/aureliusjewelry.com\\\/wp-content\\\/uploads\\\/logo.png\",\"width\":400,\"height\":64,\"caption\":\"Aurelius Jewelry\"},\"image\":{\"@id\":\"https:\\\/\\\/aureliusjewelry.com\\\/cs\\\/#\\\/schema\\\/logo\\\/image\\\/\"},\"sameAs\":[\"https:\\\/\\\/www.facebook.com\\\/AureliusJewelry\\\/\",\"https:\\\/\\\/x.com\\\/AureliusJewelry\",\"https:\\\/\\\/instagram.com\\\/aureliusjewelry\",\"https:\\\/\\\/www.pinterest.com\\\/AureliusJewelry\\\/\"],\"email\":\"info@aureliusjewelry.com\",\"foundingDate\":\"2018-10-01\",\"vatID\":\"SI10391070\",\"hasMerchantReturnPolicy\":{\"@type\":\"MerchantReturnPolicy\",\"merchantReturnLink\":\"https:\\\/\\\/aureliusjewelry.com\\\/our-policies\\\/terms-conditions\\\/\"}}]}<\/script>\n<meta property=\"og:availability\" content=\"backorder\" \/>\n<meta property=\"product:availability\" content=\"available for order\" \/>\n<meta property=\"product:retailer_item_id\" content=\"13029\" \/>\n<meta property=\"product:condition\" content=\"new\" \/>","yoast_head_json":{"title":"Art Deco p\u011btihrann\u00fd z\u00e1snubn\u00ed prsten s mechov\u00fdm ach\u00e1tem a diamanty se zak\u0159iven\u00fdm snubn\u00edm prstenem - Aurelius Jewelry","robots":{"index":"index","follow":"follow","max-snippet":"max-snippet:-1","max-image-preview":"max-image-preview:large","max-video-preview":"max-video-preview:-1"},"canonical":"https:\/\/aureliusjewelry.com\/cs\/art-deco-petihranny-zasnubni-prsten-s-mechovym-achatem-a-diamanty-se-zakrivenym-snubnim-prstenem\/","og_locale":"cs_CZ","og_type":"article","og_title":"Art Deco p\u011btihrann\u00fd z\u00e1snubn\u00ed prsten s mechov\u00fdm ach\u00e1tem a diamanty se zak\u0159iven\u00fdm snubn\u00edm prstenem - Aurelius Jewelry","og_description":"%","og_url":"https:\/\/aureliusjewelry.com\/cs\/art-deco-petihranny-zasnubni-prsten-s-mechovym-achatem-a-diamanty-se-zakrivenym-snubnim-prstenem\/","og_site_name":"Aurelius Jewelry","article_publisher":"https:\/\/www.facebook.com\/AureliusJewelry\/","article_modified_time":"2026-03-24T10:33:35+00:00","og_image":[{"width":1920,"height":1440,"url":"https:\/\/aureliusjewelry.com\/wp-content\/uploads\/pentagon-moss-agate-ring-front.jpg","type":"image\/jpeg"}],"twitter_card":"summary_large_image","twitter_site":"@AureliusJewelry","schema":{"@context":"https:\/\/schema.org","@graph":[{"@type":"WebPage","@id":"https:\/\/aureliusjewelry.com\/cs\/art-deco-petihranny-zasnubni-prsten-s-mechovym-achatem-a-diamanty-se-zakrivenym-snubnim-prstenem\/","url":"https:\/\/aureliusjewelry.com\/cs\/art-deco-petihranny-zasnubni-prsten-s-mechovym-achatem-a-diamanty-se-zakrivenym-snubnim-prstenem\/","name":"Art Deco p\u011btihrann\u00fd z\u00e1snubn\u00ed prsten s mechov\u00fdm ach\u00e1tem a diamanty se zak\u0159iven\u00fdm snubn\u00edm prstenem - Aurelius Jewelry","isPartOf":{"@id":"https:\/\/aureliusjewelry.com\/cs\/#website"},"primaryImageOfPage":{"@id":"https:\/\/aureliusjewelry.com\/cs\/art-deco-petihranny-zasnubni-prsten-s-mechovym-achatem-a-diamanty-se-zakrivenym-snubnim-prstenem\/#primaryimage"},"image":{"@id":"https:\/\/aureliusjewelry.com\/cs\/art-deco-petihranny-zasnubni-prsten-s-mechovym-achatem-a-diamanty-se-zakrivenym-snubnim-prstenem\/#primaryimage"},"thumbnailUrl":"https:\/\/aureliusjewelry.com\/wp-content\/uploads\/pentagon-moss-agate-ring-front.jpg","datePublished":"2020-12-26T14:33:28+00:00","dateModified":"2026-03-24T10:33:35+00:00","breadcrumb":{"@id":"https:\/\/aureliusjewelry.com\/cs\/art-deco-petihranny-zasnubni-prsten-s-mechovym-achatem-a-diamanty-se-zakrivenym-snubnim-prstenem\/#breadcrumb"},"inLanguage":"cs","potentialAction":[{"@type":"ReadAction","target":["https:\/\/aureliusjewelry.com\/cs\/art-deco-petihranny-zasnubni-prsten-s-mechovym-achatem-a-diamanty-se-zakrivenym-snubnim-prstenem\/"]}]},{"@type":"ImageObject","inLanguage":"cs","@id":"https:\/\/aureliusjewelry.com\/cs\/art-deco-petihranny-zasnubni-prsten-s-mechovym-achatem-a-diamanty-se-zakrivenym-snubnim-prstenem\/#primaryimage","url":"https:\/\/aureliusjewelry.com\/wp-content\/uploads\/pentagon-moss-agate-ring-front.jpg","contentUrl":"https:\/\/aureliusjewelry.com\/wp-content\/uploads\/pentagon-moss-agate-ring-front.jpg","width":1920,"height":1440},{"@type":"BreadcrumbList","@id":"https:\/\/aureliusjewelry.com\/cs\/art-deco-petihranny-zasnubni-prsten-s-mechovym-achatem-a-diamanty-se-zakrivenym-snubnim-prstenem\/#breadcrumb","itemListElement":[{"@type":"ListItem","position":1,"name":"Home","item":"https:\/\/aureliusjewelry.com\/cs\/"},{"@type":"ListItem","position":2,"name":"Prodejna","item":"https:\/\/aureliusjewelry.com\/cs\/prodejna\/"},{"@type":"ListItem","position":3,"name":"Art Deco p\u011btihrann\u00fd z\u00e1snubn\u00ed prsten s mechov\u00fdm ach\u00e1tem a diamanty se zak\u0159iven\u00fdm snubn\u00edm prstenem"}]},{"@type":"WebSite","@id":"https:\/\/aureliusjewelry.com\/cs\/#website","url":"https:\/\/aureliusjewelry.com\/cs\/","name":"Aurelius Jewelry","description":"Handmade Fine Gold Jewelry","publisher":{"@id":"https:\/\/aureliusjewelry.com\/cs\/#organization"},"potentialAction":[{"@type":"SearchAction","target":{"@type":"EntryPoint","urlTemplate":"https:\/\/aureliusjewelry.com\/cs\/?s={search_term_string}"},"query-input":{"@type":"PropertyValueSpecification","valueRequired":true,"valueName":"search_term_string"}}],"inLanguage":"cs"},{"@type":"Organization","@id":"https:\/\/aureliusjewelry.com\/cs\/#organization","name":"Aurelius Jewelry","url":"https:\/\/aureliusjewelry.com\/cs\/","logo":{"@type":"ImageObject","inLanguage":"cs","@id":"https:\/\/aureliusjewelry.com\/cs\/#\/schema\/logo\/image\/","url":"https:\/\/aureliusjewelry.com\/wp-content\/uploads\/logo.png","contentUrl":"https:\/\/aureliusjewelry.com\/wp-content\/uploads\/logo.png","width":400,"height":64,"caption":"Aurelius Jewelry"},"image":{"@id":"https:\/\/aureliusjewelry.com\/cs\/#\/schema\/logo\/image\/"},"sameAs":["https:\/\/www.facebook.com\/AureliusJewelry\/","https:\/\/x.com\/AureliusJewelry","https:\/\/instagram.com\/aureliusjewelry","https:\/\/www.pinterest.com\/AureliusJewelry\/"],"email":"info@aureliusjewelry.com","foundingDate":"2018-10-01","vatID":"SI10391070","hasMerchantReturnPolicy":{"@type":"MerchantReturnPolicy","merchantReturnLink":"https:\/\/aureliusjewelry.com\/our-policies\/terms-conditions\/"}}]},"og_availability":"backorder","product_availability":"available for order","product_retailer_item_id":"13029","product_condition":"new"},"_links":{"self":[{"href":"https:\/\/aureliusjewelry.com\/cs\/wp-json\/wp\/v2\/product\/17300","targetHints":{"allow":["GET"]}}],"collection":[{"href":"https:\/\/aureliusjewelry.com\/cs\/wp-json\/wp\/v2\/product"}],"about":[{"href":"https:\/\/aureliusjewelry.com\/cs\/wp-json\/wp\/v2\/types\/product"}],"replies":[{"embeddable":true,"href":"https:\/\/aureliusjewelry.com\/cs\/wp-json\/wp\/v2\/comments?post=17300"}],"wp:featuredmedia":[{"embeddable":true,"href":"https:\/\/aureliusjewelry.com\/cs\/wp-json\/wp\/v2\/media\/17301"}],"wp:attachment":[{"href":"https:\/\/aureliusjewelry.com\/cs\/wp-json\/wp\/v2\/media?parent=17300"}],"wp:term":[{"taxonomy":"product_brand","embeddable":true,"href":"https:\/\/aureliusjewelry.com\/cs\/wp-json\/wp\/v2\/product_brand?post=17300"},{"taxonomy":"product_cat","embeddable":true,"href":"https:\/\/aureliusjewelry.com\/cs\/wp-json\/wp\/v2\/product_cat?post=17300"},{"taxonomy":"product_tag","embeddable":true,"href":"https:\/\/aureliusjewelry.com\/cs\/wp-json\/wp\/v2\/product_tag?post=17300"}],"curies":[{"name":"wp","href":"https:\/\/api.w.org\/{rel}","templated":true}]}}