{"id":17165,"date":"2021-01-28T23:25:31","date_gmt":"2021-01-28T21:25:31","guid":{"rendered":"http:\/\/127.0.0.1\/product\/zasnubni-prsten-s-australskym-opalem-a-diamantovy-zasnubni-prsten\/"},"modified":"2026-04-14T07:22:46","modified_gmt":"2026-04-14T05:22:46","slug":"sada-zasnubni-prstenu-s-australskym-opalem-a-diamantovy-mzasnubnim-prsten","status":"publish","type":"product","link":"https:\/\/aureliusjewelry.com\/cs\/sada-zasnubni-prstenu-s-australskym-opalem-a-diamantovy-zasnubnim-prsten\/","title":{"rendered":"Sada z\u00e1snubn\u00ed prstenu s australsk\u00fdm op\u00e1lem a diamantov\u00fd z\u00e1snubn\u00edm prsten"},"content":{"rendered":"<p><strong>Z\u00e1snubn\u00ed prsten<\/strong><br \/>\n\u2013 kabo\u0161onov\u00fd Australsk\u00fd op\u00e1l ve tvaru pear<br \/>\n\u2013 p\u0159ibli\u017en\u011b 7x5mm<\/p>\n<p>\u2013 mark\u00fdzov\u00e9 diamanty<br \/>\n\u2013 p\u0159ibli\u017en\u011b 4x2mm (2)<br \/>\n\u2013 velkov\u00e9 ct p\u0159ibli\u017en\u011b 0,2ct<br \/>\n\u2013 F\/G barva, VS kvalita, bezkonfliktn\u00ed a etick\u00e9<\/p>\n<p><strong>Chevronov\u00fd snubn\u00ed prst\u00fdnek<\/strong><br \/>\n\u2013 ov\u00e1ln\u00fd peridot<br \/>\n\u2013 p\u0159ibli\u017en\u011b 3x2mm<\/p>\n<p>\u2013 kulat\u00e9 diamanty<br \/>\n\u2013 p\u0159ibli\u017en\u011b 1.5mm (2), 1.25mm (2), 1mm (2)<br \/>\n\u2013 F \/ G barva, \u010distota VS, bezkonfliktn\u00ed<\/p>\n<p><strong>Velikost a materi\u00e1l prstenu<\/strong><br \/>\n\u2013 p\u0159ibli\u017en\u011b 1,5mm \u0161irok\u00fd, 1,6mm siln\u00fd<br \/>\n\u2013 dostupn\u00fd v 585\/1000 (14k) nebo 750\/1000 (18k) \u017elut\u00e9, b\u00edl\u00e9 nebo r\u016f\u017eov\u011b zlat\u00e9 a platinov\u00e9 950\/1000<br \/>\n\u2013 Velikosti US 3-9, men\u0161\u00ed a v\u011bt\u0161\u00ed velikosti d\u011bl\u00e1me na zak\u00e1zku<\/p>\n","protected":false},"excerpt":{"rendered":"<p>Elegantn\u00ed a hrav\u00fd, n\u00e1\u0161 t\u0159pytiv\u00fd prsten ze \u017elut\u00e9ho zlata ve tvaru lekn\u00ednu m\u00e1 prav\u00fd australsk\u00fd k\u0159i\u0161\u0165\u00e1l a brilantn\u00ed brou\u0161en\u00e9 mark\u00fdzov\u00e9 diamanty, spojen\u00e9 se zak\u0159iven\u00fdm stohovac\u00edm prstenem peridot. S duhou zachycenou v kameni lze tuto sadu op\u00e1lov\u00fdch prsten\u016f nosit jako alternativn\u00ed svatebn\u00ed prsten nebo jako prav\u00fd prsten, kter\u00fd se hod\u00ed k jak\u00e9mukoli stylu.<\/p>\n","protected":false},"featured_media":15957,"comment_status":"open","ping_status":"closed","template":"","meta":[],"product_brand":[],"product_cat":[1424,649,1609,646,673,666],"product_tag":[1234,1228,709,708,1249],"class_list":{"0":"post-17165","1":"product","2":"type-product","3":"status-publish","4":"has-post-thumbnail","6":"product_cat-dvoudilny-snubni-prsten","7":"product_cat-golden-leaf-kolekce","8":"product_cat-nejlepsi-prodejci","9":"product_cat-paired-kolekce","10":"product_cat-prsteny","11":"product_cat-sady-snubnich-prstenu","12":"product_tag-hruska","13":"product_tag-opal-cs","14":"product_tag-production_time_3_5-cs","15":"product_tag-rings-cs","16":"product_tag-sada-prstenu","18":"first","19":"onbackorder","20":"sold-individually","21":"taxable","22":"shipping-taxable","23":"purchasable","24":"product-type-variable"},"yoast_head":"<title>Sada z\u00e1snubn\u00ed prstenu s australsk\u00fdm op\u00e1lem a diamantov\u00fd z\u00e1snubn\u00edm prsten - Aurelius Jewelry<\/title>\n<meta name=\"robots\" content=\"index, follow, max-snippet:-1, max-image-preview:large, max-video-preview:-1\" \/>\n<link rel=\"canonical\" href=\"https:\/\/aureliusjewelry.com\/cs\/sada-zasnubni-prstenu-s-australskym-opalem-a-diamantovy-zasnubnim-prsten\/\" \/>\n<meta property=\"og:locale\" content=\"cs_CZ\" \/>\n<meta property=\"og:type\" content=\"article\" \/>\n<meta property=\"og:title\" content=\"Sada z\u00e1snubn\u00ed prstenu s australsk\u00fdm op\u00e1lem a diamantov\u00fd z\u00e1snubn\u00edm prsten - Aurelius Jewelry\" \/>\n<meta property=\"og:description\" content=\"%\" \/>\n<meta property=\"og:url\" content=\"https:\/\/aureliusjewelry.com\/cs\/sada-zasnubni-prstenu-s-australskym-opalem-a-diamantovy-zasnubnim-prsten\/\" \/>\n<meta property=\"og:site_name\" content=\"Aurelius Jewelry\" \/>\n<meta property=\"article:publisher\" content=\"https:\/\/www.facebook.com\/AureliusJewelry\/\" \/>\n<meta property=\"article:modified_time\" content=\"2026-04-14T05:22:46+00:00\" \/>\n<meta property=\"og:image\" content=\"https:\/\/aureliusjewelry.com\/wp-content\/uploads\/hruskovy-opal-svatebni-prsten-sada.jpg\" \/>\n\t<meta property=\"og:image:width\" content=\"1920\" \/>\n\t<meta property=\"og:image:height\" content=\"1440\" \/>\n\t<meta property=\"og:image:type\" content=\"image\/jpeg\" \/>\n<meta name=\"twitter:card\" content=\"summary_large_image\" \/>\n<meta name=\"twitter:site\" content=\"@AureliusJewelry\" \/>\n<script type=\"application\/ld+json\" class=\"yoast-schema-graph\">{\"@context\":\"https:\\\/\\\/schema.org\",\"@graph\":[{\"@type\":\"WebPage\",\"@id\":\"https:\\\/\\\/aureliusjewelry.com\\\/cs\\\/sada-zasnubni-prstenu-s-australskym-opalem-a-diamantovy-zasnubnim-prsten\\\/\",\"url\":\"https:\\\/\\\/aureliusjewelry.com\\\/cs\\\/sada-zasnubni-prstenu-s-australskym-opalem-a-diamantovy-zasnubnim-prsten\\\/\",\"name\":\"Sada z\u00e1snubn\u00ed prstenu s australsk\u00fdm op\u00e1lem a diamantov\u00fd z\u00e1snubn\u00edm prsten - Aurelius Jewelry\",\"isPartOf\":{\"@id\":\"https:\\\/\\\/aureliusjewelry.com\\\/cs\\\/#website\"},\"primaryImageOfPage\":{\"@id\":\"https:\\\/\\\/aureliusjewelry.com\\\/cs\\\/sada-zasnubni-prstenu-s-australskym-opalem-a-diamantovy-zasnubnim-prsten\\\/#primaryimage\"},\"image\":{\"@id\":\"https:\\\/\\\/aureliusjewelry.com\\\/cs\\\/sada-zasnubni-prstenu-s-australskym-opalem-a-diamantovy-zasnubnim-prsten\\\/#primaryimage\"},\"thumbnailUrl\":\"https:\\\/\\\/aureliusjewelry.com\\\/wp-content\\\/uploads\\\/hruskovy-opal-svatebni-prsten-sada.jpg\",\"datePublished\":\"2021-01-28T21:25:31+00:00\",\"dateModified\":\"2026-04-14T05:22:46+00:00\",\"breadcrumb\":{\"@id\":\"https:\\\/\\\/aureliusjewelry.com\\\/cs\\\/sada-zasnubni-prstenu-s-australskym-opalem-a-diamantovy-zasnubnim-prsten\\\/#breadcrumb\"},\"inLanguage\":\"cs\",\"potentialAction\":[{\"@type\":\"ReadAction\",\"target\":[\"https:\\\/\\\/aureliusjewelry.com\\\/cs\\\/sada-zasnubni-prstenu-s-australskym-opalem-a-diamantovy-zasnubnim-prsten\\\/\"]}]},{\"@type\":\"ImageObject\",\"inLanguage\":\"cs\",\"@id\":\"https:\\\/\\\/aureliusjewelry.com\\\/cs\\\/sada-zasnubni-prstenu-s-australskym-opalem-a-diamantovy-zasnubnim-prsten\\\/#primaryimage\",\"url\":\"https:\\\/\\\/aureliusjewelry.com\\\/wp-content\\\/uploads\\\/hruskovy-opal-svatebni-prsten-sada.jpg\",\"contentUrl\":\"https:\\\/\\\/aureliusjewelry.com\\\/wp-content\\\/uploads\\\/hruskovy-opal-svatebni-prsten-sada.jpg\",\"width\":1920,\"height\":1440,\"caption\":\"hru\u0161kov\u00fd op\u00e1l svatebn\u00ed prsten sada\"},{\"@type\":\"BreadcrumbList\",\"@id\":\"https:\\\/\\\/aureliusjewelry.com\\\/cs\\\/sada-zasnubni-prstenu-s-australskym-opalem-a-diamantovy-zasnubnim-prsten\\\/#breadcrumb\",\"itemListElement\":[{\"@type\":\"ListItem\",\"position\":1,\"name\":\"Home\",\"item\":\"https:\\\/\\\/aureliusjewelry.com\\\/cs\\\/\"},{\"@type\":\"ListItem\",\"position\":2,\"name\":\"Prodejna\",\"item\":\"https:\\\/\\\/aureliusjewelry.com\\\/cs\\\/prodejna\\\/\"},{\"@type\":\"ListItem\",\"position\":3,\"name\":\"Sada z\u00e1snubn\u00ed prstenu s australsk\u00fdm op\u00e1lem a diamantov\u00fd z\u00e1snubn\u00edm prsten\"}]},{\"@type\":\"WebSite\",\"@id\":\"https:\\\/\\\/aureliusjewelry.com\\\/cs\\\/#website\",\"url\":\"https:\\\/\\\/aureliusjewelry.com\\\/cs\\\/\",\"name\":\"Aurelius Jewelry\",\"description\":\"Handmade Fine Gold Jewelry\",\"publisher\":{\"@id\":\"https:\\\/\\\/aureliusjewelry.com\\\/cs\\\/#organization\"},\"potentialAction\":[{\"@type\":\"SearchAction\",\"target\":{\"@type\":\"EntryPoint\",\"urlTemplate\":\"https:\\\/\\\/aureliusjewelry.com\\\/cs\\\/?s={search_term_string}\"},\"query-input\":{\"@type\":\"PropertyValueSpecification\",\"valueRequired\":true,\"valueName\":\"search_term_string\"}}],\"inLanguage\":\"cs\"},{\"@type\":\"Organization\",\"@id\":\"https:\\\/\\\/aureliusjewelry.com\\\/cs\\\/#organization\",\"name\":\"Aurelius Jewelry\",\"url\":\"https:\\\/\\\/aureliusjewelry.com\\\/cs\\\/\",\"logo\":{\"@type\":\"ImageObject\",\"inLanguage\":\"cs\",\"@id\":\"https:\\\/\\\/aureliusjewelry.com\\\/cs\\\/#\\\/schema\\\/logo\\\/image\\\/\",\"url\":\"https:\\\/\\\/aureliusjewelry.com\\\/wp-content\\\/uploads\\\/logo.png\",\"contentUrl\":\"https:\\\/\\\/aureliusjewelry.com\\\/wp-content\\\/uploads\\\/logo.png\",\"width\":400,\"height\":64,\"caption\":\"Aurelius Jewelry\"},\"image\":{\"@id\":\"https:\\\/\\\/aureliusjewelry.com\\\/cs\\\/#\\\/schema\\\/logo\\\/image\\\/\"},\"sameAs\":[\"https:\\\/\\\/www.facebook.com\\\/AureliusJewelry\\\/\",\"https:\\\/\\\/x.com\\\/AureliusJewelry\",\"https:\\\/\\\/instagram.com\\\/aureliusjewelry\",\"https:\\\/\\\/www.pinterest.com\\\/AureliusJewelry\\\/\"],\"email\":\"info@aureliusjewelry.com\",\"foundingDate\":\"2018-10-01\",\"vatID\":\"SI10391070\",\"hasMerchantReturnPolicy\":{\"@type\":\"MerchantReturnPolicy\",\"merchantReturnLink\":\"https:\\\/\\\/aureliusjewelry.com\\\/our-policies\\\/terms-conditions\\\/\"}}]}<\/script>\n<meta property=\"og:availability\" content=\"backorder\" \/>\n<meta property=\"product:availability\" content=\"available for order\" \/>\n<meta property=\"product:retailer_item_id\" content=\"15948\" \/>\n<meta property=\"product:condition\" content=\"new\" \/>","yoast_head_json":{"title":"Sada z\u00e1snubn\u00ed prstenu s australsk\u00fdm op\u00e1lem a diamantov\u00fd z\u00e1snubn\u00edm prsten - Aurelius Jewelry","robots":{"index":"index","follow":"follow","max-snippet":"max-snippet:-1","max-image-preview":"max-image-preview:large","max-video-preview":"max-video-preview:-1"},"canonical":"https:\/\/aureliusjewelry.com\/cs\/sada-zasnubni-prstenu-s-australskym-opalem-a-diamantovy-zasnubnim-prsten\/","og_locale":"cs_CZ","og_type":"article","og_title":"Sada z\u00e1snubn\u00ed prstenu s australsk\u00fdm op\u00e1lem a diamantov\u00fd z\u00e1snubn\u00edm prsten - Aurelius Jewelry","og_description":"%","og_url":"https:\/\/aureliusjewelry.com\/cs\/sada-zasnubni-prstenu-s-australskym-opalem-a-diamantovy-zasnubnim-prsten\/","og_site_name":"Aurelius Jewelry","article_publisher":"https:\/\/www.facebook.com\/AureliusJewelry\/","article_modified_time":"2026-04-14T05:22:46+00:00","og_image":[{"width":1920,"height":1440,"url":"https:\/\/aureliusjewelry.com\/wp-content\/uploads\/hruskovy-opal-svatebni-prsten-sada.jpg","type":"image\/jpeg"}],"twitter_card":"summary_large_image","twitter_site":"@AureliusJewelry","schema":{"@context":"https:\/\/schema.org","@graph":[{"@type":"WebPage","@id":"https:\/\/aureliusjewelry.com\/cs\/sada-zasnubni-prstenu-s-australskym-opalem-a-diamantovy-zasnubnim-prsten\/","url":"https:\/\/aureliusjewelry.com\/cs\/sada-zasnubni-prstenu-s-australskym-opalem-a-diamantovy-zasnubnim-prsten\/","name":"Sada z\u00e1snubn\u00ed prstenu s australsk\u00fdm op\u00e1lem a diamantov\u00fd z\u00e1snubn\u00edm prsten - Aurelius Jewelry","isPartOf":{"@id":"https:\/\/aureliusjewelry.com\/cs\/#website"},"primaryImageOfPage":{"@id":"https:\/\/aureliusjewelry.com\/cs\/sada-zasnubni-prstenu-s-australskym-opalem-a-diamantovy-zasnubnim-prsten\/#primaryimage"},"image":{"@id":"https:\/\/aureliusjewelry.com\/cs\/sada-zasnubni-prstenu-s-australskym-opalem-a-diamantovy-zasnubnim-prsten\/#primaryimage"},"thumbnailUrl":"https:\/\/aureliusjewelry.com\/wp-content\/uploads\/hruskovy-opal-svatebni-prsten-sada.jpg","datePublished":"2021-01-28T21:25:31+00:00","dateModified":"2026-04-14T05:22:46+00:00","breadcrumb":{"@id":"https:\/\/aureliusjewelry.com\/cs\/sada-zasnubni-prstenu-s-australskym-opalem-a-diamantovy-zasnubnim-prsten\/#breadcrumb"},"inLanguage":"cs","potentialAction":[{"@type":"ReadAction","target":["https:\/\/aureliusjewelry.com\/cs\/sada-zasnubni-prstenu-s-australskym-opalem-a-diamantovy-zasnubnim-prsten\/"]}]},{"@type":"ImageObject","inLanguage":"cs","@id":"https:\/\/aureliusjewelry.com\/cs\/sada-zasnubni-prstenu-s-australskym-opalem-a-diamantovy-zasnubnim-prsten\/#primaryimage","url":"https:\/\/aureliusjewelry.com\/wp-content\/uploads\/hruskovy-opal-svatebni-prsten-sada.jpg","contentUrl":"https:\/\/aureliusjewelry.com\/wp-content\/uploads\/hruskovy-opal-svatebni-prsten-sada.jpg","width":1920,"height":1440,"caption":"hru\u0161kov\u00fd op\u00e1l svatebn\u00ed prsten sada"},{"@type":"BreadcrumbList","@id":"https:\/\/aureliusjewelry.com\/cs\/sada-zasnubni-prstenu-s-australskym-opalem-a-diamantovy-zasnubnim-prsten\/#breadcrumb","itemListElement":[{"@type":"ListItem","position":1,"name":"Home","item":"https:\/\/aureliusjewelry.com\/cs\/"},{"@type":"ListItem","position":2,"name":"Prodejna","item":"https:\/\/aureliusjewelry.com\/cs\/prodejna\/"},{"@type":"ListItem","position":3,"name":"Sada z\u00e1snubn\u00ed prstenu s australsk\u00fdm op\u00e1lem a diamantov\u00fd z\u00e1snubn\u00edm prsten"}]},{"@type":"WebSite","@id":"https:\/\/aureliusjewelry.com\/cs\/#website","url":"https:\/\/aureliusjewelry.com\/cs\/","name":"Aurelius Jewelry","description":"Handmade Fine Gold Jewelry","publisher":{"@id":"https:\/\/aureliusjewelry.com\/cs\/#organization"},"potentialAction":[{"@type":"SearchAction","target":{"@type":"EntryPoint","urlTemplate":"https:\/\/aureliusjewelry.com\/cs\/?s={search_term_string}"},"query-input":{"@type":"PropertyValueSpecification","valueRequired":true,"valueName":"search_term_string"}}],"inLanguage":"cs"},{"@type":"Organization","@id":"https:\/\/aureliusjewelry.com\/cs\/#organization","name":"Aurelius Jewelry","url":"https:\/\/aureliusjewelry.com\/cs\/","logo":{"@type":"ImageObject","inLanguage":"cs","@id":"https:\/\/aureliusjewelry.com\/cs\/#\/schema\/logo\/image\/","url":"https:\/\/aureliusjewelry.com\/wp-content\/uploads\/logo.png","contentUrl":"https:\/\/aureliusjewelry.com\/wp-content\/uploads\/logo.png","width":400,"height":64,"caption":"Aurelius Jewelry"},"image":{"@id":"https:\/\/aureliusjewelry.com\/cs\/#\/schema\/logo\/image\/"},"sameAs":["https:\/\/www.facebook.com\/AureliusJewelry\/","https:\/\/x.com\/AureliusJewelry","https:\/\/instagram.com\/aureliusjewelry","https:\/\/www.pinterest.com\/AureliusJewelry\/"],"email":"info@aureliusjewelry.com","foundingDate":"2018-10-01","vatID":"SI10391070","hasMerchantReturnPolicy":{"@type":"MerchantReturnPolicy","merchantReturnLink":"https:\/\/aureliusjewelry.com\/our-policies\/terms-conditions\/"}}]},"og_availability":"backorder","product_availability":"available for order","product_retailer_item_id":"15948","product_condition":"new"},"_links":{"self":[{"href":"https:\/\/aureliusjewelry.com\/cs\/wp-json\/wp\/v2\/product\/17165","targetHints":{"allow":["GET"]}}],"collection":[{"href":"https:\/\/aureliusjewelry.com\/cs\/wp-json\/wp\/v2\/product"}],"about":[{"href":"https:\/\/aureliusjewelry.com\/cs\/wp-json\/wp\/v2\/types\/product"}],"replies":[{"embeddable":true,"href":"https:\/\/aureliusjewelry.com\/cs\/wp-json\/wp\/v2\/comments?post=17165"}],"wp:featuredmedia":[{"embeddable":true,"href":"https:\/\/aureliusjewelry.com\/cs\/wp-json\/wp\/v2\/media\/15957"}],"wp:attachment":[{"href":"https:\/\/aureliusjewelry.com\/cs\/wp-json\/wp\/v2\/media?parent=17165"}],"wp:term":[{"taxonomy":"product_brand","embeddable":true,"href":"https:\/\/aureliusjewelry.com\/cs\/wp-json\/wp\/v2\/product_brand?post=17165"},{"taxonomy":"product_cat","embeddable":true,"href":"https:\/\/aureliusjewelry.com\/cs\/wp-json\/wp\/v2\/product_cat?post=17165"},{"taxonomy":"product_tag","embeddable":true,"href":"https:\/\/aureliusjewelry.com\/cs\/wp-json\/wp\/v2\/product_tag?post=17165"}],"curies":[{"name":"wp","href":"https:\/\/api.w.org\/{rel}","templated":true}]}}