{"id":16962,"date":"2020-04-25T16:05:57","date_gmt":"2020-04-25T16:05:57","guid":{"rendered":"http:\/\/127.0.0.1\/product\/svetle-seda-sada-svatebnich-prstenu-ze-salt-and-pepper-diamantu\/"},"modified":"2026-03-19T18:46:14","modified_gmt":"2026-03-19T16:46:14","slug":"svetle-seda-sada-svatebnich-prstenu-ze-salt-and-pepper-diamantu","status":"publish","type":"product","link":"https:\/\/aureliusjewelry.com\/cs\/svetle-seda-sada-svatebnich-prstenu-ze-salt-and-pepper-diamantu\/","title":{"rendered":"Sv\u011btle \u0161ed\u00e1 sada svatebn\u00edch prsten\u016f ze Salt and Pepper diamant\u016f"},"content":{"rendered":"<div class=\"wpb-content-wrapper\"><p>[vc_row][vc_column][vc_column_text]<strong>Z\u00e1snubn\u00ed prsten<\/strong><br \/>\n&#8211; rose cut salt and pepper diamant ve tvaru \u0161t\u00edtu<br \/>\n&#8211; p\u0159ibli\u017en\u011b 8x7mm<\/p>\n<p><strong>Prst\u00fdnek<\/strong><br \/>\n&#8211; marquise a round diamanty<br \/>\n&#8211; p\u0159ibli\u017en\u011b 4x2mm (2), 1,25mm (4)<br \/>\n&#8211; F\/G barva, VS \u010distota, bezkonfliktn\u00ed a etick\u00e9<\/p>\n<p>Velikost a materi\u00e1l prstenu<br \/>\n&#8211; p\u0159ibli\u017en\u011b 1,5mm \u0161irok\u00fd, 1,6mm siln\u00fd<br \/>\n&#8211; dostupn\u00fd v 585\/1000 (14k) nebo 750\/1000 (18k) \u017elut\u00e9, b\u00edl\u00e9 nebo r\u016f\u017eov\u011b zlat\u00e9 a platinov\u00e9 950\/1000<br \/>\n&#8211; Velikosti US 3-9, men\u0161\u00ed a v\u011bt\u0161\u00ed velikosti d\u011bl\u00e1me na zak\u00e1zku[\/vc_column_text][\/vc_column][\/vc_row]<\/p>\n<\/div>","protected":false},"excerpt":{"rendered":"<p>Okouzluj\u00edc\u00ed geometricky soum\u011brn\u00fd prsten s p\u0159\u00edrodn\u00edm sv\u011btle \u0161ed\u00fdm Salt and Pepper diamantem ve tvaru \u0161t\u00edtu, vsazen\u00fd do masivn\u00edho zlat\u00e9ho prstenu s asymetrick\u00fdmi dr\u00e1pov\u00fdmi hroty. Je spojen s modern\u00ed otev\u0159enou diamantovou obrou\u010dkou prstene. Pokud hled\u00e1te jedine\u010dnou sadu snubn\u00edch prsten\u016f, toto je pro V\u00e1s to prav\u00e9! Ka\u017ed\u00fd diamant je jedine\u010dn\u00fd a chcete-li si vybrat jeden pro sv\u016fj prsten, kontaktujte n\u00e1s!<\/p>\n","protected":false},"featured_media":16967,"comment_status":"open","ping_status":"closed","template":"","meta":[],"product_brand":[],"product_cat":[1424,646,673,666,1072],"product_tag":[1262,709,708,1249,1268],"class_list":{"0":"post-16962","1":"product","2":"type-product","3":"status-publish","4":"has-post-thumbnail","6":"product_cat-dvoudilny-snubni-prsten","7":"product_cat-paired-kolekce","8":"product_cat-prsteny","9":"product_cat-sady-snubnich-prstenu","10":"product_cat-snubni-prsten-se-soli-a-peprem","11":"product_tag-diamant-se-soli-a-peprem","12":"product_tag-production_time_3_5-cs","13":"product_tag-rings-cs","14":"product_tag-sada-prstenu","15":"product_tag-stit","17":"first","18":"onbackorder","19":"sold-individually","20":"taxable","21":"shipping-taxable","22":"purchasable","23":"product-type-variable"},"yoast_head":"<title>Sv\u011btle \u0161ed\u00e1 sada svatebn\u00edch prsten\u016f ze Salt and Pepper diamant\u016f - Aurelius Jewelry<\/title>\n<meta name=\"robots\" content=\"index, follow, max-snippet:-1, max-image-preview:large, max-video-preview:-1\" \/>\n<link rel=\"canonical\" href=\"https:\/\/aureliusjewelry.com\/cs\/svetle-seda-sada-svatebnich-prstenu-ze-salt-and-pepper-diamantu\/\" \/>\n<meta property=\"og:locale\" content=\"cs_CZ\" \/>\n<meta property=\"og:type\" content=\"article\" \/>\n<meta property=\"og:title\" content=\"Sv\u011btle \u0161ed\u00e1 sada svatebn\u00edch prsten\u016f ze Salt and Pepper diamant\u016f - Aurelius Jewelry\" \/>\n<meta property=\"og:description\" content=\"%\" \/>\n<meta property=\"og:url\" content=\"https:\/\/aureliusjewelry.com\/cs\/svetle-seda-sada-svatebnich-prstenu-ze-salt-and-pepper-diamantu\/\" \/>\n<meta property=\"og:site_name\" content=\"Aurelius Jewelry\" \/>\n<meta property=\"article:publisher\" content=\"https:\/\/www.facebook.com\/AureliusJewelry\/\" \/>\n<meta property=\"article:modified_time\" content=\"2026-03-19T16:46:14+00:00\" \/>\n<meta property=\"og:image\" content=\"https:\/\/aureliusjewelry.com\/wp-content\/uploads\/shield-salt-and-pepper-diamond-wedding-band-set.jpg\" \/>\n\t<meta property=\"og:image:width\" content=\"1920\" \/>\n\t<meta property=\"og:image:height\" content=\"1440\" \/>\n\t<meta property=\"og:image:type\" content=\"image\/jpeg\" \/>\n<meta name=\"twitter:card\" content=\"summary_large_image\" \/>\n<meta name=\"twitter:site\" content=\"@AureliusJewelry\" \/>\n<script type=\"application\/ld+json\" class=\"yoast-schema-graph\">{\"@context\":\"https:\\\/\\\/schema.org\",\"@graph\":[{\"@type\":\"WebPage\",\"@id\":\"https:\\\/\\\/aureliusjewelry.com\\\/cs\\\/svetle-seda-sada-svatebnich-prstenu-ze-salt-and-pepper-diamantu\\\/\",\"url\":\"https:\\\/\\\/aureliusjewelry.com\\\/cs\\\/svetle-seda-sada-svatebnich-prstenu-ze-salt-and-pepper-diamantu\\\/\",\"name\":\"Sv\u011btle \u0161ed\u00e1 sada svatebn\u00edch prsten\u016f ze Salt and Pepper diamant\u016f - Aurelius Jewelry\",\"isPartOf\":{\"@id\":\"https:\\\/\\\/aureliusjewelry.com\\\/cs\\\/#website\"},\"primaryImageOfPage\":{\"@id\":\"https:\\\/\\\/aureliusjewelry.com\\\/cs\\\/svetle-seda-sada-svatebnich-prstenu-ze-salt-and-pepper-diamantu\\\/#primaryimage\"},\"image\":{\"@id\":\"https:\\\/\\\/aureliusjewelry.com\\\/cs\\\/svetle-seda-sada-svatebnich-prstenu-ze-salt-and-pepper-diamantu\\\/#primaryimage\"},\"thumbnailUrl\":\"https:\\\/\\\/aureliusjewelry.com\\\/wp-content\\\/uploads\\\/shield-salt-and-pepper-diamond-wedding-band-set.jpg\",\"datePublished\":\"2020-04-25T16:05:57+00:00\",\"dateModified\":\"2026-03-19T16:46:14+00:00\",\"breadcrumb\":{\"@id\":\"https:\\\/\\\/aureliusjewelry.com\\\/cs\\\/svetle-seda-sada-svatebnich-prstenu-ze-salt-and-pepper-diamantu\\\/#breadcrumb\"},\"inLanguage\":\"cs\",\"potentialAction\":[{\"@type\":\"ReadAction\",\"target\":[\"https:\\\/\\\/aureliusjewelry.com\\\/cs\\\/svetle-seda-sada-svatebnich-prstenu-ze-salt-and-pepper-diamantu\\\/\"]}]},{\"@type\":\"ImageObject\",\"inLanguage\":\"cs\",\"@id\":\"https:\\\/\\\/aureliusjewelry.com\\\/cs\\\/svetle-seda-sada-svatebnich-prstenu-ze-salt-and-pepper-diamantu\\\/#primaryimage\",\"url\":\"https:\\\/\\\/aureliusjewelry.com\\\/wp-content\\\/uploads\\\/shield-salt-and-pepper-diamond-wedding-band-set.jpg\",\"contentUrl\":\"https:\\\/\\\/aureliusjewelry.com\\\/wp-content\\\/uploads\\\/shield-salt-and-pepper-diamond-wedding-band-set.jpg\",\"width\":1920,\"height\":1440},{\"@type\":\"BreadcrumbList\",\"@id\":\"https:\\\/\\\/aureliusjewelry.com\\\/cs\\\/svetle-seda-sada-svatebnich-prstenu-ze-salt-and-pepper-diamantu\\\/#breadcrumb\",\"itemListElement\":[{\"@type\":\"ListItem\",\"position\":1,\"name\":\"Home\",\"item\":\"https:\\\/\\\/aureliusjewelry.com\\\/cs\\\/\"},{\"@type\":\"ListItem\",\"position\":2,\"name\":\"Prodejna\",\"item\":\"https:\\\/\\\/aureliusjewelry.com\\\/cs\\\/prodejna\\\/\"},{\"@type\":\"ListItem\",\"position\":3,\"name\":\"Sv\u011btle \u0161ed\u00e1 sada svatebn\u00edch prsten\u016f ze Salt and Pepper diamant\u016f\"}]},{\"@type\":\"WebSite\",\"@id\":\"https:\\\/\\\/aureliusjewelry.com\\\/cs\\\/#website\",\"url\":\"https:\\\/\\\/aureliusjewelry.com\\\/cs\\\/\",\"name\":\"Aurelius Jewelry\",\"description\":\"Handmade Fine Gold Jewelry\",\"publisher\":{\"@id\":\"https:\\\/\\\/aureliusjewelry.com\\\/cs\\\/#organization\"},\"potentialAction\":[{\"@type\":\"SearchAction\",\"target\":{\"@type\":\"EntryPoint\",\"urlTemplate\":\"https:\\\/\\\/aureliusjewelry.com\\\/cs\\\/?s={search_term_string}\"},\"query-input\":{\"@type\":\"PropertyValueSpecification\",\"valueRequired\":true,\"valueName\":\"search_term_string\"}}],\"inLanguage\":\"cs\"},{\"@type\":\"Organization\",\"@id\":\"https:\\\/\\\/aureliusjewelry.com\\\/cs\\\/#organization\",\"name\":\"Aurelius Jewelry\",\"url\":\"https:\\\/\\\/aureliusjewelry.com\\\/cs\\\/\",\"logo\":{\"@type\":\"ImageObject\",\"inLanguage\":\"cs\",\"@id\":\"https:\\\/\\\/aureliusjewelry.com\\\/cs\\\/#\\\/schema\\\/logo\\\/image\\\/\",\"url\":\"https:\\\/\\\/aureliusjewelry.com\\\/wp-content\\\/uploads\\\/logo.png\",\"contentUrl\":\"https:\\\/\\\/aureliusjewelry.com\\\/wp-content\\\/uploads\\\/logo.png\",\"width\":400,\"height\":64,\"caption\":\"Aurelius Jewelry\"},\"image\":{\"@id\":\"https:\\\/\\\/aureliusjewelry.com\\\/cs\\\/#\\\/schema\\\/logo\\\/image\\\/\"},\"sameAs\":[\"https:\\\/\\\/www.facebook.com\\\/AureliusJewelry\\\/\",\"https:\\\/\\\/x.com\\\/AureliusJewelry\",\"https:\\\/\\\/instagram.com\\\/aureliusjewelry\",\"https:\\\/\\\/www.pinterest.com\\\/AureliusJewelry\\\/\"],\"email\":\"info@aureliusjewelry.com\",\"foundingDate\":\"2018-10-01\",\"vatID\":\"SI10391070\",\"hasMerchantReturnPolicy\":{\"@type\":\"MerchantReturnPolicy\",\"merchantReturnLink\":\"https:\\\/\\\/aureliusjewelry.com\\\/our-policies\\\/terms-conditions\\\/\"}}]}<\/script>\n<meta property=\"og:availability\" content=\"backorder\" \/>\n<meta property=\"product:availability\" content=\"available for order\" \/>\n<meta property=\"product:retailer_item_id\" content=\"10235\" \/>\n<meta property=\"product:condition\" content=\"new\" \/>","yoast_head_json":{"title":"Sv\u011btle \u0161ed\u00e1 sada svatebn\u00edch prsten\u016f ze Salt and Pepper diamant\u016f - Aurelius Jewelry","robots":{"index":"index","follow":"follow","max-snippet":"max-snippet:-1","max-image-preview":"max-image-preview:large","max-video-preview":"max-video-preview:-1"},"canonical":"https:\/\/aureliusjewelry.com\/cs\/svetle-seda-sada-svatebnich-prstenu-ze-salt-and-pepper-diamantu\/","og_locale":"cs_CZ","og_type":"article","og_title":"Sv\u011btle \u0161ed\u00e1 sada svatebn\u00edch prsten\u016f ze Salt and Pepper diamant\u016f - Aurelius Jewelry","og_description":"%","og_url":"https:\/\/aureliusjewelry.com\/cs\/svetle-seda-sada-svatebnich-prstenu-ze-salt-and-pepper-diamantu\/","og_site_name":"Aurelius Jewelry","article_publisher":"https:\/\/www.facebook.com\/AureliusJewelry\/","article_modified_time":"2026-03-19T16:46:14+00:00","og_image":[{"width":1920,"height":1440,"url":"https:\/\/aureliusjewelry.com\/wp-content\/uploads\/shield-salt-and-pepper-diamond-wedding-band-set.jpg","type":"image\/jpeg"}],"twitter_card":"summary_large_image","twitter_site":"@AureliusJewelry","schema":{"@context":"https:\/\/schema.org","@graph":[{"@type":"WebPage","@id":"https:\/\/aureliusjewelry.com\/cs\/svetle-seda-sada-svatebnich-prstenu-ze-salt-and-pepper-diamantu\/","url":"https:\/\/aureliusjewelry.com\/cs\/svetle-seda-sada-svatebnich-prstenu-ze-salt-and-pepper-diamantu\/","name":"Sv\u011btle \u0161ed\u00e1 sada svatebn\u00edch prsten\u016f ze Salt and Pepper diamant\u016f - Aurelius Jewelry","isPartOf":{"@id":"https:\/\/aureliusjewelry.com\/cs\/#website"},"primaryImageOfPage":{"@id":"https:\/\/aureliusjewelry.com\/cs\/svetle-seda-sada-svatebnich-prstenu-ze-salt-and-pepper-diamantu\/#primaryimage"},"image":{"@id":"https:\/\/aureliusjewelry.com\/cs\/svetle-seda-sada-svatebnich-prstenu-ze-salt-and-pepper-diamantu\/#primaryimage"},"thumbnailUrl":"https:\/\/aureliusjewelry.com\/wp-content\/uploads\/shield-salt-and-pepper-diamond-wedding-band-set.jpg","datePublished":"2020-04-25T16:05:57+00:00","dateModified":"2026-03-19T16:46:14+00:00","breadcrumb":{"@id":"https:\/\/aureliusjewelry.com\/cs\/svetle-seda-sada-svatebnich-prstenu-ze-salt-and-pepper-diamantu\/#breadcrumb"},"inLanguage":"cs","potentialAction":[{"@type":"ReadAction","target":["https:\/\/aureliusjewelry.com\/cs\/svetle-seda-sada-svatebnich-prstenu-ze-salt-and-pepper-diamantu\/"]}]},{"@type":"ImageObject","inLanguage":"cs","@id":"https:\/\/aureliusjewelry.com\/cs\/svetle-seda-sada-svatebnich-prstenu-ze-salt-and-pepper-diamantu\/#primaryimage","url":"https:\/\/aureliusjewelry.com\/wp-content\/uploads\/shield-salt-and-pepper-diamond-wedding-band-set.jpg","contentUrl":"https:\/\/aureliusjewelry.com\/wp-content\/uploads\/shield-salt-and-pepper-diamond-wedding-band-set.jpg","width":1920,"height":1440},{"@type":"BreadcrumbList","@id":"https:\/\/aureliusjewelry.com\/cs\/svetle-seda-sada-svatebnich-prstenu-ze-salt-and-pepper-diamantu\/#breadcrumb","itemListElement":[{"@type":"ListItem","position":1,"name":"Home","item":"https:\/\/aureliusjewelry.com\/cs\/"},{"@type":"ListItem","position":2,"name":"Prodejna","item":"https:\/\/aureliusjewelry.com\/cs\/prodejna\/"},{"@type":"ListItem","position":3,"name":"Sv\u011btle \u0161ed\u00e1 sada svatebn\u00edch prsten\u016f ze Salt and Pepper diamant\u016f"}]},{"@type":"WebSite","@id":"https:\/\/aureliusjewelry.com\/cs\/#website","url":"https:\/\/aureliusjewelry.com\/cs\/","name":"Aurelius Jewelry","description":"Handmade Fine Gold Jewelry","publisher":{"@id":"https:\/\/aureliusjewelry.com\/cs\/#organization"},"potentialAction":[{"@type":"SearchAction","target":{"@type":"EntryPoint","urlTemplate":"https:\/\/aureliusjewelry.com\/cs\/?s={search_term_string}"},"query-input":{"@type":"PropertyValueSpecification","valueRequired":true,"valueName":"search_term_string"}}],"inLanguage":"cs"},{"@type":"Organization","@id":"https:\/\/aureliusjewelry.com\/cs\/#organization","name":"Aurelius Jewelry","url":"https:\/\/aureliusjewelry.com\/cs\/","logo":{"@type":"ImageObject","inLanguage":"cs","@id":"https:\/\/aureliusjewelry.com\/cs\/#\/schema\/logo\/image\/","url":"https:\/\/aureliusjewelry.com\/wp-content\/uploads\/logo.png","contentUrl":"https:\/\/aureliusjewelry.com\/wp-content\/uploads\/logo.png","width":400,"height":64,"caption":"Aurelius Jewelry"},"image":{"@id":"https:\/\/aureliusjewelry.com\/cs\/#\/schema\/logo\/image\/"},"sameAs":["https:\/\/www.facebook.com\/AureliusJewelry\/","https:\/\/x.com\/AureliusJewelry","https:\/\/instagram.com\/aureliusjewelry","https:\/\/www.pinterest.com\/AureliusJewelry\/"],"email":"info@aureliusjewelry.com","foundingDate":"2018-10-01","vatID":"SI10391070","hasMerchantReturnPolicy":{"@type":"MerchantReturnPolicy","merchantReturnLink":"https:\/\/aureliusjewelry.com\/our-policies\/terms-conditions\/"}}]},"og_availability":"backorder","product_availability":"available for order","product_retailer_item_id":"10235","product_condition":"new"},"_links":{"self":[{"href":"https:\/\/aureliusjewelry.com\/cs\/wp-json\/wp\/v2\/product\/16962","targetHints":{"allow":["GET"]}}],"collection":[{"href":"https:\/\/aureliusjewelry.com\/cs\/wp-json\/wp\/v2\/product"}],"about":[{"href":"https:\/\/aureliusjewelry.com\/cs\/wp-json\/wp\/v2\/types\/product"}],"replies":[{"embeddable":true,"href":"https:\/\/aureliusjewelry.com\/cs\/wp-json\/wp\/v2\/comments?post=16962"}],"wp:featuredmedia":[{"embeddable":true,"href":"https:\/\/aureliusjewelry.com\/cs\/wp-json\/wp\/v2\/media\/16967"}],"wp:attachment":[{"href":"https:\/\/aureliusjewelry.com\/cs\/wp-json\/wp\/v2\/media?parent=16962"}],"wp:term":[{"taxonomy":"product_brand","embeddable":true,"href":"https:\/\/aureliusjewelry.com\/cs\/wp-json\/wp\/v2\/product_brand?post=16962"},{"taxonomy":"product_cat","embeddable":true,"href":"https:\/\/aureliusjewelry.com\/cs\/wp-json\/wp\/v2\/product_cat?post=16962"},{"taxonomy":"product_tag","embeddable":true,"href":"https:\/\/aureliusjewelry.com\/cs\/wp-json\/wp\/v2\/product_tag?post=16962"}],"curies":[{"name":"wp","href":"https:\/\/api.w.org\/{rel}","templated":true}]}}