{"id":16871,"date":"2020-04-22T21:16:26","date_gmt":"2020-04-22T21:16:26","guid":{"rendered":"http:\/\/127.0.0.1\/product\/stohovaci-snubni-prsten-se-salt-and-pepper-diamanty-ve-tvaru-v\/"},"modified":"2026-03-19T17:23:52","modified_gmt":"2026-03-19T15:23:52","slug":"stohovaci-snubni-prsten-se-salt-and-pepper-diamanty-ve-tvaru-v","status":"publish","type":"product","link":"https:\/\/aureliusjewelry.com\/cs\/stohovaci-snubni-prsten-se-salt-and-pepper-diamanty-ve-tvaru-v\/","title":{"rendered":"Stohovac\u00ed snubn\u00ed prsten se Salt and Pepper diamanty ve tvaru V"},"content":{"rendered":"<div class=\"wpb-content-wrapper\"><p>[vc_row][vc_column][vc_column_text]<strong>Kameny<\/strong><br \/>\n&#8211; Salt and Pepper diamanty brilliant round<br \/>\n&#8211; p\u0159ibli\u017en\u011b 2mm (3)<\/p>\n<p><strong>Velikost a materi\u00e1l prstenu<\/strong><br \/>\n&#8211; 1,5mm \u0161irok\u00fd, 1,6mm siln\u00fd<br \/>\n&#8211; dostupn\u00fd v 585\/1000 (14k) nebo 750\/1000 (18k) \u017elut\u00e9, b\u00edl\u00e9 nebo r\u016f\u017eov\u011b zlat\u00e9 a platinov\u00e9 950\/1000<br \/>\n&#8211; Velikosti US 3-9, men\u0161\u00ed a v\u011bt\u0161\u00ed velikosti d\u011bl\u00e1me na zak\u00e1zku[\/vc_column_text][\/vc_column][\/vc_row]<\/p>\n<\/div>","protected":false},"excerpt":{"rendered":"<p>Tento stohovac\u00ed prstenec ve tvaru p\u00edsmene V se t\u0159emi kulat\u00fdmi Salt and Pepper diamanty byl vytvo\u0159en tak, aby odpov\u00eddal geometrick\u00e9mu z\u00e1snubn\u00edmu prstenu se \u010dtvercov\u00fdm, \u0161estihrann\u00fdm nebo drakov\u00fdm kamenem. Spole\u010dn\u011b tyto dva prsteny vytv\u00e1\u0159ej\u00ed kr\u00e1snou modern\u00ed svatebn\u00ed sadu prsten\u016f. Prsten lze tak\u00e9 upravit, aby se ve\u0161el na jeden z va\u0161ich prsten\u016f. Chcete-li to zajistit, kontaktujte n\u00e1s s \u017e\u00e1dost\u00ed o p\u0159izp\u016fsoben\u00ed.<\/p>\n","protected":false},"featured_media":16872,"comment_status":"open","ping_status":"closed","template":"","meta":[],"product_brand":[],"product_cat":[674,1421,673,665,1402,647,1425],"product_tag":[1262,709,708],"class_list":{"0":"post-16871","1":"product","2":"type-product","3":"status-publish","4":"has-post-thumbnail","6":"product_cat-damske-snubni-prsteny","7":"product_cat-jednoduche-snubni-prsteny","8":"product_cat-prsteny","9":"product_cat-snubni-prsteny","10":"product_cat-snubni-prsteny-drahokam","11":"product_cat-stackable-kolekce","12":"product_cat-stohovani-snubni-prsten","13":"product_tag-diamant-se-soli-a-peprem","14":"product_tag-production_time_3_5-cs","15":"product_tag-rings-cs","17":"first","18":"onbackorder","19":"sold-individually","20":"taxable","21":"shipping-taxable","22":"purchasable","23":"product-type-variable"},"yoast_head":"<title>Stohovac\u00ed snubn\u00ed prsten se Salt and Pepper diamanty ve tvaru V - Aurelius Jewelry<\/title>\n<meta name=\"robots\" content=\"index, follow, max-snippet:-1, max-image-preview:large, max-video-preview:-1\" \/>\n<link rel=\"canonical\" href=\"https:\/\/aureliusjewelry.com\/cs\/stohovaci-snubni-prsten-se-salt-and-pepper-diamanty-ve-tvaru-v\/\" \/>\n<meta property=\"og:locale\" content=\"cs_CZ\" \/>\n<meta property=\"og:type\" content=\"article\" \/>\n<meta property=\"og:title\" content=\"Stohovac\u00ed snubn\u00ed prsten se Salt and Pepper diamanty ve tvaru V - Aurelius Jewelry\" \/>\n<meta property=\"og:description\" content=\"%\" \/>\n<meta property=\"og:url\" content=\"https:\/\/aureliusjewelry.com\/cs\/stohovaci-snubni-prsten-se-salt-and-pepper-diamanty-ve-tvaru-v\/\" \/>\n<meta property=\"og:site_name\" content=\"Aurelius Jewelry\" \/>\n<meta property=\"article:publisher\" content=\"https:\/\/www.facebook.com\/AureliusJewelry\/\" \/>\n<meta property=\"article:modified_time\" content=\"2026-03-19T15:23:52+00:00\" \/>\n<meta property=\"og:image\" content=\"https:\/\/aureliusjewelry.com\/wp-content\/uploads\/three-stone-wedding-ring.jpg\" \/>\n\t<meta property=\"og:image:width\" content=\"1920\" \/>\n\t<meta property=\"og:image:height\" content=\"1440\" \/>\n\t<meta property=\"og:image:type\" content=\"image\/jpeg\" \/>\n<meta name=\"twitter:card\" content=\"summary_large_image\" \/>\n<meta name=\"twitter:site\" content=\"@AureliusJewelry\" \/>\n<script type=\"application\/ld+json\" class=\"yoast-schema-graph\">{\"@context\":\"https:\\\/\\\/schema.org\",\"@graph\":[{\"@type\":\"WebPage\",\"@id\":\"https:\\\/\\\/aureliusjewelry.com\\\/cs\\\/stohovaci-snubni-prsten-se-salt-and-pepper-diamanty-ve-tvaru-v\\\/\",\"url\":\"https:\\\/\\\/aureliusjewelry.com\\\/cs\\\/stohovaci-snubni-prsten-se-salt-and-pepper-diamanty-ve-tvaru-v\\\/\",\"name\":\"Stohovac\u00ed snubn\u00ed prsten se Salt and Pepper diamanty ve tvaru V - Aurelius Jewelry\",\"isPartOf\":{\"@id\":\"https:\\\/\\\/aureliusjewelry.com\\\/cs\\\/#website\"},\"primaryImageOfPage\":{\"@id\":\"https:\\\/\\\/aureliusjewelry.com\\\/cs\\\/stohovaci-snubni-prsten-se-salt-and-pepper-diamanty-ve-tvaru-v\\\/#primaryimage\"},\"image\":{\"@id\":\"https:\\\/\\\/aureliusjewelry.com\\\/cs\\\/stohovaci-snubni-prsten-se-salt-and-pepper-diamanty-ve-tvaru-v\\\/#primaryimage\"},\"thumbnailUrl\":\"https:\\\/\\\/aureliusjewelry.com\\\/wp-content\\\/uploads\\\/three-stone-wedding-ring.jpg\",\"datePublished\":\"2020-04-22T21:16:26+00:00\",\"dateModified\":\"2026-03-19T15:23:52+00:00\",\"breadcrumb\":{\"@id\":\"https:\\\/\\\/aureliusjewelry.com\\\/cs\\\/stohovaci-snubni-prsten-se-salt-and-pepper-diamanty-ve-tvaru-v\\\/#breadcrumb\"},\"inLanguage\":\"cs\",\"potentialAction\":[{\"@type\":\"ReadAction\",\"target\":[\"https:\\\/\\\/aureliusjewelry.com\\\/cs\\\/stohovaci-snubni-prsten-se-salt-and-pepper-diamanty-ve-tvaru-v\\\/\"]}]},{\"@type\":\"ImageObject\",\"inLanguage\":\"cs\",\"@id\":\"https:\\\/\\\/aureliusjewelry.com\\\/cs\\\/stohovaci-snubni-prsten-se-salt-and-pepper-diamanty-ve-tvaru-v\\\/#primaryimage\",\"url\":\"https:\\\/\\\/aureliusjewelry.com\\\/wp-content\\\/uploads\\\/three-stone-wedding-ring.jpg\",\"contentUrl\":\"https:\\\/\\\/aureliusjewelry.com\\\/wp-content\\\/uploads\\\/three-stone-wedding-ring.jpg\",\"width\":1920,\"height\":1440},{\"@type\":\"BreadcrumbList\",\"@id\":\"https:\\\/\\\/aureliusjewelry.com\\\/cs\\\/stohovaci-snubni-prsten-se-salt-and-pepper-diamanty-ve-tvaru-v\\\/#breadcrumb\",\"itemListElement\":[{\"@type\":\"ListItem\",\"position\":1,\"name\":\"Home\",\"item\":\"https:\\\/\\\/aureliusjewelry.com\\\/cs\\\/\"},{\"@type\":\"ListItem\",\"position\":2,\"name\":\"Prodejna\",\"item\":\"https:\\\/\\\/aureliusjewelry.com\\\/cs\\\/prodejna\\\/\"},{\"@type\":\"ListItem\",\"position\":3,\"name\":\"Stohovac\u00ed snubn\u00ed prsten se Salt and Pepper diamanty ve tvaru V\"}]},{\"@type\":\"WebSite\",\"@id\":\"https:\\\/\\\/aureliusjewelry.com\\\/cs\\\/#website\",\"url\":\"https:\\\/\\\/aureliusjewelry.com\\\/cs\\\/\",\"name\":\"Aurelius Jewelry\",\"description\":\"Handmade Fine Gold Jewelry\",\"publisher\":{\"@id\":\"https:\\\/\\\/aureliusjewelry.com\\\/cs\\\/#organization\"},\"potentialAction\":[{\"@type\":\"SearchAction\",\"target\":{\"@type\":\"EntryPoint\",\"urlTemplate\":\"https:\\\/\\\/aureliusjewelry.com\\\/cs\\\/?s={search_term_string}\"},\"query-input\":{\"@type\":\"PropertyValueSpecification\",\"valueRequired\":true,\"valueName\":\"search_term_string\"}}],\"inLanguage\":\"cs\"},{\"@type\":\"Organization\",\"@id\":\"https:\\\/\\\/aureliusjewelry.com\\\/cs\\\/#organization\",\"name\":\"Aurelius Jewelry\",\"url\":\"https:\\\/\\\/aureliusjewelry.com\\\/cs\\\/\",\"logo\":{\"@type\":\"ImageObject\",\"inLanguage\":\"cs\",\"@id\":\"https:\\\/\\\/aureliusjewelry.com\\\/cs\\\/#\\\/schema\\\/logo\\\/image\\\/\",\"url\":\"https:\\\/\\\/aureliusjewelry.com\\\/wp-content\\\/uploads\\\/logo.png\",\"contentUrl\":\"https:\\\/\\\/aureliusjewelry.com\\\/wp-content\\\/uploads\\\/logo.png\",\"width\":400,\"height\":64,\"caption\":\"Aurelius Jewelry\"},\"image\":{\"@id\":\"https:\\\/\\\/aureliusjewelry.com\\\/cs\\\/#\\\/schema\\\/logo\\\/image\\\/\"},\"sameAs\":[\"https:\\\/\\\/www.facebook.com\\\/AureliusJewelry\\\/\",\"https:\\\/\\\/x.com\\\/AureliusJewelry\",\"https:\\\/\\\/instagram.com\\\/aureliusjewelry\",\"https:\\\/\\\/www.pinterest.com\\\/AureliusJewelry\\\/\"],\"email\":\"info@aureliusjewelry.com\",\"foundingDate\":\"2018-10-01\",\"vatID\":\"SI10391070\",\"hasMerchantReturnPolicy\":{\"@type\":\"MerchantReturnPolicy\",\"merchantReturnLink\":\"https:\\\/\\\/aureliusjewelry.com\\\/our-policies\\\/terms-conditions\\\/\"}}]}<\/script>\n<meta property=\"og:availability\" content=\"backorder\" \/>\n<meta property=\"product:availability\" content=\"available for order\" \/>\n<meta property=\"product:retailer_item_id\" content=\"9957\" \/>\n<meta property=\"product:condition\" content=\"new\" \/>","yoast_head_json":{"title":"Stohovac\u00ed snubn\u00ed prsten se Salt and Pepper diamanty ve tvaru V - Aurelius Jewelry","robots":{"index":"index","follow":"follow","max-snippet":"max-snippet:-1","max-image-preview":"max-image-preview:large","max-video-preview":"max-video-preview:-1"},"canonical":"https:\/\/aureliusjewelry.com\/cs\/stohovaci-snubni-prsten-se-salt-and-pepper-diamanty-ve-tvaru-v\/","og_locale":"cs_CZ","og_type":"article","og_title":"Stohovac\u00ed snubn\u00ed prsten se Salt and Pepper diamanty ve tvaru V - Aurelius Jewelry","og_description":"%","og_url":"https:\/\/aureliusjewelry.com\/cs\/stohovaci-snubni-prsten-se-salt-and-pepper-diamanty-ve-tvaru-v\/","og_site_name":"Aurelius Jewelry","article_publisher":"https:\/\/www.facebook.com\/AureliusJewelry\/","article_modified_time":"2026-03-19T15:23:52+00:00","og_image":[{"width":1920,"height":1440,"url":"https:\/\/aureliusjewelry.com\/wp-content\/uploads\/three-stone-wedding-ring.jpg","type":"image\/jpeg"}],"twitter_card":"summary_large_image","twitter_site":"@AureliusJewelry","schema":{"@context":"https:\/\/schema.org","@graph":[{"@type":"WebPage","@id":"https:\/\/aureliusjewelry.com\/cs\/stohovaci-snubni-prsten-se-salt-and-pepper-diamanty-ve-tvaru-v\/","url":"https:\/\/aureliusjewelry.com\/cs\/stohovaci-snubni-prsten-se-salt-and-pepper-diamanty-ve-tvaru-v\/","name":"Stohovac\u00ed snubn\u00ed prsten se Salt and Pepper diamanty ve tvaru V - Aurelius Jewelry","isPartOf":{"@id":"https:\/\/aureliusjewelry.com\/cs\/#website"},"primaryImageOfPage":{"@id":"https:\/\/aureliusjewelry.com\/cs\/stohovaci-snubni-prsten-se-salt-and-pepper-diamanty-ve-tvaru-v\/#primaryimage"},"image":{"@id":"https:\/\/aureliusjewelry.com\/cs\/stohovaci-snubni-prsten-se-salt-and-pepper-diamanty-ve-tvaru-v\/#primaryimage"},"thumbnailUrl":"https:\/\/aureliusjewelry.com\/wp-content\/uploads\/three-stone-wedding-ring.jpg","datePublished":"2020-04-22T21:16:26+00:00","dateModified":"2026-03-19T15:23:52+00:00","breadcrumb":{"@id":"https:\/\/aureliusjewelry.com\/cs\/stohovaci-snubni-prsten-se-salt-and-pepper-diamanty-ve-tvaru-v\/#breadcrumb"},"inLanguage":"cs","potentialAction":[{"@type":"ReadAction","target":["https:\/\/aureliusjewelry.com\/cs\/stohovaci-snubni-prsten-se-salt-and-pepper-diamanty-ve-tvaru-v\/"]}]},{"@type":"ImageObject","inLanguage":"cs","@id":"https:\/\/aureliusjewelry.com\/cs\/stohovaci-snubni-prsten-se-salt-and-pepper-diamanty-ve-tvaru-v\/#primaryimage","url":"https:\/\/aureliusjewelry.com\/wp-content\/uploads\/three-stone-wedding-ring.jpg","contentUrl":"https:\/\/aureliusjewelry.com\/wp-content\/uploads\/three-stone-wedding-ring.jpg","width":1920,"height":1440},{"@type":"BreadcrumbList","@id":"https:\/\/aureliusjewelry.com\/cs\/stohovaci-snubni-prsten-se-salt-and-pepper-diamanty-ve-tvaru-v\/#breadcrumb","itemListElement":[{"@type":"ListItem","position":1,"name":"Home","item":"https:\/\/aureliusjewelry.com\/cs\/"},{"@type":"ListItem","position":2,"name":"Prodejna","item":"https:\/\/aureliusjewelry.com\/cs\/prodejna\/"},{"@type":"ListItem","position":3,"name":"Stohovac\u00ed snubn\u00ed prsten se Salt and Pepper diamanty ve tvaru V"}]},{"@type":"WebSite","@id":"https:\/\/aureliusjewelry.com\/cs\/#website","url":"https:\/\/aureliusjewelry.com\/cs\/","name":"Aurelius Jewelry","description":"Handmade Fine Gold Jewelry","publisher":{"@id":"https:\/\/aureliusjewelry.com\/cs\/#organization"},"potentialAction":[{"@type":"SearchAction","target":{"@type":"EntryPoint","urlTemplate":"https:\/\/aureliusjewelry.com\/cs\/?s={search_term_string}"},"query-input":{"@type":"PropertyValueSpecification","valueRequired":true,"valueName":"search_term_string"}}],"inLanguage":"cs"},{"@type":"Organization","@id":"https:\/\/aureliusjewelry.com\/cs\/#organization","name":"Aurelius Jewelry","url":"https:\/\/aureliusjewelry.com\/cs\/","logo":{"@type":"ImageObject","inLanguage":"cs","@id":"https:\/\/aureliusjewelry.com\/cs\/#\/schema\/logo\/image\/","url":"https:\/\/aureliusjewelry.com\/wp-content\/uploads\/logo.png","contentUrl":"https:\/\/aureliusjewelry.com\/wp-content\/uploads\/logo.png","width":400,"height":64,"caption":"Aurelius Jewelry"},"image":{"@id":"https:\/\/aureliusjewelry.com\/cs\/#\/schema\/logo\/image\/"},"sameAs":["https:\/\/www.facebook.com\/AureliusJewelry\/","https:\/\/x.com\/AureliusJewelry","https:\/\/instagram.com\/aureliusjewelry","https:\/\/www.pinterest.com\/AureliusJewelry\/"],"email":"info@aureliusjewelry.com","foundingDate":"2018-10-01","vatID":"SI10391070","hasMerchantReturnPolicy":{"@type":"MerchantReturnPolicy","merchantReturnLink":"https:\/\/aureliusjewelry.com\/our-policies\/terms-conditions\/"}}]},"og_availability":"backorder","product_availability":"available for order","product_retailer_item_id":"9957","product_condition":"new"},"_links":{"self":[{"href":"https:\/\/aureliusjewelry.com\/cs\/wp-json\/wp\/v2\/product\/16871","targetHints":{"allow":["GET"]}}],"collection":[{"href":"https:\/\/aureliusjewelry.com\/cs\/wp-json\/wp\/v2\/product"}],"about":[{"href":"https:\/\/aureliusjewelry.com\/cs\/wp-json\/wp\/v2\/types\/product"}],"replies":[{"embeddable":true,"href":"https:\/\/aureliusjewelry.com\/cs\/wp-json\/wp\/v2\/comments?post=16871"}],"wp:featuredmedia":[{"embeddable":true,"href":"https:\/\/aureliusjewelry.com\/cs\/wp-json\/wp\/v2\/media\/16872"}],"wp:attachment":[{"href":"https:\/\/aureliusjewelry.com\/cs\/wp-json\/wp\/v2\/media?parent=16871"}],"wp:term":[{"taxonomy":"product_brand","embeddable":true,"href":"https:\/\/aureliusjewelry.com\/cs\/wp-json\/wp\/v2\/product_brand?post=16871"},{"taxonomy":"product_cat","embeddable":true,"href":"https:\/\/aureliusjewelry.com\/cs\/wp-json\/wp\/v2\/product_cat?post=16871"},{"taxonomy":"product_tag","embeddable":true,"href":"https:\/\/aureliusjewelry.com\/cs\/wp-json\/wp\/v2\/product_tag?post=16871"}],"curies":[{"name":"wp","href":"https:\/\/api.w.org\/{rel}","templated":true}]}}