{"id":27846,"date":"2021-05-12T14:05:52","date_gmt":"2021-05-12T12:05:52","guid":{"rendered":"http:\/\/127.0.0.1\/pruvodci\/"},"modified":"2021-05-13T12:57:50","modified_gmt":"2021-05-13T10:57:50","slug":"pruvodci","status":"publish","type":"page","link":"https:\/\/aureliusjewelry.com\/cs\/pruvodci\/","title":{"rendered":"Pr\u016fvodci"},"content":{"rendered":"<div class=\"wpb-content-wrapper\"><p>[vc_row content_placement=&#8220;middle&#8220; seperator_enable=&#8220;seperator_enable_value&#8220; seperator_position=&#8220;bottom_seperator&#8220;][vc_column width=&#8220;1\/3&#8243;][vc_single_image image=&#8220;16026&#8243; img_size=&#8220;full&#8220;][\/vc_column][vc_column width=&#8220;2\/3&#8243;][vc_column_text]<\/p>\n<h2 style=\"margin-top: 0px!important;\">Pr\u016fvodce drahokamy narozen\u00ed dle m\u011bs\u00edce &#8211; najd\u011bte sv\u016fj drahokam<\/h2>\n<p>Ka\u017ed\u00fd drahokam je kategorizov\u00e1n podle m\u011bs\u00edce a pojmenovali jsme je rodn\u00e9 kameny. Drah\u00e9 kameny s jejich okouzluj\u00edc\u00edmi barvami vykazuj\u00ed v\u011b\u010dn\u00e9 a duchovn\u00ed spojen\u00ed s nositelem.[\/vc_column_text][vc_btn title=&#8220;P\u0159e\u010dt\u011bte si v\u00edce&#8220; align=&#8220;left&#8220; link=&#8220;url:https%3A%2F%2Faureliusjewelry.com%2Fguides%2Fbirthstone-guide-by-month-find-your-gemstone%2F|title:Pr%C5%AFvodce%20drahokamy%20narozen%C3%AD%20dle%20m%C4%9Bs%C3%ADce%20-%20najd%C4%9Bte%20sv%C5%AFj%20drahokam|&#8220; css=&#8220;.vc_custom_1611909863457{margin-top: 10px !important;}&#8220;][\/vc_column][\/vc_row][vc_row][vc_column][vc_separator css=&#8220;.vc_custom_1611491503128{padding-top: 40px !important;padding-bottom: 40px !important;}&#8220;][\/vc_column][\/vc_row][vc_row content_placement=&#8220;middle&#8220; seperator_enable=&#8220;seperator_enable_value&#8220; seperator_position=&#8220;bottom_seperator&#8220;][vc_column width=&#8220;1\/3&#8243;][vc_single_image image=&#8220;15305&#8243; img_size=&#8220;full&#8220;][\/vc_column][vc_column width=&#8220;2\/3&#8243;][vc_column_text]<\/p>\n<h2 style=\"margin-top: 0px!important;\">Saf\u00edr, k\u00e1men kr\u00e1lovsk\u00e9 rodiny &#8211; v\u0161e o saf\u00edrech<\/h2>\n<p>C\u00edt\u00edte se vy a v\u00e1\u0161 vyvolen\u00fd kr\u00e1lovsky? Chcete-li odm\u011bnit svou kr\u00e1lovnu korunova\u010dn\u00edm klenotem, zva\u017ete \u0161perky se Sapphire, vyza\u0159uj\u00ed z nich kr\u00e1lovskou hodnost. Pokud si nejste jisti, kter\u00fd z nich byste si m\u011bli vybrat, p\u0159ipravili jsme pro v\u00e1s pr\u016fvodce.[\/vc_column_text][vc_btn title=&#8220;P\u0159e\u010dt\u011bte si v\u00edce&#8220; align=&#8220;left&#8220; link=&#8220;url:https%3A%2F%2Faureliusjewelry.com%2Fguides%2Fsapphire-the-stone-of-royalty-all-about-sapphires%2F|title:Saf%C3%ADr%2C%20k%C3%A1men%20kr%C3%A1lovsk%C3%A9%20rodiny%20-%20v%C5%A1e%20o%20saf%C3%ADrech|&#8220; css=&#8220;.vc_custom_1611783603193{margin-top: 10px !important;}&#8220;][\/vc_column][\/vc_row][vc_row][vc_column][vc_separator css=&#8220;.vc_custom_1611491503128{padding-top: 40px !important;padding-bottom: 40px !important;}&#8220;][\/vc_column][\/vc_row][vc_row content_placement=&#8220;middle&#8220; seperator_enable=&#8220;seperator_enable_value&#8220; seperator_position=&#8220;bottom_seperator&#8220;][vc_column width=&#8220;1\/3&#8243;][vc_single_image image=&#8220;14288&#8243; img_size=&#8220;full&#8220;][\/vc_column][vc_column width=&#8220;2\/3&#8243;][vc_column_text]<\/p>\n<h2 style=\"margin-top: 0px!important;\">Mechov\u00fd ach\u00e1t: Kompletn\u00ed pr\u016fvodce<\/h2>\n<p>\u0160perky zdoben\u00e9 kameny byly odjak\u017eiva elegantn\u00edm dopl\u0148kem, kter\u00fd je v\u017edy v m\u00f3d\u011b! D\u016fvodem je; vyzdvihuje n\u011b\u010d\u00ed osobnost, presti\u017e a moc. Jeden takov\u00fd k\u00e1men, kter\u00fd zmoc\u0148uje jeho nositele, je mechov\u00fd ach\u00e1t.[\/vc_column_text][vc_btn title=&#8220;P\u0159e\u010dt\u011bte si v\u00edce&#8220; align=&#8220;left&#8220; link=&#8220;url:https%3A%2F%2Faureliusjewelry.com%2Fguides%2Fcomplete-guide-to-moss-agate-stone%2F|title:Mechov%C3%BD%20ach%C3%A1t%3A%20Kompletn%C3%AD%20pr%C5%AFvodce|&#8220; css=&#8220;.vc_custom_1611490191700{margin-top: 10px !important;}&#8220;][\/vc_column][\/vc_row][vc_row][vc_column][vc_separator css=&#8220;.vc_custom_1611491503128{padding-top: 40px !important;padding-bottom: 40px !important;}&#8220;][\/vc_column][\/vc_row][vc_row content_placement=&#8220;middle&#8220;][vc_column width=&#8220;1\/3&#8243;][vc_single_image image=&#8220;14308&#8243; img_size=&#8220;full&#8220;][\/vc_column][vc_column width=&#8220;2\/3&#8243;][vc_column_text]<\/p>\n<h2 style=\"margin-top: 0px!important;\">Pr\u016fvodce z\u00e1snubn\u00edch prsten\u016f se Salt and Pepper diamanty<\/h2>\n<p>Pokud se v\u00e1m v\u017edy l\u00edbil lesk diamant\u016f, ale cht\u011bli jste n\u011bco opravdu jedine\u010dn\u00e9ho, pak jsou odpov\u011bd\u00ed s\u016fl a pep\u0159. Abychom pln\u011b pochopili, o co jde, p\u0159ipravili jsme pr\u016fvodce, kter\u00fd v\u00e1m pom\u016f\u017ee rozhodnout se.[\/vc_column_text][vc_btn title=&#8220;P\u0159e\u010dt\u011bte si v\u00edce&#8220; align=&#8220;left&#8220; link=&#8220;url:https%3A%2F%2Faureliusjewelry.com%2Fguides%2Fsalt-pepper-diamond-rings-a-unique-engagement-ring%2F|title:Pr%C5%AFvodce%20z%C3%A1snubn%C3%ADch%20prsten%C5%AF%20se%20Salt%20and%20Pepper%20diamanty|&#8220; css=&#8220;.vc_custom_1611491062465{margin-top: 10px !important;}&#8220;][\/vc_column][\/vc_row][vc_row][vc_column][vc_separator css=&#8220;.vc_custom_1611491503128{padding-top: 40px !important;padding-bottom: 40px !important;}&#8220;][\/vc_column][\/vc_row][vc_row content_placement=&#8220;middle&#8220; css=&#8220;.vc_custom_1611491236826{padding-bottom: 50px !important;}&#8220;][vc_column width=&#8220;1\/3&#8243;][vc_single_image image=&#8220;14313&#8243; img_size=&#8220;full&#8220;][\/vc_column][vc_column width=&#8220;2\/3&#8243;][vc_column_text]<\/p>\n<h2 style=\"margin-top: 0px!important;\">Pr\u016fvodce velikostmi prsten\u016f &#8211; vyberte si tu spr\u00e1vnou velikost<\/h2>\n<p>Chcete ji po\u017e\u00e1dat, aby si v\u00e1s vzala, ale nezn\u00e1te jej\u00ed velikost prstenu? P\u0159ipravili jsme pr\u016fvodce, jak si nechat prov\u00e9st opat\u0159en\u00ed tajn\u011b a jin\u00fdmi zp\u016fsoby. S na\u0161imi zp\u016fsoby a ukazateli to ud\u011bl\u00e1te spr\u00e1vn\u011b.[\/vc_column_text][vc_btn title=&#8220;P\u0159e\u010dt\u011bte si v\u00edce&#8220; align=&#8220;left&#8220; link=&#8220;url:https%3A%2F%2Faureliusjewelry.com%2Fguides%2Fring-sizing-guide%2F|title:Pr%C5%AFvodce%20velikostmi%20prsten%C5%AF%20-%20vyberte%20si%20tu%20spr%C3%A1vnou%20velikost|&#8220; css=&#8220;.vc_custom_1611491686014{margin-top: 10px !important;}&#8220;][\/vc_column][\/vc_row][vc_row][vc_column][vc_separator css=&#8220;.vc_custom_1611491503128{padding-top: 40px !important;padding-bottom: 40px !important;}&#8220;][\/vc_column][\/vc_row]<\/p>\n<\/div>","protected":false},"excerpt":{"rendered":"<p>[vc_row content_placement=&#8220;middle&#8220; seperator_enable=&#8220;seperator_enable_value&#8220; seperator_position=&#8220;bottom_seperator&#8220;][vc_column width=&#8220;1\/3&#8243;][vc_single_image image=&#8220;16026&#8243; img_size=&#8220;full&#8220;][\/vc_column][vc_column width=&#8220;2\/3&#8243;][vc_column_text] Pr\u016fvodce drahokamy narozen\u00ed dle m\u011bs\u00edce &#8211; najd\u011bte sv\u016fj drahokam Ka\u017ed\u00fd drahokam je kategorizov\u00e1n podle m\u011bs\u00edce a pojmenovali jsme je rodn\u00e9 kameny. Drah\u00e9 kameny s jejich okouzluj\u00edc\u00edmi barvami vykazuj\u00ed v\u011b\u010dn\u00e9 a duchovn\u00ed spojen\u00ed s nositelem.[\/vc_column_text][vc_btn title=&#8220;P\u0159e\u010dt\u011bte si v\u00edce&#8220; align=&#8220;left&#8220; link=&#8220;url:https%3A%2F%2Faureliusjewelry.com%2Fguides%2Fbirthstone-guide-by-month-find-your-gemstone%2F|title:Pr%C5%AFvodce%20drahokamy%20narozen%C3%AD%20dle%20m%C4%9Bs%C3%ADce%20-%20najd%C4%9Bte%20sv%C5%AFj%20drahokam|&#8220; css=&#8220;.vc_custom_1611909863457{margin-top: 10px !important;}&#8220;][\/vc_column][\/vc_row][vc_row][vc_column][vc_separator css=&#8220;.vc_custom_1611491503128{padding-top: 40px !important;padding-bottom: 40px !important;}&#8220;][\/vc_column][\/vc_row][vc_row [&hellip;]<\/p>\n","protected":false},"author":1,"featured_media":0,"parent":0,"menu_order":40,"comment_status":"closed","ping_status":"closed","template":"template-boxed.php","meta":{"footnotes":""},"class_list":["post-27846","page","type-page","status-publish","hentry"],"yoast_head":"<title>Pr\u016fvodci - Aurelius Jewelry<\/title>\n<meta name=\"description\" content=\"%\" \/>\n<meta name=\"robots\" content=\"index, follow, max-snippet:-1, max-image-preview:large, max-video-preview:-1\" \/>\n<link rel=\"canonical\" href=\"https:\/\/aureliusjewelry.com\/cs\/pruvodci\/\" \/>\n<meta property=\"og:locale\" content=\"cs_CZ\" \/>\n<meta property=\"og:type\" content=\"article\" \/>\n<meta property=\"og:title\" content=\"Pr\u016fvodci - Aurelius Jewelry\" \/>\n<meta property=\"og:description\" content=\"%\" \/>\n<meta property=\"og:url\" content=\"https:\/\/aureliusjewelry.com\/cs\/pruvodci\/\" \/>\n<meta property=\"og:site_name\" content=\"Aurelius Jewelry\" \/>\n<meta property=\"article:publisher\" content=\"https:\/\/www.facebook.com\/AureliusJewelry\/\" \/>\n<meta property=\"article:modified_time\" content=\"2021-05-13T10:57:50+00:00\" \/>\n<meta name=\"twitter:card\" content=\"summary_large_image\" \/>\n<meta name=\"twitter:site\" content=\"@AureliusJewelry\" \/>\n<script type=\"application\/ld+json\" class=\"yoast-schema-graph\">{\"@context\":\"https:\\\/\\\/schema.org\",\"@graph\":[{\"@type\":\"Article\",\"@id\":\"https:\\\/\\\/aureliusjewelry.com\\\/cs\\\/pruvodci\\\/#article\",\"isPartOf\":{\"@id\":\"https:\\\/\\\/aureliusjewelry.com\\\/cs\\\/pruvodci\\\/\"},\"author\":{\"name\":\"samko\",\"@id\":\"https:\\\/\\\/aureliusjewelry.com\\\/cs\\\/#\\\/schema\\\/person\\\/af7f98ef5ddb3f951e5cfca3be977be5\"},\"headline\":\"Pr\u016fvodci\",\"datePublished\":\"2021-05-12T12:05:52+00:00\",\"dateModified\":\"2021-05-13T10:57:50+00:00\",\"mainEntityOfPage\":{\"@id\":\"https:\\\/\\\/aureliusjewelry.com\\\/cs\\\/pruvodci\\\/\"},\"wordCount\":787,\"publisher\":{\"@id\":\"https:\\\/\\\/aureliusjewelry.com\\\/cs\\\/#organization\"},\"inLanguage\":\"cs\"},{\"@type\":\"WebPage\",\"@id\":\"https:\\\/\\\/aureliusjewelry.com\\\/cs\\\/pruvodci\\\/\",\"url\":\"https:\\\/\\\/aureliusjewelry.com\\\/cs\\\/pruvodci\\\/\",\"name\":\"Pr\u016fvodci - Aurelius Jewelry\",\"isPartOf\":{\"@id\":\"https:\\\/\\\/aureliusjewelry.com\\\/cs\\\/#website\"},\"datePublished\":\"2021-05-12T12:05:52+00:00\",\"dateModified\":\"2021-05-13T10:57:50+00:00\",\"description\":\"%\",\"breadcrumb\":{\"@id\":\"https:\\\/\\\/aureliusjewelry.com\\\/cs\\\/pruvodci\\\/#breadcrumb\"},\"inLanguage\":\"cs\",\"potentialAction\":[{\"@type\":\"ReadAction\",\"target\":[\"https:\\\/\\\/aureliusjewelry.com\\\/cs\\\/pruvodci\\\/\"]}]},{\"@type\":\"BreadcrumbList\",\"@id\":\"https:\\\/\\\/aureliusjewelry.com\\\/cs\\\/pruvodci\\\/#breadcrumb\",\"itemListElement\":[{\"@type\":\"ListItem\",\"position\":1,\"name\":\"Home\",\"item\":\"https:\\\/\\\/aureliusjewelry.com\\\/cs\\\/\"},{\"@type\":\"ListItem\",\"position\":2,\"name\":\"Pr\u016fvodci\"}]},{\"@type\":\"WebSite\",\"@id\":\"https:\\\/\\\/aureliusjewelry.com\\\/cs\\\/#website\",\"url\":\"https:\\\/\\\/aureliusjewelry.com\\\/cs\\\/\",\"name\":\"Aurelius Jewelry\",\"description\":\"Handmade Fine Gold Jewelry\",\"publisher\":{\"@id\":\"https:\\\/\\\/aureliusjewelry.com\\\/cs\\\/#organization\"},\"potentialAction\":[{\"@type\":\"SearchAction\",\"target\":{\"@type\":\"EntryPoint\",\"urlTemplate\":\"https:\\\/\\\/aureliusjewelry.com\\\/cs\\\/?s={search_term_string}\"},\"query-input\":{\"@type\":\"PropertyValueSpecification\",\"valueRequired\":true,\"valueName\":\"search_term_string\"}}],\"inLanguage\":\"cs\"},{\"@type\":\"Organization\",\"@id\":\"https:\\\/\\\/aureliusjewelry.com\\\/cs\\\/#organization\",\"name\":\"Aurelius Jewelry\",\"url\":\"https:\\\/\\\/aureliusjewelry.com\\\/cs\\\/\",\"logo\":{\"@type\":\"ImageObject\",\"inLanguage\":\"cs\",\"@id\":\"https:\\\/\\\/aureliusjewelry.com\\\/cs\\\/#\\\/schema\\\/logo\\\/image\\\/\",\"url\":\"https:\\\/\\\/aureliusjewelry.com\\\/wp-content\\\/uploads\\\/logo.png\",\"contentUrl\":\"https:\\\/\\\/aureliusjewelry.com\\\/wp-content\\\/uploads\\\/logo.png\",\"width\":400,\"height\":64,\"caption\":\"Aurelius Jewelry\"},\"image\":{\"@id\":\"https:\\\/\\\/aureliusjewelry.com\\\/cs\\\/#\\\/schema\\\/logo\\\/image\\\/\"},\"sameAs\":[\"https:\\\/\\\/www.facebook.com\\\/AureliusJewelry\\\/\",\"https:\\\/\\\/x.com\\\/AureliusJewelry\",\"https:\\\/\\\/instagram.com\\\/aureliusjewelry\",\"https:\\\/\\\/www.pinterest.com\\\/AureliusJewelry\\\/\"],\"email\":\"info@aureliusjewelry.com\",\"foundingDate\":\"2018-10-01\",\"vatID\":\"SI10391070\",\"hasMerchantReturnPolicy\":{\"@type\":\"MerchantReturnPolicy\",\"merchantReturnLink\":\"https:\\\/\\\/aureliusjewelry.com\\\/our-policies\\\/terms-conditions\\\/\"}},{\"@type\":\"Person\",\"@id\":\"https:\\\/\\\/aureliusjewelry.com\\\/cs\\\/#\\\/schema\\\/person\\\/af7f98ef5ddb3f951e5cfca3be977be5\",\"name\":\"samko\"}]}<\/script>","yoast_head_json":{"title":"Pr\u016fvodci - Aurelius Jewelry","description":"%","robots":{"index":"index","follow":"follow","max-snippet":"max-snippet:-1","max-image-preview":"max-image-preview:large","max-video-preview":"max-video-preview:-1"},"canonical":"https:\/\/aureliusjewelry.com\/cs\/pruvodci\/","og_locale":"cs_CZ","og_type":"article","og_title":"Pr\u016fvodci - Aurelius Jewelry","og_description":"%","og_url":"https:\/\/aureliusjewelry.com\/cs\/pruvodci\/","og_site_name":"Aurelius Jewelry","article_publisher":"https:\/\/www.facebook.com\/AureliusJewelry\/","article_modified_time":"2021-05-13T10:57:50+00:00","twitter_card":"summary_large_image","twitter_site":"@AureliusJewelry","schema":{"@context":"https:\/\/schema.org","@graph":[{"@type":"Article","@id":"https:\/\/aureliusjewelry.com\/cs\/pruvodci\/#article","isPartOf":{"@id":"https:\/\/aureliusjewelry.com\/cs\/pruvodci\/"},"author":{"name":"samko","@id":"https:\/\/aureliusjewelry.com\/cs\/#\/schema\/person\/af7f98ef5ddb3f951e5cfca3be977be5"},"headline":"Pr\u016fvodci","datePublished":"2021-05-12T12:05:52+00:00","dateModified":"2021-05-13T10:57:50+00:00","mainEntityOfPage":{"@id":"https:\/\/aureliusjewelry.com\/cs\/pruvodci\/"},"wordCount":787,"publisher":{"@id":"https:\/\/aureliusjewelry.com\/cs\/#organization"},"inLanguage":"cs"},{"@type":"WebPage","@id":"https:\/\/aureliusjewelry.com\/cs\/pruvodci\/","url":"https:\/\/aureliusjewelry.com\/cs\/pruvodci\/","name":"Pr\u016fvodci - Aurelius Jewelry","isPartOf":{"@id":"https:\/\/aureliusjewelry.com\/cs\/#website"},"datePublished":"2021-05-12T12:05:52+00:00","dateModified":"2021-05-13T10:57:50+00:00","description":"%","breadcrumb":{"@id":"https:\/\/aureliusjewelry.com\/cs\/pruvodci\/#breadcrumb"},"inLanguage":"cs","potentialAction":[{"@type":"ReadAction","target":["https:\/\/aureliusjewelry.com\/cs\/pruvodci\/"]}]},{"@type":"BreadcrumbList","@id":"https:\/\/aureliusjewelry.com\/cs\/pruvodci\/#breadcrumb","itemListElement":[{"@type":"ListItem","position":1,"name":"Home","item":"https:\/\/aureliusjewelry.com\/cs\/"},{"@type":"ListItem","position":2,"name":"Pr\u016fvodci"}]},{"@type":"WebSite","@id":"https:\/\/aureliusjewelry.com\/cs\/#website","url":"https:\/\/aureliusjewelry.com\/cs\/","name":"Aurelius Jewelry","description":"Handmade Fine Gold Jewelry","publisher":{"@id":"https:\/\/aureliusjewelry.com\/cs\/#organization"},"potentialAction":[{"@type":"SearchAction","target":{"@type":"EntryPoint","urlTemplate":"https:\/\/aureliusjewelry.com\/cs\/?s={search_term_string}"},"query-input":{"@type":"PropertyValueSpecification","valueRequired":true,"valueName":"search_term_string"}}],"inLanguage":"cs"},{"@type":"Organization","@id":"https:\/\/aureliusjewelry.com\/cs\/#organization","name":"Aurelius Jewelry","url":"https:\/\/aureliusjewelry.com\/cs\/","logo":{"@type":"ImageObject","inLanguage":"cs","@id":"https:\/\/aureliusjewelry.com\/cs\/#\/schema\/logo\/image\/","url":"https:\/\/aureliusjewelry.com\/wp-content\/uploads\/logo.png","contentUrl":"https:\/\/aureliusjewelry.com\/wp-content\/uploads\/logo.png","width":400,"height":64,"caption":"Aurelius Jewelry"},"image":{"@id":"https:\/\/aureliusjewelry.com\/cs\/#\/schema\/logo\/image\/"},"sameAs":["https:\/\/www.facebook.com\/AureliusJewelry\/","https:\/\/x.com\/AureliusJewelry","https:\/\/instagram.com\/aureliusjewelry","https:\/\/www.pinterest.com\/AureliusJewelry\/"],"email":"info@aureliusjewelry.com","foundingDate":"2018-10-01","vatID":"SI10391070","hasMerchantReturnPolicy":{"@type":"MerchantReturnPolicy","merchantReturnLink":"https:\/\/aureliusjewelry.com\/our-policies\/terms-conditions\/"}},{"@type":"Person","@id":"https:\/\/aureliusjewelry.com\/cs\/#\/schema\/person\/af7f98ef5ddb3f951e5cfca3be977be5","name":"samko"}]}},"_links":{"self":[{"href":"https:\/\/aureliusjewelry.com\/cs\/wp-json\/wp\/v2\/pages\/27846","targetHints":{"allow":["GET"]}}],"collection":[{"href":"https:\/\/aureliusjewelry.com\/cs\/wp-json\/wp\/v2\/pages"}],"about":[{"href":"https:\/\/aureliusjewelry.com\/cs\/wp-json\/wp\/v2\/types\/page"}],"author":[{"embeddable":true,"href":"https:\/\/aureliusjewelry.com\/cs\/wp-json\/wp\/v2\/users\/1"}],"replies":[{"embeddable":true,"href":"https:\/\/aureliusjewelry.com\/cs\/wp-json\/wp\/v2\/comments?post=27846"}],"version-history":[{"count":0,"href":"https:\/\/aureliusjewelry.com\/cs\/wp-json\/wp\/v2\/pages\/27846\/revisions"}],"wp:attachment":[{"href":"https:\/\/aureliusjewelry.com\/cs\/wp-json\/wp\/v2\/media?parent=27846"}],"curies":[{"name":"wp","href":"https:\/\/api.w.org\/{rel}","templated":true}]}}