{"id":18147,"date":"2021-02-02T11:51:24","date_gmt":"2021-02-02T09:51:24","guid":{"rendered":"http:\/\/127.0.0.1\/kolekce\/"},"modified":"2021-05-14T17:36:59","modified_gmt":"2021-05-14T15:36:59","slug":"kolekce","status":"publish","type":"page","link":"https:\/\/aureliusjewelry.com\/cs\/kolekce\/","title":{"rendered":"Kolekce"},"content":{"rendered":"<div class=\"wpb-content-wrapper\"><p>[vc_row equal_height=&#8220;yes&#8220; content_placement=&#8220;middle&#8220; el_class=&#8220;collection_row bg_elemental&#8220; css=&#8220;.vc_custom_1608026802955{background-image: url(https:\/\/aureliusjewelry.com\/wp-content\/uploads\/elemental-collection.jpg) !important;}&#8220;][vc_column width=&#8220;1\/2&#8243; el_class=&#8220;collection_gradient&#8220;][vc_column_text]<\/p>\n<h2 class=\"collection-title\">Elemental<\/h2>\n<p><span class=\"collection_sub\">ohe\u0148, voda, zem\u011b, vzduch<\/span><br \/>\n[vc_btn title=&#8220;Zobrazit kolekci&#8220; style=&#8220;flat&#8220; shape=&#8220;round&#8220; color=&#8220;inverse&#8220; align=&#8220;center&#8220;][\/vc_column_text][\/vc_column][vc_column width=&#8220;1\/2&#8243; offset=&#8220;vc_hidden-xs&#8220;][\/vc_column][\/vc_row][vc_row equal_height=&#8220;yes&#8220; content_placement=&#8220;middle&#8220; el_class=&#8220;collection_row bg_contemporary&#8220; css=&#8220;.vc_custom_1608026848557{background-image: url(https:\/\/aureliusjewelry.com\/wp-content\/uploads\/contemporary-collection.jpg?id=11981) !important;}&#8220;][vc_column width=&#8220;1\/2&#8243; el_class=&#8220;collection_gradient&#8220;][vc_column_text]<\/p>\n<h2 class=\"collection-title\">Contemporary<\/h2>\n<p><span class=\"collection_sub\">modern\u00ed, symetrick\u00e1, osobit\u00e1<\/span><br \/>\n[vc_btn title=&#8220;Zobrazit kolekci&#8220; style=&#8220;flat&#8220; shape=&#8220;round&#8220; color=&#8220;inverse&#8220; align=&#8220;center&#8220; link=&#8220;url:https%3A%2F%2Faureliusjewelry.com%2Fcz%2Fcontemporary-kolekce%2F|&#8220;][\/vc_column_text][\/vc_column][vc_column width=&#8220;1\/2&#8243; offset=&#8220;vc_hidden-xs&#8220;][\/vc_column][\/vc_row][vc_row equal_height=&#8220;yes&#8220; content_placement=&#8220;middle&#8220; el_class=&#8220;collection_row bg_singularity&#8220; css=&#8220;.vc_custom_1608026885562{background-image: url(https:\/\/aureliusjewelry.com\/wp-content\/uploads\/singularity-collection.jpg?id=11985) !important;}&#8220;][vc_column width=&#8220;1\/2&#8243; el_class=&#8220;collection_gradient&#8220;][vc_column_text]<\/p>\n<h2 class=\"collection-title\">Singularity<\/h2>\n<p><span class=\"collection_sub\">osobit\u00fd, exkluzivn\u00ed, prvotn\u00ed<\/span><br \/>\n[vc_btn title=&#8220;Zobrazit kolekci&#8220; style=&#8220;flat&#8220; shape=&#8220;round&#8220; color=&#8220;inverse&#8220; align=&#8220;center&#8220; link=&#8220;url:https%3A%2F%2Faureliusjewelry.com%2Fcs%2Fsingularity-kolekce%2F|&#8220;][\/vc_column_text][\/vc_column][vc_column width=&#8220;1\/2&#8243; offset=&#8220;vc_hidden-xs&#8220;][\/vc_column][\/vc_row][vc_row equal_height=&#8220;yes&#8220; content_placement=&#8220;middle&#8220; el_class=&#8220;collection_row bg_classics&#8220; css=&#8220;.vc_custom_1608026931593{margin-bottom: 10px !important;background-image: url(https:\/\/aureliusjewelry.com\/wp-content\/uploads\/classical-collection.jpg?id=11989) !important;}&#8220;][vc_column width=&#8220;1\/2&#8243; el_class=&#8220;collection_gradient&#8220;][vc_column_text]<\/p>\n<h2 class=\"collection-title\">The Classics<\/h2>\n<p><span class=\"collection_sub\">stylov\u00e9, tradi\u010dn\u00ed, jednoduch\u00e9<\/span><br \/>\n[vc_btn title=&#8220;Zobrazit kolekci&#8220; style=&#8220;flat&#8220; shape=&#8220;round&#8220; color=&#8220;inverse&#8220; align=&#8220;center&#8220; link=&#8220;url:https%3A%2F%2Faureliusjewelry.com%2Fcz%2Fthe-classics-kolekce%2F|&#8220;][\/vc_column_text][\/vc_column][vc_column width=&#8220;1\/2&#8243; offset=&#8220;vc_hidden-xs&#8220;][\/vc_column][\/vc_row][vc_row equal_height=&#8220;yes&#8220; content_placement=&#8220;middle&#8220; el_class=&#8220;collection_row bg_paired&#8220; css=&#8220;.vc_custom_1608026974784{background-image: url(https:\/\/aureliusjewelry.com\/wp-content\/uploads\/paired-collection.jpg?id=11993) !important;}&#8220;][vc_column width=&#8220;1\/2&#8243; el_class=&#8220;collection_gradient&#8220;][vc_column_text]<\/p>\n<h2 class=\"collection-title\">Paired<\/h2>\n<p><span class=\"collection_sub\">kompletn\u00ed, jemn\u00fd, promy\u0161len\u00fd<\/span><br \/>\n[vc_btn title=&#8220;Zobrazit kolekci&#8220; style=&#8220;flat&#8220; shape=&#8220;round&#8220; color=&#8220;inverse&#8220; align=&#8220;center&#8220; link=&#8220;url:https%3A%2F%2Faureliusjewelry.com%2Fcz%2Fpaired-kolekce%2F|&#8220;][\/vc_column_text][\/vc_column][vc_column width=&#8220;1\/2&#8243; offset=&#8220;vc_hidden-xs&#8220;][\/vc_column][\/vc_row][vc_row equal_height=&#8220;yes&#8220; content_placement=&#8220;middle&#8220; el_class=&#8220;collection_row bg_stackable&#8220; css=&#8220;.vc_custom_1608027051465{background-image: url(https:\/\/aureliusjewelry.com\/wp-content\/uploads\/stackable-collection.jpg?id=11997) !important;}&#8220;][vc_column width=&#8220;1\/2&#8243; el_class=&#8220;collection_gradient&#8220;][vc_column_text]<\/p>\n<h2 class=\"collection-title\">Stackable<\/h2>\n<p><span class=\"collection_sub\">komplement\u00e1rn\u00ed, p\u0159izp\u016fsobiv\u00e9, zkr\u00e1\u0161luj\u00edc\u00ed<\/span><br \/>\n[vc_btn title=&#8220;Zobrazit kolekci&#8220; style=&#8220;flat&#8220; shape=&#8220;round&#8220; color=&#8220;inverse&#8220; align=&#8220;center&#8220; link=&#8220;url:https%3A%2F%2Faureliusjewelry.com%2Fcz%2Fstackable-kolekce%2F|&#8220;][\/vc_column_text][\/vc_column][vc_column width=&#8220;1\/2&#8243; offset=&#8220;vc_hidden-xs&#8220;][\/vc_column][\/vc_row][vc_row equal_height=&#8220;yes&#8220; content_placement=&#8220;middle&#8220; el_class=&#8220;collection_row bg_golden_leaf&#8220; css=&#8220;.vc_custom_1608027849634{background-image: url(https:\/\/aureliusjewelry.com\/wp-content\/uploads\/golden-leaf-collection.jpg?id=12001) !important;}&#8220;][vc_column width=&#8220;1\/2&#8243; el_class=&#8220;collection_gradient&#8220;][vc_column_text]<\/p>\n<h2 class=\"collection-title\">Golden Leaf<\/h2>\n<p><span class=\"collection_sub\">kv\u011btinov\u00fd, \u017eiv\u00fd, podmaniv\u00fd<\/span><br \/>\n[vc_btn title=&#8220;Zobrazit kolekci&#8220; style=&#8220;flat&#8220; shape=&#8220;round&#8220; color=&#8220;inverse&#8220; align=&#8220;center&#8220; link=&#8220;url:https%3A%2F%2Faureliusjewelry.com%2Fcz%2Fgolden-leaf-kolekce%2F|&#8220;][\/vc_column_text][\/vc_column][vc_column width=&#8220;1\/2&#8243; offset=&#8220;vc_hidden-xs&#8220;][\/vc_column][\/vc_row][vc_row equal_height=&#8220;yes&#8220; content_placement=&#8220;middle&#8220; el_class=&#8220;collection_row bg_golden_leaf&#8220; css=&#8220;.vc_custom_1608028877172{background-image: url(https:\/\/aureliusjewelry.com\/wp-content\/uploads\/timeless-collection.jpg?id=12005) !important;}&#8220;][vc_column width=&#8220;1\/2&#8243; el_class=&#8220;collection_gradient&#8220;][vc_column_text]<\/p>\n<h2 class=\"collection-title\">Timeless<\/h2>\n<p><span class=\"collection_sub\">klasick\u00fd, okouzluj\u00edc\u00ed, elegantn\u00ed<\/span><br \/>\n[vc_btn title=&#8220;Zobrazit kolekci&#8220; style=&#8220;flat&#8220; shape=&#8220;round&#8220; color=&#8220;inverse&#8220; align=&#8220;center&#8220; link=&#8220;url:https%3A%2F%2Faureliusjewelry.com%2Fcz%2Ftimeless-kolekce%2F|&#8220;][\/vc_column_text][\/vc_column][vc_column width=&#8220;1\/2&#8243; offset=&#8220;vc_hidden-xs&#8220;][\/vc_column][\/vc_row][vc_row equal_height=&#8220;yes&#8220; content_placement=&#8220;middle&#8220; el_class=&#8220;collection_row bg_golden_leaf&#8220; css=&#8220;.vc_custom_1608037733236{background-image: url(https:\/\/aureliusjewelry.com\/wp-content\/uploads\/gentleman-collection.jpg?id=12011) !important;}&#8220;][vc_column width=&#8220;1\/2&#8243; el_class=&#8220;collection_gradient&#8220;][vc_column_text]<\/p>\n<h2 class=\"collection-title\">Gentleman<\/h2>\n<p><span class=\"collection_sub\">mu\u017esk\u00fd, sv\u016fdn\u00fd, odv\u00e1\u017en\u00fd<\/span><br \/>\n[vc_btn title=&#8220;Zobrazit kolekci&#8220; style=&#8220;flat&#8220; shape=&#8220;round&#8220; color=&#8220;inverse&#8220; align=&#8220;center&#8220; link=&#8220;url:https%3A%2F%2Faureliusjewelry.com%2Fcz%2Fgentleman-kolekce%2F|&#8220;][\/vc_column_text][\/vc_column][vc_column width=&#8220;1\/2&#8243; offset=&#8220;vc_hidden-xs&#8220;][\/vc_column][\/vc_row]<\/p>\n<\/div>","protected":false},"excerpt":{"rendered":"<p>[vc_row equal_height=&#8220;yes&#8220; content_placement=&#8220;middle&#8220; el_class=&#8220;collection_row bg_elemental&#8220; css=&#8220;.vc_custom_1608026802955{background-image: url(https:\/\/aureliusjewelry.com\/wp-content\/uploads\/elemental-collection.jpg) !important;}&#8220;][vc_column width=&#8220;1\/2&#8243; el_class=&#8220;collection_gradient&#8220;][vc_column_text] Elemental ohe\u0148, voda, zem\u011b, vzduch [vc_btn title=&#8220;Zobrazit kolekci&#8220; style=&#8220;flat&#8220; shape=&#8220;round&#8220; color=&#8220;inverse&#8220; align=&#8220;center&#8220;][\/vc_column_text][\/vc_column][vc_column width=&#8220;1\/2&#8243; offset=&#8220;vc_hidden-xs&#8220;][\/vc_column][\/vc_row][vc_row equal_height=&#8220;yes&#8220; content_placement=&#8220;middle&#8220; el_class=&#8220;collection_row bg_contemporary&#8220; css=&#8220;.vc_custom_1608026848557{background-image: url(https:\/\/aureliusjewelry.com\/wp-content\/uploads\/contemporary-collection.jpg?id=11981) !important;}&#8220;][vc_column width=&#8220;1\/2&#8243; el_class=&#8220;collection_gradient&#8220;][vc_column_text] Contemporary modern\u00ed, symetrick\u00e1, osobit\u00e1 [vc_btn title=&#8220;Zobrazit kolekci&#8220; style=&#8220;flat&#8220; shape=&#8220;round&#8220; color=&#8220;inverse&#8220; align=&#8220;center&#8220; link=&#8220;url:https%3A%2F%2Faureliusjewelry.com%2Fcz%2Fcontemporary-kolekce%2F|&#8220;][\/vc_column_text][\/vc_column][vc_column width=&#8220;1\/2&#8243; offset=&#8220;vc_hidden-xs&#8220;][\/vc_column][\/vc_row][vc_row equal_height=&#8220;yes&#8220; content_placement=&#8220;middle&#8220; el_class=&#8220;collection_row bg_singularity&#8220; css=&#8220;.vc_custom_1608026885562{background-image: url(https:\/\/aureliusjewelry.com\/wp-content\/uploads\/singularity-collection.jpg?id=11985) !important;}&#8220;][vc_column width=&#8220;1\/2&#8243; [&hellip;]<\/p>\n","protected":false},"author":1,"featured_media":0,"parent":0,"menu_order":10,"comment_status":"closed","ping_status":"closed","template":"template-fullwidth.php","meta":{"footnotes":""},"class_list":["post-18147","page","type-page","status-publish","hentry"],"yoast_head":"<title>Kolekce - Aurelius Jewelry<\/title>\n<meta name=\"description\" content=\"%\" \/>\n<meta name=\"robots\" content=\"index, follow, max-snippet:-1, max-image-preview:large, max-video-preview:-1\" \/>\n<link rel=\"canonical\" href=\"https:\/\/aureliusjewelry.com\/cs\/kolekce\/\" \/>\n<meta property=\"og:locale\" content=\"cs_CZ\" \/>\n<meta property=\"og:type\" content=\"article\" \/>\n<meta property=\"og:title\" content=\"Kolekce - Aurelius Jewelry\" \/>\n<meta property=\"og:description\" content=\"%\" \/>\n<meta property=\"og:url\" content=\"https:\/\/aureliusjewelry.com\/cs\/kolekce\/\" \/>\n<meta property=\"og:site_name\" content=\"Aurelius Jewelry\" \/>\n<meta property=\"article:publisher\" content=\"https:\/\/www.facebook.com\/AureliusJewelry\/\" \/>\n<meta property=\"article:modified_time\" content=\"2021-05-14T15:36:59+00:00\" \/>\n<meta name=\"twitter:card\" content=\"summary_large_image\" \/>\n<meta name=\"twitter:site\" content=\"@AureliusJewelry\" \/>\n<script type=\"application\/ld+json\" class=\"yoast-schema-graph\">{\"@context\":\"https:\\\/\\\/schema.org\",\"@graph\":[{\"@type\":\"Article\",\"@id\":\"https:\\\/\\\/aureliusjewelry.com\\\/cs\\\/kolekce\\\/#article\",\"isPartOf\":{\"@id\":\"https:\\\/\\\/aureliusjewelry.com\\\/cs\\\/kolekce\\\/\"},\"author\":{\"name\":\"samko\",\"@id\":\"https:\\\/\\\/aureliusjewelry.com\\\/cs\\\/#\\\/schema\\\/person\\\/af7f98ef5ddb3f951e5cfca3be977be5\"},\"headline\":\"Kolekce\",\"datePublished\":\"2021-02-02T09:51:24+00:00\",\"dateModified\":\"2021-05-14T15:36:59+00:00\",\"mainEntityOfPage\":{\"@id\":\"https:\\\/\\\/aureliusjewelry.com\\\/cs\\\/kolekce\\\/\"},\"wordCount\":731,\"publisher\":{\"@id\":\"https:\\\/\\\/aureliusjewelry.com\\\/cs\\\/#organization\"},\"inLanguage\":\"cs\"},{\"@type\":\"WebPage\",\"@id\":\"https:\\\/\\\/aureliusjewelry.com\\\/cs\\\/kolekce\\\/\",\"url\":\"https:\\\/\\\/aureliusjewelry.com\\\/cs\\\/kolekce\\\/\",\"name\":\"Kolekce - Aurelius Jewelry\",\"isPartOf\":{\"@id\":\"https:\\\/\\\/aureliusjewelry.com\\\/cs\\\/#website\"},\"datePublished\":\"2021-02-02T09:51:24+00:00\",\"dateModified\":\"2021-05-14T15:36:59+00:00\",\"description\":\"%\",\"breadcrumb\":{\"@id\":\"https:\\\/\\\/aureliusjewelry.com\\\/cs\\\/kolekce\\\/#breadcrumb\"},\"inLanguage\":\"cs\",\"potentialAction\":[{\"@type\":\"ReadAction\",\"target\":[\"https:\\\/\\\/aureliusjewelry.com\\\/cs\\\/kolekce\\\/\"]}]},{\"@type\":\"BreadcrumbList\",\"@id\":\"https:\\\/\\\/aureliusjewelry.com\\\/cs\\\/kolekce\\\/#breadcrumb\",\"itemListElement\":[{\"@type\":\"ListItem\",\"position\":1,\"name\":\"Home\",\"item\":\"https:\\\/\\\/aureliusjewelry.com\\\/cs\\\/\"},{\"@type\":\"ListItem\",\"position\":2,\"name\":\"Kolekce\"}]},{\"@type\":\"WebSite\",\"@id\":\"https:\\\/\\\/aureliusjewelry.com\\\/cs\\\/#website\",\"url\":\"https:\\\/\\\/aureliusjewelry.com\\\/cs\\\/\",\"name\":\"Aurelius Jewelry\",\"description\":\"Handmade Fine Gold Jewelry\",\"publisher\":{\"@id\":\"https:\\\/\\\/aureliusjewelry.com\\\/cs\\\/#organization\"},\"potentialAction\":[{\"@type\":\"SearchAction\",\"target\":{\"@type\":\"EntryPoint\",\"urlTemplate\":\"https:\\\/\\\/aureliusjewelry.com\\\/cs\\\/?s={search_term_string}\"},\"query-input\":{\"@type\":\"PropertyValueSpecification\",\"valueRequired\":true,\"valueName\":\"search_term_string\"}}],\"inLanguage\":\"cs\"},{\"@type\":\"Organization\",\"@id\":\"https:\\\/\\\/aureliusjewelry.com\\\/cs\\\/#organization\",\"name\":\"Aurelius Jewelry\",\"url\":\"https:\\\/\\\/aureliusjewelry.com\\\/cs\\\/\",\"logo\":{\"@type\":\"ImageObject\",\"inLanguage\":\"cs\",\"@id\":\"https:\\\/\\\/aureliusjewelry.com\\\/cs\\\/#\\\/schema\\\/logo\\\/image\\\/\",\"url\":\"https:\\\/\\\/aureliusjewelry.com\\\/wp-content\\\/uploads\\\/logo.png\",\"contentUrl\":\"https:\\\/\\\/aureliusjewelry.com\\\/wp-content\\\/uploads\\\/logo.png\",\"width\":400,\"height\":64,\"caption\":\"Aurelius Jewelry\"},\"image\":{\"@id\":\"https:\\\/\\\/aureliusjewelry.com\\\/cs\\\/#\\\/schema\\\/logo\\\/image\\\/\"},\"sameAs\":[\"https:\\\/\\\/www.facebook.com\\\/AureliusJewelry\\\/\",\"https:\\\/\\\/x.com\\\/AureliusJewelry\",\"https:\\\/\\\/instagram.com\\\/aureliusjewelry\",\"https:\\\/\\\/www.pinterest.com\\\/AureliusJewelry\\\/\"],\"email\":\"info@aureliusjewelry.com\",\"foundingDate\":\"2018-10-01\",\"vatID\":\"SI10391070\",\"hasMerchantReturnPolicy\":{\"@type\":\"MerchantReturnPolicy\",\"merchantReturnLink\":\"https:\\\/\\\/aureliusjewelry.com\\\/our-policies\\\/terms-conditions\\\/\"}},{\"@type\":\"Person\",\"@id\":\"https:\\\/\\\/aureliusjewelry.com\\\/cs\\\/#\\\/schema\\\/person\\\/af7f98ef5ddb3f951e5cfca3be977be5\",\"name\":\"samko\"}]}<\/script>","yoast_head_json":{"title":"Kolekce - Aurelius Jewelry","description":"%","robots":{"index":"index","follow":"follow","max-snippet":"max-snippet:-1","max-image-preview":"max-image-preview:large","max-video-preview":"max-video-preview:-1"},"canonical":"https:\/\/aureliusjewelry.com\/cs\/kolekce\/","og_locale":"cs_CZ","og_type":"article","og_title":"Kolekce - Aurelius Jewelry","og_description":"%","og_url":"https:\/\/aureliusjewelry.com\/cs\/kolekce\/","og_site_name":"Aurelius Jewelry","article_publisher":"https:\/\/www.facebook.com\/AureliusJewelry\/","article_modified_time":"2021-05-14T15:36:59+00:00","twitter_card":"summary_large_image","twitter_site":"@AureliusJewelry","schema":{"@context":"https:\/\/schema.org","@graph":[{"@type":"Article","@id":"https:\/\/aureliusjewelry.com\/cs\/kolekce\/#article","isPartOf":{"@id":"https:\/\/aureliusjewelry.com\/cs\/kolekce\/"},"author":{"name":"samko","@id":"https:\/\/aureliusjewelry.com\/cs\/#\/schema\/person\/af7f98ef5ddb3f951e5cfca3be977be5"},"headline":"Kolekce","datePublished":"2021-02-02T09:51:24+00:00","dateModified":"2021-05-14T15:36:59+00:00","mainEntityOfPage":{"@id":"https:\/\/aureliusjewelry.com\/cs\/kolekce\/"},"wordCount":731,"publisher":{"@id":"https:\/\/aureliusjewelry.com\/cs\/#organization"},"inLanguage":"cs"},{"@type":"WebPage","@id":"https:\/\/aureliusjewelry.com\/cs\/kolekce\/","url":"https:\/\/aureliusjewelry.com\/cs\/kolekce\/","name":"Kolekce - Aurelius Jewelry","isPartOf":{"@id":"https:\/\/aureliusjewelry.com\/cs\/#website"},"datePublished":"2021-02-02T09:51:24+00:00","dateModified":"2021-05-14T15:36:59+00:00","description":"%","breadcrumb":{"@id":"https:\/\/aureliusjewelry.com\/cs\/kolekce\/#breadcrumb"},"inLanguage":"cs","potentialAction":[{"@type":"ReadAction","target":["https:\/\/aureliusjewelry.com\/cs\/kolekce\/"]}]},{"@type":"BreadcrumbList","@id":"https:\/\/aureliusjewelry.com\/cs\/kolekce\/#breadcrumb","itemListElement":[{"@type":"ListItem","position":1,"name":"Home","item":"https:\/\/aureliusjewelry.com\/cs\/"},{"@type":"ListItem","position":2,"name":"Kolekce"}]},{"@type":"WebSite","@id":"https:\/\/aureliusjewelry.com\/cs\/#website","url":"https:\/\/aureliusjewelry.com\/cs\/","name":"Aurelius Jewelry","description":"Handmade Fine Gold Jewelry","publisher":{"@id":"https:\/\/aureliusjewelry.com\/cs\/#organization"},"potentialAction":[{"@type":"SearchAction","target":{"@type":"EntryPoint","urlTemplate":"https:\/\/aureliusjewelry.com\/cs\/?s={search_term_string}"},"query-input":{"@type":"PropertyValueSpecification","valueRequired":true,"valueName":"search_term_string"}}],"inLanguage":"cs"},{"@type":"Organization","@id":"https:\/\/aureliusjewelry.com\/cs\/#organization","name":"Aurelius Jewelry","url":"https:\/\/aureliusjewelry.com\/cs\/","logo":{"@type":"ImageObject","inLanguage":"cs","@id":"https:\/\/aureliusjewelry.com\/cs\/#\/schema\/logo\/image\/","url":"https:\/\/aureliusjewelry.com\/wp-content\/uploads\/logo.png","contentUrl":"https:\/\/aureliusjewelry.com\/wp-content\/uploads\/logo.png","width":400,"height":64,"caption":"Aurelius Jewelry"},"image":{"@id":"https:\/\/aureliusjewelry.com\/cs\/#\/schema\/logo\/image\/"},"sameAs":["https:\/\/www.facebook.com\/AureliusJewelry\/","https:\/\/x.com\/AureliusJewelry","https:\/\/instagram.com\/aureliusjewelry","https:\/\/www.pinterest.com\/AureliusJewelry\/"],"email":"info@aureliusjewelry.com","foundingDate":"2018-10-01","vatID":"SI10391070","hasMerchantReturnPolicy":{"@type":"MerchantReturnPolicy","merchantReturnLink":"https:\/\/aureliusjewelry.com\/our-policies\/terms-conditions\/"}},{"@type":"Person","@id":"https:\/\/aureliusjewelry.com\/cs\/#\/schema\/person\/af7f98ef5ddb3f951e5cfca3be977be5","name":"samko"}]}},"_links":{"self":[{"href":"https:\/\/aureliusjewelry.com\/cs\/wp-json\/wp\/v2\/pages\/18147","targetHints":{"allow":["GET"]}}],"collection":[{"href":"https:\/\/aureliusjewelry.com\/cs\/wp-json\/wp\/v2\/pages"}],"about":[{"href":"https:\/\/aureliusjewelry.com\/cs\/wp-json\/wp\/v2\/types\/page"}],"author":[{"embeddable":true,"href":"https:\/\/aureliusjewelry.com\/cs\/wp-json\/wp\/v2\/users\/1"}],"replies":[{"embeddable":true,"href":"https:\/\/aureliusjewelry.com\/cs\/wp-json\/wp\/v2\/comments?post=18147"}],"version-history":[{"count":0,"href":"https:\/\/aureliusjewelry.com\/cs\/wp-json\/wp\/v2\/pages\/18147\/revisions"}],"wp:attachment":[{"href":"https:\/\/aureliusjewelry.com\/cs\/wp-json\/wp\/v2\/media?parent=18147"}],"curies":[{"name":"wp","href":"https:\/\/api.w.org\/{rel}","templated":true}]}}